
{"id":8729,"date":"2019-07-30T10:56:21","date_gmt":"2019-07-30T08:56:21","guid":{"rendered":"http:\/\/www.comercialanma.es\/?post_type=product&#038;p=8729"},"modified":"2019-07-30T11:02:37","modified_gmt":"2019-07-30T09:02:37","slug":"ron-plantation-3-star-white-70cl","status":"publish","type":"product","link":"https:\/\/www.comercialanma.es\/?product=ron-plantation-3-star-white-70cl","title":{"rendered":"Ron Plantation 3 Star White 70cl."},"content":{"rendered":"<h3>Nota de cata:<\/h3>\n<div id=\"tabs_content_container\">\n<div id=\"tab_cata_0\" class=\"tab_content catas_review_container\">\n<ul>\n<li class=\"sp catas_review col-xs-12 nopadding\"><span class=\"cata_title\">Cata a la vista<\/span> <span class=\"cata_content\">Transparente.<\/span><\/li>\n<li class=\"sp catas_review col-xs-12 nopadding\"><span class=\"cata_title\">Cata en nariz<\/span> <span class=\"cata_content\">Muestra delicadas notas de frutas tropicales entrelazadas con az\u00facar morena y pl\u00e1tano maduro.<\/span><\/li>\n<li class=\"sp catas_review col-xs-12 nopadding\"><span class=\"cata_title\">Cata en boca<\/span> <span class=\"cata_content\">Vibrante y bien equilibrado, en boca presenta sutiles especias y notas florales con un final son sabor a la ca\u00f1a de az\u00facar y a vainilla.<\/span><\/li>\n<li>Graduaci\u00f3n: 41,2% vol.<\/li>\n<\/ul>\n<\/div>\n<\/div>\n<p>&nbsp;<\/p>\n<p>&nbsp;<\/p>\n","protected":false},"excerpt":{"rendered":"<div>\n<div id=\"short_description_content\">\n<p>Plantation 3 Stars Silver Rum es una h\u00e1bil combinaci\u00f3n de lo mejor que el Caribe tiene que ofrecer desde Barbados, Jamaica y Trinidad. Cada isla tiene un estilo de ron distinto desarrollado durante siglos y trae su propio car\u00e1cter especial para Plantation 3 Stars Silver Rum: el ron madurado de Trinidad imparte su elegancia cl\u00e1sica, Barbados ofrece sofisticaci\u00f3n con una sensaci\u00f3n en la boca equilibrada y Jamaica expresa su inconfundible estructura y el estilo r\u00fastico.<\/p>\n<\/div>\n<\/div>\n","protected":false},"featured_media":8730,"template":"","meta":{"spay_email":""},"yoast_head":"<!-- This site is optimized with the Yoast SEO plugin v15.9 - https:\/\/yoast.com\/wordpress\/plugins\/seo\/ -->\n<title>Ron Plantation 3 Star White 70cl. - Comercial de Hosteleria Anma<\/title>\n<meta name=\"robots\" content=\"index, follow, max-snippet:-1, max-image-preview:large, max-video-preview:-1\" \/>\n<link rel=\"canonical\" href=\"https:\/\/www.comercialanma.es\/?product=ron-plantation-3-star-white-70cl\" \/>\n<meta property=\"og:locale\" content=\"es_ES\" \/>\n<meta property=\"og:type\" content=\"article\" \/>\n<meta property=\"og:title\" content=\"Ron Plantation 3 Star White 70cl. - Comercial de Hosteleria Anma\" \/>\n<meta property=\"og:description\" content=\"Plantation 3 Stars Silver Rum es una h\u00e1bil combinaci\u00f3n de lo mejor que el Caribe tiene que ofrecer desde Barbados, Jamaica y Trinidad. Cada isla tiene un estilo de ron distinto desarrollado durante siglos y trae su propio car\u00e1cter especial para Plantation 3 Stars Silver Rum: el ron madurado de Trinidad imparte su elegancia cl\u00e1sica, Barbados ofrece sofisticaci\u00f3n con una sensaci\u00f3n en la boca equilibrada y Jamaica expresa su inconfundible estructura y el estilo r\u00fastico.\" \/>\n<meta property=\"og:url\" content=\"https:\/\/www.comercialanma.es\/?product=ron-plantation-3-star-white-70cl\" \/>\n<meta property=\"og:site_name\" content=\"Comercial de Hosteleria Anma\" \/>\n<meta property=\"article:publisher\" content=\"https:\/\/www.facebook.com\/AnmaHosteleria\" \/>\n<meta property=\"article:modified_time\" content=\"2019-07-30T09:02:37+00:00\" \/>\n<meta property=\"og:image\" content=\"https:\/\/i2.wp.com\/www.comercialanma.es\/wp-content\/uploads\/2019\/07\/Plantation-3-star-white.jpg?fit=1200%2C1200&#038;ssl=1\" \/>\n\t<meta property=\"og:image:width\" content=\"1200\" \/>\n\t<meta property=\"og:image:height\" content=\"1200\" \/>\n<meta name=\"twitter:card\" content=\"summary_large_image\" \/>\n<script type=\"application\/ld+json\" class=\"yoast-schema-graph\">{\"@context\":\"https:\/\/schema.org\",\"@graph\":[{\"@type\":\"Organization\",\"@id\":\"https:\/\/www.comercialanma.es\/#organization\",\"name\":\"Comercial Anma\",\"url\":\"https:\/\/www.comercialanma.es\/\",\"sameAs\":[\"https:\/\/www.facebook.com\/AnmaHosteleria\",\"https:\/\/www.instagram.com\/anmahosteleria\/?hl=es\",\"https:\/\/www.youtube.com\/channel\/UCT2nmn08Ntks0hmpZPnDgCA\"],\"logo\":{\"@type\":\"ImageObject\",\"@id\":\"https:\/\/www.comercialanma.es\/#logo\",\"inLanguage\":\"es\",\"url\":\"https:\/\/i2.wp.com\/www.comercialanma.es\/wp-content\/uploads\/2019\/06\/logo-anma-color.png?fit=247%2C101&ssl=1\",\"width\":247,\"height\":101,\"caption\":\"Comercial Anma\"},\"image\":{\"@id\":\"https:\/\/www.comercialanma.es\/#logo\"}},{\"@type\":\"WebSite\",\"@id\":\"https:\/\/www.comercialanma.es\/#website\",\"url\":\"https:\/\/www.comercialanma.es\/\",\"name\":\"Comercial de Hosteleria Anma\",\"description\":\"\",\"publisher\":{\"@id\":\"https:\/\/www.comercialanma.es\/#organization\"},\"potentialAction\":[{\"@type\":\"SearchAction\",\"target\":\"https:\/\/www.comercialanma.es\/?s={search_term_string}\",\"query-input\":\"required name=search_term_string\"}],\"inLanguage\":\"es\"},{\"@type\":\"ImageObject\",\"@id\":\"https:\/\/www.comercialanma.es\/?product=ron-plantation-3-star-white-70cl#primaryimage\",\"inLanguage\":\"es\",\"url\":\"https:\/\/i2.wp.com\/www.comercialanma.es\/wp-content\/uploads\/2019\/07\/Plantation-3-star-white.jpg?fit=1200%2C1200&ssl=1\",\"width\":1200,\"height\":1200},{\"@type\":\"WebPage\",\"@id\":\"https:\/\/www.comercialanma.es\/?product=ron-plantation-3-star-white-70cl#webpage\",\"url\":\"https:\/\/www.comercialanma.es\/?product=ron-plantation-3-star-white-70cl\",\"name\":\"Ron Plantation 3 Star White 70cl. - Comercial de Hosteleria Anma\",\"isPartOf\":{\"@id\":\"https:\/\/www.comercialanma.es\/#website\"},\"primaryImageOfPage\":{\"@id\":\"https:\/\/www.comercialanma.es\/?product=ron-plantation-3-star-white-70cl#primaryimage\"},\"datePublished\":\"2019-07-30T08:56:21+00:00\",\"dateModified\":\"2019-07-30T09:02:37+00:00\",\"breadcrumb\":{\"@id\":\"https:\/\/www.comercialanma.es\/?product=ron-plantation-3-star-white-70cl#breadcrumb\"},\"inLanguage\":\"es\",\"potentialAction\":[{\"@type\":\"ReadAction\",\"target\":[\"https:\/\/www.comercialanma.es\/?product=ron-plantation-3-star-white-70cl\"]}]},{\"@type\":\"BreadcrumbList\",\"@id\":\"https:\/\/www.comercialanma.es\/?product=ron-plantation-3-star-white-70cl#breadcrumb\",\"itemListElement\":[{\"@type\":\"ListItem\",\"position\":1,\"item\":{\"@type\":\"WebPage\",\"@id\":\"https:\/\/www.comercialanma.es\/\",\"url\":\"https:\/\/www.comercialanma.es\/\",\"name\":\"Portada\"}},{\"@type\":\"ListItem\",\"position\":2,\"item\":{\"@type\":\"WebPage\",\"@id\":\"https:\/\/www.comercialanma.es\/?page_id=3963\",\"url\":\"https:\/\/www.comercialanma.es\/?page_id=3963\",\"name\":\"Cat\\u00e1logo de Productos\"}},{\"@type\":\"ListItem\",\"position\":3,\"item\":{\"@type\":\"WebPage\",\"@id\":\"https:\/\/www.comercialanma.es\/?product=ron-plantation-3-star-white-70cl\",\"url\":\"https:\/\/www.comercialanma.es\/?product=ron-plantation-3-star-white-70cl\",\"name\":\"Ron Plantation 3 Star White 70cl.\"}}]}]}<\/script>\n<!-- \/ Yoast SEO plugin. -->","_links":{"self":[{"href":"https:\/\/www.comercialanma.es\/index.php?rest_route=\/wp\/v2\/product\/8729"}],"collection":[{"href":"https:\/\/www.comercialanma.es\/index.php?rest_route=\/wp\/v2\/product"}],"about":[{"href":"https:\/\/www.comercialanma.es\/index.php?rest_route=\/wp\/v2\/types\/product"}],"version-history":[{"count":1,"href":"https:\/\/www.comercialanma.es\/index.php?rest_route=\/wp\/v2\/product\/8729\/revisions"}],"predecessor-version":[{"id":8731,"href":"https:\/\/www.comercialanma.es\/index.php?rest_route=\/wp\/v2\/product\/8729\/revisions\/8731"}],"wp:featuredmedia":[{"embeddable":true,"href":"https:\/\/www.comercialanma.es\/index.php?rest_route=\/wp\/v2\/media\/8730"}],"wp:attachment":[{"href":"https:\/\/www.comercialanma.es\/index.php?rest_route=%2Fwp%2Fv2%2Fmedia&parent=8729"}],"curies":[{"name":"wp","href":"https:\/\/api.w.org\/{rel}","templated":true}]}}