
{"id":8732,"date":"2019-07-30T11:04:40","date_gmt":"2019-07-30T09:04:40","guid":{"rendered":"http:\/\/www.comercialanma.es\/?post_type=product&#038;p=8732"},"modified":"2019-07-30T11:13:57","modified_gmt":"2019-07-30T09:13:57","slug":"ron-diplomatico-reserva-exclusiva-70cl","status":"publish","type":"product","link":"https:\/\/www.comercialanma.es\/?product=ron-diplomatico-reserva-exclusiva-70cl","title":{"rendered":"Ron Diplom\u00e1tico Reserva exclusiva 70cl."},"content":{"rendered":"","protected":false},"excerpt":{"rendered":"<p>Ron a\u00f1ejado durante m\u00e1s de 12 a\u00f1os en barricas de roble, de excepcional cuerpo y extraordinario balance, obtenido del proceso artesanal de destilar la miel de ca\u00f1a de az\u00facar en antiguos alambiques, esto hace que solo unas escogidas barricas sean envasadas, para que unos privilegiados degustadores puedan gozar de un bouquet lleno de madurez. Ron Diplom\u00e1tico,\u00a0el ron m\u00e1s premiado del mundo.<\/p>\n<p>Graduaci\u00f3n: 40% vol.<\/p>\n","protected":false},"featured_media":8733,"template":"","meta":{"spay_email":""},"yoast_head":"<!-- This site is optimized with the Yoast SEO plugin v15.9 - https:\/\/yoast.com\/wordpress\/plugins\/seo\/ -->\n<title>Ron Diplom\u00e1tico Reserva exclusiva 70cl. - Comercial de Hosteleria Anma<\/title>\n<meta name=\"robots\" content=\"index, follow, max-snippet:-1, max-image-preview:large, max-video-preview:-1\" \/>\n<link rel=\"canonical\" href=\"https:\/\/www.comercialanma.es\/?product=ron-diplomatico-reserva-exclusiva-70cl\" \/>\n<meta property=\"og:locale\" content=\"es_ES\" \/>\n<meta property=\"og:type\" content=\"article\" \/>\n<meta property=\"og:title\" content=\"Ron Diplom\u00e1tico Reserva exclusiva 70cl. - Comercial de Hosteleria Anma\" \/>\n<meta property=\"og:description\" content=\"Ron a\u00f1ejado durante m\u00e1s de 12 a\u00f1os en barricas de roble, de excepcional cuerpo y extraordinario balance, obtenido del proceso artesanal de destilar la miel de ca\u00f1a de az\u00facar en antiguos alambiques, esto hace que solo unas escogidas barricas sean envasadas, para que unos privilegiados degustadores puedan gozar de un bouquet lleno de madurez. Ron Diplom\u00e1tico,\u00a0el ron m\u00e1s premiado del mundo.  Graduaci\u00f3n: 40% vol.\" \/>\n<meta property=\"og:url\" content=\"https:\/\/www.comercialanma.es\/?product=ron-diplomatico-reserva-exclusiva-70cl\" \/>\n<meta property=\"og:site_name\" content=\"Comercial de Hosteleria Anma\" \/>\n<meta property=\"article:publisher\" content=\"https:\/\/www.facebook.com\/AnmaHosteleria\" \/>\n<meta property=\"article:modified_time\" content=\"2019-07-30T09:13:57+00:00\" \/>\n<meta property=\"og:image\" content=\"https:\/\/i2.wp.com\/www.comercialanma.es\/wp-content\/uploads\/2019\/07\/Diplomatico-Res.-Exclusiva.jpg?fit=1200%2C1200&#038;ssl=1\" \/>\n\t<meta property=\"og:image:width\" content=\"1200\" \/>\n\t<meta property=\"og:image:height\" content=\"1200\" \/>\n<meta name=\"twitter:card\" content=\"summary_large_image\" \/>\n<script type=\"application\/ld+json\" class=\"yoast-schema-graph\">{\"@context\":\"https:\/\/schema.org\",\"@graph\":[{\"@type\":\"Organization\",\"@id\":\"https:\/\/www.comercialanma.es\/#organization\",\"name\":\"Comercial Anma\",\"url\":\"https:\/\/www.comercialanma.es\/\",\"sameAs\":[\"https:\/\/www.facebook.com\/AnmaHosteleria\",\"https:\/\/www.instagram.com\/anmahosteleria\/?hl=es\",\"https:\/\/www.youtube.com\/channel\/UCT2nmn08Ntks0hmpZPnDgCA\"],\"logo\":{\"@type\":\"ImageObject\",\"@id\":\"https:\/\/www.comercialanma.es\/#logo\",\"inLanguage\":\"es\",\"url\":\"https:\/\/i2.wp.com\/www.comercialanma.es\/wp-content\/uploads\/2019\/06\/logo-anma-color.png?fit=247%2C101&ssl=1\",\"width\":247,\"height\":101,\"caption\":\"Comercial Anma\"},\"image\":{\"@id\":\"https:\/\/www.comercialanma.es\/#logo\"}},{\"@type\":\"WebSite\",\"@id\":\"https:\/\/www.comercialanma.es\/#website\",\"url\":\"https:\/\/www.comercialanma.es\/\",\"name\":\"Comercial de Hosteleria Anma\",\"description\":\"\",\"publisher\":{\"@id\":\"https:\/\/www.comercialanma.es\/#organization\"},\"potentialAction\":[{\"@type\":\"SearchAction\",\"target\":\"https:\/\/www.comercialanma.es\/?s={search_term_string}\",\"query-input\":\"required name=search_term_string\"}],\"inLanguage\":\"es\"},{\"@type\":\"ImageObject\",\"@id\":\"https:\/\/www.comercialanma.es\/?product=ron-diplomatico-reserva-exclusiva-70cl#primaryimage\",\"inLanguage\":\"es\",\"url\":\"https:\/\/i2.wp.com\/www.comercialanma.es\/wp-content\/uploads\/2019\/07\/Diplomatico-Res.-Exclusiva.jpg?fit=1200%2C1200&ssl=1\",\"width\":1200,\"height\":1200},{\"@type\":\"WebPage\",\"@id\":\"https:\/\/www.comercialanma.es\/?product=ron-diplomatico-reserva-exclusiva-70cl#webpage\",\"url\":\"https:\/\/www.comercialanma.es\/?product=ron-diplomatico-reserva-exclusiva-70cl\",\"name\":\"Ron Diplom\\u00e1tico Reserva exclusiva 70cl. - Comercial de Hosteleria Anma\",\"isPartOf\":{\"@id\":\"https:\/\/www.comercialanma.es\/#website\"},\"primaryImageOfPage\":{\"@id\":\"https:\/\/www.comercialanma.es\/?product=ron-diplomatico-reserva-exclusiva-70cl#primaryimage\"},\"datePublished\":\"2019-07-30T09:04:40+00:00\",\"dateModified\":\"2019-07-30T09:13:57+00:00\",\"breadcrumb\":{\"@id\":\"https:\/\/www.comercialanma.es\/?product=ron-diplomatico-reserva-exclusiva-70cl#breadcrumb\"},\"inLanguage\":\"es\",\"potentialAction\":[{\"@type\":\"ReadAction\",\"target\":[\"https:\/\/www.comercialanma.es\/?product=ron-diplomatico-reserva-exclusiva-70cl\"]}]},{\"@type\":\"BreadcrumbList\",\"@id\":\"https:\/\/www.comercialanma.es\/?product=ron-diplomatico-reserva-exclusiva-70cl#breadcrumb\",\"itemListElement\":[{\"@type\":\"ListItem\",\"position\":1,\"item\":{\"@type\":\"WebPage\",\"@id\":\"https:\/\/www.comercialanma.es\/\",\"url\":\"https:\/\/www.comercialanma.es\/\",\"name\":\"Portada\"}},{\"@type\":\"ListItem\",\"position\":2,\"item\":{\"@type\":\"WebPage\",\"@id\":\"https:\/\/www.comercialanma.es\/?page_id=3963\",\"url\":\"https:\/\/www.comercialanma.es\/?page_id=3963\",\"name\":\"Cat\\u00e1logo de Productos\"}},{\"@type\":\"ListItem\",\"position\":3,\"item\":{\"@type\":\"WebPage\",\"@id\":\"https:\/\/www.comercialanma.es\/?product=ron-diplomatico-reserva-exclusiva-70cl\",\"url\":\"https:\/\/www.comercialanma.es\/?product=ron-diplomatico-reserva-exclusiva-70cl\",\"name\":\"Ron Diplom\\u00e1tico Reserva exclusiva 70cl.\"}}]}]}<\/script>\n<!-- \/ Yoast SEO plugin. -->","_links":{"self":[{"href":"https:\/\/www.comercialanma.es\/index.php?rest_route=\/wp\/v2\/product\/8732"}],"collection":[{"href":"https:\/\/www.comercialanma.es\/index.php?rest_route=\/wp\/v2\/product"}],"about":[{"href":"https:\/\/www.comercialanma.es\/index.php?rest_route=\/wp\/v2\/types\/product"}],"version-history":[{"count":1,"href":"https:\/\/www.comercialanma.es\/index.php?rest_route=\/wp\/v2\/product\/8732\/revisions"}],"predecessor-version":[{"id":8734,"href":"https:\/\/www.comercialanma.es\/index.php?rest_route=\/wp\/v2\/product\/8732\/revisions\/8734"}],"wp:featuredmedia":[{"embeddable":true,"href":"https:\/\/www.comercialanma.es\/index.php?rest_route=\/wp\/v2\/media\/8733"}],"wp:attachment":[{"href":"https:\/\/www.comercialanma.es\/index.php?rest_route=%2Fwp%2Fv2%2Fmedia&parent=8732"}],"curies":[{"name":"wp","href":"https:\/\/api.w.org\/{rel}","templated":true}]}}