
{"id":8738,"date":"2019-07-30T11:27:50","date_gmt":"2019-07-30T09:27:50","guid":{"rendered":"http:\/\/www.comercialanma.es\/?post_type=product&#038;p=8738"},"modified":"2019-07-30T11:40:54","modified_gmt":"2019-07-30T09:40:54","slug":"ron-appleton-estate-12-anos-70cl","status":"publish","type":"product","link":"https:\/\/www.comercialanma.es\/?product=ron-appleton-estate-12-anos-70cl","title":{"rendered":"Ron Appleton Estate 12 a\u00f1os  70cl."},"content":{"rendered":"","protected":false},"excerpt":{"rendered":"<div class=\"rte\">\n<p><span id=\"result_box\" lang=\"es\" xml:lang=\"es\"><span class=\"hps\">The Magnificent<\/span> <span class=\"hps\">Appleton<\/span> <span class=\"hps\">Estate<\/span> <span class=\"hps\">es<\/span> <span class=\"hps\">la m\u00e1s antigua de<\/span> <span class=\"hps\">todas las<\/span> <span class=\"hps\">plantaciones de az\u00facar<\/span> <span class=\"hps\">de Jamaica.<\/span> <span class=\"hps\">Se encuentra enclavada<\/span> <span class=\"hps\">en el f\u00e9rtil<\/span> <span class=\"hps\">valle de<\/span> <span class=\"hps\">Nassau<\/span> <span class=\"hps\">a ambos lados<\/span> <span class=\"hps\">del r\u00edo<\/span> <span class=\"hps\">Negro<\/span> <span class=\"hps\">en la parroquia de<\/span> <span class=\"hps\">St.<\/span> <span class=\"hps\">Elizabeth<\/span> <span class=\"hps\">en el suroeste de<\/span> <span class=\"hps\">Jamaica<\/span>.<\/span><\/p>\n<p><span lang=\"es\" xml:lang=\"es\"><span class=\"hps\">Esta mezcla<\/span> <span class=\"hps\">madura de<\/span> <span class=\"hps\">muy<\/span> <span class=\"hps\">ron a\u00f1ejo<\/span> <span class=\"hps\">prima<\/span> <span class=\"hps\">se produce<\/span> <span class=\"hps\">en la finca<\/span> <span class=\"hps\">Appleton<\/span>, el hogar <span class=\"hps\">de los mejores<\/span> <span class=\"hps\">rones del<\/span> <span class=\"hps\">mundo desde<\/span> <span class=\"hps\">1749.<\/span><\/span><\/p>\n<p><span lang=\"es\" xml:lang=\"es\"><span class=\"hps\">Creado a partir de<\/span> <span class=\"hps\">poblaciones de<\/span> <span class=\"hps\">todo en mayores<\/span> <span class=\"hps\">de ron<\/span> <span class=\"hps\">que nacieron<\/span> <span class=\"hps\">en alambiques de<\/span> <span class=\"hps\">olla de cobre<\/span>, con edades <span class=\"hps\">en barricas de roble<\/span> <span class=\"hps\">durante 12 a\u00f1os y<\/span> <span class=\"hps\">m\u00e1s, y<\/span> <span class=\"hps\">meticulosamente<\/span> <span class=\"hps\">a mano<\/span> <span class=\"hps\">mezclado,<\/span> <span class=\"hps\">el rico<\/span> <span class=\"hps\">sabor de<\/span> <span class=\"hps\">Appleton<\/span> <span class=\"hps\">Estate<\/span> <span class=\"hps\">Extra es<\/span> <span class=\"hps\">la m\u00e1xima expresi\u00f3n<\/span> <span class=\"hps\">del arte<\/span> <span class=\"hps\">del fabricante de<\/span> <span class=\"hps\">ron.<\/span><\/span><\/p>\n<p>Graduaci\u00f3n: 43% vol.<\/p>\n<\/div>\n","protected":false},"featured_media":8739,"template":"","meta":{"spay_email":""},"yoast_head":"<!-- This site is optimized with the Yoast SEO plugin v15.9 - https:\/\/yoast.com\/wordpress\/plugins\/seo\/ -->\n<title>Ron Appleton Estate 12 a\u00f1os 70cl. - Comercial de Hosteleria Anma<\/title>\n<meta name=\"robots\" content=\"index, follow, max-snippet:-1, max-image-preview:large, max-video-preview:-1\" \/>\n<link rel=\"canonical\" href=\"https:\/\/www.comercialanma.es\/?product=ron-appleton-estate-12-anos-70cl\" \/>\n<meta property=\"og:locale\" content=\"es_ES\" \/>\n<meta property=\"og:type\" content=\"article\" \/>\n<meta property=\"og:title\" content=\"Ron Appleton Estate 12 a\u00f1os 70cl. - Comercial de Hosteleria Anma\" \/>\n<meta property=\"og:description\" content=\"The Magnificent Appleton Estate es la m\u00e1s antigua de todas las plantaciones de az\u00facar de Jamaica. Se encuentra enclavada en el f\u00e9rtil valle de Nassau a ambos lados del r\u00edo Negro en la parroquia de St. Elizabeth en el suroeste de Jamaica.  Esta mezcla madura de muy ron a\u00f1ejo prima se produce en la finca Appleton, el hogar de los mejores rones del mundo desde 1749.  Creado a partir de poblaciones de todo en mayores de ron que nacieron en alambiques de olla de cobre, con edades en barricas de roble durante 12 a\u00f1os y m\u00e1s, y meticulosamente a mano mezclado, el rico sabor de Appleton Estate Extra es la m\u00e1xima expresi\u00f3n del arte del fabricante de ron.  Graduaci\u00f3n: 43% vol.\" \/>\n<meta property=\"og:url\" content=\"https:\/\/www.comercialanma.es\/?product=ron-appleton-estate-12-anos-70cl\" \/>\n<meta property=\"og:site_name\" content=\"Comercial de Hosteleria Anma\" \/>\n<meta property=\"article:publisher\" content=\"https:\/\/www.facebook.com\/AnmaHosteleria\" \/>\n<meta property=\"article:modified_time\" content=\"2019-07-30T09:40:54+00:00\" \/>\n<meta property=\"og:image\" content=\"https:\/\/i1.wp.com\/www.comercialanma.es\/wp-content\/uploads\/2019\/07\/Appleton-Estate-12.jpg?fit=1200%2C1200&#038;ssl=1\" \/>\n\t<meta property=\"og:image:width\" content=\"1200\" \/>\n\t<meta property=\"og:image:height\" content=\"1200\" \/>\n<meta name=\"twitter:card\" content=\"summary_large_image\" \/>\n<script type=\"application\/ld+json\" class=\"yoast-schema-graph\">{\"@context\":\"https:\/\/schema.org\",\"@graph\":[{\"@type\":\"Organization\",\"@id\":\"https:\/\/www.comercialanma.es\/#organization\",\"name\":\"Comercial Anma\",\"url\":\"https:\/\/www.comercialanma.es\/\",\"sameAs\":[\"https:\/\/www.facebook.com\/AnmaHosteleria\",\"https:\/\/www.instagram.com\/anmahosteleria\/?hl=es\",\"https:\/\/www.youtube.com\/channel\/UCT2nmn08Ntks0hmpZPnDgCA\"],\"logo\":{\"@type\":\"ImageObject\",\"@id\":\"https:\/\/www.comercialanma.es\/#logo\",\"inLanguage\":\"es\",\"url\":\"https:\/\/i2.wp.com\/www.comercialanma.es\/wp-content\/uploads\/2019\/06\/logo-anma-color.png?fit=247%2C101&ssl=1\",\"width\":247,\"height\":101,\"caption\":\"Comercial Anma\"},\"image\":{\"@id\":\"https:\/\/www.comercialanma.es\/#logo\"}},{\"@type\":\"WebSite\",\"@id\":\"https:\/\/www.comercialanma.es\/#website\",\"url\":\"https:\/\/www.comercialanma.es\/\",\"name\":\"Comercial de Hosteleria Anma\",\"description\":\"\",\"publisher\":{\"@id\":\"https:\/\/www.comercialanma.es\/#organization\"},\"potentialAction\":[{\"@type\":\"SearchAction\",\"target\":\"https:\/\/www.comercialanma.es\/?s={search_term_string}\",\"query-input\":\"required name=search_term_string\"}],\"inLanguage\":\"es\"},{\"@type\":\"ImageObject\",\"@id\":\"https:\/\/www.comercialanma.es\/?product=ron-appleton-estate-12-anos-70cl#primaryimage\",\"inLanguage\":\"es\",\"url\":\"https:\/\/i1.wp.com\/www.comercialanma.es\/wp-content\/uploads\/2019\/07\/Appleton-Estate-12.jpg?fit=1200%2C1200&ssl=1\",\"width\":1200,\"height\":1200},{\"@type\":\"WebPage\",\"@id\":\"https:\/\/www.comercialanma.es\/?product=ron-appleton-estate-12-anos-70cl#webpage\",\"url\":\"https:\/\/www.comercialanma.es\/?product=ron-appleton-estate-12-anos-70cl\",\"name\":\"Ron Appleton Estate 12 a\\u00f1os 70cl. - Comercial de Hosteleria Anma\",\"isPartOf\":{\"@id\":\"https:\/\/www.comercialanma.es\/#website\"},\"primaryImageOfPage\":{\"@id\":\"https:\/\/www.comercialanma.es\/?product=ron-appleton-estate-12-anos-70cl#primaryimage\"},\"datePublished\":\"2019-07-30T09:27:50+00:00\",\"dateModified\":\"2019-07-30T09:40:54+00:00\",\"breadcrumb\":{\"@id\":\"https:\/\/www.comercialanma.es\/?product=ron-appleton-estate-12-anos-70cl#breadcrumb\"},\"inLanguage\":\"es\",\"potentialAction\":[{\"@type\":\"ReadAction\",\"target\":[\"https:\/\/www.comercialanma.es\/?product=ron-appleton-estate-12-anos-70cl\"]}]},{\"@type\":\"BreadcrumbList\",\"@id\":\"https:\/\/www.comercialanma.es\/?product=ron-appleton-estate-12-anos-70cl#breadcrumb\",\"itemListElement\":[{\"@type\":\"ListItem\",\"position\":1,\"item\":{\"@type\":\"WebPage\",\"@id\":\"https:\/\/www.comercialanma.es\/\",\"url\":\"https:\/\/www.comercialanma.es\/\",\"name\":\"Portada\"}},{\"@type\":\"ListItem\",\"position\":2,\"item\":{\"@type\":\"WebPage\",\"@id\":\"https:\/\/www.comercialanma.es\/?page_id=3963\",\"url\":\"https:\/\/www.comercialanma.es\/?page_id=3963\",\"name\":\"Cat\\u00e1logo de Productos\"}},{\"@type\":\"ListItem\",\"position\":3,\"item\":{\"@type\":\"WebPage\",\"@id\":\"https:\/\/www.comercialanma.es\/?product=ron-appleton-estate-12-anos-70cl\",\"url\":\"https:\/\/www.comercialanma.es\/?product=ron-appleton-estate-12-anos-70cl\",\"name\":\"Ron Appleton Estate 12 a\\u00f1os 70cl.\"}}]}]}<\/script>\n<!-- \/ Yoast SEO plugin. -->","_links":{"self":[{"href":"https:\/\/www.comercialanma.es\/index.php?rest_route=\/wp\/v2\/product\/8738"}],"collection":[{"href":"https:\/\/www.comercialanma.es\/index.php?rest_route=\/wp\/v2\/product"}],"about":[{"href":"https:\/\/www.comercialanma.es\/index.php?rest_route=\/wp\/v2\/types\/product"}],"version-history":[{"count":1,"href":"https:\/\/www.comercialanma.es\/index.php?rest_route=\/wp\/v2\/product\/8738\/revisions"}],"predecessor-version":[{"id":8740,"href":"https:\/\/www.comercialanma.es\/index.php?rest_route=\/wp\/v2\/product\/8738\/revisions\/8740"}],"wp:featuredmedia":[{"embeddable":true,"href":"https:\/\/www.comercialanma.es\/index.php?rest_route=\/wp\/v2\/media\/8739"}],"wp:attachment":[{"href":"https:\/\/www.comercialanma.es\/index.php?rest_route=%2Fwp%2Fv2%2Fmedia&parent=8738"}],"curies":[{"name":"wp","href":"https:\/\/api.w.org\/{rel}","templated":true}]}}