
{"id":8748,"date":"2019-07-30T11:51:15","date_gmt":"2019-07-30T09:51:15","guid":{"rendered":"http:\/\/www.comercialanma.es\/?post_type=product&#038;p=8748"},"modified":"2019-07-30T11:55:21","modified_gmt":"2019-07-30T09:55:21","slug":"ron-legendario-anejo-9-anos-70cl","status":"publish","type":"product","link":"https:\/\/www.comercialanma.es\/?product=ron-legendario-anejo-9-anos-70cl","title":{"rendered":"Ron Legendario A\u00f1ejo 9 a\u00f1os  70cl."},"content":{"rendered":"<h3>Nota de cata:<\/h3>\n<div id=\"tabs_content_container\">\n<div id=\"tab_cata_0\" class=\"tab_content catas_review_container\">\n<ul>\n<li class=\"sp catas_review col-xs-12 nopadding\"><span class=\"cata_title\">Cata a la vista<\/span> <span class=\"cata_content\">Bonito color \u00e1mbar.<\/span><\/li>\n<li class=\"sp catas_review col-xs-12 nopadding\"><span class=\"cata_title\">Cata en nariz<\/span> <span class=\"cata_content\">Presenta una nariz redonda y arm\u00f3nica, con notas de especias, vainilla y az\u00facar de ca\u00f1a.<\/span><\/li>\n<li class=\"sp catas_review col-xs-12 nopadding\"><span class=\"cata_title\">Cata en boca<\/span> <span class=\"cata_content\">En boca es dulce y presenta la misma dulzura que en nariz. El final es largo y especiado.<\/span><\/li>\n<li>Graduaci\u00f3n: 40% vol.<\/li>\n<\/ul>\n<\/div>\n<\/div>\n","protected":false},"excerpt":{"rendered":"<p>El ron Legendario es producido por Almacenes ron Bocoy, el cual caus\u00f3 un auge en el consumo de bebidas espirituosas en la isla de Cuba. Este ron se produce dejando envejecer los rones en barricas de roble durante un largo per\u00edodo de tiempo. Para producirlo se utilizan a\u00f1ejo solera de 47% cada uno (cuatro y seis a\u00f1os) adem\u00e1s de peque\u00f1as cantidades de vino moscatel. Este ron reposa durante 15 d\u00edas en barricas de roble americano. Antes de su embotellamiento, se filtra. \u00c9ste es por lo tanto un ron muy puro conseguido a partir a sistemas muy antiguos: sistema de filtrado a partir de doble fondo en los tanques, el empleo de arena s\u00edlice y carb\u00f3n activado, procesamiento por gravedad, etc.<\/p>\n","protected":false},"featured_media":8749,"template":"","meta":{"spay_email":""},"yoast_head":"<!-- This site is optimized with the Yoast SEO plugin v15.9 - https:\/\/yoast.com\/wordpress\/plugins\/seo\/ -->\n<title>Ron Legendario A\u00f1ejo 9 a\u00f1os 70cl. - Comercial de Hosteleria Anma<\/title>\n<meta name=\"robots\" content=\"index, follow, max-snippet:-1, max-image-preview:large, max-video-preview:-1\" \/>\n<link rel=\"canonical\" href=\"https:\/\/www.comercialanma.es\/?product=ron-legendario-anejo-9-anos-70cl\" \/>\n<meta property=\"og:locale\" content=\"es_ES\" \/>\n<meta property=\"og:type\" content=\"article\" \/>\n<meta property=\"og:title\" content=\"Ron Legendario A\u00f1ejo 9 a\u00f1os 70cl. - Comercial de Hosteleria Anma\" \/>\n<meta property=\"og:description\" content=\"El ron Legendario es producido por Almacenes ron Bocoy, el cual caus\u00f3 un auge en el consumo de bebidas espirituosas en la isla de Cuba. Este ron se produce dejando envejecer los rones en barricas de roble durante un largo per\u00edodo de tiempo. Para producirlo se utilizan a\u00f1ejo solera de 47% cada uno (cuatro y seis a\u00f1os) adem\u00e1s de peque\u00f1as cantidades de vino moscatel. Este ron reposa durante 15 d\u00edas en barricas de roble americano. Antes de su embotellamiento, se filtra. \u00c9ste es por lo tanto un ron muy puro conseguido a partir a sistemas muy antiguos: sistema de filtrado a partir de doble fondo en los tanques, el empleo de arena s\u00edlice y carb\u00f3n activado, procesamiento por gravedad, etc.\" \/>\n<meta property=\"og:url\" content=\"https:\/\/www.comercialanma.es\/?product=ron-legendario-anejo-9-anos-70cl\" \/>\n<meta property=\"og:site_name\" content=\"Comercial de Hosteleria Anma\" \/>\n<meta property=\"article:publisher\" content=\"https:\/\/www.facebook.com\/AnmaHosteleria\" \/>\n<meta property=\"article:modified_time\" content=\"2019-07-30T09:55:21+00:00\" \/>\n<meta property=\"og:image\" content=\"https:\/\/i1.wp.com\/www.comercialanma.es\/wp-content\/uploads\/2019\/07\/Legendario-An\u0303ejo.jpg?fit=1200%2C1200&#038;ssl=1\" \/>\n\t<meta property=\"og:image:width\" content=\"1200\" \/>\n\t<meta property=\"og:image:height\" content=\"1200\" \/>\n<meta name=\"twitter:card\" content=\"summary_large_image\" \/>\n<script type=\"application\/ld+json\" class=\"yoast-schema-graph\">{\"@context\":\"https:\/\/schema.org\",\"@graph\":[{\"@type\":\"Organization\",\"@id\":\"https:\/\/www.comercialanma.es\/#organization\",\"name\":\"Comercial Anma\",\"url\":\"https:\/\/www.comercialanma.es\/\",\"sameAs\":[\"https:\/\/www.facebook.com\/AnmaHosteleria\",\"https:\/\/www.instagram.com\/anmahosteleria\/?hl=es\",\"https:\/\/www.youtube.com\/channel\/UCT2nmn08Ntks0hmpZPnDgCA\"],\"logo\":{\"@type\":\"ImageObject\",\"@id\":\"https:\/\/www.comercialanma.es\/#logo\",\"inLanguage\":\"es\",\"url\":\"https:\/\/i2.wp.com\/www.comercialanma.es\/wp-content\/uploads\/2019\/06\/logo-anma-color.png?fit=247%2C101&ssl=1\",\"width\":247,\"height\":101,\"caption\":\"Comercial Anma\"},\"image\":{\"@id\":\"https:\/\/www.comercialanma.es\/#logo\"}},{\"@type\":\"WebSite\",\"@id\":\"https:\/\/www.comercialanma.es\/#website\",\"url\":\"https:\/\/www.comercialanma.es\/\",\"name\":\"Comercial de Hosteleria Anma\",\"description\":\"\",\"publisher\":{\"@id\":\"https:\/\/www.comercialanma.es\/#organization\"},\"potentialAction\":[{\"@type\":\"SearchAction\",\"target\":\"https:\/\/www.comercialanma.es\/?s={search_term_string}\",\"query-input\":\"required name=search_term_string\"}],\"inLanguage\":\"es\"},{\"@type\":\"ImageObject\",\"@id\":\"https:\/\/www.comercialanma.es\/?product=ron-legendario-anejo-9-anos-70cl#primaryimage\",\"inLanguage\":\"es\",\"url\":\"https:\/\/i1.wp.com\/www.comercialanma.es\/wp-content\/uploads\/2019\/07\/Legendario-An\\u0303ejo.jpg?fit=1200%2C1200&ssl=1\",\"width\":1200,\"height\":1200},{\"@type\":\"WebPage\",\"@id\":\"https:\/\/www.comercialanma.es\/?product=ron-legendario-anejo-9-anos-70cl#webpage\",\"url\":\"https:\/\/www.comercialanma.es\/?product=ron-legendario-anejo-9-anos-70cl\",\"name\":\"Ron Legendario A\\u00f1ejo 9 a\\u00f1os 70cl. - Comercial de Hosteleria Anma\",\"isPartOf\":{\"@id\":\"https:\/\/www.comercialanma.es\/#website\"},\"primaryImageOfPage\":{\"@id\":\"https:\/\/www.comercialanma.es\/?product=ron-legendario-anejo-9-anos-70cl#primaryimage\"},\"datePublished\":\"2019-07-30T09:51:15+00:00\",\"dateModified\":\"2019-07-30T09:55:21+00:00\",\"breadcrumb\":{\"@id\":\"https:\/\/www.comercialanma.es\/?product=ron-legendario-anejo-9-anos-70cl#breadcrumb\"},\"inLanguage\":\"es\",\"potentialAction\":[{\"@type\":\"ReadAction\",\"target\":[\"https:\/\/www.comercialanma.es\/?product=ron-legendario-anejo-9-anos-70cl\"]}]},{\"@type\":\"BreadcrumbList\",\"@id\":\"https:\/\/www.comercialanma.es\/?product=ron-legendario-anejo-9-anos-70cl#breadcrumb\",\"itemListElement\":[{\"@type\":\"ListItem\",\"position\":1,\"item\":{\"@type\":\"WebPage\",\"@id\":\"https:\/\/www.comercialanma.es\/\",\"url\":\"https:\/\/www.comercialanma.es\/\",\"name\":\"Portada\"}},{\"@type\":\"ListItem\",\"position\":2,\"item\":{\"@type\":\"WebPage\",\"@id\":\"https:\/\/www.comercialanma.es\/?page_id=3963\",\"url\":\"https:\/\/www.comercialanma.es\/?page_id=3963\",\"name\":\"Cat\\u00e1logo de Productos\"}},{\"@type\":\"ListItem\",\"position\":3,\"item\":{\"@type\":\"WebPage\",\"@id\":\"https:\/\/www.comercialanma.es\/?product=ron-legendario-anejo-9-anos-70cl\",\"url\":\"https:\/\/www.comercialanma.es\/?product=ron-legendario-anejo-9-anos-70cl\",\"name\":\"Ron Legendario A\\u00f1ejo 9 a\\u00f1os 70cl.\"}}]}]}<\/script>\n<!-- \/ Yoast SEO plugin. -->","_links":{"self":[{"href":"https:\/\/www.comercialanma.es\/index.php?rest_route=\/wp\/v2\/product\/8748"}],"collection":[{"href":"https:\/\/www.comercialanma.es\/index.php?rest_route=\/wp\/v2\/product"}],"about":[{"href":"https:\/\/www.comercialanma.es\/index.php?rest_route=\/wp\/v2\/types\/product"}],"version-history":[{"count":1,"href":"https:\/\/www.comercialanma.es\/index.php?rest_route=\/wp\/v2\/product\/8748\/revisions"}],"predecessor-version":[{"id":8750,"href":"https:\/\/www.comercialanma.es\/index.php?rest_route=\/wp\/v2\/product\/8748\/revisions\/8750"}],"wp:featuredmedia":[{"embeddable":true,"href":"https:\/\/www.comercialanma.es\/index.php?rest_route=\/wp\/v2\/media\/8749"}],"wp:attachment":[{"href":"https:\/\/www.comercialanma.es\/index.php?rest_route=%2Fwp%2Fv2%2Fmedia&parent=8748"}],"curies":[{"name":"wp","href":"https:\/\/api.w.org\/{rel}","templated":true}]}}