
{"id":8758,"date":"2019-07-30T12:12:24","date_gmt":"2019-07-30T10:12:24","guid":{"rendered":"http:\/\/www.comercialanma.es\/?post_type=product&#038;p=8758"},"modified":"2019-07-30T15:29:49","modified_gmt":"2019-07-30T13:29:49","slug":"ron-santisima-trinidad-7-anos-70cl","status":"publish","type":"product","link":"https:\/\/www.comercialanma.es\/?product=ron-santisima-trinidad-7-anos-70cl","title":{"rendered":"Ron Sant\u00edsima Trinidad 7 a\u00f1os  70cl."},"content":{"rendered":"<h3>Nota de cata:<\/h3>\n<div id=\"tabs_content_container\">\n<div id=\"tab_cata_0\" class=\"tab_content catas_review_container\">\n<div class=\"two-coulumn-wrapper\">\n<div class=\"field field-type-text field-field-vista\">\n<ul>\n<li>Este Ron en primer lugar tiene color caoba muy n\u00edtido.<\/li>\n<li>Adem\u00e1s en nariz emite un bouquet sobresaliente y exquisito, con intensas y complejas notas de cacao, vainilla, madera de cedro y a tabaco dulce.<\/li>\n<li>Es un ron elegante y excepcionalmente rico, con una entrada voluptuosa y sedosa, da lugar a un paladar equilibrado. Es intenso pero redondo y suave.<\/li>\n<li>Graduaci\u00f3n: 40,3% vol.<\/li>\n<\/ul>\n<\/div>\n<\/div>\n<\/div>\n<\/div>\n","protected":false},"excerpt":{"rendered":"<p>Ron Santisima Trinidad 7 A\u00f1os es un exclusivo Ron A\u00f1ejo Cubano, logrado para su disfrute a partir de las manos de los excelent\u00edsimos maestros roneros de Cuba. Es un ron elaborado de modo tradicional.Este Ron en primer lugar tiene color caoba muy n\u00edtido. Adem\u00e1s en nariz emite un bouquet sobresaliente y exquisito, con intensas y complejas notas de cacao, vainilla, madera de cedro y a tabaco dulce. Es un ron elegante y excepcionalmente rico, con una entrada voluptuosa y sedosa, da lugar a un paladar equilibrado. Es intenso pero redondo y suave.Ron Santisima Trinidad 7 A\u00f1os es exquisito para tomar s\u00f3lo o con hielo.<\/p>\n","protected":false},"featured_media":8759,"template":"","meta":{"spay_email":""},"yoast_head":"<!-- This site is optimized with the Yoast SEO plugin v15.9 - https:\/\/yoast.com\/wordpress\/plugins\/seo\/ -->\n<title>Ron Sant\u00edsima Trinidad 7 a\u00f1os 70cl. - Comercial de Hosteleria Anma<\/title>\n<meta name=\"robots\" content=\"index, follow, max-snippet:-1, max-image-preview:large, max-video-preview:-1\" \/>\n<link rel=\"canonical\" href=\"https:\/\/www.comercialanma.es\/?product=ron-santisima-trinidad-7-anos-70cl\" \/>\n<meta property=\"og:locale\" content=\"es_ES\" \/>\n<meta property=\"og:type\" content=\"article\" \/>\n<meta property=\"og:title\" content=\"Ron Sant\u00edsima Trinidad 7 a\u00f1os 70cl. - Comercial de Hosteleria Anma\" \/>\n<meta property=\"og:description\" content=\"Ron Santisima Trinidad 7 A\u00f1os es un exclusivo Ron A\u00f1ejo Cubano, logrado para su disfrute a partir de las manos de los excelent\u00edsimos maestros roneros de Cuba. Es un ron elaborado de modo tradicional.Este Ron en primer lugar tiene color caoba muy n\u00edtido. Adem\u00e1s en nariz emite un bouquet sobresaliente y exquisito, con intensas y complejas notas de cacao, vainilla, madera de cedro y a tabaco dulce. Es un ron elegante y excepcionalmente rico, con una entrada voluptuosa y sedosa, da lugar a un paladar equilibrado. Es intenso pero redondo y suave.Ron Santisima Trinidad 7 A\u00f1os es exquisito para tomar s\u00f3lo o con hielo.\" \/>\n<meta property=\"og:url\" content=\"https:\/\/www.comercialanma.es\/?product=ron-santisima-trinidad-7-anos-70cl\" \/>\n<meta property=\"og:site_name\" content=\"Comercial de Hosteleria Anma\" \/>\n<meta property=\"article:publisher\" content=\"https:\/\/www.facebook.com\/AnmaHosteleria\" \/>\n<meta property=\"article:modified_time\" content=\"2019-07-30T13:29:49+00:00\" \/>\n<meta property=\"og:image\" content=\"https:\/\/i2.wp.com\/www.comercialanma.es\/wp-content\/uploads\/2019\/07\/Santisima-Trinidad-7.jpg?fit=1200%2C1200&#038;ssl=1\" \/>\n\t<meta property=\"og:image:width\" content=\"1200\" \/>\n\t<meta property=\"og:image:height\" content=\"1200\" \/>\n<meta name=\"twitter:card\" content=\"summary_large_image\" \/>\n<script type=\"application\/ld+json\" class=\"yoast-schema-graph\">{\"@context\":\"https:\/\/schema.org\",\"@graph\":[{\"@type\":\"Organization\",\"@id\":\"https:\/\/www.comercialanma.es\/#organization\",\"name\":\"Comercial Anma\",\"url\":\"https:\/\/www.comercialanma.es\/\",\"sameAs\":[\"https:\/\/www.facebook.com\/AnmaHosteleria\",\"https:\/\/www.instagram.com\/anmahosteleria\/?hl=es\",\"https:\/\/www.youtube.com\/channel\/UCT2nmn08Ntks0hmpZPnDgCA\"],\"logo\":{\"@type\":\"ImageObject\",\"@id\":\"https:\/\/www.comercialanma.es\/#logo\",\"inLanguage\":\"es\",\"url\":\"https:\/\/i2.wp.com\/www.comercialanma.es\/wp-content\/uploads\/2019\/06\/logo-anma-color.png?fit=247%2C101&ssl=1\",\"width\":247,\"height\":101,\"caption\":\"Comercial Anma\"},\"image\":{\"@id\":\"https:\/\/www.comercialanma.es\/#logo\"}},{\"@type\":\"WebSite\",\"@id\":\"https:\/\/www.comercialanma.es\/#website\",\"url\":\"https:\/\/www.comercialanma.es\/\",\"name\":\"Comercial de Hosteleria Anma\",\"description\":\"\",\"publisher\":{\"@id\":\"https:\/\/www.comercialanma.es\/#organization\"},\"potentialAction\":[{\"@type\":\"SearchAction\",\"target\":\"https:\/\/www.comercialanma.es\/?s={search_term_string}\",\"query-input\":\"required name=search_term_string\"}],\"inLanguage\":\"es\"},{\"@type\":\"ImageObject\",\"@id\":\"https:\/\/www.comercialanma.es\/?product=ron-santisima-trinidad-7-anos-70cl#primaryimage\",\"inLanguage\":\"es\",\"url\":\"https:\/\/i2.wp.com\/www.comercialanma.es\/wp-content\/uploads\/2019\/07\/Santisima-Trinidad-7.jpg?fit=1200%2C1200&ssl=1\",\"width\":1200,\"height\":1200},{\"@type\":\"WebPage\",\"@id\":\"https:\/\/www.comercialanma.es\/?product=ron-santisima-trinidad-7-anos-70cl#webpage\",\"url\":\"https:\/\/www.comercialanma.es\/?product=ron-santisima-trinidad-7-anos-70cl\",\"name\":\"Ron Sant\\u00edsima Trinidad 7 a\\u00f1os 70cl. - Comercial de Hosteleria Anma\",\"isPartOf\":{\"@id\":\"https:\/\/www.comercialanma.es\/#website\"},\"primaryImageOfPage\":{\"@id\":\"https:\/\/www.comercialanma.es\/?product=ron-santisima-trinidad-7-anos-70cl#primaryimage\"},\"datePublished\":\"2019-07-30T10:12:24+00:00\",\"dateModified\":\"2019-07-30T13:29:49+00:00\",\"breadcrumb\":{\"@id\":\"https:\/\/www.comercialanma.es\/?product=ron-santisima-trinidad-7-anos-70cl#breadcrumb\"},\"inLanguage\":\"es\",\"potentialAction\":[{\"@type\":\"ReadAction\",\"target\":[\"https:\/\/www.comercialanma.es\/?product=ron-santisima-trinidad-7-anos-70cl\"]}]},{\"@type\":\"BreadcrumbList\",\"@id\":\"https:\/\/www.comercialanma.es\/?product=ron-santisima-trinidad-7-anos-70cl#breadcrumb\",\"itemListElement\":[{\"@type\":\"ListItem\",\"position\":1,\"item\":{\"@type\":\"WebPage\",\"@id\":\"https:\/\/www.comercialanma.es\/\",\"url\":\"https:\/\/www.comercialanma.es\/\",\"name\":\"Portada\"}},{\"@type\":\"ListItem\",\"position\":2,\"item\":{\"@type\":\"WebPage\",\"@id\":\"https:\/\/www.comercialanma.es\/?page_id=3963\",\"url\":\"https:\/\/www.comercialanma.es\/?page_id=3963\",\"name\":\"Cat\\u00e1logo de Productos\"}},{\"@type\":\"ListItem\",\"position\":3,\"item\":{\"@type\":\"WebPage\",\"@id\":\"https:\/\/www.comercialanma.es\/?product=ron-santisima-trinidad-7-anos-70cl\",\"url\":\"https:\/\/www.comercialanma.es\/?product=ron-santisima-trinidad-7-anos-70cl\",\"name\":\"Ron Sant\\u00edsima Trinidad 7 a\\u00f1os 70cl.\"}}]}]}<\/script>\n<!-- \/ Yoast SEO plugin. -->","_links":{"self":[{"href":"https:\/\/www.comercialanma.es\/index.php?rest_route=\/wp\/v2\/product\/8758"}],"collection":[{"href":"https:\/\/www.comercialanma.es\/index.php?rest_route=\/wp\/v2\/product"}],"about":[{"href":"https:\/\/www.comercialanma.es\/index.php?rest_route=\/wp\/v2\/types\/product"}],"version-history":[{"count":1,"href":"https:\/\/www.comercialanma.es\/index.php?rest_route=\/wp\/v2\/product\/8758\/revisions"}],"predecessor-version":[{"id":8760,"href":"https:\/\/www.comercialanma.es\/index.php?rest_route=\/wp\/v2\/product\/8758\/revisions\/8760"}],"wp:featuredmedia":[{"embeddable":true,"href":"https:\/\/www.comercialanma.es\/index.php?rest_route=\/wp\/v2\/media\/8759"}],"wp:attachment":[{"href":"https:\/\/www.comercialanma.es\/index.php?rest_route=%2Fwp%2Fv2%2Fmedia&parent=8758"}],"curies":[{"name":"wp","href":"https:\/\/api.w.org\/{rel}","templated":true}]}}