
{"id":8772,"date":"2019-07-30T15:49:11","date_gmt":"2019-07-30T13:49:11","guid":{"rendered":"http:\/\/www.comercialanma.es\/?post_type=product&#038;p=8772"},"modified":"2022-01-25T17:58:20","modified_gmt":"2022-01-25T16:58:20","slug":"ron-dictador-cafe-70cl","status":"publish","type":"product","link":"https:\/\/www.comercialanma.es\/?product=ron-dictador-cafe-70cl","title":{"rendered":"Ron Dictador Caf\u00e9  70cl."},"content":{"rendered":"<p>Ron saborizado con caf\u00e9 elaborado por Dictador en Cartagena (Colombia)<\/p>\n<p>Utilizando barriles de roble ex-bourbon despu\u00e9s de la destilaci\u00f3n en un alambique de columna continua, este ron se filtra a trav\u00e9s del producto agr\u00edcola m\u00e1s conocido de Colombia: los granos de caf\u00e9 ar\u00e1bica. Esto proporciona un sabor amplio y profundo para aquellos conocedores que buscan algo especial en su ron.<\/p>\n","protected":false},"excerpt":{"rendered":"<div class=\"rte\">\n<ul>\n<li>Marca: Dictador<\/li>\n<li>Pa\u00eds: Colombia (Cartagena)<\/li>\n<li>Tama\u00f1o: 70cl.<\/li>\n<li>Graduaci\u00f3n: 40% vol.<\/li>\n<\/ul>\n<\/div>\n<p>&nbsp;<\/p>\n","protected":false},"featured_media":20922,"template":"","meta":{"spay_email":""},"yoast_head":"<!-- This site is optimized with the Yoast SEO plugin v15.9 - https:\/\/yoast.com\/wordpress\/plugins\/seo\/ -->\n<title>Ron Dictador Caf\u00e9 70cl. - Comercial de Hosteleria Anma<\/title>\n<meta name=\"description\" content=\"Ron Dictador Caf\u00e9 | 70cl.| 100 Months | Ron saborizado con caf\u00e9 elaborado por Dictador en Cartagena (Colombia)\" \/>\n<meta name=\"robots\" content=\"index, follow, max-snippet:-1, max-image-preview:large, max-video-preview:-1\" \/>\n<link rel=\"canonical\" href=\"https:\/\/www.comercialanma.es\/?product=ron-dictador-cafe-70cl\" \/>\n<meta property=\"og:locale\" content=\"es_ES\" \/>\n<meta property=\"og:type\" content=\"article\" \/>\n<meta property=\"og:title\" content=\"Ron Dictador Caf\u00e9 70cl. - Comercial de Hosteleria Anma\" \/>\n<meta property=\"og:description\" content=\"Ron Dictador Caf\u00e9 | 70cl.| 100 Months | Ron saborizado con caf\u00e9 elaborado por Dictador en Cartagena (Colombia)\" \/>\n<meta property=\"og:url\" content=\"https:\/\/www.comercialanma.es\/?product=ron-dictador-cafe-70cl\" \/>\n<meta property=\"og:site_name\" content=\"Comercial de Hosteleria Anma\" \/>\n<meta property=\"article:publisher\" content=\"https:\/\/www.facebook.com\/AnmaHosteleria\" \/>\n<meta property=\"article:modified_time\" content=\"2022-01-25T16:58:20+00:00\" \/>\n<meta property=\"og:image\" content=\"https:\/\/i2.wp.com\/www.comercialanma.es\/wp-content\/uploads\/2019\/07\/dictador-cafe-100-months.jpg?fit=1080%2C1080&#038;ssl=1\" \/>\n\t<meta property=\"og:image:width\" content=\"1080\" \/>\n\t<meta property=\"og:image:height\" content=\"1080\" \/>\n<meta name=\"twitter:card\" content=\"summary_large_image\" \/>\n<meta name=\"twitter:label1\" content=\"Tiempo de lectura\">\n\t<meta name=\"twitter:data1\" content=\"1 minuto\">\n<script type=\"application\/ld+json\" class=\"yoast-schema-graph\">{\"@context\":\"https:\/\/schema.org\",\"@graph\":[{\"@type\":\"Organization\",\"@id\":\"https:\/\/www.comercialanma.es\/#organization\",\"name\":\"Comercial Anma\",\"url\":\"https:\/\/www.comercialanma.es\/\",\"sameAs\":[\"https:\/\/www.facebook.com\/AnmaHosteleria\",\"https:\/\/www.instagram.com\/anmahosteleria\/?hl=es\",\"https:\/\/www.youtube.com\/channel\/UCT2nmn08Ntks0hmpZPnDgCA\"],\"logo\":{\"@type\":\"ImageObject\",\"@id\":\"https:\/\/www.comercialanma.es\/#logo\",\"inLanguage\":\"es\",\"url\":\"https:\/\/i2.wp.com\/www.comercialanma.es\/wp-content\/uploads\/2019\/06\/logo-anma-color.png?fit=247%2C101&ssl=1\",\"width\":247,\"height\":101,\"caption\":\"Comercial Anma\"},\"image\":{\"@id\":\"https:\/\/www.comercialanma.es\/#logo\"}},{\"@type\":\"WebSite\",\"@id\":\"https:\/\/www.comercialanma.es\/#website\",\"url\":\"https:\/\/www.comercialanma.es\/\",\"name\":\"Comercial de Hosteleria Anma\",\"description\":\"\",\"publisher\":{\"@id\":\"https:\/\/www.comercialanma.es\/#organization\"},\"potentialAction\":[{\"@type\":\"SearchAction\",\"target\":\"https:\/\/www.comercialanma.es\/?s={search_term_string}\",\"query-input\":\"required name=search_term_string\"}],\"inLanguage\":\"es\"},{\"@type\":\"ImageObject\",\"@id\":\"https:\/\/www.comercialanma.es\/?product=ron-dictador-cafe-70cl#primaryimage\",\"inLanguage\":\"es\",\"url\":\"https:\/\/i2.wp.com\/www.comercialanma.es\/wp-content\/uploads\/2019\/07\/dictador-cafe-100-months.jpg?fit=1080%2C1080&ssl=1\",\"width\":1080,\"height\":1080},{\"@type\":\"WebPage\",\"@id\":\"https:\/\/www.comercialanma.es\/?product=ron-dictador-cafe-70cl#webpage\",\"url\":\"https:\/\/www.comercialanma.es\/?product=ron-dictador-cafe-70cl\",\"name\":\"Ron Dictador Caf\\u00e9 70cl. - Comercial de Hosteleria Anma\",\"isPartOf\":{\"@id\":\"https:\/\/www.comercialanma.es\/#website\"},\"primaryImageOfPage\":{\"@id\":\"https:\/\/www.comercialanma.es\/?product=ron-dictador-cafe-70cl#primaryimage\"},\"datePublished\":\"2019-07-30T13:49:11+00:00\",\"dateModified\":\"2022-01-25T16:58:20+00:00\",\"description\":\"Ron Dictador Caf\\u00e9 | 70cl.| 100 Months | Ron saborizado con caf\\u00e9 elaborado por Dictador en Cartagena (Colombia)\",\"breadcrumb\":{\"@id\":\"https:\/\/www.comercialanma.es\/?product=ron-dictador-cafe-70cl#breadcrumb\"},\"inLanguage\":\"es\",\"potentialAction\":[{\"@type\":\"ReadAction\",\"target\":[\"https:\/\/www.comercialanma.es\/?product=ron-dictador-cafe-70cl\"]}]},{\"@type\":\"BreadcrumbList\",\"@id\":\"https:\/\/www.comercialanma.es\/?product=ron-dictador-cafe-70cl#breadcrumb\",\"itemListElement\":[{\"@type\":\"ListItem\",\"position\":1,\"item\":{\"@type\":\"WebPage\",\"@id\":\"https:\/\/www.comercialanma.es\/\",\"url\":\"https:\/\/www.comercialanma.es\/\",\"name\":\"Portada\"}},{\"@type\":\"ListItem\",\"position\":2,\"item\":{\"@type\":\"WebPage\",\"@id\":\"https:\/\/www.comercialanma.es\/?page_id=3963\",\"url\":\"https:\/\/www.comercialanma.es\/?page_id=3963\",\"name\":\"Cat\\u00e1logo de Productos\"}},{\"@type\":\"ListItem\",\"position\":3,\"item\":{\"@type\":\"WebPage\",\"@id\":\"https:\/\/www.comercialanma.es\/?product=ron-dictador-cafe-70cl\",\"url\":\"https:\/\/www.comercialanma.es\/?product=ron-dictador-cafe-70cl\",\"name\":\"Ron Dictador Caf\\u00e9 70cl.\"}}]}]}<\/script>\n<!-- \/ Yoast SEO plugin. -->","_links":{"self":[{"href":"https:\/\/www.comercialanma.es\/index.php?rest_route=\/wp\/v2\/product\/8772"}],"collection":[{"href":"https:\/\/www.comercialanma.es\/index.php?rest_route=\/wp\/v2\/product"}],"about":[{"href":"https:\/\/www.comercialanma.es\/index.php?rest_route=\/wp\/v2\/types\/product"}],"version-history":[{"count":3,"href":"https:\/\/www.comercialanma.es\/index.php?rest_route=\/wp\/v2\/product\/8772\/revisions"}],"predecessor-version":[{"id":20924,"href":"https:\/\/www.comercialanma.es\/index.php?rest_route=\/wp\/v2\/product\/8772\/revisions\/20924"}],"wp:featuredmedia":[{"embeddable":true,"href":"https:\/\/www.comercialanma.es\/index.php?rest_route=\/wp\/v2\/media\/20922"}],"wp:attachment":[{"href":"https:\/\/www.comercialanma.es\/index.php?rest_route=%2Fwp%2Fv2%2Fmedia&parent=8772"}],"curies":[{"name":"wp","href":"https:\/\/api.w.org\/{rel}","templated":true}]}}