
{"id":8832,"date":"2019-07-31T10:37:40","date_gmt":"2019-07-31T08:37:40","guid":{"rendered":"http:\/\/www.comercialanma.es\/?post_type=product&#038;p=8832"},"modified":"2023-01-18T11:00:22","modified_gmt":"2023-01-18T10:00:22","slug":"tequila-jose-cuervo-especial-gold-70cl","status":"publish","type":"product","link":"https:\/\/www.comercialanma.es\/?product=tequila-jose-cuervo-especial-gold-70cl","title":{"rendered":"Tequila Jose Cuervo Especial Gold 70cl."},"content":{"rendered":"<h3>Nota de cata:<\/h3>\n<ul>\n<li><span class=\"s1\">V<\/span><span class=\"s1\">ista:\u00a0<\/span><span class=\"s1\">Tonalidades pajizas con matices dorados, grises y verdosos brillantes de gran cuerpo.<\/span><\/li>\n<li><span class=\"s1\">Olfato:\u00a0<\/span><span class=\"s1\">Balance perfecto entre agave cocido, toques frutales, amaderados y herbales con notas de aceituna.<\/span><\/li>\n<li><span class=\"s1\">Boca:\u00a0<\/span><span class=\"s1\">Agave cocido ligeramente especiado, con final ahumado, herb\u00e1ceo y sutilmente c\u00edtrico con tonos de madera.<\/span><\/li>\n<li>Graduaci\u00f3n: 40% vol.<\/li>\n<\/ul>\n","protected":false},"excerpt":{"rendered":"<div>\n<div>\n<p>Este legendario tequila tradicional es el reflejo de un proceso artesanal que nace en los campos de la Familia Jose Cuervo como parte de una cuidadosa selecci\u00f3n de los mejores agaves tequilana weber en su punto \u00f3ptimo de maduraci\u00f3n.<\/p>\n<p>Los agaves son cosechados dejando s\u00f3lo las pi\u00f1as que posteriormente pasan por un delicado proceso de cocido en antiguos hornos de piedra y barro para dar paso a la extracci\u00f3n de su aguamiel.<\/p>\n<p>El aguamiel es fermentado hasta que el az\u00facar se consume por completo, convirti\u00e9ndose en alcohol para continuar con una doble destilaci\u00f3n purificadora en alambiques de cobre que permiten mantener el distintivo sabor del agave natural.<\/p>\n<\/div>\n<\/div>\n","protected":false},"featured_media":22039,"template":"","meta":{"spay_email":""},"yoast_head":"<!-- This site is optimized with the Yoast SEO plugin v15.9 - https:\/\/yoast.com\/wordpress\/plugins\/seo\/ -->\n<title>Tequila Jose Cuervo Especial Gold 70cl. - Comercial de Hosteleria Anma<\/title>\n<meta name=\"robots\" content=\"index, follow, max-snippet:-1, max-image-preview:large, max-video-preview:-1\" \/>\n<link rel=\"canonical\" href=\"https:\/\/www.comercialanma.es\/?product=tequila-jose-cuervo-especial-gold-70cl\" \/>\n<meta property=\"og:locale\" content=\"es_ES\" \/>\n<meta property=\"og:type\" content=\"article\" \/>\n<meta property=\"og:title\" content=\"Tequila Jose Cuervo Especial Gold 70cl. - Comercial de Hosteleria Anma\" \/>\n<meta property=\"og:description\" content=\"Este legendario tequila tradicional es el reflejo de un proceso artesanal que nace en los campos de la Familia Jose Cuervo como parte de una cuidadosa selecci\u00f3n de los mejores agaves tequilana weber en su punto \u00f3ptimo de maduraci\u00f3n.  Los agaves son cosechados dejando s\u00f3lo las pi\u00f1as que posteriormente pasan por un delicado proceso de cocido en antiguos hornos de piedra y barro para dar paso a la extracci\u00f3n de su aguamiel.  El aguamiel es fermentado hasta que el az\u00facar se consume por completo, convirti\u00e9ndose en alcohol para continuar con una doble destilaci\u00f3n purificadora en alambiques de cobre que permiten mantener el distintivo sabor del agave natural.\" \/>\n<meta property=\"og:url\" content=\"https:\/\/www.comercialanma.es\/?product=tequila-jose-cuervo-especial-gold-70cl\" \/>\n<meta property=\"og:site_name\" content=\"Comercial de Hosteleria Anma\" \/>\n<meta property=\"article:publisher\" content=\"https:\/\/www.facebook.com\/AnmaHosteleria\" \/>\n<meta property=\"article:modified_time\" content=\"2023-01-18T10:00:22+00:00\" \/>\n<meta property=\"og:image\" content=\"https:\/\/i1.wp.com\/www.comercialanma.es\/wp-content\/uploads\/2019\/07\/Jose-cuervo-especial-gold.jpg?fit=1080%2C1080&#038;ssl=1\" \/>\n\t<meta property=\"og:image:width\" content=\"1080\" \/>\n\t<meta property=\"og:image:height\" content=\"1080\" \/>\n<meta name=\"twitter:card\" content=\"summary_large_image\" \/>\n<script type=\"application\/ld+json\" class=\"yoast-schema-graph\">{\"@context\":\"https:\/\/schema.org\",\"@graph\":[{\"@type\":\"Organization\",\"@id\":\"https:\/\/www.comercialanma.es\/#organization\",\"name\":\"Comercial Anma\",\"url\":\"https:\/\/www.comercialanma.es\/\",\"sameAs\":[\"https:\/\/www.facebook.com\/AnmaHosteleria\",\"https:\/\/www.instagram.com\/anmahosteleria\/?hl=es\",\"https:\/\/www.youtube.com\/channel\/UCT2nmn08Ntks0hmpZPnDgCA\"],\"logo\":{\"@type\":\"ImageObject\",\"@id\":\"https:\/\/www.comercialanma.es\/#logo\",\"inLanguage\":\"es\",\"url\":\"https:\/\/i2.wp.com\/www.comercialanma.es\/wp-content\/uploads\/2019\/06\/logo-anma-color.png?fit=247%2C101&ssl=1\",\"width\":247,\"height\":101,\"caption\":\"Comercial Anma\"},\"image\":{\"@id\":\"https:\/\/www.comercialanma.es\/#logo\"}},{\"@type\":\"WebSite\",\"@id\":\"https:\/\/www.comercialanma.es\/#website\",\"url\":\"https:\/\/www.comercialanma.es\/\",\"name\":\"Comercial de Hosteleria Anma\",\"description\":\"\",\"publisher\":{\"@id\":\"https:\/\/www.comercialanma.es\/#organization\"},\"potentialAction\":[{\"@type\":\"SearchAction\",\"target\":\"https:\/\/www.comercialanma.es\/?s={search_term_string}\",\"query-input\":\"required name=search_term_string\"}],\"inLanguage\":\"es\"},{\"@type\":\"ImageObject\",\"@id\":\"https:\/\/www.comercialanma.es\/?product=tequila-jose-cuervo-especial-gold-70cl#primaryimage\",\"inLanguage\":\"es\",\"url\":\"https:\/\/i1.wp.com\/www.comercialanma.es\/wp-content\/uploads\/2019\/07\/Jose-cuervo-especial-gold.jpg?fit=1080%2C1080&ssl=1\",\"width\":1080,\"height\":1080},{\"@type\":\"WebPage\",\"@id\":\"https:\/\/www.comercialanma.es\/?product=tequila-jose-cuervo-especial-gold-70cl#webpage\",\"url\":\"https:\/\/www.comercialanma.es\/?product=tequila-jose-cuervo-especial-gold-70cl\",\"name\":\"Tequila Jose Cuervo Especial Gold 70cl. - Comercial de Hosteleria Anma\",\"isPartOf\":{\"@id\":\"https:\/\/www.comercialanma.es\/#website\"},\"primaryImageOfPage\":{\"@id\":\"https:\/\/www.comercialanma.es\/?product=tequila-jose-cuervo-especial-gold-70cl#primaryimage\"},\"datePublished\":\"2019-07-31T08:37:40+00:00\",\"dateModified\":\"2023-01-18T10:00:22+00:00\",\"breadcrumb\":{\"@id\":\"https:\/\/www.comercialanma.es\/?product=tequila-jose-cuervo-especial-gold-70cl#breadcrumb\"},\"inLanguage\":\"es\",\"potentialAction\":[{\"@type\":\"ReadAction\",\"target\":[\"https:\/\/www.comercialanma.es\/?product=tequila-jose-cuervo-especial-gold-70cl\"]}]},{\"@type\":\"BreadcrumbList\",\"@id\":\"https:\/\/www.comercialanma.es\/?product=tequila-jose-cuervo-especial-gold-70cl#breadcrumb\",\"itemListElement\":[{\"@type\":\"ListItem\",\"position\":1,\"item\":{\"@type\":\"WebPage\",\"@id\":\"https:\/\/www.comercialanma.es\/\",\"url\":\"https:\/\/www.comercialanma.es\/\",\"name\":\"Portada\"}},{\"@type\":\"ListItem\",\"position\":2,\"item\":{\"@type\":\"WebPage\",\"@id\":\"https:\/\/www.comercialanma.es\/?page_id=3963\",\"url\":\"https:\/\/www.comercialanma.es\/?page_id=3963\",\"name\":\"Cat\\u00e1logo de Productos\"}},{\"@type\":\"ListItem\",\"position\":3,\"item\":{\"@type\":\"WebPage\",\"@id\":\"https:\/\/www.comercialanma.es\/?product=tequila-jose-cuervo-especial-gold-70cl\",\"url\":\"https:\/\/www.comercialanma.es\/?product=tequila-jose-cuervo-especial-gold-70cl\",\"name\":\"Tequila Jose Cuervo Especial Gold 70cl.\"}}]}]}<\/script>\n<!-- \/ Yoast SEO plugin. -->","_links":{"self":[{"href":"https:\/\/www.comercialanma.es\/index.php?rest_route=\/wp\/v2\/product\/8832"}],"collection":[{"href":"https:\/\/www.comercialanma.es\/index.php?rest_route=\/wp\/v2\/product"}],"about":[{"href":"https:\/\/www.comercialanma.es\/index.php?rest_route=\/wp\/v2\/types\/product"}],"version-history":[{"count":1,"href":"https:\/\/www.comercialanma.es\/index.php?rest_route=\/wp\/v2\/product\/8832\/revisions"}],"predecessor-version":[{"id":8834,"href":"https:\/\/www.comercialanma.es\/index.php?rest_route=\/wp\/v2\/product\/8832\/revisions\/8834"}],"wp:featuredmedia":[{"embeddable":true,"href":"https:\/\/www.comercialanma.es\/index.php?rest_route=\/wp\/v2\/media\/22039"}],"wp:attachment":[{"href":"https:\/\/www.comercialanma.es\/index.php?rest_route=%2Fwp%2Fv2%2Fmedia&parent=8832"}],"curies":[{"name":"wp","href":"https:\/\/api.w.org\/{rel}","templated":true}]}}