
{"id":8874,"date":"2019-07-31T16:09:49","date_gmt":"2019-07-31T14:09:49","guid":{"rendered":"http:\/\/www.comercialanma.es\/?post_type=product&#038;p=8874"},"modified":"2019-07-31T16:14:35","modified_gmt":"2019-07-31T14:14:35","slug":"tequila-jimador-reposado-70cl","status":"publish","type":"product","link":"https:\/\/www.comercialanma.es\/?product=tequila-jimador-reposado-70cl","title":{"rendered":"Tequila Jimador Reposado 70cl."},"content":{"rendered":"<h3>Nota de cata:<\/h3>\n<ul>\n<li>A la vista, su tono es amarillo muy p\u00e1lido, ligeramente dorado.<\/li>\n<li>A la nariz se percibe su aroma a agaves cocidos especiados, con toques de vainilla y almendra.<\/li>\n<li>Al paladar predomina su sabor a agave, pero dulce, por las notas de caramelo y vainilla, y ligeramente mentolado. Adem\u00e1s, puede apreciarse un ligero toque especiado. Tiene un final ahumado, en el que persiste el sabor a caramelo.<\/li>\n<li>Su graduaci\u00f3n es del 38% vol.<\/li>\n<\/ul>\n<p>&nbsp;<\/p>\n","protected":false},"excerpt":{"rendered":"<p>El Jimador Reposado es un tequila mexicano suave y dulce, con un sabor muy equilibrado. Su maduraci\u00f3n se lleva a cabo por un periodo de 2 meses en barriles de roble americano y su elaboraci\u00f3n es artesanal. El resultado es un tequila de un exquisito color dorado, con gran cuerpo y de car\u00e1cter maduro. Recibe su nombre de los recolectores de agave, conocidos en M\u00e9xico como \u201cJimadores\u201d. Su tarea no es sencilla, ya que deben tener mucho cuidado al efectuar la recolecci\u00f3n de la planta para no pincharse con las p\u00faas de esta planta.<\/p>\n","protected":false},"featured_media":8875,"template":"","meta":{"spay_email":""},"yoast_head":"<!-- This site is optimized with the Yoast SEO plugin v15.9 - https:\/\/yoast.com\/wordpress\/plugins\/seo\/ -->\n<title>Tequila Jimador Reposado 70cl. - Comercial de Hosteleria Anma<\/title>\n<meta name=\"robots\" content=\"index, follow, max-snippet:-1, max-image-preview:large, max-video-preview:-1\" \/>\n<link rel=\"canonical\" href=\"https:\/\/www.comercialanma.es\/?product=tequila-jimador-reposado-70cl\" \/>\n<meta property=\"og:locale\" content=\"es_ES\" \/>\n<meta property=\"og:type\" content=\"article\" \/>\n<meta property=\"og:title\" content=\"Tequila Jimador Reposado 70cl. - Comercial de Hosteleria Anma\" \/>\n<meta property=\"og:description\" content=\"El Jimador Reposado es un tequila mexicano suave y dulce, con un sabor muy equilibrado. Su maduraci\u00f3n se lleva a cabo por un periodo de 2 meses en barriles de roble americano y su elaboraci\u00f3n es artesanal. El resultado es un tequila de un exquisito color dorado, con gran cuerpo y de car\u00e1cter maduro. Recibe su nombre de los recolectores de agave, conocidos en M\u00e9xico como \u201cJimadores\u201d. Su tarea no es sencilla, ya que deben tener mucho cuidado al efectuar la recolecci\u00f3n de la planta para no pincharse con las p\u00faas de esta planta.\" \/>\n<meta property=\"og:url\" content=\"https:\/\/www.comercialanma.es\/?product=tequila-jimador-reposado-70cl\" \/>\n<meta property=\"og:site_name\" content=\"Comercial de Hosteleria Anma\" \/>\n<meta property=\"article:publisher\" content=\"https:\/\/www.facebook.com\/AnmaHosteleria\" \/>\n<meta property=\"article:modified_time\" content=\"2019-07-31T14:14:35+00:00\" \/>\n<meta property=\"og:image\" content=\"https:\/\/i0.wp.com\/www.comercialanma.es\/wp-content\/uploads\/2019\/07\/Jimador-Reposado.jpg?fit=1200%2C1200&#038;ssl=1\" \/>\n\t<meta property=\"og:image:width\" content=\"1200\" \/>\n\t<meta property=\"og:image:height\" content=\"1200\" \/>\n<meta name=\"twitter:card\" content=\"summary_large_image\" \/>\n<script type=\"application\/ld+json\" class=\"yoast-schema-graph\">{\"@context\":\"https:\/\/schema.org\",\"@graph\":[{\"@type\":\"Organization\",\"@id\":\"https:\/\/www.comercialanma.es\/#organization\",\"name\":\"Comercial Anma\",\"url\":\"https:\/\/www.comercialanma.es\/\",\"sameAs\":[\"https:\/\/www.facebook.com\/AnmaHosteleria\",\"https:\/\/www.instagram.com\/anmahosteleria\/?hl=es\",\"https:\/\/www.youtube.com\/channel\/UCT2nmn08Ntks0hmpZPnDgCA\"],\"logo\":{\"@type\":\"ImageObject\",\"@id\":\"https:\/\/www.comercialanma.es\/#logo\",\"inLanguage\":\"es\",\"url\":\"https:\/\/i2.wp.com\/www.comercialanma.es\/wp-content\/uploads\/2019\/06\/logo-anma-color.png?fit=247%2C101&ssl=1\",\"width\":247,\"height\":101,\"caption\":\"Comercial Anma\"},\"image\":{\"@id\":\"https:\/\/www.comercialanma.es\/#logo\"}},{\"@type\":\"WebSite\",\"@id\":\"https:\/\/www.comercialanma.es\/#website\",\"url\":\"https:\/\/www.comercialanma.es\/\",\"name\":\"Comercial de Hosteleria Anma\",\"description\":\"\",\"publisher\":{\"@id\":\"https:\/\/www.comercialanma.es\/#organization\"},\"potentialAction\":[{\"@type\":\"SearchAction\",\"target\":\"https:\/\/www.comercialanma.es\/?s={search_term_string}\",\"query-input\":\"required name=search_term_string\"}],\"inLanguage\":\"es\"},{\"@type\":\"ImageObject\",\"@id\":\"https:\/\/www.comercialanma.es\/?product=tequila-jimador-reposado-70cl#primaryimage\",\"inLanguage\":\"es\",\"url\":\"https:\/\/i0.wp.com\/www.comercialanma.es\/wp-content\/uploads\/2019\/07\/Jimador-Reposado.jpg?fit=1200%2C1200&ssl=1\",\"width\":1200,\"height\":1200},{\"@type\":\"WebPage\",\"@id\":\"https:\/\/www.comercialanma.es\/?product=tequila-jimador-reposado-70cl#webpage\",\"url\":\"https:\/\/www.comercialanma.es\/?product=tequila-jimador-reposado-70cl\",\"name\":\"Tequila Jimador Reposado 70cl. - Comercial de Hosteleria Anma\",\"isPartOf\":{\"@id\":\"https:\/\/www.comercialanma.es\/#website\"},\"primaryImageOfPage\":{\"@id\":\"https:\/\/www.comercialanma.es\/?product=tequila-jimador-reposado-70cl#primaryimage\"},\"datePublished\":\"2019-07-31T14:09:49+00:00\",\"dateModified\":\"2019-07-31T14:14:35+00:00\",\"breadcrumb\":{\"@id\":\"https:\/\/www.comercialanma.es\/?product=tequila-jimador-reposado-70cl#breadcrumb\"},\"inLanguage\":\"es\",\"potentialAction\":[{\"@type\":\"ReadAction\",\"target\":[\"https:\/\/www.comercialanma.es\/?product=tequila-jimador-reposado-70cl\"]}]},{\"@type\":\"BreadcrumbList\",\"@id\":\"https:\/\/www.comercialanma.es\/?product=tequila-jimador-reposado-70cl#breadcrumb\",\"itemListElement\":[{\"@type\":\"ListItem\",\"position\":1,\"item\":{\"@type\":\"WebPage\",\"@id\":\"https:\/\/www.comercialanma.es\/\",\"url\":\"https:\/\/www.comercialanma.es\/\",\"name\":\"Portada\"}},{\"@type\":\"ListItem\",\"position\":2,\"item\":{\"@type\":\"WebPage\",\"@id\":\"https:\/\/www.comercialanma.es\/?page_id=3963\",\"url\":\"https:\/\/www.comercialanma.es\/?page_id=3963\",\"name\":\"Cat\\u00e1logo de Productos\"}},{\"@type\":\"ListItem\",\"position\":3,\"item\":{\"@type\":\"WebPage\",\"@id\":\"https:\/\/www.comercialanma.es\/?product=tequila-jimador-reposado-70cl\",\"url\":\"https:\/\/www.comercialanma.es\/?product=tequila-jimador-reposado-70cl\",\"name\":\"Tequila Jimador Reposado 70cl.\"}}]}]}<\/script>\n<!-- \/ Yoast SEO plugin. -->","_links":{"self":[{"href":"https:\/\/www.comercialanma.es\/index.php?rest_route=\/wp\/v2\/product\/8874"}],"collection":[{"href":"https:\/\/www.comercialanma.es\/index.php?rest_route=\/wp\/v2\/product"}],"about":[{"href":"https:\/\/www.comercialanma.es\/index.php?rest_route=\/wp\/v2\/types\/product"}],"version-history":[{"count":1,"href":"https:\/\/www.comercialanma.es\/index.php?rest_route=\/wp\/v2\/product\/8874\/revisions"}],"predecessor-version":[{"id":8876,"href":"https:\/\/www.comercialanma.es\/index.php?rest_route=\/wp\/v2\/product\/8874\/revisions\/8876"}],"wp:featuredmedia":[{"embeddable":true,"href":"https:\/\/www.comercialanma.es\/index.php?rest_route=\/wp\/v2\/media\/8875"}],"wp:attachment":[{"href":"https:\/\/www.comercialanma.es\/index.php?rest_route=%2Fwp%2Fv2%2Fmedia&parent=8874"}],"curies":[{"name":"wp","href":"https:\/\/api.w.org\/{rel}","templated":true}]}}