
{"id":8909,"date":"2019-07-31T17:57:35","date_gmt":"2019-07-31T15:57:35","guid":{"rendered":"http:\/\/www.comercialanma.es\/?post_type=product&#038;p=8909"},"modified":"2019-07-31T18:02:15","modified_gmt":"2019-07-31T16:02:15","slug":"vodka-black-von-haupold-70cl","status":"publish","type":"product","link":"https:\/\/www.comercialanma.es\/?product=vodka-black-von-haupold-70cl","title":{"rendered":"Vodka Black Von Haupold  70cl."},"content":{"rendered":"","protected":false},"excerpt":{"rendered":"<p>El grupo espa\u00f1ol Rives apuesta de nuevo por el sector de los destilados con el lanzamiento de un nuevo vodka premium, Black Vodka Von Haupold, un juego frutal elaborado a partir de moras y frambuesas silvestres con una graduaci\u00f3n alcoh\u00f3lica para nada t\u00edpica. Concretamente este vodka negro posee una graduaci\u00f3n alcoh\u00f3lica del 20 %. Black Vodka Von Haupold se elabora mediante una triple destilaci\u00f3n artesanal en la destiler\u00eda que el grupo tiene en el Puerto de Santa Mar\u00eda, en C\u00e1diz, en la que cuenta con la torre de rectificaci\u00f3n m\u00e1s alta del continente europeo. Es gracias a la triple destilaci\u00f3n, a sus ingredientes y a su baja graduaci\u00f3n alcoh\u00f3lica que este nuevo vodka del grupo andaluz resulta tan agradable al paladar resultando perfecto para tomar solo, sin el golpe de un tradicional vodka, o en c\u00f3cteles.<\/p>\n","protected":false},"featured_media":8910,"template":"","meta":{"spay_email":""},"yoast_head":"<!-- This site is optimized with the Yoast SEO plugin v15.9 - https:\/\/yoast.com\/wordpress\/plugins\/seo\/ -->\n<title>Vodka Black Von Haupold 70cl. - Comercial de Hosteleria Anma<\/title>\n<meta name=\"robots\" content=\"index, follow, max-snippet:-1, max-image-preview:large, max-video-preview:-1\" \/>\n<link rel=\"canonical\" href=\"https:\/\/www.comercialanma.es\/?product=vodka-black-von-haupold-70cl\" \/>\n<meta property=\"og:locale\" content=\"es_ES\" \/>\n<meta property=\"og:type\" content=\"article\" \/>\n<meta property=\"og:title\" content=\"Vodka Black Von Haupold 70cl. - Comercial de Hosteleria Anma\" \/>\n<meta property=\"og:description\" content=\"El grupo espa\u00f1ol Rives apuesta de nuevo por el sector de los destilados con el lanzamiento de un nuevo vodka premium, Black Vodka Von Haupold, un juego frutal elaborado a partir de moras y frambuesas silvestres con una graduaci\u00f3n alcoh\u00f3lica para nada t\u00edpica. Concretamente este vodka negro posee una graduaci\u00f3n alcoh\u00f3lica del 20 %. Black Vodka Von Haupold se elabora mediante una triple destilaci\u00f3n artesanal en la destiler\u00eda que el grupo tiene en el Puerto de Santa Mar\u00eda, en C\u00e1diz, en la que cuenta con la torre de rectificaci\u00f3n m\u00e1s alta del continente europeo. Es gracias a la triple destilaci\u00f3n, a sus ingredientes y a su baja graduaci\u00f3n alcoh\u00f3lica que este nuevo vodka del grupo andaluz resulta tan agradable al paladar resultando perfecto para tomar solo, sin el golpe de un tradicional vodka, o en c\u00f3cteles.\" \/>\n<meta property=\"og:url\" content=\"https:\/\/www.comercialanma.es\/?product=vodka-black-von-haupold-70cl\" \/>\n<meta property=\"og:site_name\" content=\"Comercial de Hosteleria Anma\" \/>\n<meta property=\"article:publisher\" content=\"https:\/\/www.facebook.com\/AnmaHosteleria\" \/>\n<meta property=\"article:modified_time\" content=\"2019-07-31T16:02:15+00:00\" \/>\n<meta property=\"og:image\" content=\"https:\/\/i1.wp.com\/www.comercialanma.es\/wp-content\/uploads\/2019\/07\/Black-Von-Haupold.jpg?fit=1200%2C1200&#038;ssl=1\" \/>\n\t<meta property=\"og:image:width\" content=\"1200\" \/>\n\t<meta property=\"og:image:height\" content=\"1200\" \/>\n<meta name=\"twitter:card\" content=\"summary_large_image\" \/>\n<script type=\"application\/ld+json\" class=\"yoast-schema-graph\">{\"@context\":\"https:\/\/schema.org\",\"@graph\":[{\"@type\":\"Organization\",\"@id\":\"https:\/\/www.comercialanma.es\/#organization\",\"name\":\"Comercial Anma\",\"url\":\"https:\/\/www.comercialanma.es\/\",\"sameAs\":[\"https:\/\/www.facebook.com\/AnmaHosteleria\",\"https:\/\/www.instagram.com\/anmahosteleria\/?hl=es\",\"https:\/\/www.youtube.com\/channel\/UCT2nmn08Ntks0hmpZPnDgCA\"],\"logo\":{\"@type\":\"ImageObject\",\"@id\":\"https:\/\/www.comercialanma.es\/#logo\",\"inLanguage\":\"es\",\"url\":\"https:\/\/i2.wp.com\/www.comercialanma.es\/wp-content\/uploads\/2019\/06\/logo-anma-color.png?fit=247%2C101&ssl=1\",\"width\":247,\"height\":101,\"caption\":\"Comercial Anma\"},\"image\":{\"@id\":\"https:\/\/www.comercialanma.es\/#logo\"}},{\"@type\":\"WebSite\",\"@id\":\"https:\/\/www.comercialanma.es\/#website\",\"url\":\"https:\/\/www.comercialanma.es\/\",\"name\":\"Comercial de Hosteleria Anma\",\"description\":\"\",\"publisher\":{\"@id\":\"https:\/\/www.comercialanma.es\/#organization\"},\"potentialAction\":[{\"@type\":\"SearchAction\",\"target\":\"https:\/\/www.comercialanma.es\/?s={search_term_string}\",\"query-input\":\"required name=search_term_string\"}],\"inLanguage\":\"es\"},{\"@type\":\"ImageObject\",\"@id\":\"https:\/\/www.comercialanma.es\/?product=vodka-black-von-haupold-70cl#primaryimage\",\"inLanguage\":\"es\",\"url\":\"https:\/\/i1.wp.com\/www.comercialanma.es\/wp-content\/uploads\/2019\/07\/Black-Von-Haupold.jpg?fit=1200%2C1200&ssl=1\",\"width\":1200,\"height\":1200},{\"@type\":\"WebPage\",\"@id\":\"https:\/\/www.comercialanma.es\/?product=vodka-black-von-haupold-70cl#webpage\",\"url\":\"https:\/\/www.comercialanma.es\/?product=vodka-black-von-haupold-70cl\",\"name\":\"Vodka Black Von Haupold 70cl. - Comercial de Hosteleria Anma\",\"isPartOf\":{\"@id\":\"https:\/\/www.comercialanma.es\/#website\"},\"primaryImageOfPage\":{\"@id\":\"https:\/\/www.comercialanma.es\/?product=vodka-black-von-haupold-70cl#primaryimage\"},\"datePublished\":\"2019-07-31T15:57:35+00:00\",\"dateModified\":\"2019-07-31T16:02:15+00:00\",\"breadcrumb\":{\"@id\":\"https:\/\/www.comercialanma.es\/?product=vodka-black-von-haupold-70cl#breadcrumb\"},\"inLanguage\":\"es\",\"potentialAction\":[{\"@type\":\"ReadAction\",\"target\":[\"https:\/\/www.comercialanma.es\/?product=vodka-black-von-haupold-70cl\"]}]},{\"@type\":\"BreadcrumbList\",\"@id\":\"https:\/\/www.comercialanma.es\/?product=vodka-black-von-haupold-70cl#breadcrumb\",\"itemListElement\":[{\"@type\":\"ListItem\",\"position\":1,\"item\":{\"@type\":\"WebPage\",\"@id\":\"https:\/\/www.comercialanma.es\/\",\"url\":\"https:\/\/www.comercialanma.es\/\",\"name\":\"Portada\"}},{\"@type\":\"ListItem\",\"position\":2,\"item\":{\"@type\":\"WebPage\",\"@id\":\"https:\/\/www.comercialanma.es\/?page_id=3963\",\"url\":\"https:\/\/www.comercialanma.es\/?page_id=3963\",\"name\":\"Cat\\u00e1logo de Productos\"}},{\"@type\":\"ListItem\",\"position\":3,\"item\":{\"@type\":\"WebPage\",\"@id\":\"https:\/\/www.comercialanma.es\/?product=vodka-black-von-haupold-70cl\",\"url\":\"https:\/\/www.comercialanma.es\/?product=vodka-black-von-haupold-70cl\",\"name\":\"Vodka Black Von Haupold 70cl.\"}}]}]}<\/script>\n<!-- \/ Yoast SEO plugin. -->","_links":{"self":[{"href":"https:\/\/www.comercialanma.es\/index.php?rest_route=\/wp\/v2\/product\/8909"}],"collection":[{"href":"https:\/\/www.comercialanma.es\/index.php?rest_route=\/wp\/v2\/product"}],"about":[{"href":"https:\/\/www.comercialanma.es\/index.php?rest_route=\/wp\/v2\/types\/product"}],"version-history":[{"count":1,"href":"https:\/\/www.comercialanma.es\/index.php?rest_route=\/wp\/v2\/product\/8909\/revisions"}],"predecessor-version":[{"id":8911,"href":"https:\/\/www.comercialanma.es\/index.php?rest_route=\/wp\/v2\/product\/8909\/revisions\/8911"}],"wp:featuredmedia":[{"embeddable":true,"href":"https:\/\/www.comercialanma.es\/index.php?rest_route=\/wp\/v2\/media\/8910"}],"wp:attachment":[{"href":"https:\/\/www.comercialanma.es\/index.php?rest_route=%2Fwp%2Fv2%2Fmedia&parent=8909"}],"curies":[{"name":"wp","href":"https:\/\/api.w.org\/{rel}","templated":true}]}}