
{"id":8918,"date":"2019-08-01T09:02:37","date_gmt":"2019-08-01T07:02:37","guid":{"rendered":"http:\/\/www.comercialanma.es\/?post_type=product&#038;p=8918"},"modified":"2019-08-01T09:06:49","modified_gmt":"2019-08-01T07:06:49","slug":"vodka-stolichnaya-rusa-70cl","status":"publish","type":"product","link":"https:\/\/www.comercialanma.es\/?product=vodka-stolichnaya-rusa-70cl","title":{"rendered":"Vodka Stolichnaya Rusa 70cl."},"content":{"rendered":"","protected":false},"excerpt":{"rendered":"<p>Stolichnaya\u00a0Vodka\u00a0es un vodka de origen ruso, elaborado en la destiler\u00eda\u00a0Latvijas Balzams, en Riga, Letonia.<br \/>\nStolichnaya Vodka tiene sus or\u00edgenes en las tierras negras de la regi\u00f3n rusa de Tambov, al sur de Mosc\u00fa. Esta regi\u00f3n es conocida como la \u201ccanasta de pan\u201d del pa\u00eds, ya que es aqu\u00ed donde crece el mejor de los trigos que ser\u00e1n la clave del suave y genuino sabor a grano de este vodka.<br \/>\nStolichnaya Vodka obtenido por cu\u00e1druple destilaci\u00f3n del alcohol procedente de trigo y centeno. Filtrado por arena de cuarzo, carb\u00f3n de le\u00f1a activado y tejido de pa\u00f1o, al que se le ha a\u00f1adido agua de Artesial de Samara, y que se caracteriza por su final picante en boca.<\/p>\n<p>Graduaci\u00f3n: 40% vol.<\/p>\n","protected":false},"featured_media":8919,"template":"","meta":{"spay_email":""},"yoast_head":"<!-- This site is optimized with the Yoast SEO plugin v15.9 - https:\/\/yoast.com\/wordpress\/plugins\/seo\/ -->\n<title>Vodka Stolichnaya Rusa 70cl. - Comercial de Hosteleria Anma<\/title>\n<meta name=\"robots\" content=\"index, follow, max-snippet:-1, max-image-preview:large, max-video-preview:-1\" \/>\n<link rel=\"canonical\" href=\"https:\/\/www.comercialanma.es\/?product=vodka-stolichnaya-rusa-70cl\" \/>\n<meta property=\"og:locale\" content=\"es_ES\" \/>\n<meta property=\"og:type\" content=\"article\" \/>\n<meta property=\"og:title\" content=\"Vodka Stolichnaya Rusa 70cl. - Comercial de Hosteleria Anma\" \/>\n<meta property=\"og:description\" content=\"Stolichnaya\u00a0Vodka\u00a0es un vodka de origen ruso, elaborado en la destiler\u00eda\u00a0Latvijas Balzams, en Riga, Letonia. Stolichnaya Vodka tiene sus or\u00edgenes en las tierras negras de la regi\u00f3n rusa de Tambov, al sur de Mosc\u00fa. Esta regi\u00f3n es conocida como la \u201ccanasta de pan\u201d del pa\u00eds, ya que es aqu\u00ed donde crece el mejor de los trigos que ser\u00e1n la clave del suave y genuino sabor a grano de este vodka. Stolichnaya Vodka obtenido por cu\u00e1druple destilaci\u00f3n del alcohol procedente de trigo y centeno. Filtrado por arena de cuarzo, carb\u00f3n de le\u00f1a activado y tejido de pa\u00f1o, al que se le ha a\u00f1adido agua de Artesial de Samara, y que se caracteriza por su final picante en boca.  Graduaci\u00f3n: 40% vol.\" \/>\n<meta property=\"og:url\" content=\"https:\/\/www.comercialanma.es\/?product=vodka-stolichnaya-rusa-70cl\" \/>\n<meta property=\"og:site_name\" content=\"Comercial de Hosteleria Anma\" \/>\n<meta property=\"article:publisher\" content=\"https:\/\/www.facebook.com\/AnmaHosteleria\" \/>\n<meta property=\"article:modified_time\" content=\"2019-08-01T07:06:49+00:00\" \/>\n<meta property=\"og:image\" content=\"https:\/\/i0.wp.com\/www.comercialanma.es\/wp-content\/uploads\/2019\/08\/Stolichnaya-Rusa.jpg?fit=1200%2C1200&#038;ssl=1\" \/>\n\t<meta property=\"og:image:width\" content=\"1200\" \/>\n\t<meta property=\"og:image:height\" content=\"1200\" \/>\n<meta name=\"twitter:card\" content=\"summary_large_image\" \/>\n<script type=\"application\/ld+json\" class=\"yoast-schema-graph\">{\"@context\":\"https:\/\/schema.org\",\"@graph\":[{\"@type\":\"Organization\",\"@id\":\"https:\/\/www.comercialanma.es\/#organization\",\"name\":\"Comercial Anma\",\"url\":\"https:\/\/www.comercialanma.es\/\",\"sameAs\":[\"https:\/\/www.facebook.com\/AnmaHosteleria\",\"https:\/\/www.instagram.com\/anmahosteleria\/?hl=es\",\"https:\/\/www.youtube.com\/channel\/UCT2nmn08Ntks0hmpZPnDgCA\"],\"logo\":{\"@type\":\"ImageObject\",\"@id\":\"https:\/\/www.comercialanma.es\/#logo\",\"inLanguage\":\"es\",\"url\":\"https:\/\/i2.wp.com\/www.comercialanma.es\/wp-content\/uploads\/2019\/06\/logo-anma-color.png?fit=247%2C101&ssl=1\",\"width\":247,\"height\":101,\"caption\":\"Comercial Anma\"},\"image\":{\"@id\":\"https:\/\/www.comercialanma.es\/#logo\"}},{\"@type\":\"WebSite\",\"@id\":\"https:\/\/www.comercialanma.es\/#website\",\"url\":\"https:\/\/www.comercialanma.es\/\",\"name\":\"Comercial de Hosteleria Anma\",\"description\":\"\",\"publisher\":{\"@id\":\"https:\/\/www.comercialanma.es\/#organization\"},\"potentialAction\":[{\"@type\":\"SearchAction\",\"target\":\"https:\/\/www.comercialanma.es\/?s={search_term_string}\",\"query-input\":\"required name=search_term_string\"}],\"inLanguage\":\"es\"},{\"@type\":\"ImageObject\",\"@id\":\"https:\/\/www.comercialanma.es\/?product=vodka-stolichnaya-rusa-70cl#primaryimage\",\"inLanguage\":\"es\",\"url\":\"https:\/\/i0.wp.com\/www.comercialanma.es\/wp-content\/uploads\/2019\/08\/Stolichnaya-Rusa.jpg?fit=1200%2C1200&ssl=1\",\"width\":1200,\"height\":1200},{\"@type\":\"WebPage\",\"@id\":\"https:\/\/www.comercialanma.es\/?product=vodka-stolichnaya-rusa-70cl#webpage\",\"url\":\"https:\/\/www.comercialanma.es\/?product=vodka-stolichnaya-rusa-70cl\",\"name\":\"Vodka Stolichnaya Rusa 70cl. - Comercial de Hosteleria Anma\",\"isPartOf\":{\"@id\":\"https:\/\/www.comercialanma.es\/#website\"},\"primaryImageOfPage\":{\"@id\":\"https:\/\/www.comercialanma.es\/?product=vodka-stolichnaya-rusa-70cl#primaryimage\"},\"datePublished\":\"2019-08-01T07:02:37+00:00\",\"dateModified\":\"2019-08-01T07:06:49+00:00\",\"breadcrumb\":{\"@id\":\"https:\/\/www.comercialanma.es\/?product=vodka-stolichnaya-rusa-70cl#breadcrumb\"},\"inLanguage\":\"es\",\"potentialAction\":[{\"@type\":\"ReadAction\",\"target\":[\"https:\/\/www.comercialanma.es\/?product=vodka-stolichnaya-rusa-70cl\"]}]},{\"@type\":\"BreadcrumbList\",\"@id\":\"https:\/\/www.comercialanma.es\/?product=vodka-stolichnaya-rusa-70cl#breadcrumb\",\"itemListElement\":[{\"@type\":\"ListItem\",\"position\":1,\"item\":{\"@type\":\"WebPage\",\"@id\":\"https:\/\/www.comercialanma.es\/\",\"url\":\"https:\/\/www.comercialanma.es\/\",\"name\":\"Portada\"}},{\"@type\":\"ListItem\",\"position\":2,\"item\":{\"@type\":\"WebPage\",\"@id\":\"https:\/\/www.comercialanma.es\/?page_id=3963\",\"url\":\"https:\/\/www.comercialanma.es\/?page_id=3963\",\"name\":\"Cat\\u00e1logo de Productos\"}},{\"@type\":\"ListItem\",\"position\":3,\"item\":{\"@type\":\"WebPage\",\"@id\":\"https:\/\/www.comercialanma.es\/?product=vodka-stolichnaya-rusa-70cl\",\"url\":\"https:\/\/www.comercialanma.es\/?product=vodka-stolichnaya-rusa-70cl\",\"name\":\"Vodka Stolichnaya Rusa 70cl.\"}}]}]}<\/script>\n<!-- \/ Yoast SEO plugin. -->","_links":{"self":[{"href":"https:\/\/www.comercialanma.es\/index.php?rest_route=\/wp\/v2\/product\/8918"}],"collection":[{"href":"https:\/\/www.comercialanma.es\/index.php?rest_route=\/wp\/v2\/product"}],"about":[{"href":"https:\/\/www.comercialanma.es\/index.php?rest_route=\/wp\/v2\/types\/product"}],"version-history":[{"count":1,"href":"https:\/\/www.comercialanma.es\/index.php?rest_route=\/wp\/v2\/product\/8918\/revisions"}],"predecessor-version":[{"id":8920,"href":"https:\/\/www.comercialanma.es\/index.php?rest_route=\/wp\/v2\/product\/8918\/revisions\/8920"}],"wp:featuredmedia":[{"embeddable":true,"href":"https:\/\/www.comercialanma.es\/index.php?rest_route=\/wp\/v2\/media\/8919"}],"wp:attachment":[{"href":"https:\/\/www.comercialanma.es\/index.php?rest_route=%2Fwp%2Fv2%2Fmedia&parent=8918"}],"curies":[{"name":"wp","href":"https:\/\/api.w.org\/{rel}","templated":true}]}}