
{"id":8948,"date":"2019-08-01T10:02:20","date_gmt":"2019-08-01T08:02:20","guid":{"rendered":"http:\/\/www.comercialanma.es\/?post_type=product&#038;p=8948"},"modified":"2019-08-01T10:07:25","modified_gmt":"2019-08-01T08:07:25","slug":"vodka-ciroc-premium-3l","status":"publish","type":"product","link":"https:\/\/www.comercialanma.es\/?product=vodka-ciroc-premium-3l","title":{"rendered":"Vodka Ciroc Premium 3L"},"content":{"rendered":"","protected":false},"excerpt":{"rendered":"<p>El vodka C\u00eeroc es un delicioso vodka destilado de uvas francesas ugni blanc y mauzac blanc, cultivadas en la zona de Gaillac. El proceso de elaboraci\u00f3n de C\u00eeroc es parte de lo que le hace \u00fanico. Lo primero es la maceraci\u00f3n de las uvas, que se realiza en fr\u00edo y su vino se fermenta a bajas temperaturas de forma m\u00e1s lenta (8\u00ba). Tras esta maceraci\u00f3n, C\u00eeroc se destila 5 veces, lo que da lugar a un vodka delicioso y suave.<\/p>\n<p>Graduaci\u00f3n: 40% vol.<\/p>\n","protected":false},"featured_media":8949,"template":"","meta":{"spay_email":""},"yoast_head":"<!-- This site is optimized with the Yoast SEO plugin v15.9 - https:\/\/yoast.com\/wordpress\/plugins\/seo\/ -->\n<title>Vodka Ciroc Premium 3L - Comercial de Hosteleria Anma<\/title>\n<meta name=\"robots\" content=\"index, follow, max-snippet:-1, max-image-preview:large, max-video-preview:-1\" \/>\n<link rel=\"canonical\" href=\"https:\/\/www.comercialanma.es\/?product=vodka-ciroc-premium-3l\" \/>\n<meta property=\"og:locale\" content=\"es_ES\" \/>\n<meta property=\"og:type\" content=\"article\" \/>\n<meta property=\"og:title\" content=\"Vodka Ciroc Premium 3L - Comercial de Hosteleria Anma\" \/>\n<meta property=\"og:description\" content=\"El vodka C\u00eeroc es un delicioso vodka destilado de uvas francesas ugni blanc y mauzac blanc, cultivadas en la zona de Gaillac. El proceso de elaboraci\u00f3n de C\u00eeroc es parte de lo que le hace \u00fanico. Lo primero es la maceraci\u00f3n de las uvas, que se realiza en fr\u00edo y su vino se fermenta a bajas temperaturas de forma m\u00e1s lenta (8\u00ba). Tras esta maceraci\u00f3n, C\u00eeroc se destila 5 veces, lo que da lugar a un vodka delicioso y suave.  Graduaci\u00f3n: 40% vol.\" \/>\n<meta property=\"og:url\" content=\"https:\/\/www.comercialanma.es\/?product=vodka-ciroc-premium-3l\" \/>\n<meta property=\"og:site_name\" content=\"Comercial de Hosteleria Anma\" \/>\n<meta property=\"article:publisher\" content=\"https:\/\/www.facebook.com\/AnmaHosteleria\" \/>\n<meta property=\"article:modified_time\" content=\"2019-08-01T08:07:25+00:00\" \/>\n<meta property=\"og:image\" content=\"https:\/\/i1.wp.com\/www.comercialanma.es\/wp-content\/uploads\/2019\/08\/Ciroc.jpg?fit=1200%2C1200&#038;ssl=1\" \/>\n\t<meta property=\"og:image:width\" content=\"1200\" \/>\n\t<meta property=\"og:image:height\" content=\"1200\" \/>\n<meta name=\"twitter:card\" content=\"summary_large_image\" \/>\n<script type=\"application\/ld+json\" class=\"yoast-schema-graph\">{\"@context\":\"https:\/\/schema.org\",\"@graph\":[{\"@type\":\"Organization\",\"@id\":\"https:\/\/www.comercialanma.es\/#organization\",\"name\":\"Comercial Anma\",\"url\":\"https:\/\/www.comercialanma.es\/\",\"sameAs\":[\"https:\/\/www.facebook.com\/AnmaHosteleria\",\"https:\/\/www.instagram.com\/anmahosteleria\/?hl=es\",\"https:\/\/www.youtube.com\/channel\/UCT2nmn08Ntks0hmpZPnDgCA\"],\"logo\":{\"@type\":\"ImageObject\",\"@id\":\"https:\/\/www.comercialanma.es\/#logo\",\"inLanguage\":\"es\",\"url\":\"https:\/\/i2.wp.com\/www.comercialanma.es\/wp-content\/uploads\/2019\/06\/logo-anma-color.png?fit=247%2C101&ssl=1\",\"width\":247,\"height\":101,\"caption\":\"Comercial Anma\"},\"image\":{\"@id\":\"https:\/\/www.comercialanma.es\/#logo\"}},{\"@type\":\"WebSite\",\"@id\":\"https:\/\/www.comercialanma.es\/#website\",\"url\":\"https:\/\/www.comercialanma.es\/\",\"name\":\"Comercial de Hosteleria Anma\",\"description\":\"\",\"publisher\":{\"@id\":\"https:\/\/www.comercialanma.es\/#organization\"},\"potentialAction\":[{\"@type\":\"SearchAction\",\"target\":\"https:\/\/www.comercialanma.es\/?s={search_term_string}\",\"query-input\":\"required name=search_term_string\"}],\"inLanguage\":\"es\"},{\"@type\":\"ImageObject\",\"@id\":\"https:\/\/www.comercialanma.es\/?product=vodka-ciroc-premium-3l#primaryimage\",\"inLanguage\":\"es\",\"url\":\"https:\/\/i1.wp.com\/www.comercialanma.es\/wp-content\/uploads\/2019\/08\/Ciroc.jpg?fit=1200%2C1200&ssl=1\",\"width\":1200,\"height\":1200},{\"@type\":\"WebPage\",\"@id\":\"https:\/\/www.comercialanma.es\/?product=vodka-ciroc-premium-3l#webpage\",\"url\":\"https:\/\/www.comercialanma.es\/?product=vodka-ciroc-premium-3l\",\"name\":\"Vodka Ciroc Premium 3L - Comercial de Hosteleria Anma\",\"isPartOf\":{\"@id\":\"https:\/\/www.comercialanma.es\/#website\"},\"primaryImageOfPage\":{\"@id\":\"https:\/\/www.comercialanma.es\/?product=vodka-ciroc-premium-3l#primaryimage\"},\"datePublished\":\"2019-08-01T08:02:20+00:00\",\"dateModified\":\"2019-08-01T08:07:25+00:00\",\"breadcrumb\":{\"@id\":\"https:\/\/www.comercialanma.es\/?product=vodka-ciroc-premium-3l#breadcrumb\"},\"inLanguage\":\"es\",\"potentialAction\":[{\"@type\":\"ReadAction\",\"target\":[\"https:\/\/www.comercialanma.es\/?product=vodka-ciroc-premium-3l\"]}]},{\"@type\":\"BreadcrumbList\",\"@id\":\"https:\/\/www.comercialanma.es\/?product=vodka-ciroc-premium-3l#breadcrumb\",\"itemListElement\":[{\"@type\":\"ListItem\",\"position\":1,\"item\":{\"@type\":\"WebPage\",\"@id\":\"https:\/\/www.comercialanma.es\/\",\"url\":\"https:\/\/www.comercialanma.es\/\",\"name\":\"Portada\"}},{\"@type\":\"ListItem\",\"position\":2,\"item\":{\"@type\":\"WebPage\",\"@id\":\"https:\/\/www.comercialanma.es\/?page_id=3963\",\"url\":\"https:\/\/www.comercialanma.es\/?page_id=3963\",\"name\":\"Cat\\u00e1logo de Productos\"}},{\"@type\":\"ListItem\",\"position\":3,\"item\":{\"@type\":\"WebPage\",\"@id\":\"https:\/\/www.comercialanma.es\/?product=vodka-ciroc-premium-3l\",\"url\":\"https:\/\/www.comercialanma.es\/?product=vodka-ciroc-premium-3l\",\"name\":\"Vodka Ciroc Premium 3L\"}}]}]}<\/script>\n<!-- \/ Yoast SEO plugin. -->","_links":{"self":[{"href":"https:\/\/www.comercialanma.es\/index.php?rest_route=\/wp\/v2\/product\/8948"}],"collection":[{"href":"https:\/\/www.comercialanma.es\/index.php?rest_route=\/wp\/v2\/product"}],"about":[{"href":"https:\/\/www.comercialanma.es\/index.php?rest_route=\/wp\/v2\/types\/product"}],"version-history":[{"count":1,"href":"https:\/\/www.comercialanma.es\/index.php?rest_route=\/wp\/v2\/product\/8948\/revisions"}],"predecessor-version":[{"id":8950,"href":"https:\/\/www.comercialanma.es\/index.php?rest_route=\/wp\/v2\/product\/8948\/revisions\/8950"}],"wp:featuredmedia":[{"embeddable":true,"href":"https:\/\/www.comercialanma.es\/index.php?rest_route=\/wp\/v2\/media\/8949"}],"wp:attachment":[{"href":"https:\/\/www.comercialanma.es\/index.php?rest_route=%2Fwp%2Fv2%2Fmedia&parent=8948"}],"curies":[{"name":"wp","href":"https:\/\/api.w.org\/{rel}","templated":true}]}}