
{"id":8981,"date":"2019-08-01T11:17:55","date_gmt":"2019-08-01T09:17:55","guid":{"rendered":"http:\/\/www.comercialanma.es\/?post_type=product&#038;p=8981"},"modified":"2019-08-01T11:23:05","modified_gmt":"2019-08-01T09:23:05","slug":"vodka-karkssons-gold-70cl","status":"publish","type":"product","link":"https:\/\/www.comercialanma.es\/?product=vodka-karkssons-gold-70cl","title":{"rendered":"Vodka Karksson\u00b4s Gold 70cl."},"content":{"rendered":"","protected":false},"excerpt":{"rendered":"<div id=\"secciones\">\n<div id=\"seccion1\" class=\"seccion\" title=\"Descripci\u00f3n\">\n<p>Del creador del original Absolut Vodka,\u00a0B\u00f6rje Karlsson, nace el vodka\u00a0Karlssons Gold: una\u00a0mezcla de\u00a0siete\u00a0 variedades distintas de\u00a0patatas v\u00edrgenes del sur de Suecia.<br \/>\nKarlssons Gold Vodka est\u00e1 cuidadosamente destilado s\u00f3lo una vez para preservar la mayor cantidad posible de sabor propio. El producto se ha perfeccionado mediante las mejores t\u00e9cnicas de mezcla del maestreo destilador B\u00f6rje Karlsson, dando como resultado un vodka de primera calidad con una suavidad y sabor excepcionales.<\/p>\n<\/div>\n<\/div>\n<p>Graduaci\u00f3n alcoh\u00f3lica: 40 % Vol.<\/p>\n","protected":false},"featured_media":8982,"template":"","meta":{"spay_email":""},"yoast_head":"<!-- This site is optimized with the Yoast SEO plugin v15.9 - https:\/\/yoast.com\/wordpress\/plugins\/seo\/ -->\n<title>Vodka Karksson\u00b4s Gold 70cl. - Comercial de Hosteleria Anma<\/title>\n<meta name=\"robots\" content=\"index, follow, max-snippet:-1, max-image-preview:large, max-video-preview:-1\" \/>\n<link rel=\"canonical\" href=\"https:\/\/www.comercialanma.es\/?product=vodka-karkssons-gold-70cl\" \/>\n<meta property=\"og:locale\" content=\"es_ES\" \/>\n<meta property=\"og:type\" content=\"article\" \/>\n<meta property=\"og:title\" content=\"Vodka Karksson\u00b4s Gold 70cl. - Comercial de Hosteleria Anma\" \/>\n<meta property=\"og:description\" content=\"Del creador del original Absolut Vodka,\u00a0B\u00f6rje Karlsson, nace el vodka\u00a0Karlssons Gold: una\u00a0mezcla de\u00a0siete\u00a0 variedades distintas de\u00a0patatas v\u00edrgenes del sur de Suecia. Karlssons Gold Vodka est\u00e1 cuidadosamente destilado s\u00f3lo una vez para preservar la mayor cantidad posible de sabor propio. El producto se ha perfeccionado mediante las mejores t\u00e9cnicas de mezcla del maestreo destilador B\u00f6rje Karlsson, dando como resultado un vodka de primera calidad con una suavidad y sabor excepcionales.    Graduaci\u00f3n alcoh\u00f3lica: 40 % Vol.\" \/>\n<meta property=\"og:url\" content=\"https:\/\/www.comercialanma.es\/?product=vodka-karkssons-gold-70cl\" \/>\n<meta property=\"og:site_name\" content=\"Comercial de Hosteleria Anma\" \/>\n<meta property=\"article:publisher\" content=\"https:\/\/www.facebook.com\/AnmaHosteleria\" \/>\n<meta property=\"article:modified_time\" content=\"2019-08-01T09:23:05+00:00\" \/>\n<meta property=\"og:image\" content=\"https:\/\/i0.wp.com\/www.comercialanma.es\/wp-content\/uploads\/2019\/08\/Karlssons-Gold.jpg?fit=1200%2C1200&#038;ssl=1\" \/>\n\t<meta property=\"og:image:width\" content=\"1200\" \/>\n\t<meta property=\"og:image:height\" content=\"1200\" \/>\n<meta name=\"twitter:card\" content=\"summary_large_image\" \/>\n<script type=\"application\/ld+json\" class=\"yoast-schema-graph\">{\"@context\":\"https:\/\/schema.org\",\"@graph\":[{\"@type\":\"Organization\",\"@id\":\"https:\/\/www.comercialanma.es\/#organization\",\"name\":\"Comercial Anma\",\"url\":\"https:\/\/www.comercialanma.es\/\",\"sameAs\":[\"https:\/\/www.facebook.com\/AnmaHosteleria\",\"https:\/\/www.instagram.com\/anmahosteleria\/?hl=es\",\"https:\/\/www.youtube.com\/channel\/UCT2nmn08Ntks0hmpZPnDgCA\"],\"logo\":{\"@type\":\"ImageObject\",\"@id\":\"https:\/\/www.comercialanma.es\/#logo\",\"inLanguage\":\"es\",\"url\":\"https:\/\/i2.wp.com\/www.comercialanma.es\/wp-content\/uploads\/2019\/06\/logo-anma-color.png?fit=247%2C101&ssl=1\",\"width\":247,\"height\":101,\"caption\":\"Comercial Anma\"},\"image\":{\"@id\":\"https:\/\/www.comercialanma.es\/#logo\"}},{\"@type\":\"WebSite\",\"@id\":\"https:\/\/www.comercialanma.es\/#website\",\"url\":\"https:\/\/www.comercialanma.es\/\",\"name\":\"Comercial de Hosteleria Anma\",\"description\":\"\",\"publisher\":{\"@id\":\"https:\/\/www.comercialanma.es\/#organization\"},\"potentialAction\":[{\"@type\":\"SearchAction\",\"target\":\"https:\/\/www.comercialanma.es\/?s={search_term_string}\",\"query-input\":\"required name=search_term_string\"}],\"inLanguage\":\"es\"},{\"@type\":\"ImageObject\",\"@id\":\"https:\/\/www.comercialanma.es\/?product=vodka-karkssons-gold-70cl#primaryimage\",\"inLanguage\":\"es\",\"url\":\"https:\/\/i0.wp.com\/www.comercialanma.es\/wp-content\/uploads\/2019\/08\/Karlssons-Gold.jpg?fit=1200%2C1200&ssl=1\",\"width\":1200,\"height\":1200},{\"@type\":\"WebPage\",\"@id\":\"https:\/\/www.comercialanma.es\/?product=vodka-karkssons-gold-70cl#webpage\",\"url\":\"https:\/\/www.comercialanma.es\/?product=vodka-karkssons-gold-70cl\",\"name\":\"Vodka Karksson\\u00b4s Gold 70cl. - Comercial de Hosteleria Anma\",\"isPartOf\":{\"@id\":\"https:\/\/www.comercialanma.es\/#website\"},\"primaryImageOfPage\":{\"@id\":\"https:\/\/www.comercialanma.es\/?product=vodka-karkssons-gold-70cl#primaryimage\"},\"datePublished\":\"2019-08-01T09:17:55+00:00\",\"dateModified\":\"2019-08-01T09:23:05+00:00\",\"breadcrumb\":{\"@id\":\"https:\/\/www.comercialanma.es\/?product=vodka-karkssons-gold-70cl#breadcrumb\"},\"inLanguage\":\"es\",\"potentialAction\":[{\"@type\":\"ReadAction\",\"target\":[\"https:\/\/www.comercialanma.es\/?product=vodka-karkssons-gold-70cl\"]}]},{\"@type\":\"BreadcrumbList\",\"@id\":\"https:\/\/www.comercialanma.es\/?product=vodka-karkssons-gold-70cl#breadcrumb\",\"itemListElement\":[{\"@type\":\"ListItem\",\"position\":1,\"item\":{\"@type\":\"WebPage\",\"@id\":\"https:\/\/www.comercialanma.es\/\",\"url\":\"https:\/\/www.comercialanma.es\/\",\"name\":\"Portada\"}},{\"@type\":\"ListItem\",\"position\":2,\"item\":{\"@type\":\"WebPage\",\"@id\":\"https:\/\/www.comercialanma.es\/?page_id=3963\",\"url\":\"https:\/\/www.comercialanma.es\/?page_id=3963\",\"name\":\"Cat\\u00e1logo de Productos\"}},{\"@type\":\"ListItem\",\"position\":3,\"item\":{\"@type\":\"WebPage\",\"@id\":\"https:\/\/www.comercialanma.es\/?product=vodka-karkssons-gold-70cl\",\"url\":\"https:\/\/www.comercialanma.es\/?product=vodka-karkssons-gold-70cl\",\"name\":\"Vodka Karksson\\u00b4s Gold 70cl.\"}}]}]}<\/script>\n<!-- \/ Yoast SEO plugin. -->","_links":{"self":[{"href":"https:\/\/www.comercialanma.es\/index.php?rest_route=\/wp\/v2\/product\/8981"}],"collection":[{"href":"https:\/\/www.comercialanma.es\/index.php?rest_route=\/wp\/v2\/product"}],"about":[{"href":"https:\/\/www.comercialanma.es\/index.php?rest_route=\/wp\/v2\/types\/product"}],"version-history":[{"count":1,"href":"https:\/\/www.comercialanma.es\/index.php?rest_route=\/wp\/v2\/product\/8981\/revisions"}],"predecessor-version":[{"id":8983,"href":"https:\/\/www.comercialanma.es\/index.php?rest_route=\/wp\/v2\/product\/8981\/revisions\/8983"}],"wp:featuredmedia":[{"embeddable":true,"href":"https:\/\/www.comercialanma.es\/index.php?rest_route=\/wp\/v2\/media\/8982"}],"wp:attachment":[{"href":"https:\/\/www.comercialanma.es\/index.php?rest_route=%2Fwp%2Fv2%2Fmedia&parent=8981"}],"curies":[{"name":"wp","href":"https:\/\/api.w.org\/{rel}","templated":true}]}}