
{"id":9025,"date":"2019-08-01T15:12:32","date_gmt":"2019-08-01T13:12:32","guid":{"rendered":"http:\/\/www.comercialanma.es\/?post_type=product&#038;p=9025"},"modified":"2019-08-01T15:21:46","modified_gmt":"2019-08-01T13:21:46","slug":"vodka-ciroc-pina-70cl","status":"publish","type":"product","link":"https:\/\/www.comercialanma.es\/?product=vodka-ciroc-pina-70cl","title":{"rendered":"Vodka Ciroc Pi\u00f1a 70cl."},"content":{"rendered":"<h3>Nota de cata:<\/h3>\n<ul>\n<li>A la vista es cristalino.<\/li>\n<li>Al olfato destacan los aromas a pi\u00f1a y otras frutas tropicales.<\/li>\n<li>Al paladar muestra sabor a pi\u00f1a y ligeras notas a vainilla. Final aterciopelado y suave. Es un vodka muy vers\u00e1til, por lo que puede disfrutarse tanto solo con hielo como combinado con sodas de lim\u00f3n o zumos de pi\u00f1a o naranja; as\u00ed como en cocktails, como por ejemplo La Pi\u00f1a.<\/li>\n<li>Graduaci\u00f3n: 37,5% vol.<\/li>\n<\/ul>\n","protected":false},"excerpt":{"rendered":"<p>Vodka C\u00eeroc Pineapple Pi\u00f1a es un vodka Premium suave y refrescante con sabor a pi\u00f1a. En su elaboraci\u00f3n se llevan a cabo cinco destilaciones, con lo que se consigue un vodka de gran pureza y calidad. Adem\u00e1s, se utilizan trozos de pi\u00f1a triturada y otras frutas tropicales, lo que le otorga un punto diferente y original, de corte ex\u00f3tico. Pertenece a C\u00eeroc, una empresa francesa dedicada a la elaboraci\u00f3n de vodkas. La fund\u00f3 Jean-Sebastien Robicquet en 2003.<\/p>\n","protected":false},"featured_media":9026,"template":"","meta":{"spay_email":""},"yoast_head":"<!-- This site is optimized with the Yoast SEO plugin v15.9 - https:\/\/yoast.com\/wordpress\/plugins\/seo\/ -->\n<title>Vodka Ciroc Pi\u00f1a 70cl. - Comercial de Hosteleria Anma<\/title>\n<meta name=\"robots\" content=\"index, follow, max-snippet:-1, max-image-preview:large, max-video-preview:-1\" \/>\n<link rel=\"canonical\" href=\"https:\/\/www.comercialanma.es\/?product=vodka-ciroc-pina-70cl\" \/>\n<meta property=\"og:locale\" content=\"es_ES\" \/>\n<meta property=\"og:type\" content=\"article\" \/>\n<meta property=\"og:title\" content=\"Vodka Ciroc Pi\u00f1a 70cl. - Comercial de Hosteleria Anma\" \/>\n<meta property=\"og:description\" content=\"Vodka C\u00eeroc Pineapple Pi\u00f1a es un vodka Premium suave y refrescante con sabor a pi\u00f1a. En su elaboraci\u00f3n se llevan a cabo cinco destilaciones, con lo que se consigue un vodka de gran pureza y calidad. Adem\u00e1s, se utilizan trozos de pi\u00f1a triturada y otras frutas tropicales, lo que le otorga un punto diferente y original, de corte ex\u00f3tico. Pertenece a C\u00eeroc, una empresa francesa dedicada a la elaboraci\u00f3n de vodkas. La fund\u00f3 Jean-Sebastien Robicquet en 2003.\" \/>\n<meta property=\"og:url\" content=\"https:\/\/www.comercialanma.es\/?product=vodka-ciroc-pina-70cl\" \/>\n<meta property=\"og:site_name\" content=\"Comercial de Hosteleria Anma\" \/>\n<meta property=\"article:publisher\" content=\"https:\/\/www.facebook.com\/AnmaHosteleria\" \/>\n<meta property=\"article:modified_time\" content=\"2019-08-01T13:21:46+00:00\" \/>\n<meta property=\"og:image\" content=\"https:\/\/i0.wp.com\/www.comercialanma.es\/wp-content\/uploads\/2019\/08\/Ciroc-Pin\u0303a.jpg?fit=1200%2C1200&#038;ssl=1\" \/>\n\t<meta property=\"og:image:width\" content=\"1200\" \/>\n\t<meta property=\"og:image:height\" content=\"1200\" \/>\n<meta name=\"twitter:card\" content=\"summary_large_image\" \/>\n<script type=\"application\/ld+json\" class=\"yoast-schema-graph\">{\"@context\":\"https:\/\/schema.org\",\"@graph\":[{\"@type\":\"Organization\",\"@id\":\"https:\/\/www.comercialanma.es\/#organization\",\"name\":\"Comercial Anma\",\"url\":\"https:\/\/www.comercialanma.es\/\",\"sameAs\":[\"https:\/\/www.facebook.com\/AnmaHosteleria\",\"https:\/\/www.instagram.com\/anmahosteleria\/?hl=es\",\"https:\/\/www.youtube.com\/channel\/UCT2nmn08Ntks0hmpZPnDgCA\"],\"logo\":{\"@type\":\"ImageObject\",\"@id\":\"https:\/\/www.comercialanma.es\/#logo\",\"inLanguage\":\"es\",\"url\":\"https:\/\/i2.wp.com\/www.comercialanma.es\/wp-content\/uploads\/2019\/06\/logo-anma-color.png?fit=247%2C101&ssl=1\",\"width\":247,\"height\":101,\"caption\":\"Comercial Anma\"},\"image\":{\"@id\":\"https:\/\/www.comercialanma.es\/#logo\"}},{\"@type\":\"WebSite\",\"@id\":\"https:\/\/www.comercialanma.es\/#website\",\"url\":\"https:\/\/www.comercialanma.es\/\",\"name\":\"Comercial de Hosteleria Anma\",\"description\":\"\",\"publisher\":{\"@id\":\"https:\/\/www.comercialanma.es\/#organization\"},\"potentialAction\":[{\"@type\":\"SearchAction\",\"target\":\"https:\/\/www.comercialanma.es\/?s={search_term_string}\",\"query-input\":\"required name=search_term_string\"}],\"inLanguage\":\"es\"},{\"@type\":\"ImageObject\",\"@id\":\"https:\/\/www.comercialanma.es\/?product=vodka-ciroc-pina-70cl#primaryimage\",\"inLanguage\":\"es\",\"url\":\"https:\/\/i0.wp.com\/www.comercialanma.es\/wp-content\/uploads\/2019\/08\/Ciroc-Pin\\u0303a.jpg?fit=1200%2C1200&ssl=1\",\"width\":1200,\"height\":1200},{\"@type\":\"WebPage\",\"@id\":\"https:\/\/www.comercialanma.es\/?product=vodka-ciroc-pina-70cl#webpage\",\"url\":\"https:\/\/www.comercialanma.es\/?product=vodka-ciroc-pina-70cl\",\"name\":\"Vodka Ciroc Pi\\u00f1a 70cl. - Comercial de Hosteleria Anma\",\"isPartOf\":{\"@id\":\"https:\/\/www.comercialanma.es\/#website\"},\"primaryImageOfPage\":{\"@id\":\"https:\/\/www.comercialanma.es\/?product=vodka-ciroc-pina-70cl#primaryimage\"},\"datePublished\":\"2019-08-01T13:12:32+00:00\",\"dateModified\":\"2019-08-01T13:21:46+00:00\",\"breadcrumb\":{\"@id\":\"https:\/\/www.comercialanma.es\/?product=vodka-ciroc-pina-70cl#breadcrumb\"},\"inLanguage\":\"es\",\"potentialAction\":[{\"@type\":\"ReadAction\",\"target\":[\"https:\/\/www.comercialanma.es\/?product=vodka-ciroc-pina-70cl\"]}]},{\"@type\":\"BreadcrumbList\",\"@id\":\"https:\/\/www.comercialanma.es\/?product=vodka-ciroc-pina-70cl#breadcrumb\",\"itemListElement\":[{\"@type\":\"ListItem\",\"position\":1,\"item\":{\"@type\":\"WebPage\",\"@id\":\"https:\/\/www.comercialanma.es\/\",\"url\":\"https:\/\/www.comercialanma.es\/\",\"name\":\"Portada\"}},{\"@type\":\"ListItem\",\"position\":2,\"item\":{\"@type\":\"WebPage\",\"@id\":\"https:\/\/www.comercialanma.es\/?page_id=3963\",\"url\":\"https:\/\/www.comercialanma.es\/?page_id=3963\",\"name\":\"Cat\\u00e1logo de Productos\"}},{\"@type\":\"ListItem\",\"position\":3,\"item\":{\"@type\":\"WebPage\",\"@id\":\"https:\/\/www.comercialanma.es\/?product=vodka-ciroc-pina-70cl\",\"url\":\"https:\/\/www.comercialanma.es\/?product=vodka-ciroc-pina-70cl\",\"name\":\"Vodka Ciroc Pi\\u00f1a 70cl.\"}}]}]}<\/script>\n<!-- \/ Yoast SEO plugin. -->","_links":{"self":[{"href":"https:\/\/www.comercialanma.es\/index.php?rest_route=\/wp\/v2\/product\/9025"}],"collection":[{"href":"https:\/\/www.comercialanma.es\/index.php?rest_route=\/wp\/v2\/product"}],"about":[{"href":"https:\/\/www.comercialanma.es\/index.php?rest_route=\/wp\/v2\/types\/product"}],"version-history":[{"count":3,"href":"https:\/\/www.comercialanma.es\/index.php?rest_route=\/wp\/v2\/product\/9025\/revisions"}],"predecessor-version":[{"id":9032,"href":"https:\/\/www.comercialanma.es\/index.php?rest_route=\/wp\/v2\/product\/9025\/revisions\/9032"}],"wp:featuredmedia":[{"embeddable":true,"href":"https:\/\/www.comercialanma.es\/index.php?rest_route=\/wp\/v2\/media\/9026"}],"wp:attachment":[{"href":"https:\/\/www.comercialanma.es\/index.php?rest_route=%2Fwp%2Fv2%2Fmedia&parent=9025"}],"curies":[{"name":"wp","href":"https:\/\/api.w.org\/{rel}","templated":true}]}}