
{"id":9033,"date":"2019-08-01T15:22:38","date_gmt":"2019-08-01T13:22:38","guid":{"rendered":"http:\/\/www.comercialanma.es\/?post_type=product&#038;p=9033"},"modified":"2019-08-01T15:32:07","modified_gmt":"2019-08-01T13:32:07","slug":"vodka-ciroc-apple-70cl","status":"publish","type":"product","link":"https:\/\/www.comercialanma.es\/?product=vodka-ciroc-apple-70cl","title":{"rendered":"Vodka Ciroc Apple 70cl."},"content":{"rendered":"<h3>Nota de cata:<\/h3>\n<ul>\n<li>A la vista es cristalino y brillante.<\/li>\n<li>Al olfato desprende aromas a manzanas verdes.<\/li>\n<li>Al paladar predomina el sabor fresco del zumo de manzana verde. Final suave y aterciopelado. Puede disfrutarse tanto solo con hielo (on the rocks), como en chupitos; adem\u00e1s, tambi\u00e9n se utiliza para preparar recetas de deliciosos cocktails, como por ejemplo C\u00eeroc Appletini.<\/li>\n<li>Graduaci\u00f3n: 37,5% vol.<\/li>\n<\/ul>\n","protected":false},"excerpt":{"rendered":"<p>Vodka C\u00eeroc Manzana Verde es un vodka Ultra-Premium elaborado mediante cinco destilaciones con manzanas verdes y otros ingredientes naturales, para conseguir un vodka de gran pureza con un distintivo sabor elegante y frutal. Pertenece a C\u00eeroc, una marca francesa fundada por Jean-Sebastien Robicquet en 2003 y que posee una amplia gama de originales vodkas de sabores.<\/p>\n","protected":false},"featured_media":9034,"template":"","meta":{"spay_email":""},"yoast_head":"<!-- This site is optimized with the Yoast SEO plugin v15.9 - https:\/\/yoast.com\/wordpress\/plugins\/seo\/ -->\n<title>Vodka Ciroc Apple 70cl. - Comercial de Hosteleria Anma<\/title>\n<meta name=\"robots\" content=\"index, follow, max-snippet:-1, max-image-preview:large, max-video-preview:-1\" \/>\n<link rel=\"canonical\" href=\"https:\/\/www.comercialanma.es\/?product=vodka-ciroc-apple-70cl\" \/>\n<meta property=\"og:locale\" content=\"es_ES\" \/>\n<meta property=\"og:type\" content=\"article\" \/>\n<meta property=\"og:title\" content=\"Vodka Ciroc Apple 70cl. - Comercial de Hosteleria Anma\" \/>\n<meta property=\"og:description\" content=\"Vodka C\u00eeroc Manzana Verde es un vodka Ultra-Premium elaborado mediante cinco destilaciones con manzanas verdes y otros ingredientes naturales, para conseguir un vodka de gran pureza con un distintivo sabor elegante y frutal. Pertenece a C\u00eeroc, una marca francesa fundada por Jean-Sebastien Robicquet en 2003 y que posee una amplia gama de originales vodkas de sabores.\" \/>\n<meta property=\"og:url\" content=\"https:\/\/www.comercialanma.es\/?product=vodka-ciroc-apple-70cl\" \/>\n<meta property=\"og:site_name\" content=\"Comercial de Hosteleria Anma\" \/>\n<meta property=\"article:publisher\" content=\"https:\/\/www.facebook.com\/AnmaHosteleria\" \/>\n<meta property=\"article:modified_time\" content=\"2019-08-01T13:32:07+00:00\" \/>\n<meta property=\"og:image\" content=\"https:\/\/i2.wp.com\/www.comercialanma.es\/wp-content\/uploads\/2019\/08\/Ciroc-Apple.jpg?fit=1200%2C1200&#038;ssl=1\" \/>\n\t<meta property=\"og:image:width\" content=\"1200\" \/>\n\t<meta property=\"og:image:height\" content=\"1200\" \/>\n<meta name=\"twitter:card\" content=\"summary_large_image\" \/>\n<script type=\"application\/ld+json\" class=\"yoast-schema-graph\">{\"@context\":\"https:\/\/schema.org\",\"@graph\":[{\"@type\":\"Organization\",\"@id\":\"https:\/\/www.comercialanma.es\/#organization\",\"name\":\"Comercial Anma\",\"url\":\"https:\/\/www.comercialanma.es\/\",\"sameAs\":[\"https:\/\/www.facebook.com\/AnmaHosteleria\",\"https:\/\/www.instagram.com\/anmahosteleria\/?hl=es\",\"https:\/\/www.youtube.com\/channel\/UCT2nmn08Ntks0hmpZPnDgCA\"],\"logo\":{\"@type\":\"ImageObject\",\"@id\":\"https:\/\/www.comercialanma.es\/#logo\",\"inLanguage\":\"es\",\"url\":\"https:\/\/i2.wp.com\/www.comercialanma.es\/wp-content\/uploads\/2019\/06\/logo-anma-color.png?fit=247%2C101&ssl=1\",\"width\":247,\"height\":101,\"caption\":\"Comercial Anma\"},\"image\":{\"@id\":\"https:\/\/www.comercialanma.es\/#logo\"}},{\"@type\":\"WebSite\",\"@id\":\"https:\/\/www.comercialanma.es\/#website\",\"url\":\"https:\/\/www.comercialanma.es\/\",\"name\":\"Comercial de Hosteleria Anma\",\"description\":\"\",\"publisher\":{\"@id\":\"https:\/\/www.comercialanma.es\/#organization\"},\"potentialAction\":[{\"@type\":\"SearchAction\",\"target\":\"https:\/\/www.comercialanma.es\/?s={search_term_string}\",\"query-input\":\"required name=search_term_string\"}],\"inLanguage\":\"es\"},{\"@type\":\"ImageObject\",\"@id\":\"https:\/\/www.comercialanma.es\/?product=vodka-ciroc-apple-70cl#primaryimage\",\"inLanguage\":\"es\",\"url\":\"https:\/\/i2.wp.com\/www.comercialanma.es\/wp-content\/uploads\/2019\/08\/Ciroc-Apple.jpg?fit=1200%2C1200&ssl=1\",\"width\":1200,\"height\":1200},{\"@type\":\"WebPage\",\"@id\":\"https:\/\/www.comercialanma.es\/?product=vodka-ciroc-apple-70cl#webpage\",\"url\":\"https:\/\/www.comercialanma.es\/?product=vodka-ciroc-apple-70cl\",\"name\":\"Vodka Ciroc Apple 70cl. - Comercial de Hosteleria Anma\",\"isPartOf\":{\"@id\":\"https:\/\/www.comercialanma.es\/#website\"},\"primaryImageOfPage\":{\"@id\":\"https:\/\/www.comercialanma.es\/?product=vodka-ciroc-apple-70cl#primaryimage\"},\"datePublished\":\"2019-08-01T13:22:38+00:00\",\"dateModified\":\"2019-08-01T13:32:07+00:00\",\"breadcrumb\":{\"@id\":\"https:\/\/www.comercialanma.es\/?product=vodka-ciroc-apple-70cl#breadcrumb\"},\"inLanguage\":\"es\",\"potentialAction\":[{\"@type\":\"ReadAction\",\"target\":[\"https:\/\/www.comercialanma.es\/?product=vodka-ciroc-apple-70cl\"]}]},{\"@type\":\"BreadcrumbList\",\"@id\":\"https:\/\/www.comercialanma.es\/?product=vodka-ciroc-apple-70cl#breadcrumb\",\"itemListElement\":[{\"@type\":\"ListItem\",\"position\":1,\"item\":{\"@type\":\"WebPage\",\"@id\":\"https:\/\/www.comercialanma.es\/\",\"url\":\"https:\/\/www.comercialanma.es\/\",\"name\":\"Portada\"}},{\"@type\":\"ListItem\",\"position\":2,\"item\":{\"@type\":\"WebPage\",\"@id\":\"https:\/\/www.comercialanma.es\/?page_id=3963\",\"url\":\"https:\/\/www.comercialanma.es\/?page_id=3963\",\"name\":\"Cat\\u00e1logo de Productos\"}},{\"@type\":\"ListItem\",\"position\":3,\"item\":{\"@type\":\"WebPage\",\"@id\":\"https:\/\/www.comercialanma.es\/?product=vodka-ciroc-apple-70cl\",\"url\":\"https:\/\/www.comercialanma.es\/?product=vodka-ciroc-apple-70cl\",\"name\":\"Vodka Ciroc Apple 70cl.\"}}]}]}<\/script>\n<!-- \/ Yoast SEO plugin. -->","_links":{"self":[{"href":"https:\/\/www.comercialanma.es\/index.php?rest_route=\/wp\/v2\/product\/9033"}],"collection":[{"href":"https:\/\/www.comercialanma.es\/index.php?rest_route=\/wp\/v2\/product"}],"about":[{"href":"https:\/\/www.comercialanma.es\/index.php?rest_route=\/wp\/v2\/types\/product"}],"version-history":[{"count":1,"href":"https:\/\/www.comercialanma.es\/index.php?rest_route=\/wp\/v2\/product\/9033\/revisions"}],"predecessor-version":[{"id":9035,"href":"https:\/\/www.comercialanma.es\/index.php?rest_route=\/wp\/v2\/product\/9033\/revisions\/9035"}],"wp:featuredmedia":[{"embeddable":true,"href":"https:\/\/www.comercialanma.es\/index.php?rest_route=\/wp\/v2\/media\/9034"}],"wp:attachment":[{"href":"https:\/\/www.comercialanma.es\/index.php?rest_route=%2Fwp%2Fv2%2Fmedia&parent=9033"}],"curies":[{"name":"wp","href":"https:\/\/api.w.org\/{rel}","templated":true}]}}