
{"id":9036,"date":"2019-08-01T15:33:33","date_gmt":"2019-08-01T13:33:33","guid":{"rendered":"http:\/\/www.comercialanma.es\/?post_type=product&#038;p=9036"},"modified":"2020-03-09T08:44:16","modified_gmt":"2020-03-09T07:44:16","slug":"vodka-ciroc-summer-colada-70cl","status":"publish","type":"product","link":"https:\/\/www.comercialanma.es\/?product=vodka-ciroc-summer-colada-70cl","title":{"rendered":"Vodka Ciroc Summer Wartermelon 70cl."},"content":{"rendered":"<h3>Nota de cata:<\/h3>\n<ul>\n<li><span class=\"tlid-translation translation\" lang=\"es\"><span title=\"\">Jugosa, fresca, madura, sand\u00eda pulpa roja, toque de corteza<\/span>.<\/span><\/li>\n<li><span class=\"tlid-translation translation\" lang=\"es\"><span title=\"\">Dulce, jugosa, fruta roja, sand\u00eda fresca<\/span>.<\/span><\/li>\n<li><span class=\"tlid-translation translation\" lang=\"es\"><span class=\"\" title=\"\">Dulce, pulpa de sand\u00eda, ligera nota verde \/ rindy.<\/span><\/span><\/li>\n<li>Graduaci\u00f3n: 37,5% vol.<\/li>\n<\/ul>\n","protected":false},"excerpt":{"rendered":"<p><span class=\"tlid-translation translation\" lang=\"es\"><span title=\"\">Presentamos C\u00ceROC Summer Watermelon, un refrescante vodka con sabor a sand\u00eda que es perfecto para el verano.<\/span> <span title=\"\">Solo por tiempo limitado: \u00a1cons\u00edguelo antes de que se acabe!<\/span> <span class=\"\" title=\"\">C\u00ceROC Summer Watermelon es un rico esp\u00edritu de degustaci\u00f3n hecho con vodka cinco veces destilado de finas uvas francesas, terminado en una olla de cobre a medida todav\u00eda en el sur de Francia.<\/span> <span class=\"\" title=\"\">El vodka est\u00e1 magistralmente infundido con una mezcla distintiva de sand\u00edas de verano y otros sabores naturales, lo que resulta en una experiencia de sabor que es deliciosamente diferente y elegantemente suave.<\/span> <span class=\"\" title=\"\">Disfrute de la sand\u00eda de verano C\u00ceROC en las rocas o mezcle en su c\u00f3ctel de verano favorito.<\/span><\/span><\/p>\n","protected":false},"featured_media":13412,"template":"","meta":{"spay_email":""},"yoast_head":"<!-- This site is optimized with the Yoast SEO plugin v15.9 - https:\/\/yoast.com\/wordpress\/plugins\/seo\/ -->\n<title>Vodka Ciroc Summer Wartermelon 70cl. - Comercial de Hosteleria Anma<\/title>\n<meta name=\"robots\" content=\"index, follow, max-snippet:-1, max-image-preview:large, max-video-preview:-1\" \/>\n<link rel=\"canonical\" href=\"https:\/\/www.comercialanma.es\/?product=vodka-ciroc-summer-colada-70cl\" \/>\n<meta property=\"og:locale\" content=\"es_ES\" \/>\n<meta property=\"og:type\" content=\"article\" \/>\n<meta property=\"og:title\" content=\"Vodka Ciroc Summer Wartermelon 70cl. - Comercial de Hosteleria Anma\" \/>\n<meta property=\"og:description\" content=\"Presentamos C\u00ceROC Summer Watermelon, un refrescante vodka con sabor a sand\u00eda que es perfecto para el verano. Solo por tiempo limitado: \u00a1cons\u00edguelo antes de que se acabe! C\u00ceROC Summer Watermelon es un rico esp\u00edritu de degustaci\u00f3n hecho con vodka cinco veces destilado de finas uvas francesas, terminado en una olla de cobre a medida todav\u00eda en el sur de Francia. El vodka est\u00e1 magistralmente infundido con una mezcla distintiva de sand\u00edas de verano y otros sabores naturales, lo que resulta en una experiencia de sabor que es deliciosamente diferente y elegantemente suave. Disfrute de la sand\u00eda de verano C\u00ceROC en las rocas o mezcle en su c\u00f3ctel de verano favorito.\" \/>\n<meta property=\"og:url\" content=\"https:\/\/www.comercialanma.es\/?product=vodka-ciroc-summer-colada-70cl\" \/>\n<meta property=\"og:site_name\" content=\"Comercial de Hosteleria Anma\" \/>\n<meta property=\"article:publisher\" content=\"https:\/\/www.facebook.com\/AnmaHosteleria\" \/>\n<meta property=\"article:modified_time\" content=\"2020-03-09T07:44:16+00:00\" \/>\n<meta property=\"og:image\" content=\"https:\/\/i0.wp.com\/www.comercialanma.es\/wp-content\/uploads\/2019\/08\/Ciroc-Water-Melon.jpg?fit=1080%2C1080&#038;ssl=1\" \/>\n\t<meta property=\"og:image:width\" content=\"1080\" \/>\n\t<meta property=\"og:image:height\" content=\"1080\" \/>\n<meta name=\"twitter:card\" content=\"summary_large_image\" \/>\n<script type=\"application\/ld+json\" class=\"yoast-schema-graph\">{\"@context\":\"https:\/\/schema.org\",\"@graph\":[{\"@type\":\"Organization\",\"@id\":\"https:\/\/www.comercialanma.es\/#organization\",\"name\":\"Comercial Anma\",\"url\":\"https:\/\/www.comercialanma.es\/\",\"sameAs\":[\"https:\/\/www.facebook.com\/AnmaHosteleria\",\"https:\/\/www.instagram.com\/anmahosteleria\/?hl=es\",\"https:\/\/www.youtube.com\/channel\/UCT2nmn08Ntks0hmpZPnDgCA\"],\"logo\":{\"@type\":\"ImageObject\",\"@id\":\"https:\/\/www.comercialanma.es\/#logo\",\"inLanguage\":\"es\",\"url\":\"https:\/\/i2.wp.com\/www.comercialanma.es\/wp-content\/uploads\/2019\/06\/logo-anma-color.png?fit=247%2C101&ssl=1\",\"width\":247,\"height\":101,\"caption\":\"Comercial Anma\"},\"image\":{\"@id\":\"https:\/\/www.comercialanma.es\/#logo\"}},{\"@type\":\"WebSite\",\"@id\":\"https:\/\/www.comercialanma.es\/#website\",\"url\":\"https:\/\/www.comercialanma.es\/\",\"name\":\"Comercial de Hosteleria Anma\",\"description\":\"\",\"publisher\":{\"@id\":\"https:\/\/www.comercialanma.es\/#organization\"},\"potentialAction\":[{\"@type\":\"SearchAction\",\"target\":\"https:\/\/www.comercialanma.es\/?s={search_term_string}\",\"query-input\":\"required name=search_term_string\"}],\"inLanguage\":\"es\"},{\"@type\":\"ImageObject\",\"@id\":\"https:\/\/www.comercialanma.es\/?product=vodka-ciroc-summer-colada-70cl#primaryimage\",\"inLanguage\":\"es\",\"url\":\"https:\/\/i0.wp.com\/www.comercialanma.es\/wp-content\/uploads\/2019\/08\/Ciroc-Water-Melon.jpg?fit=1080%2C1080&ssl=1\",\"width\":1080,\"height\":1080},{\"@type\":\"WebPage\",\"@id\":\"https:\/\/www.comercialanma.es\/?product=vodka-ciroc-summer-colada-70cl#webpage\",\"url\":\"https:\/\/www.comercialanma.es\/?product=vodka-ciroc-summer-colada-70cl\",\"name\":\"Vodka Ciroc Summer Wartermelon 70cl. - Comercial de Hosteleria Anma\",\"isPartOf\":{\"@id\":\"https:\/\/www.comercialanma.es\/#website\"},\"primaryImageOfPage\":{\"@id\":\"https:\/\/www.comercialanma.es\/?product=vodka-ciroc-summer-colada-70cl#primaryimage\"},\"datePublished\":\"2019-08-01T13:33:33+00:00\",\"dateModified\":\"2020-03-09T07:44:16+00:00\",\"breadcrumb\":{\"@id\":\"https:\/\/www.comercialanma.es\/?product=vodka-ciroc-summer-colada-70cl#breadcrumb\"},\"inLanguage\":\"es\",\"potentialAction\":[{\"@type\":\"ReadAction\",\"target\":[\"https:\/\/www.comercialanma.es\/?product=vodka-ciroc-summer-colada-70cl\"]}]},{\"@type\":\"BreadcrumbList\",\"@id\":\"https:\/\/www.comercialanma.es\/?product=vodka-ciroc-summer-colada-70cl#breadcrumb\",\"itemListElement\":[{\"@type\":\"ListItem\",\"position\":1,\"item\":{\"@type\":\"WebPage\",\"@id\":\"https:\/\/www.comercialanma.es\/\",\"url\":\"https:\/\/www.comercialanma.es\/\",\"name\":\"Portada\"}},{\"@type\":\"ListItem\",\"position\":2,\"item\":{\"@type\":\"WebPage\",\"@id\":\"https:\/\/www.comercialanma.es\/?page_id=3963\",\"url\":\"https:\/\/www.comercialanma.es\/?page_id=3963\",\"name\":\"Cat\\u00e1logo de Productos\"}},{\"@type\":\"ListItem\",\"position\":3,\"item\":{\"@type\":\"WebPage\",\"@id\":\"https:\/\/www.comercialanma.es\/?product=vodka-ciroc-summer-colada-70cl\",\"url\":\"https:\/\/www.comercialanma.es\/?product=vodka-ciroc-summer-colada-70cl\",\"name\":\"Vodka Ciroc Summer Wartermelon 70cl.\"}}]}]}<\/script>\n<!-- \/ Yoast SEO plugin. -->","_links":{"self":[{"href":"https:\/\/www.comercialanma.es\/index.php?rest_route=\/wp\/v2\/product\/9036"}],"collection":[{"href":"https:\/\/www.comercialanma.es\/index.php?rest_route=\/wp\/v2\/product"}],"about":[{"href":"https:\/\/www.comercialanma.es\/index.php?rest_route=\/wp\/v2\/types\/product"}],"version-history":[{"count":3,"href":"https:\/\/www.comercialanma.es\/index.php?rest_route=\/wp\/v2\/product\/9036\/revisions"}],"predecessor-version":[{"id":13413,"href":"https:\/\/www.comercialanma.es\/index.php?rest_route=\/wp\/v2\/product\/9036\/revisions\/13413"}],"wp:featuredmedia":[{"embeddable":true,"href":"https:\/\/www.comercialanma.es\/index.php?rest_route=\/wp\/v2\/media\/13412"}],"wp:attachment":[{"href":"https:\/\/www.comercialanma.es\/index.php?rest_route=%2Fwp%2Fv2%2Fmedia&parent=9036"}],"curies":[{"name":"wp","href":"https:\/\/api.w.org\/{rel}","templated":true}]}}