
{"id":9047,"date":"2019-08-01T16:16:36","date_gmt":"2019-08-01T14:16:36","guid":{"rendered":"http:\/\/www.comercialanma.es\/?post_type=product&#038;p=9047"},"modified":"2023-09-28T11:01:00","modified_gmt":"2023-09-28T09:01:00","slug":"vodka-absolut-edicion-limitada-70cl","status":"publish","type":"product","link":"https:\/\/www.comercialanma.es\/?product=vodka-absolut-edicion-limitada-70cl","title":{"rendered":"Vodka Absolut Edici\u00f3n limitada 70cl."},"content":{"rendered":"<h3>Nota de cata:<\/h3>\n<ul>\n<li>A la vista, Absolut Azul es transparente y cristalino.<\/li>\n<li>Al olfato es limpio, con notas a cereales.<\/li>\n<li>Al paladar se percibe el sabor al grano de trigo con el que se elabora, as\u00ed como notas a frutos secos. 67 calor\u00edas.<\/li>\n<li>Graduaci\u00f3n: 40% vol.<\/li>\n<\/ul>\n","protected":false},"excerpt":{"rendered":"<p><strong>Absolut\u00a0Rainbow\u00a0<\/strong>est\u00e1 inspirada en la bandera del orgullo, originalmente dise\u00f1ada por el artista de San Francisco, Gilbert Baker.<\/p>\n<p>A lo largo de los a\u00f1os, Absolut ha realizado numerosas iniciativas relacionadas con el Orgullo. De hecho, fue la primera marca de bebidas alcoh\u00f3licas en presentar la bandera del arco\u00edris en su botella, un dise\u00f1o creado en colaboraci\u00f3n con Gilbert Baker. La bandera del arco\u00edris simboliza la diversidad de voces dentro de la comunidad LGBT+, unidas para celebrar nuestras diferencias.<\/p>\n<p>Ahora, cuando se acerca el 40 aniversario de la bandera del arco\u00edris, han decidido darle un lugar permanente en su colecci\u00f3n. En esta ocasi\u00f3n, han creado trazos serigrafiados sobre el vidrio, estableciendo una conexi\u00f3n s\u00f3lida con los artistas que han inspirado nuestras botellas en el pasado.<\/p>\n<p>Absolut Rainbow Edition es una edici\u00f3n limitada. Te animamos a consumir este producto de manera responsable y a difundir este mensaje.<\/p>\n","protected":false},"featured_media":22761,"template":"","meta":{"spay_email":""},"yoast_head":"<!-- This site is optimized with the Yoast SEO plugin v15.9 - https:\/\/yoast.com\/wordpress\/plugins\/seo\/ -->\n<title>Vodka Absolut Edici\u00f3n limitada 70cl. - Comercial de Hosteleria Anma<\/title>\n<meta name=\"robots\" content=\"index, follow, max-snippet:-1, max-image-preview:large, max-video-preview:-1\" \/>\n<link rel=\"canonical\" href=\"https:\/\/www.comercialanma.es\/?product=vodka-absolut-edicion-limitada-70cl\" \/>\n<meta property=\"og:locale\" content=\"es_ES\" \/>\n<meta property=\"og:type\" content=\"article\" \/>\n<meta property=\"og:title\" content=\"Vodka Absolut Edici\u00f3n limitada 70cl. - Comercial de Hosteleria Anma\" \/>\n<meta property=\"og:description\" content=\"Absolut\u00a0Rainbow\u00a0est\u00e1 inspirada en la bandera del orgullo, originalmente dise\u00f1ada por el artista de San Francisco, Gilbert Baker.  A lo largo de los a\u00f1os, Absolut ha realizado numerosas iniciativas relacionadas con el Orgullo. De hecho, fue la primera marca de bebidas alcoh\u00f3licas en presentar la bandera del arco\u00edris en su botella, un dise\u00f1o creado en colaboraci\u00f3n con Gilbert Baker. La bandera del arco\u00edris simboliza la diversidad de voces dentro de la comunidad LGBT+, unidas para celebrar nuestras diferencias.  Ahora, cuando se acerca el 40 aniversario de la bandera del arco\u00edris, han decidido darle un lugar permanente en su colecci\u00f3n. En esta ocasi\u00f3n, han creado trazos serigrafiados sobre el vidrio, estableciendo una conexi\u00f3n s\u00f3lida con los artistas que han inspirado nuestras botellas en el pasado.  Absolut Rainbow Edition es una edici\u00f3n limitada. Te animamos a consumir este producto de manera responsable y a difundir este mensaje.\" \/>\n<meta property=\"og:url\" content=\"https:\/\/www.comercialanma.es\/?product=vodka-absolut-edicion-limitada-70cl\" \/>\n<meta property=\"og:site_name\" content=\"Comercial de Hosteleria Anma\" \/>\n<meta property=\"article:publisher\" content=\"https:\/\/www.facebook.com\/AnmaHosteleria\" \/>\n<meta property=\"article:modified_time\" content=\"2023-09-28T09:01:00+00:00\" \/>\n<meta property=\"og:image\" content=\"https:\/\/i1.wp.com\/www.comercialanma.es\/wp-content\/uploads\/2019\/08\/Absolut-rainbow.jpg?fit=1080%2C1080&#038;ssl=1\" \/>\n\t<meta property=\"og:image:width\" content=\"1080\" \/>\n\t<meta property=\"og:image:height\" content=\"1080\" \/>\n<meta name=\"twitter:card\" content=\"summary_large_image\" \/>\n<script type=\"application\/ld+json\" class=\"yoast-schema-graph\">{\"@context\":\"https:\/\/schema.org\",\"@graph\":[{\"@type\":\"Organization\",\"@id\":\"https:\/\/www.comercialanma.es\/#organization\",\"name\":\"Comercial Anma\",\"url\":\"https:\/\/www.comercialanma.es\/\",\"sameAs\":[\"https:\/\/www.facebook.com\/AnmaHosteleria\",\"https:\/\/www.instagram.com\/anmahosteleria\/?hl=es\",\"https:\/\/www.youtube.com\/channel\/UCT2nmn08Ntks0hmpZPnDgCA\"],\"logo\":{\"@type\":\"ImageObject\",\"@id\":\"https:\/\/www.comercialanma.es\/#logo\",\"inLanguage\":\"es\",\"url\":\"https:\/\/i2.wp.com\/www.comercialanma.es\/wp-content\/uploads\/2019\/06\/logo-anma-color.png?fit=247%2C101&ssl=1\",\"width\":247,\"height\":101,\"caption\":\"Comercial Anma\"},\"image\":{\"@id\":\"https:\/\/www.comercialanma.es\/#logo\"}},{\"@type\":\"WebSite\",\"@id\":\"https:\/\/www.comercialanma.es\/#website\",\"url\":\"https:\/\/www.comercialanma.es\/\",\"name\":\"Comercial de Hosteleria Anma\",\"description\":\"\",\"publisher\":{\"@id\":\"https:\/\/www.comercialanma.es\/#organization\"},\"potentialAction\":[{\"@type\":\"SearchAction\",\"target\":\"https:\/\/www.comercialanma.es\/?s={search_term_string}\",\"query-input\":\"required name=search_term_string\"}],\"inLanguage\":\"es\"},{\"@type\":\"ImageObject\",\"@id\":\"https:\/\/www.comercialanma.es\/?product=vodka-absolut-edicion-limitada-70cl#primaryimage\",\"inLanguage\":\"es\",\"url\":\"https:\/\/i1.wp.com\/www.comercialanma.es\/wp-content\/uploads\/2019\/08\/Absolut-rainbow.jpg?fit=1080%2C1080&ssl=1\",\"width\":1080,\"height\":1080},{\"@type\":\"WebPage\",\"@id\":\"https:\/\/www.comercialanma.es\/?product=vodka-absolut-edicion-limitada-70cl#webpage\",\"url\":\"https:\/\/www.comercialanma.es\/?product=vodka-absolut-edicion-limitada-70cl\",\"name\":\"Vodka Absolut Edici\\u00f3n limitada 70cl. - Comercial de Hosteleria Anma\",\"isPartOf\":{\"@id\":\"https:\/\/www.comercialanma.es\/#website\"},\"primaryImageOfPage\":{\"@id\":\"https:\/\/www.comercialanma.es\/?product=vodka-absolut-edicion-limitada-70cl#primaryimage\"},\"datePublished\":\"2019-08-01T14:16:36+00:00\",\"dateModified\":\"2023-09-28T09:01:00+00:00\",\"breadcrumb\":{\"@id\":\"https:\/\/www.comercialanma.es\/?product=vodka-absolut-edicion-limitada-70cl#breadcrumb\"},\"inLanguage\":\"es\",\"potentialAction\":[{\"@type\":\"ReadAction\",\"target\":[\"https:\/\/www.comercialanma.es\/?product=vodka-absolut-edicion-limitada-70cl\"]}]},{\"@type\":\"BreadcrumbList\",\"@id\":\"https:\/\/www.comercialanma.es\/?product=vodka-absolut-edicion-limitada-70cl#breadcrumb\",\"itemListElement\":[{\"@type\":\"ListItem\",\"position\":1,\"item\":{\"@type\":\"WebPage\",\"@id\":\"https:\/\/www.comercialanma.es\/\",\"url\":\"https:\/\/www.comercialanma.es\/\",\"name\":\"Portada\"}},{\"@type\":\"ListItem\",\"position\":2,\"item\":{\"@type\":\"WebPage\",\"@id\":\"https:\/\/www.comercialanma.es\/?page_id=3963\",\"url\":\"https:\/\/www.comercialanma.es\/?page_id=3963\",\"name\":\"Cat\\u00e1logo de Productos\"}},{\"@type\":\"ListItem\",\"position\":3,\"item\":{\"@type\":\"WebPage\",\"@id\":\"https:\/\/www.comercialanma.es\/?product=vodka-absolut-edicion-limitada-70cl\",\"url\":\"https:\/\/www.comercialanma.es\/?product=vodka-absolut-edicion-limitada-70cl\",\"name\":\"Vodka Absolut Edici\\u00f3n limitada 70cl.\"}}]}]}<\/script>\n<!-- \/ Yoast SEO plugin. -->","_links":{"self":[{"href":"https:\/\/www.comercialanma.es\/index.php?rest_route=\/wp\/v2\/product\/9047"}],"collection":[{"href":"https:\/\/www.comercialanma.es\/index.php?rest_route=\/wp\/v2\/product"}],"about":[{"href":"https:\/\/www.comercialanma.es\/index.php?rest_route=\/wp\/v2\/types\/product"}],"version-history":[{"count":2,"href":"https:\/\/www.comercialanma.es\/index.php?rest_route=\/wp\/v2\/product\/9047\/revisions"}],"predecessor-version":[{"id":22762,"href":"https:\/\/www.comercialanma.es\/index.php?rest_route=\/wp\/v2\/product\/9047\/revisions\/22762"}],"wp:featuredmedia":[{"embeddable":true,"href":"https:\/\/www.comercialanma.es\/index.php?rest_route=\/wp\/v2\/media\/22761"}],"wp:attachment":[{"href":"https:\/\/www.comercialanma.es\/index.php?rest_route=%2Fwp%2Fv2%2Fmedia&parent=9047"}],"curies":[{"name":"wp","href":"https:\/\/api.w.org\/{rel}","templated":true}]}}