
{"id":9050,"date":"2019-08-01T16:20:16","date_gmt":"2019-08-01T14:20:16","guid":{"rendered":"http:\/\/www.comercialanma.es\/?post_type=product&#038;p=9050"},"modified":"2020-09-21T08:25:33","modified_gmt":"2020-09-21T06:25:33","slug":"vodka-absolut-citron-70cl","status":"publish","type":"product","link":"https:\/\/www.comercialanma.es\/?product=vodka-absolut-citron-70cl","title":{"rendered":"Vodka Absolut Citron 70cl."},"content":{"rendered":"","protected":false},"excerpt":{"rendered":"<p>ABSOLUT CITRON fue una buena noticia para los amantes del \u201cvodka con hielo y una rodajita de lim\u00f3n\u201d all\u00e1 por los a\u00f1os 80 (que no eran pocos). ABSOLUT CITRON se lanz\u00f3 concretamente en 1988, nueve a\u00f1os despu\u00e9s de ABSOLUT ORIGINAL y dos a\u00f1os despu\u00e9s del primer miembro con sabor de la familia, ABSOLUT PEPPER. El \u00e9xito fue enorme entre los habituales de la rodajita de lim\u00f3n, aunque se convirti\u00f3 adem\u00e1s en el ingrediente principal del s\u00faper popular \u201cCosmopolitan\u201d.<\/p>\n<p>Graduaci\u00f3n: 40% vol.<\/p>\n","protected":false},"featured_media":9051,"template":"","meta":{"spay_email":""},"yoast_head":"<!-- This site is optimized with the Yoast SEO plugin v15.9 - https:\/\/yoast.com\/wordpress\/plugins\/seo\/ -->\n<title>Vodka Absolut Citron 70cl. - Comercial de Hosteleria Anma<\/title>\n<meta name=\"robots\" content=\"index, follow, max-snippet:-1, max-image-preview:large, max-video-preview:-1\" \/>\n<link rel=\"canonical\" href=\"https:\/\/www.comercialanma.es\/?product=vodka-absolut-citron-70cl\" \/>\n<meta property=\"og:locale\" content=\"es_ES\" \/>\n<meta property=\"og:type\" content=\"article\" \/>\n<meta property=\"og:title\" content=\"Vodka Absolut Citron 70cl. - Comercial de Hosteleria Anma\" \/>\n<meta property=\"og:description\" content=\"ABSOLUT CITRON fue una buena noticia para los amantes del \u201cvodka con hielo y una rodajita de lim\u00f3n\u201d all\u00e1 por los a\u00f1os 80 (que no eran pocos). ABSOLUT CITRON se lanz\u00f3 concretamente en 1988, nueve a\u00f1os despu\u00e9s de ABSOLUT ORIGINAL y dos a\u00f1os despu\u00e9s del primer miembro con sabor de la familia, ABSOLUT PEPPER. El \u00e9xito fue enorme entre los habituales de la rodajita de lim\u00f3n, aunque se convirti\u00f3 adem\u00e1s en el ingrediente principal del s\u00faper popular \u201cCosmopolitan\u201d.  Graduaci\u00f3n: 40% vol.\" \/>\n<meta property=\"og:url\" content=\"https:\/\/www.comercialanma.es\/?product=vodka-absolut-citron-70cl\" \/>\n<meta property=\"og:site_name\" content=\"Comercial de Hosteleria Anma\" \/>\n<meta property=\"article:publisher\" content=\"https:\/\/www.facebook.com\/AnmaHosteleria\" \/>\n<meta property=\"article:modified_time\" content=\"2020-09-21T06:25:33+00:00\" \/>\n<meta property=\"og:image\" content=\"https:\/\/i0.wp.com\/www.comercialanma.es\/wp-content\/uploads\/2019\/08\/Absolut-Citron.jpg?fit=1200%2C1200&#038;ssl=1\" \/>\n\t<meta property=\"og:image:width\" content=\"1200\" \/>\n\t<meta property=\"og:image:height\" content=\"1200\" \/>\n<meta name=\"twitter:card\" content=\"summary_large_image\" \/>\n<script type=\"application\/ld+json\" class=\"yoast-schema-graph\">{\"@context\":\"https:\/\/schema.org\",\"@graph\":[{\"@type\":\"Organization\",\"@id\":\"https:\/\/www.comercialanma.es\/#organization\",\"name\":\"Comercial Anma\",\"url\":\"https:\/\/www.comercialanma.es\/\",\"sameAs\":[\"https:\/\/www.facebook.com\/AnmaHosteleria\",\"https:\/\/www.instagram.com\/anmahosteleria\/?hl=es\",\"https:\/\/www.youtube.com\/channel\/UCT2nmn08Ntks0hmpZPnDgCA\"],\"logo\":{\"@type\":\"ImageObject\",\"@id\":\"https:\/\/www.comercialanma.es\/#logo\",\"inLanguage\":\"es\",\"url\":\"https:\/\/i2.wp.com\/www.comercialanma.es\/wp-content\/uploads\/2019\/06\/logo-anma-color.png?fit=247%2C101&ssl=1\",\"width\":247,\"height\":101,\"caption\":\"Comercial Anma\"},\"image\":{\"@id\":\"https:\/\/www.comercialanma.es\/#logo\"}},{\"@type\":\"WebSite\",\"@id\":\"https:\/\/www.comercialanma.es\/#website\",\"url\":\"https:\/\/www.comercialanma.es\/\",\"name\":\"Comercial de Hosteleria Anma\",\"description\":\"\",\"publisher\":{\"@id\":\"https:\/\/www.comercialanma.es\/#organization\"},\"potentialAction\":[{\"@type\":\"SearchAction\",\"target\":\"https:\/\/www.comercialanma.es\/?s={search_term_string}\",\"query-input\":\"required name=search_term_string\"}],\"inLanguage\":\"es\"},{\"@type\":\"ImageObject\",\"@id\":\"https:\/\/www.comercialanma.es\/?product=vodka-absolut-citron-70cl#primaryimage\",\"inLanguage\":\"es\",\"url\":\"https:\/\/i0.wp.com\/www.comercialanma.es\/wp-content\/uploads\/2019\/08\/Absolut-Citron.jpg?fit=1200%2C1200&ssl=1\",\"width\":1200,\"height\":1200},{\"@type\":\"WebPage\",\"@id\":\"https:\/\/www.comercialanma.es\/?product=vodka-absolut-citron-70cl#webpage\",\"url\":\"https:\/\/www.comercialanma.es\/?product=vodka-absolut-citron-70cl\",\"name\":\"Vodka Absolut Citron 70cl. - Comercial de Hosteleria Anma\",\"isPartOf\":{\"@id\":\"https:\/\/www.comercialanma.es\/#website\"},\"primaryImageOfPage\":{\"@id\":\"https:\/\/www.comercialanma.es\/?product=vodka-absolut-citron-70cl#primaryimage\"},\"datePublished\":\"2019-08-01T14:20:16+00:00\",\"dateModified\":\"2020-09-21T06:25:33+00:00\",\"breadcrumb\":{\"@id\":\"https:\/\/www.comercialanma.es\/?product=vodka-absolut-citron-70cl#breadcrumb\"},\"inLanguage\":\"es\",\"potentialAction\":[{\"@type\":\"ReadAction\",\"target\":[\"https:\/\/www.comercialanma.es\/?product=vodka-absolut-citron-70cl\"]}]},{\"@type\":\"BreadcrumbList\",\"@id\":\"https:\/\/www.comercialanma.es\/?product=vodka-absolut-citron-70cl#breadcrumb\",\"itemListElement\":[{\"@type\":\"ListItem\",\"position\":1,\"item\":{\"@type\":\"WebPage\",\"@id\":\"https:\/\/www.comercialanma.es\/\",\"url\":\"https:\/\/www.comercialanma.es\/\",\"name\":\"Portada\"}},{\"@type\":\"ListItem\",\"position\":2,\"item\":{\"@type\":\"WebPage\",\"@id\":\"https:\/\/www.comercialanma.es\/?page_id=3963\",\"url\":\"https:\/\/www.comercialanma.es\/?page_id=3963\",\"name\":\"Cat\\u00e1logo de Productos\"}},{\"@type\":\"ListItem\",\"position\":3,\"item\":{\"@type\":\"WebPage\",\"@id\":\"https:\/\/www.comercialanma.es\/?product=vodka-absolut-citron-70cl\",\"url\":\"https:\/\/www.comercialanma.es\/?product=vodka-absolut-citron-70cl\",\"name\":\"Vodka Absolut Citron 70cl.\"}}]}]}<\/script>\n<!-- \/ Yoast SEO plugin. -->","_links":{"self":[{"href":"https:\/\/www.comercialanma.es\/index.php?rest_route=\/wp\/v2\/product\/9050"}],"collection":[{"href":"https:\/\/www.comercialanma.es\/index.php?rest_route=\/wp\/v2\/product"}],"about":[{"href":"https:\/\/www.comercialanma.es\/index.php?rest_route=\/wp\/v2\/types\/product"}],"version-history":[{"count":1,"href":"https:\/\/www.comercialanma.es\/index.php?rest_route=\/wp\/v2\/product\/9050\/revisions"}],"predecessor-version":[{"id":9052,"href":"https:\/\/www.comercialanma.es\/index.php?rest_route=\/wp\/v2\/product\/9050\/revisions\/9052"}],"wp:featuredmedia":[{"embeddable":true,"href":"https:\/\/www.comercialanma.es\/index.php?rest_route=\/wp\/v2\/media\/9051"}],"wp:attachment":[{"href":"https:\/\/www.comercialanma.es\/index.php?rest_route=%2Fwp%2Fv2%2Fmedia&parent=9050"}],"curies":[{"name":"wp","href":"https:\/\/api.w.org\/{rel}","templated":true}]}}