
{"id":9059,"date":"2019-08-01T16:44:16","date_gmt":"2019-08-01T14:44:16","guid":{"rendered":"http:\/\/www.comercialanma.es\/?post_type=product&#038;p=9059"},"modified":"2019-08-01T16:47:31","modified_gmt":"2019-08-01T14:47:31","slug":"vodka-absolut-elyx-1l","status":"publish","type":"product","link":"https:\/\/www.comercialanma.es\/?product=vodka-absolut-elyx-1l","title":{"rendered":"Vodka Absolut Elyx 1L."},"content":{"rendered":"<h3>Nota de cata:<\/h3>\n<ul>\n<li>El resultado es un vodka suave y sedoso con un sabor intenso y lleno de car\u00e1cter.<\/li>\n<li>Fresco, floral y afrutado en nariz, en boca es muy limpio con una textura agradable y envolvente.<\/li>\n<li>Graduaci\u00f3n: 42,3% vol.<\/li>\n<\/ul>\n","protected":false},"excerpt":{"rendered":"<p>Absolut Elyx, un vodka de lujo destilado manualmente desde 1921 en alambique de cobre que s\u00f3lo maneja un reducido grupo de expertos. El trigo utilizado se cultiva en la finca de R\u00e5bel\u00f6f al sur de Suecia, y el agua del manantial discurre bajo la destiler\u00eda de cobre, situada tambi\u00e9n Suecia, concretamente en \u00c5hus. De modo que todo lo que se refiere a este vodka se hace en un radio de 25 km en torno a la destiler\u00eda, lo que garantiza el control de hasta el m\u00e1s m\u00ednimo detalle.<\/p>\n","protected":false},"featured_media":9060,"template":"","meta":{"spay_email":""},"yoast_head":"<!-- This site is optimized with the Yoast SEO plugin v15.9 - https:\/\/yoast.com\/wordpress\/plugins\/seo\/ -->\n<title>Vodka Absolut Elyx 1L. - Comercial de Hosteleria Anma<\/title>\n<meta name=\"robots\" content=\"index, follow, max-snippet:-1, max-image-preview:large, max-video-preview:-1\" \/>\n<link rel=\"canonical\" href=\"https:\/\/www.comercialanma.es\/?product=vodka-absolut-elyx-1l\" \/>\n<meta property=\"og:locale\" content=\"es_ES\" \/>\n<meta property=\"og:type\" content=\"article\" \/>\n<meta property=\"og:title\" content=\"Vodka Absolut Elyx 1L. - Comercial de Hosteleria Anma\" \/>\n<meta property=\"og:description\" content=\"Absolut Elyx, un vodka de lujo destilado manualmente desde 1921 en alambique de cobre que s\u00f3lo maneja un reducido grupo de expertos. El trigo utilizado se cultiva en la finca de R\u00e5bel\u00f6f al sur de Suecia, y el agua del manantial discurre bajo la destiler\u00eda de cobre, situada tambi\u00e9n Suecia, concretamente en \u00c5hus. De modo que todo lo que se refiere a este vodka se hace en un radio de 25 km en torno a la destiler\u00eda, lo que garantiza el control de hasta el m\u00e1s m\u00ednimo detalle.\" \/>\n<meta property=\"og:url\" content=\"https:\/\/www.comercialanma.es\/?product=vodka-absolut-elyx-1l\" \/>\n<meta property=\"og:site_name\" content=\"Comercial de Hosteleria Anma\" \/>\n<meta property=\"article:publisher\" content=\"https:\/\/www.facebook.com\/AnmaHosteleria\" \/>\n<meta property=\"article:modified_time\" content=\"2019-08-01T14:47:31+00:00\" \/>\n<meta property=\"og:image\" content=\"https:\/\/i2.wp.com\/www.comercialanma.es\/wp-content\/uploads\/2019\/08\/Absolut-Elyx.jpg?fit=1200%2C1200&#038;ssl=1\" \/>\n\t<meta property=\"og:image:width\" content=\"1200\" \/>\n\t<meta property=\"og:image:height\" content=\"1200\" \/>\n<meta name=\"twitter:card\" content=\"summary_large_image\" \/>\n<script type=\"application\/ld+json\" class=\"yoast-schema-graph\">{\"@context\":\"https:\/\/schema.org\",\"@graph\":[{\"@type\":\"Organization\",\"@id\":\"https:\/\/www.comercialanma.es\/#organization\",\"name\":\"Comercial Anma\",\"url\":\"https:\/\/www.comercialanma.es\/\",\"sameAs\":[\"https:\/\/www.facebook.com\/AnmaHosteleria\",\"https:\/\/www.instagram.com\/anmahosteleria\/?hl=es\",\"https:\/\/www.youtube.com\/channel\/UCT2nmn08Ntks0hmpZPnDgCA\"],\"logo\":{\"@type\":\"ImageObject\",\"@id\":\"https:\/\/www.comercialanma.es\/#logo\",\"inLanguage\":\"es\",\"url\":\"https:\/\/i2.wp.com\/www.comercialanma.es\/wp-content\/uploads\/2019\/06\/logo-anma-color.png?fit=247%2C101&ssl=1\",\"width\":247,\"height\":101,\"caption\":\"Comercial Anma\"},\"image\":{\"@id\":\"https:\/\/www.comercialanma.es\/#logo\"}},{\"@type\":\"WebSite\",\"@id\":\"https:\/\/www.comercialanma.es\/#website\",\"url\":\"https:\/\/www.comercialanma.es\/\",\"name\":\"Comercial de Hosteleria Anma\",\"description\":\"\",\"publisher\":{\"@id\":\"https:\/\/www.comercialanma.es\/#organization\"},\"potentialAction\":[{\"@type\":\"SearchAction\",\"target\":\"https:\/\/www.comercialanma.es\/?s={search_term_string}\",\"query-input\":\"required name=search_term_string\"}],\"inLanguage\":\"es\"},{\"@type\":\"ImageObject\",\"@id\":\"https:\/\/www.comercialanma.es\/?product=vodka-absolut-elyx-1l#primaryimage\",\"inLanguage\":\"es\",\"url\":\"https:\/\/i2.wp.com\/www.comercialanma.es\/wp-content\/uploads\/2019\/08\/Absolut-Elyx.jpg?fit=1200%2C1200&ssl=1\",\"width\":1200,\"height\":1200},{\"@type\":\"WebPage\",\"@id\":\"https:\/\/www.comercialanma.es\/?product=vodka-absolut-elyx-1l#webpage\",\"url\":\"https:\/\/www.comercialanma.es\/?product=vodka-absolut-elyx-1l\",\"name\":\"Vodka Absolut Elyx 1L. - Comercial de Hosteleria Anma\",\"isPartOf\":{\"@id\":\"https:\/\/www.comercialanma.es\/#website\"},\"primaryImageOfPage\":{\"@id\":\"https:\/\/www.comercialanma.es\/?product=vodka-absolut-elyx-1l#primaryimage\"},\"datePublished\":\"2019-08-01T14:44:16+00:00\",\"dateModified\":\"2019-08-01T14:47:31+00:00\",\"breadcrumb\":{\"@id\":\"https:\/\/www.comercialanma.es\/?product=vodka-absolut-elyx-1l#breadcrumb\"},\"inLanguage\":\"es\",\"potentialAction\":[{\"@type\":\"ReadAction\",\"target\":[\"https:\/\/www.comercialanma.es\/?product=vodka-absolut-elyx-1l\"]}]},{\"@type\":\"BreadcrumbList\",\"@id\":\"https:\/\/www.comercialanma.es\/?product=vodka-absolut-elyx-1l#breadcrumb\",\"itemListElement\":[{\"@type\":\"ListItem\",\"position\":1,\"item\":{\"@type\":\"WebPage\",\"@id\":\"https:\/\/www.comercialanma.es\/\",\"url\":\"https:\/\/www.comercialanma.es\/\",\"name\":\"Portada\"}},{\"@type\":\"ListItem\",\"position\":2,\"item\":{\"@type\":\"WebPage\",\"@id\":\"https:\/\/www.comercialanma.es\/?page_id=3963\",\"url\":\"https:\/\/www.comercialanma.es\/?page_id=3963\",\"name\":\"Cat\\u00e1logo de Productos\"}},{\"@type\":\"ListItem\",\"position\":3,\"item\":{\"@type\":\"WebPage\",\"@id\":\"https:\/\/www.comercialanma.es\/?product=vodka-absolut-elyx-1l\",\"url\":\"https:\/\/www.comercialanma.es\/?product=vodka-absolut-elyx-1l\",\"name\":\"Vodka Absolut Elyx 1L.\"}}]}]}<\/script>\n<!-- \/ Yoast SEO plugin. -->","_links":{"self":[{"href":"https:\/\/www.comercialanma.es\/index.php?rest_route=\/wp\/v2\/product\/9059"}],"collection":[{"href":"https:\/\/www.comercialanma.es\/index.php?rest_route=\/wp\/v2\/product"}],"about":[{"href":"https:\/\/www.comercialanma.es\/index.php?rest_route=\/wp\/v2\/types\/product"}],"version-history":[{"count":1,"href":"https:\/\/www.comercialanma.es\/index.php?rest_route=\/wp\/v2\/product\/9059\/revisions"}],"predecessor-version":[{"id":9061,"href":"https:\/\/www.comercialanma.es\/index.php?rest_route=\/wp\/v2\/product\/9059\/revisions\/9061"}],"wp:featuredmedia":[{"embeddable":true,"href":"https:\/\/www.comercialanma.es\/index.php?rest_route=\/wp\/v2\/media\/9060"}],"wp:attachment":[{"href":"https:\/\/www.comercialanma.es\/index.php?rest_route=%2Fwp%2Fv2%2Fmedia&parent=9059"}],"curies":[{"name":"wp","href":"https:\/\/api.w.org\/{rel}","templated":true}]}}