
{"id":9077,"date":"2019-08-01T17:13:48","date_gmt":"2019-08-01T15:13:48","guid":{"rendered":"http:\/\/www.comercialanma.es\/?post_type=product&#038;p=9077"},"modified":"2023-08-21T15:39:06","modified_gmt":"2023-08-21T13:39:06","slug":"vodka-eristoff-pink","status":"publish","type":"product","link":"https:\/\/www.comercialanma.es\/?product=vodka-eristoff-pink","title":{"rendered":"Vodka Eristoff Pink 70cl."},"content":{"rendered":"<p>Eristoff Pink 70 CL\u00a0es una bebida alcoh\u00f3lica de la marca Eristoff que se elabora con vodka y saborizantes naturales de frutas, especialmente de la frambuesa. Tiene un contenido de alcohol del 20% y se presenta en una botella de vidrio de 70 centilitros.<\/p>\n<p>Esta bebida es conocida por su suave sabor y aroma afrutado, lo que la hace una opci\u00f3n popular para aquellos que prefieren bebidas alcoh\u00f3licas suaves y con un toque de sabor a frutas. Es ideal para disfrutar en c\u00f3cteles y para mezclar con otras bebidas.<\/p>\n<p>Eristoff Pink 70 CL es una variante de la marca Eristoff, que es conocida por su vodka premium elaborado en Georgia desde 1806. Eristoff Pink es una opci\u00f3n popular para aquellos que buscan una bebida alcoh\u00f3lica suave y afrutada, perfecta para disfrutar en cualquier ocasi\u00f3n.<\/p>\n","protected":false},"excerpt":{"rendered":"<p>Vodka Eristoff Pink | 20\u00ba alcohol | Rusia |<\/p>\n<p>Suave sabor y aroma afrutado. Perfecta para disfrutar en cualquier ocasi\u00f3n.<\/p>\n","protected":false},"featured_media":22376,"template":"","meta":{"spay_email":""},"yoast_head":"<!-- This site is optimized with the Yoast SEO plugin v15.9 - https:\/\/yoast.com\/wordpress\/plugins\/seo\/ -->\n<title>Vodka Eristoff Pink 70cl. - Comercial de Hosteleria Anma<\/title>\n<meta name=\"description\" content=\"Vodka Eristoff Pink | 20\u00ba alcohol | Rusia | Suave sabor y aroma afrutado. Perfecta para disfrutar en cualquier ocasi\u00f3n.\" \/>\n<meta name=\"robots\" content=\"index, follow, max-snippet:-1, max-image-preview:large, max-video-preview:-1\" \/>\n<link rel=\"canonical\" href=\"https:\/\/www.comercialanma.es\/?product=vodka-eristoff-pink\" \/>\n<meta property=\"og:locale\" content=\"es_ES\" \/>\n<meta property=\"og:type\" content=\"article\" \/>\n<meta property=\"og:title\" content=\"Vodka Eristoff Pink 70cl. - Comercial de Hosteleria Anma\" \/>\n<meta property=\"og:description\" content=\"Vodka Eristoff Pink | 20\u00ba alcohol | Rusia | Suave sabor y aroma afrutado. Perfecta para disfrutar en cualquier ocasi\u00f3n.\" \/>\n<meta property=\"og:url\" content=\"https:\/\/www.comercialanma.es\/?product=vodka-eristoff-pink\" \/>\n<meta property=\"og:site_name\" content=\"Comercial de Hosteleria Anma\" \/>\n<meta property=\"article:publisher\" content=\"https:\/\/www.facebook.com\/AnmaHosteleria\" \/>\n<meta property=\"article:modified_time\" content=\"2023-08-21T13:39:06+00:00\" \/>\n<meta property=\"og:image\" content=\"https:\/\/i1.wp.com\/www.comercialanma.es\/wp-content\/uploads\/2019\/08\/Eristoff-pink.jpg?fit=1080%2C1080&#038;ssl=1\" \/>\n\t<meta property=\"og:image:width\" content=\"1080\" \/>\n\t<meta property=\"og:image:height\" content=\"1080\" \/>\n<meta name=\"twitter:card\" content=\"summary_large_image\" \/>\n<meta name=\"twitter:label1\" content=\"Tiempo de lectura\">\n\t<meta name=\"twitter:data1\" content=\"1 minuto\">\n<script type=\"application\/ld+json\" class=\"yoast-schema-graph\">{\"@context\":\"https:\/\/schema.org\",\"@graph\":[{\"@type\":\"Organization\",\"@id\":\"https:\/\/www.comercialanma.es\/#organization\",\"name\":\"Comercial Anma\",\"url\":\"https:\/\/www.comercialanma.es\/\",\"sameAs\":[\"https:\/\/www.facebook.com\/AnmaHosteleria\",\"https:\/\/www.instagram.com\/anmahosteleria\/?hl=es\",\"https:\/\/www.youtube.com\/channel\/UCT2nmn08Ntks0hmpZPnDgCA\"],\"logo\":{\"@type\":\"ImageObject\",\"@id\":\"https:\/\/www.comercialanma.es\/#logo\",\"inLanguage\":\"es\",\"url\":\"https:\/\/i2.wp.com\/www.comercialanma.es\/wp-content\/uploads\/2019\/06\/logo-anma-color.png?fit=247%2C101&ssl=1\",\"width\":247,\"height\":101,\"caption\":\"Comercial Anma\"},\"image\":{\"@id\":\"https:\/\/www.comercialanma.es\/#logo\"}},{\"@type\":\"WebSite\",\"@id\":\"https:\/\/www.comercialanma.es\/#website\",\"url\":\"https:\/\/www.comercialanma.es\/\",\"name\":\"Comercial de Hosteleria Anma\",\"description\":\"\",\"publisher\":{\"@id\":\"https:\/\/www.comercialanma.es\/#organization\"},\"potentialAction\":[{\"@type\":\"SearchAction\",\"target\":\"https:\/\/www.comercialanma.es\/?s={search_term_string}\",\"query-input\":\"required name=search_term_string\"}],\"inLanguage\":\"es\"},{\"@type\":\"ImageObject\",\"@id\":\"https:\/\/www.comercialanma.es\/?product=vodka-eristoff-pink#primaryimage\",\"inLanguage\":\"es\",\"url\":\"https:\/\/i1.wp.com\/www.comercialanma.es\/wp-content\/uploads\/2019\/08\/Eristoff-pink.jpg?fit=1080%2C1080&ssl=1\",\"width\":1080,\"height\":1080},{\"@type\":\"WebPage\",\"@id\":\"https:\/\/www.comercialanma.es\/?product=vodka-eristoff-pink#webpage\",\"url\":\"https:\/\/www.comercialanma.es\/?product=vodka-eristoff-pink\",\"name\":\"Vodka Eristoff Pink 70cl. - Comercial de Hosteleria Anma\",\"isPartOf\":{\"@id\":\"https:\/\/www.comercialanma.es\/#website\"},\"primaryImageOfPage\":{\"@id\":\"https:\/\/www.comercialanma.es\/?product=vodka-eristoff-pink#primaryimage\"},\"datePublished\":\"2019-08-01T15:13:48+00:00\",\"dateModified\":\"2023-08-21T13:39:06+00:00\",\"description\":\"Vodka Eristoff Pink | 20\\u00ba alcohol | Rusia | Suave sabor y aroma afrutado. Perfecta para disfrutar en cualquier ocasi\\u00f3n.\",\"breadcrumb\":{\"@id\":\"https:\/\/www.comercialanma.es\/?product=vodka-eristoff-pink#breadcrumb\"},\"inLanguage\":\"es\",\"potentialAction\":[{\"@type\":\"ReadAction\",\"target\":[\"https:\/\/www.comercialanma.es\/?product=vodka-eristoff-pink\"]}]},{\"@type\":\"BreadcrumbList\",\"@id\":\"https:\/\/www.comercialanma.es\/?product=vodka-eristoff-pink#breadcrumb\",\"itemListElement\":[{\"@type\":\"ListItem\",\"position\":1,\"item\":{\"@type\":\"WebPage\",\"@id\":\"https:\/\/www.comercialanma.es\/\",\"url\":\"https:\/\/www.comercialanma.es\/\",\"name\":\"Portada\"}},{\"@type\":\"ListItem\",\"position\":2,\"item\":{\"@type\":\"WebPage\",\"@id\":\"https:\/\/www.comercialanma.es\/?page_id=3963\",\"url\":\"https:\/\/www.comercialanma.es\/?page_id=3963\",\"name\":\"Cat\\u00e1logo de Productos\"}},{\"@type\":\"ListItem\",\"position\":3,\"item\":{\"@type\":\"WebPage\",\"@id\":\"https:\/\/www.comercialanma.es\/?product=vodka-eristoff-pink\",\"url\":\"https:\/\/www.comercialanma.es\/?product=vodka-eristoff-pink\",\"name\":\"Vodka Eristoff Pink 70cl.\"}}]}]}<\/script>\n<!-- \/ Yoast SEO plugin. -->","_links":{"self":[{"href":"https:\/\/www.comercialanma.es\/index.php?rest_route=\/wp\/v2\/product\/9077"}],"collection":[{"href":"https:\/\/www.comercialanma.es\/index.php?rest_route=\/wp\/v2\/product"}],"about":[{"href":"https:\/\/www.comercialanma.es\/index.php?rest_route=\/wp\/v2\/types\/product"}],"version-history":[{"count":2,"href":"https:\/\/www.comercialanma.es\/index.php?rest_route=\/wp\/v2\/product\/9077\/revisions"}],"predecessor-version":[{"id":22377,"href":"https:\/\/www.comercialanma.es\/index.php?rest_route=\/wp\/v2\/product\/9077\/revisions\/22377"}],"wp:featuredmedia":[{"embeddable":true,"href":"https:\/\/www.comercialanma.es\/index.php?rest_route=\/wp\/v2\/media\/22376"}],"wp:attachment":[{"href":"https:\/\/www.comercialanma.es\/index.php?rest_route=%2Fwp%2Fv2%2Fmedia&parent=9077"}],"curies":[{"name":"wp","href":"https:\/\/api.w.org\/{rel}","templated":true}]}}