
{"id":9080,"date":"2019-08-01T17:24:10","date_gmt":"2019-08-01T15:24:10","guid":{"rendered":"http:\/\/www.comercialanma.es\/?post_type=product&#038;p=9080"},"modified":"2019-08-01T17:30:15","modified_gmt":"2019-08-01T15:30:15","slug":"vodka-grey-goose-la-lumiere-175l","status":"publish","type":"product","link":"https:\/\/www.comercialanma.es\/?product=vodka-grey-goose-la-lumiere-175l","title":{"rendered":"Vodka Grey Goose La Lumi\u00e8re 1,75L."},"content":{"rendered":"","protected":false},"excerpt":{"rendered":"<section id=\"tab2\" class=\"tab-pane page-product-box active\">\n<div class=\"rte\"><span class=\"tlid-translation translation\" lang=\"es\"><span class=\"\" title=\"\">La edici\u00f3n limitada de Grey Goose La Lumi\u00e8re generalmente solo est\u00e1 disponible en clubes nocturnos exclusivos, pero gracias a Urban Drinks, ahora puede comprar la botella iluminada para su hogar. Inspirada en &#8220;La F\u00eate des Lumi\u00e8res&#8221; en Lyon, el festival anual de luces de la ciudad, la botella llamar\u00e1 la atenci\u00f3n. Dentro de La Lumi\u00e8re encontrar\u00e1s tu vodka original Grey Goose favorito.<br \/>\nLa luz LED se instala en la parte inferior de la botella y har\u00e1 que todo se ilumine con solo presionar el bot\u00f3n. \u00a1Con este centro de atenci\u00f3n en la mesa o en el bar de tu casa, ser\u00e1s la estrella de la noche!<\/span><\/span><\/div>\n<div>Graduaci\u00f3n: 40% vol.<\/div>\n<\/section>\n","protected":false},"featured_media":9081,"template":"","meta":{"spay_email":""},"yoast_head":"<!-- This site is optimized with the Yoast SEO plugin v15.9 - https:\/\/yoast.com\/wordpress\/plugins\/seo\/ -->\n<title>Vodka Grey Goose La Lumi\u00e8re 1,75L. - Comercial de Hosteleria Anma<\/title>\n<meta name=\"robots\" content=\"index, follow, max-snippet:-1, max-image-preview:large, max-video-preview:-1\" \/>\n<link rel=\"canonical\" href=\"https:\/\/www.comercialanma.es\/?product=vodka-grey-goose-la-lumiere-175l\" \/>\n<meta property=\"og:locale\" content=\"es_ES\" \/>\n<meta property=\"og:type\" content=\"article\" \/>\n<meta property=\"og:title\" content=\"Vodka Grey Goose La Lumi\u00e8re 1,75L. - Comercial de Hosteleria Anma\" \/>\n<meta property=\"og:description\" content=\"La edici\u00f3n limitada de Grey Goose La Lumi\u00e8re generalmente solo est\u00e1 disponible en clubes nocturnos exclusivos, pero gracias a Urban Drinks, ahora puede comprar la botella iluminada para su hogar. Inspirada en &quot;La F\u00eate des Lumi\u00e8res&quot; en Lyon, el festival anual de luces de la ciudad, la botella llamar\u00e1 la atenci\u00f3n. Dentro de La Lumi\u00e8re encontrar\u00e1s tu vodka original Grey Goose favorito. La luz LED se instala en la parte inferior de la botella y har\u00e1 que todo se ilumine con solo presionar el bot\u00f3n. \u00a1Con este centro de atenci\u00f3n en la mesa o en el bar de tu casa, ser\u00e1s la estrella de la noche! Graduaci\u00f3n: 40% vol.\" \/>\n<meta property=\"og:url\" content=\"https:\/\/www.comercialanma.es\/?product=vodka-grey-goose-la-lumiere-175l\" \/>\n<meta property=\"og:site_name\" content=\"Comercial de Hosteleria Anma\" \/>\n<meta property=\"article:publisher\" content=\"https:\/\/www.facebook.com\/AnmaHosteleria\" \/>\n<meta property=\"article:modified_time\" content=\"2019-08-01T15:30:15+00:00\" \/>\n<meta property=\"og:image\" content=\"https:\/\/i1.wp.com\/www.comercialanma.es\/wp-content\/uploads\/2019\/08\/Grey-Goose-La-Lumiere.jpg?fit=1200%2C1200&#038;ssl=1\" \/>\n\t<meta property=\"og:image:width\" content=\"1200\" \/>\n\t<meta property=\"og:image:height\" content=\"1200\" \/>\n<meta name=\"twitter:card\" content=\"summary_large_image\" \/>\n<script type=\"application\/ld+json\" class=\"yoast-schema-graph\">{\"@context\":\"https:\/\/schema.org\",\"@graph\":[{\"@type\":\"Organization\",\"@id\":\"https:\/\/www.comercialanma.es\/#organization\",\"name\":\"Comercial Anma\",\"url\":\"https:\/\/www.comercialanma.es\/\",\"sameAs\":[\"https:\/\/www.facebook.com\/AnmaHosteleria\",\"https:\/\/www.instagram.com\/anmahosteleria\/?hl=es\",\"https:\/\/www.youtube.com\/channel\/UCT2nmn08Ntks0hmpZPnDgCA\"],\"logo\":{\"@type\":\"ImageObject\",\"@id\":\"https:\/\/www.comercialanma.es\/#logo\",\"inLanguage\":\"es\",\"url\":\"https:\/\/i2.wp.com\/www.comercialanma.es\/wp-content\/uploads\/2019\/06\/logo-anma-color.png?fit=247%2C101&ssl=1\",\"width\":247,\"height\":101,\"caption\":\"Comercial Anma\"},\"image\":{\"@id\":\"https:\/\/www.comercialanma.es\/#logo\"}},{\"@type\":\"WebSite\",\"@id\":\"https:\/\/www.comercialanma.es\/#website\",\"url\":\"https:\/\/www.comercialanma.es\/\",\"name\":\"Comercial de Hosteleria Anma\",\"description\":\"\",\"publisher\":{\"@id\":\"https:\/\/www.comercialanma.es\/#organization\"},\"potentialAction\":[{\"@type\":\"SearchAction\",\"target\":\"https:\/\/www.comercialanma.es\/?s={search_term_string}\",\"query-input\":\"required name=search_term_string\"}],\"inLanguage\":\"es\"},{\"@type\":\"ImageObject\",\"@id\":\"https:\/\/www.comercialanma.es\/?product=vodka-grey-goose-la-lumiere-175l#primaryimage\",\"inLanguage\":\"es\",\"url\":\"https:\/\/i1.wp.com\/www.comercialanma.es\/wp-content\/uploads\/2019\/08\/Grey-Goose-La-Lumiere.jpg?fit=1200%2C1200&ssl=1\",\"width\":1200,\"height\":1200},{\"@type\":\"WebPage\",\"@id\":\"https:\/\/www.comercialanma.es\/?product=vodka-grey-goose-la-lumiere-175l#webpage\",\"url\":\"https:\/\/www.comercialanma.es\/?product=vodka-grey-goose-la-lumiere-175l\",\"name\":\"Vodka Grey Goose La Lumi\\u00e8re 1,75L. - Comercial de Hosteleria Anma\",\"isPartOf\":{\"@id\":\"https:\/\/www.comercialanma.es\/#website\"},\"primaryImageOfPage\":{\"@id\":\"https:\/\/www.comercialanma.es\/?product=vodka-grey-goose-la-lumiere-175l#primaryimage\"},\"datePublished\":\"2019-08-01T15:24:10+00:00\",\"dateModified\":\"2019-08-01T15:30:15+00:00\",\"breadcrumb\":{\"@id\":\"https:\/\/www.comercialanma.es\/?product=vodka-grey-goose-la-lumiere-175l#breadcrumb\"},\"inLanguage\":\"es\",\"potentialAction\":[{\"@type\":\"ReadAction\",\"target\":[\"https:\/\/www.comercialanma.es\/?product=vodka-grey-goose-la-lumiere-175l\"]}]},{\"@type\":\"BreadcrumbList\",\"@id\":\"https:\/\/www.comercialanma.es\/?product=vodka-grey-goose-la-lumiere-175l#breadcrumb\",\"itemListElement\":[{\"@type\":\"ListItem\",\"position\":1,\"item\":{\"@type\":\"WebPage\",\"@id\":\"https:\/\/www.comercialanma.es\/\",\"url\":\"https:\/\/www.comercialanma.es\/\",\"name\":\"Portada\"}},{\"@type\":\"ListItem\",\"position\":2,\"item\":{\"@type\":\"WebPage\",\"@id\":\"https:\/\/www.comercialanma.es\/?page_id=3963\",\"url\":\"https:\/\/www.comercialanma.es\/?page_id=3963\",\"name\":\"Cat\\u00e1logo de Productos\"}},{\"@type\":\"ListItem\",\"position\":3,\"item\":{\"@type\":\"WebPage\",\"@id\":\"https:\/\/www.comercialanma.es\/?product=vodka-grey-goose-la-lumiere-175l\",\"url\":\"https:\/\/www.comercialanma.es\/?product=vodka-grey-goose-la-lumiere-175l\",\"name\":\"Vodka Grey Goose La Lumi\\u00e8re 1,75L.\"}}]}]}<\/script>\n<!-- \/ Yoast SEO plugin. -->","_links":{"self":[{"href":"https:\/\/www.comercialanma.es\/index.php?rest_route=\/wp\/v2\/product\/9080"}],"collection":[{"href":"https:\/\/www.comercialanma.es\/index.php?rest_route=\/wp\/v2\/product"}],"about":[{"href":"https:\/\/www.comercialanma.es\/index.php?rest_route=\/wp\/v2\/types\/product"}],"version-history":[{"count":1,"href":"https:\/\/www.comercialanma.es\/index.php?rest_route=\/wp\/v2\/product\/9080\/revisions"}],"predecessor-version":[{"id":9082,"href":"https:\/\/www.comercialanma.es\/index.php?rest_route=\/wp\/v2\/product\/9080\/revisions\/9082"}],"wp:featuredmedia":[{"embeddable":true,"href":"https:\/\/www.comercialanma.es\/index.php?rest_route=\/wp\/v2\/media\/9081"}],"wp:attachment":[{"href":"https:\/\/www.comercialanma.es\/index.php?rest_route=%2Fwp%2Fv2%2Fmedia&parent=9080"}],"curies":[{"name":"wp","href":"https:\/\/api.w.org\/{rel}","templated":true}]}}