
{"id":9108,"date":"2019-08-02T08:18:03","date_gmt":"2019-08-02T06:18:03","guid":{"rendered":"http:\/\/www.comercialanma.es\/?post_type=product&#038;p=9108"},"modified":"2019-08-02T09:25:09","modified_gmt":"2019-08-02T07:25:09","slug":"baristo","status":"publish","type":"product","link":"https:\/\/www.comercialanma.es\/?product=baristo","title":{"rendered":"Licor 43 Baristo 70cl."},"content":{"rendered":"<ul>\n<li>Este extraordinario y exclusivo caf\u00e9 canario, rico en matices, como chocolate y frutos secos, y en armon\u00eda con la vainilla, bot\u00e1nicos y c\u00edtricos de Licor 43 Original, aportan a Licor 43 Baristo un sabor \u00fanico y sorprendente.<\/li>\n<li>La combinacion de la dulzura de Licor 43 y el sabor firme y caracteristico de los granos de cafe lo convierte en una gran experiencia de sabor.<\/li>\n<li>Perfecto para las noches frescas o como digestivo en una cena.<\/li>\n<li>Graduaci\u00f3n: 31% vol.<\/li>\n<\/ul>\n","protected":false},"excerpt":{"rendered":"<p>El envase de Licor 43 Baristo rinde homenaje al caf\u00e9 con una base m\u00e1s oscura y una etiqueta estilo Art Dec\u00f3 inspirada en los caf\u00e9s cl\u00e1sicos de principios del siglo XX. \u201cLicor 43 Baristo responde a las demandas de los consumidores de l\u00edquidos naturales y complejos y a la creciente tendencia del caf\u00e9\u201d, dijo Thomas Clamens, director gerente de Zamora Company International. \u201cEl l\u00edquido es como ning\u00fan otro, ofreciendo a los consumidores una experiencia de bebida completamente diferente, lo mejor del Licor 43 y el raro y especial caf\u00e9 canario\u201d.<\/p>\n","protected":false},"featured_media":9109,"template":"","meta":{"spay_email":""},"yoast_head":"<!-- This site is optimized with the Yoast SEO plugin v15.9 - https:\/\/yoast.com\/wordpress\/plugins\/seo\/ -->\n<title>Licor 43 Baristo 70cl. - Comercial de Hosteleria Anma<\/title>\n<meta name=\"robots\" content=\"index, follow, max-snippet:-1, max-image-preview:large, max-video-preview:-1\" \/>\n<link rel=\"canonical\" href=\"https:\/\/www.comercialanma.es\/?product=baristo\" \/>\n<meta property=\"og:locale\" content=\"es_ES\" \/>\n<meta property=\"og:type\" content=\"article\" \/>\n<meta property=\"og:title\" content=\"Licor 43 Baristo 70cl. - Comercial de Hosteleria Anma\" \/>\n<meta property=\"og:description\" content=\"El envase de Licor 43 Baristo rinde homenaje al caf\u00e9 con una base m\u00e1s oscura y una etiqueta estilo Art Dec\u00f3 inspirada en los caf\u00e9s cl\u00e1sicos de principios del siglo XX. \u201cLicor 43 Baristo responde a las demandas de los consumidores de l\u00edquidos naturales y complejos y a la creciente tendencia del caf\u00e9\u201d, dijo Thomas Clamens, director gerente de Zamora Company International. \u201cEl l\u00edquido es como ning\u00fan otro, ofreciendo a los consumidores una experiencia de bebida completamente diferente, lo mejor del Licor 43 y el raro y especial caf\u00e9 canario\u201d.\" \/>\n<meta property=\"og:url\" content=\"https:\/\/www.comercialanma.es\/?product=baristo\" \/>\n<meta property=\"og:site_name\" content=\"Comercial de Hosteleria Anma\" \/>\n<meta property=\"article:publisher\" content=\"https:\/\/www.facebook.com\/AnmaHosteleria\" \/>\n<meta property=\"article:modified_time\" content=\"2019-08-02T07:25:09+00:00\" \/>\n<meta property=\"og:image\" content=\"https:\/\/i0.wp.com\/www.comercialanma.es\/wp-content\/uploads\/2019\/08\/Licor-43-Baristo.jpg?fit=1200%2C1200&#038;ssl=1\" \/>\n\t<meta property=\"og:image:width\" content=\"1200\" \/>\n\t<meta property=\"og:image:height\" content=\"1200\" \/>\n<meta name=\"twitter:card\" content=\"summary_large_image\" \/>\n<script type=\"application\/ld+json\" class=\"yoast-schema-graph\">{\"@context\":\"https:\/\/schema.org\",\"@graph\":[{\"@type\":\"Organization\",\"@id\":\"https:\/\/www.comercialanma.es\/#organization\",\"name\":\"Comercial Anma\",\"url\":\"https:\/\/www.comercialanma.es\/\",\"sameAs\":[\"https:\/\/www.facebook.com\/AnmaHosteleria\",\"https:\/\/www.instagram.com\/anmahosteleria\/?hl=es\",\"https:\/\/www.youtube.com\/channel\/UCT2nmn08Ntks0hmpZPnDgCA\"],\"logo\":{\"@type\":\"ImageObject\",\"@id\":\"https:\/\/www.comercialanma.es\/#logo\",\"inLanguage\":\"es\",\"url\":\"https:\/\/i2.wp.com\/www.comercialanma.es\/wp-content\/uploads\/2019\/06\/logo-anma-color.png?fit=247%2C101&ssl=1\",\"width\":247,\"height\":101,\"caption\":\"Comercial Anma\"},\"image\":{\"@id\":\"https:\/\/www.comercialanma.es\/#logo\"}},{\"@type\":\"WebSite\",\"@id\":\"https:\/\/www.comercialanma.es\/#website\",\"url\":\"https:\/\/www.comercialanma.es\/\",\"name\":\"Comercial de Hosteleria Anma\",\"description\":\"\",\"publisher\":{\"@id\":\"https:\/\/www.comercialanma.es\/#organization\"},\"potentialAction\":[{\"@type\":\"SearchAction\",\"target\":\"https:\/\/www.comercialanma.es\/?s={search_term_string}\",\"query-input\":\"required name=search_term_string\"}],\"inLanguage\":\"es\"},{\"@type\":\"ImageObject\",\"@id\":\"https:\/\/www.comercialanma.es\/?product=baristo#primaryimage\",\"inLanguage\":\"es\",\"url\":\"https:\/\/i0.wp.com\/www.comercialanma.es\/wp-content\/uploads\/2019\/08\/Licor-43-Baristo.jpg?fit=1200%2C1200&ssl=1\",\"width\":1200,\"height\":1200},{\"@type\":\"WebPage\",\"@id\":\"https:\/\/www.comercialanma.es\/?product=baristo#webpage\",\"url\":\"https:\/\/www.comercialanma.es\/?product=baristo\",\"name\":\"Licor 43 Baristo 70cl. - Comercial de Hosteleria Anma\",\"isPartOf\":{\"@id\":\"https:\/\/www.comercialanma.es\/#website\"},\"primaryImageOfPage\":{\"@id\":\"https:\/\/www.comercialanma.es\/?product=baristo#primaryimage\"},\"datePublished\":\"2019-08-02T06:18:03+00:00\",\"dateModified\":\"2019-08-02T07:25:09+00:00\",\"breadcrumb\":{\"@id\":\"https:\/\/www.comercialanma.es\/?product=baristo#breadcrumb\"},\"inLanguage\":\"es\",\"potentialAction\":[{\"@type\":\"ReadAction\",\"target\":[\"https:\/\/www.comercialanma.es\/?product=baristo\"]}]},{\"@type\":\"BreadcrumbList\",\"@id\":\"https:\/\/www.comercialanma.es\/?product=baristo#breadcrumb\",\"itemListElement\":[{\"@type\":\"ListItem\",\"position\":1,\"item\":{\"@type\":\"WebPage\",\"@id\":\"https:\/\/www.comercialanma.es\/\",\"url\":\"https:\/\/www.comercialanma.es\/\",\"name\":\"Portada\"}},{\"@type\":\"ListItem\",\"position\":2,\"item\":{\"@type\":\"WebPage\",\"@id\":\"https:\/\/www.comercialanma.es\/?page_id=3963\",\"url\":\"https:\/\/www.comercialanma.es\/?page_id=3963\",\"name\":\"Cat\\u00e1logo de Productos\"}},{\"@type\":\"ListItem\",\"position\":3,\"item\":{\"@type\":\"WebPage\",\"@id\":\"https:\/\/www.comercialanma.es\/?product=baristo\",\"url\":\"https:\/\/www.comercialanma.es\/?product=baristo\",\"name\":\"Licor 43 Baristo 70cl.\"}}]}]}<\/script>\n<!-- \/ Yoast SEO plugin. -->","_links":{"self":[{"href":"https:\/\/www.comercialanma.es\/index.php?rest_route=\/wp\/v2\/product\/9108"}],"collection":[{"href":"https:\/\/www.comercialanma.es\/index.php?rest_route=\/wp\/v2\/product"}],"about":[{"href":"https:\/\/www.comercialanma.es\/index.php?rest_route=\/wp\/v2\/types\/product"}],"version-history":[{"count":2,"href":"https:\/\/www.comercialanma.es\/index.php?rest_route=\/wp\/v2\/product\/9108\/revisions"}],"predecessor-version":[{"id":9111,"href":"https:\/\/www.comercialanma.es\/index.php?rest_route=\/wp\/v2\/product\/9108\/revisions\/9111"}],"wp:featuredmedia":[{"embeddable":true,"href":"https:\/\/www.comercialanma.es\/index.php?rest_route=\/wp\/v2\/media\/9109"}],"wp:attachment":[{"href":"https:\/\/www.comercialanma.es\/index.php?rest_route=%2Fwp%2Fv2%2Fmedia&parent=9108"}],"curies":[{"name":"wp","href":"https:\/\/api.w.org\/{rel}","templated":true}]}}