
{"id":9118,"date":"2019-08-02T09:26:26","date_gmt":"2019-08-02T07:26:26","guid":{"rendered":"http:\/\/www.comercialanma.es\/?post_type=product&#038;p=9118"},"modified":"2019-08-02T09:46:09","modified_gmt":"2019-08-02T07:46:09","slug":"vodka-sobieski-estate-70cl","status":"publish","type":"product","link":"https:\/\/www.comercialanma.es\/?product=vodka-sobieski-estate-70cl","title":{"rendered":"Vodka Sobieski Estate 70cl."},"content":{"rendered":"","protected":false},"excerpt":{"rendered":"<p>Sobieski es un vodka Premiun producido en Polonia de 40,0 % alc.\/vol., obtenido por un proceso de destilaci\u00f3n de grano de centeno Dankowski. Su nombre se debe al \u00faltimo rey polaco, que rein\u00f3 en el Siglo XVII, Jan III Sobieski. Se empez\u00f3 a producir en 1817, y en la actualidad es producido por Destylarmia Sobiesky S.A., propiedad de Belvedere. Se presenta en una botella cl\u00e1sica, transparente, de etiqueta roja, con una medalla grabada en los hombros, de 700 ml. Recientemente se ha encargado de la publicidad al actor Bruce Willis. Existen variedades con diversos sabores, y la Sobiesky Estate, de calidad super Premium.<\/p>\n<p>Graduaci\u00f3n: 40% vol.<\/p>\n","protected":false},"featured_media":9119,"template":"","meta":{"spay_email":""},"yoast_head":"<!-- This site is optimized with the Yoast SEO plugin v15.9 - https:\/\/yoast.com\/wordpress\/plugins\/seo\/ -->\n<title>Vodka Sobieski Estate 70cl. - Comercial de Hosteleria Anma<\/title>\n<meta name=\"robots\" content=\"index, follow, max-snippet:-1, max-image-preview:large, max-video-preview:-1\" \/>\n<link rel=\"canonical\" href=\"https:\/\/www.comercialanma.es\/?product=vodka-sobieski-estate-70cl\" \/>\n<meta property=\"og:locale\" content=\"es_ES\" \/>\n<meta property=\"og:type\" content=\"article\" \/>\n<meta property=\"og:title\" content=\"Vodka Sobieski Estate 70cl. - Comercial de Hosteleria Anma\" \/>\n<meta property=\"og:description\" content=\"Sobieski es un vodka Premiun producido en Polonia de 40,0 % alc.\/vol., obtenido por un proceso de destilaci\u00f3n de grano de centeno Dankowski. Su nombre se debe al \u00faltimo rey polaco, que rein\u00f3 en el Siglo XVII, Jan III Sobieski. Se empez\u00f3 a producir en 1817, y en la actualidad es producido por Destylarmia Sobiesky S.A., propiedad de Belvedere. Se presenta en una botella cl\u00e1sica, transparente, de etiqueta roja, con una medalla grabada en los hombros, de 700 ml. Recientemente se ha encargado de la publicidad al actor Bruce Willis. Existen variedades con diversos sabores, y la Sobiesky Estate, de calidad super Premium.  Graduaci\u00f3n: 40% vol.\" \/>\n<meta property=\"og:url\" content=\"https:\/\/www.comercialanma.es\/?product=vodka-sobieski-estate-70cl\" \/>\n<meta property=\"og:site_name\" content=\"Comercial de Hosteleria Anma\" \/>\n<meta property=\"article:publisher\" content=\"https:\/\/www.facebook.com\/AnmaHosteleria\" \/>\n<meta property=\"article:modified_time\" content=\"2019-08-02T07:46:09+00:00\" \/>\n<meta property=\"og:image\" content=\"https:\/\/i2.wp.com\/www.comercialanma.es\/wp-content\/uploads\/2019\/08\/Sobieski-State.jpg?fit=1200%2C1200&#038;ssl=1\" \/>\n\t<meta property=\"og:image:width\" content=\"1200\" \/>\n\t<meta property=\"og:image:height\" content=\"1200\" \/>\n<meta name=\"twitter:card\" content=\"summary_large_image\" \/>\n<script type=\"application\/ld+json\" class=\"yoast-schema-graph\">{\"@context\":\"https:\/\/schema.org\",\"@graph\":[{\"@type\":\"Organization\",\"@id\":\"https:\/\/www.comercialanma.es\/#organization\",\"name\":\"Comercial Anma\",\"url\":\"https:\/\/www.comercialanma.es\/\",\"sameAs\":[\"https:\/\/www.facebook.com\/AnmaHosteleria\",\"https:\/\/www.instagram.com\/anmahosteleria\/?hl=es\",\"https:\/\/www.youtube.com\/channel\/UCT2nmn08Ntks0hmpZPnDgCA\"],\"logo\":{\"@type\":\"ImageObject\",\"@id\":\"https:\/\/www.comercialanma.es\/#logo\",\"inLanguage\":\"es\",\"url\":\"https:\/\/i2.wp.com\/www.comercialanma.es\/wp-content\/uploads\/2019\/06\/logo-anma-color.png?fit=247%2C101&ssl=1\",\"width\":247,\"height\":101,\"caption\":\"Comercial Anma\"},\"image\":{\"@id\":\"https:\/\/www.comercialanma.es\/#logo\"}},{\"@type\":\"WebSite\",\"@id\":\"https:\/\/www.comercialanma.es\/#website\",\"url\":\"https:\/\/www.comercialanma.es\/\",\"name\":\"Comercial de Hosteleria Anma\",\"description\":\"\",\"publisher\":{\"@id\":\"https:\/\/www.comercialanma.es\/#organization\"},\"potentialAction\":[{\"@type\":\"SearchAction\",\"target\":\"https:\/\/www.comercialanma.es\/?s={search_term_string}\",\"query-input\":\"required name=search_term_string\"}],\"inLanguage\":\"es\"},{\"@type\":\"ImageObject\",\"@id\":\"https:\/\/www.comercialanma.es\/?product=vodka-sobieski-estate-70cl#primaryimage\",\"inLanguage\":\"es\",\"url\":\"https:\/\/i2.wp.com\/www.comercialanma.es\/wp-content\/uploads\/2019\/08\/Sobieski-State.jpg?fit=1200%2C1200&ssl=1\",\"width\":1200,\"height\":1200},{\"@type\":\"WebPage\",\"@id\":\"https:\/\/www.comercialanma.es\/?product=vodka-sobieski-estate-70cl#webpage\",\"url\":\"https:\/\/www.comercialanma.es\/?product=vodka-sobieski-estate-70cl\",\"name\":\"Vodka Sobieski Estate 70cl. - Comercial de Hosteleria Anma\",\"isPartOf\":{\"@id\":\"https:\/\/www.comercialanma.es\/#website\"},\"primaryImageOfPage\":{\"@id\":\"https:\/\/www.comercialanma.es\/?product=vodka-sobieski-estate-70cl#primaryimage\"},\"datePublished\":\"2019-08-02T07:26:26+00:00\",\"dateModified\":\"2019-08-02T07:46:09+00:00\",\"breadcrumb\":{\"@id\":\"https:\/\/www.comercialanma.es\/?product=vodka-sobieski-estate-70cl#breadcrumb\"},\"inLanguage\":\"es\",\"potentialAction\":[{\"@type\":\"ReadAction\",\"target\":[\"https:\/\/www.comercialanma.es\/?product=vodka-sobieski-estate-70cl\"]}]},{\"@type\":\"BreadcrumbList\",\"@id\":\"https:\/\/www.comercialanma.es\/?product=vodka-sobieski-estate-70cl#breadcrumb\",\"itemListElement\":[{\"@type\":\"ListItem\",\"position\":1,\"item\":{\"@type\":\"WebPage\",\"@id\":\"https:\/\/www.comercialanma.es\/\",\"url\":\"https:\/\/www.comercialanma.es\/\",\"name\":\"Portada\"}},{\"@type\":\"ListItem\",\"position\":2,\"item\":{\"@type\":\"WebPage\",\"@id\":\"https:\/\/www.comercialanma.es\/?page_id=3963\",\"url\":\"https:\/\/www.comercialanma.es\/?page_id=3963\",\"name\":\"Cat\\u00e1logo de Productos\"}},{\"@type\":\"ListItem\",\"position\":3,\"item\":{\"@type\":\"WebPage\",\"@id\":\"https:\/\/www.comercialanma.es\/?product=vodka-sobieski-estate-70cl\",\"url\":\"https:\/\/www.comercialanma.es\/?product=vodka-sobieski-estate-70cl\",\"name\":\"Vodka Sobieski Estate 70cl.\"}}]}]}<\/script>\n<!-- \/ Yoast SEO plugin. -->","_links":{"self":[{"href":"https:\/\/www.comercialanma.es\/index.php?rest_route=\/wp\/v2\/product\/9118"}],"collection":[{"href":"https:\/\/www.comercialanma.es\/index.php?rest_route=\/wp\/v2\/product"}],"about":[{"href":"https:\/\/www.comercialanma.es\/index.php?rest_route=\/wp\/v2\/types\/product"}],"version-history":[{"count":2,"href":"https:\/\/www.comercialanma.es\/index.php?rest_route=\/wp\/v2\/product\/9118\/revisions"}],"predecessor-version":[{"id":9124,"href":"https:\/\/www.comercialanma.es\/index.php?rest_route=\/wp\/v2\/product\/9118\/revisions\/9124"}],"wp:featuredmedia":[{"embeddable":true,"href":"https:\/\/www.comercialanma.es\/index.php?rest_route=\/wp\/v2\/media\/9119"}],"wp:attachment":[{"href":"https:\/\/www.comercialanma.es\/index.php?rest_route=%2Fwp%2Fv2%2Fmedia&parent=9118"}],"curies":[{"name":"wp","href":"https:\/\/api.w.org\/{rel}","templated":true}]}}