
{"id":9145,"date":"2019-08-02T10:48:02","date_gmt":"2019-08-02T08:48:02","guid":{"rendered":"http:\/\/www.comercialanma.es\/?post_type=product&#038;p=9145"},"modified":"2019-08-02T10:48:46","modified_gmt":"2019-08-02T08:48:46","slug":"vodka-king-peter-super-premium-6l","status":"publish","type":"product","link":"https:\/\/www.comercialanma.es\/?product=vodka-king-peter-super-premium-6l","title":{"rendered":"Vodka King Peter Super Premium 6L."},"content":{"rendered":"<h3>Nota de cata:<\/h3>\n<ul>\n<li>En nariz es limpio y nada punzante.<\/li>\n<li>En boca se nota la pureza y finura buscada en los grandes vodkas.<\/li>\n<li>Textura especial fresca y aterciopelada, con leves notas especiados provenientes de su origen: El grano de centeno dorado Dankoskie.<\/li>\n<li>Graduaci\u00f3n alcoh\u00f3lica: 40%<\/li>\n<\/ul>\n","protected":false},"excerpt":{"rendered":"<p>King Peter The Great Vodka, se elabora 100% con centeno dorado de Dankowskie que \u00fanicamente se puede cultivar en las llanuras de Polonia, el cual se destila cinco veces que es la \u00f3ptima cantidad de destilaciones para conseguir su sabor \u00fanico.<\/p>\n<p>La mezcla del agua y del destilado puro pasan por unos filtros de part\u00edculas y por otros de carb\u00f3n activo , integrando una eficaz mezcla de tradici\u00f3n y tecnolog\u00eda punta.<\/p>\n<p>Presentaci\u00f3n vanguardista, envase innovador consistente de una botella que nos invita a viajar a la \u00e9poca de los zares, en la cual a trav\u00e9s de su escudo podemos ver la imagen de Peter The Great \u201d Fundador de San Petersburgo \u201d y de donde datan muchos de los estudios de las primeras apariciones de lo que hoy conocemos como vodka.<\/p>\n","protected":false},"featured_media":9134,"template":"","meta":{"spay_email":""},"yoast_head":"<!-- This site is optimized with the Yoast SEO plugin v15.9 - https:\/\/yoast.com\/wordpress\/plugins\/seo\/ -->\n<title>Vodka King Peter Super Premium 6L. - Comercial de Hosteleria Anma<\/title>\n<meta name=\"robots\" content=\"index, follow, max-snippet:-1, max-image-preview:large, max-video-preview:-1\" \/>\n<link rel=\"canonical\" href=\"https:\/\/www.comercialanma.es\/?product=vodka-king-peter-super-premium-6l\" \/>\n<meta property=\"og:locale\" content=\"es_ES\" \/>\n<meta property=\"og:type\" content=\"article\" \/>\n<meta property=\"og:title\" content=\"Vodka King Peter Super Premium 6L. - Comercial de Hosteleria Anma\" \/>\n<meta property=\"og:description\" content=\"King Peter The Great Vodka, se elabora 100% con centeno dorado de Dankowskie que \u00fanicamente se puede cultivar en las llanuras de Polonia, el cual se destila cinco veces que es la \u00f3ptima cantidad de destilaciones para conseguir su sabor \u00fanico.  La mezcla del agua y del destilado puro pasan por unos filtros de part\u00edculas y por otros de carb\u00f3n activo , integrando una eficaz mezcla de tradici\u00f3n y tecnolog\u00eda punta.  Presentaci\u00f3n vanguardista, envase innovador consistente de una botella que nos invita a viajar a la \u00e9poca de los zares, en la cual a trav\u00e9s de su escudo podemos ver la imagen de Peter The Great \u201d Fundador de San Petersburgo \u201d y de donde datan muchos de los estudios de las primeras apariciones de lo que hoy conocemos como vodka.\" \/>\n<meta property=\"og:url\" content=\"https:\/\/www.comercialanma.es\/?product=vodka-king-peter-super-premium-6l\" \/>\n<meta property=\"og:site_name\" content=\"Comercial de Hosteleria Anma\" \/>\n<meta property=\"article:publisher\" content=\"https:\/\/www.facebook.com\/AnmaHosteleria\" \/>\n<meta property=\"article:modified_time\" content=\"2019-08-02T08:48:46+00:00\" \/>\n<meta property=\"og:image\" content=\"https:\/\/i2.wp.com\/www.comercialanma.es\/wp-content\/uploads\/2019\/08\/King-Peter.jpg?fit=1200%2C1200&#038;ssl=1\" \/>\n\t<meta property=\"og:image:width\" content=\"1200\" \/>\n\t<meta property=\"og:image:height\" content=\"1200\" \/>\n<meta name=\"twitter:card\" content=\"summary_large_image\" \/>\n<script type=\"application\/ld+json\" class=\"yoast-schema-graph\">{\"@context\":\"https:\/\/schema.org\",\"@graph\":[{\"@type\":\"Organization\",\"@id\":\"https:\/\/www.comercialanma.es\/#organization\",\"name\":\"Comercial Anma\",\"url\":\"https:\/\/www.comercialanma.es\/\",\"sameAs\":[\"https:\/\/www.facebook.com\/AnmaHosteleria\",\"https:\/\/www.instagram.com\/anmahosteleria\/?hl=es\",\"https:\/\/www.youtube.com\/channel\/UCT2nmn08Ntks0hmpZPnDgCA\"],\"logo\":{\"@type\":\"ImageObject\",\"@id\":\"https:\/\/www.comercialanma.es\/#logo\",\"inLanguage\":\"es\",\"url\":\"https:\/\/i2.wp.com\/www.comercialanma.es\/wp-content\/uploads\/2019\/06\/logo-anma-color.png?fit=247%2C101&ssl=1\",\"width\":247,\"height\":101,\"caption\":\"Comercial Anma\"},\"image\":{\"@id\":\"https:\/\/www.comercialanma.es\/#logo\"}},{\"@type\":\"WebSite\",\"@id\":\"https:\/\/www.comercialanma.es\/#website\",\"url\":\"https:\/\/www.comercialanma.es\/\",\"name\":\"Comercial de Hosteleria Anma\",\"description\":\"\",\"publisher\":{\"@id\":\"https:\/\/www.comercialanma.es\/#organization\"},\"potentialAction\":[{\"@type\":\"SearchAction\",\"target\":\"https:\/\/www.comercialanma.es\/?s={search_term_string}\",\"query-input\":\"required name=search_term_string\"}],\"inLanguage\":\"es\"},{\"@type\":\"ImageObject\",\"@id\":\"https:\/\/www.comercialanma.es\/?product=vodka-king-peter-super-premium-6l#primaryimage\",\"inLanguage\":\"es\",\"url\":\"https:\/\/i2.wp.com\/www.comercialanma.es\/wp-content\/uploads\/2019\/08\/King-Peter.jpg?fit=1200%2C1200&ssl=1\",\"width\":1200,\"height\":1200},{\"@type\":\"WebPage\",\"@id\":\"https:\/\/www.comercialanma.es\/?product=vodka-king-peter-super-premium-6l#webpage\",\"url\":\"https:\/\/www.comercialanma.es\/?product=vodka-king-peter-super-premium-6l\",\"name\":\"Vodka King Peter Super Premium 6L. - Comercial de Hosteleria Anma\",\"isPartOf\":{\"@id\":\"https:\/\/www.comercialanma.es\/#website\"},\"primaryImageOfPage\":{\"@id\":\"https:\/\/www.comercialanma.es\/?product=vodka-king-peter-super-premium-6l#primaryimage\"},\"datePublished\":\"2019-08-02T08:48:02+00:00\",\"dateModified\":\"2019-08-02T08:48:46+00:00\",\"breadcrumb\":{\"@id\":\"https:\/\/www.comercialanma.es\/?product=vodka-king-peter-super-premium-6l#breadcrumb\"},\"inLanguage\":\"es\",\"potentialAction\":[{\"@type\":\"ReadAction\",\"target\":[\"https:\/\/www.comercialanma.es\/?product=vodka-king-peter-super-premium-6l\"]}]},{\"@type\":\"BreadcrumbList\",\"@id\":\"https:\/\/www.comercialanma.es\/?product=vodka-king-peter-super-premium-6l#breadcrumb\",\"itemListElement\":[{\"@type\":\"ListItem\",\"position\":1,\"item\":{\"@type\":\"WebPage\",\"@id\":\"https:\/\/www.comercialanma.es\/\",\"url\":\"https:\/\/www.comercialanma.es\/\",\"name\":\"Portada\"}},{\"@type\":\"ListItem\",\"position\":2,\"item\":{\"@type\":\"WebPage\",\"@id\":\"https:\/\/www.comercialanma.es\/?page_id=3963\",\"url\":\"https:\/\/www.comercialanma.es\/?page_id=3963\",\"name\":\"Cat\\u00e1logo de Productos\"}},{\"@type\":\"ListItem\",\"position\":3,\"item\":{\"@type\":\"WebPage\",\"@id\":\"https:\/\/www.comercialanma.es\/?product=vodka-king-peter-super-premium-6l\",\"url\":\"https:\/\/www.comercialanma.es\/?product=vodka-king-peter-super-premium-6l\",\"name\":\"Vodka King Peter Super Premium 6L.\"}}]}]}<\/script>\n<!-- \/ Yoast SEO plugin. -->","_links":{"self":[{"href":"https:\/\/www.comercialanma.es\/index.php?rest_route=\/wp\/v2\/product\/9145"}],"collection":[{"href":"https:\/\/www.comercialanma.es\/index.php?rest_route=\/wp\/v2\/product"}],"about":[{"href":"https:\/\/www.comercialanma.es\/index.php?rest_route=\/wp\/v2\/types\/product"}],"version-history":[{"count":1,"href":"https:\/\/www.comercialanma.es\/index.php?rest_route=\/wp\/v2\/product\/9145\/revisions"}],"predecessor-version":[{"id":9146,"href":"https:\/\/www.comercialanma.es\/index.php?rest_route=\/wp\/v2\/product\/9145\/revisions\/9146"}],"wp:featuredmedia":[{"embeddable":true,"href":"https:\/\/www.comercialanma.es\/index.php?rest_route=\/wp\/v2\/media\/9134"}],"wp:attachment":[{"href":"https:\/\/www.comercialanma.es\/index.php?rest_route=%2Fwp%2Fv2%2Fmedia&parent=9145"}],"curies":[{"name":"wp","href":"https:\/\/api.w.org\/{rel}","templated":true}]}}