
{"id":9161,"date":"2019-08-02T11:18:10","date_gmt":"2019-08-02T09:18:10","guid":{"rendered":"http:\/\/www.comercialanma.es\/?post_type=product&#038;p=9161"},"modified":"2022-07-19T11:25:17","modified_gmt":"2022-07-19T09:25:17","slug":"vodka-beremot-cafe-70cl","status":"publish","type":"product","link":"https:\/\/www.comercialanma.es\/?product=vodka-beremot-cafe-70cl","title":{"rendered":"Vodka Beremot caf\u00e9 70cl."},"content":{"rendered":"<ul>\n<li>Fuerza. Fuerza del grano tostado y ligeramente amargo del caf\u00e9. Fuerza de su aroma. Fuerza de su sabor.<\/li>\n<li>Un vodka muy distinto a los que has probado hasta ahora, no obstante contiene toda la fuerza de un Beremot fundida en\u00a0este delicioso l\u00edquido y embotellada. Poderoso, muy poderoso.<\/li>\n<li>Graduaci\u00f3n alcoh\u00f3lica: 40% vol.<\/li>\n<\/ul>\n","protected":false},"excerpt":{"rendered":"<p>El vodka Beremot se obtiene de la destilaci\u00f3n de ma\u00edz, proceso que no se realiza una vez, sino cuatro veces consecutivas. Adem\u00e1s, no contiene ning\u00fan tipo de az\u00facar a\u00f1adido y est\u00e1 elaborado con ingredientes totalmente naturales -no pod\u00eda ser de otra forma teniendo en cuenta la historia que inspir\u00f3 al licor- y es que ese car\u00e1cter natural y naturalista se tiene que sentir en cada sorbo. Y bien que lo hace: cada trago respira la pureza y fuerza de un hipop\u00f3tamo salvaje.<\/p>\n","protected":false},"featured_media":21697,"template":"","meta":{"spay_email":""},"yoast_head":"<!-- This site is optimized with the Yoast SEO plugin v15.9 - https:\/\/yoast.com\/wordpress\/plugins\/seo\/ -->\n<title>Vodka Beremot caf\u00e9 70cl. - Comercial de Hosteleria Anma<\/title>\n<meta name=\"robots\" content=\"index, follow, max-snippet:-1, max-image-preview:large, max-video-preview:-1\" \/>\n<link rel=\"canonical\" href=\"https:\/\/www.comercialanma.es\/?product=vodka-beremot-cafe-70cl\" \/>\n<meta property=\"og:locale\" content=\"es_ES\" \/>\n<meta property=\"og:type\" content=\"article\" \/>\n<meta property=\"og:title\" content=\"Vodka Beremot caf\u00e9 70cl. - Comercial de Hosteleria Anma\" \/>\n<meta property=\"og:description\" content=\"El vodka Beremot se obtiene de la destilaci\u00f3n de ma\u00edz, proceso que no se realiza una vez, sino cuatro veces consecutivas. Adem\u00e1s, no contiene ning\u00fan tipo de az\u00facar a\u00f1adido y est\u00e1 elaborado con ingredientes totalmente naturales -no pod\u00eda ser de otra forma teniendo en cuenta la historia que inspir\u00f3 al licor- y es que ese car\u00e1cter natural y naturalista se tiene que sentir en cada sorbo. Y bien que lo hace: cada trago respira la pureza y fuerza de un hipop\u00f3tamo salvaje.\" \/>\n<meta property=\"og:url\" content=\"https:\/\/www.comercialanma.es\/?product=vodka-beremot-cafe-70cl\" \/>\n<meta property=\"og:site_name\" content=\"Comercial de Hosteleria Anma\" \/>\n<meta property=\"article:publisher\" content=\"https:\/\/www.facebook.com\/AnmaHosteleria\" \/>\n<meta property=\"article:modified_time\" content=\"2022-07-19T09:25:17+00:00\" \/>\n<meta property=\"og:image\" content=\"https:\/\/i0.wp.com\/www.comercialanma.es\/wp-content\/uploads\/2019\/08\/beremot-cafe.jpg?fit=1080%2C1080&#038;ssl=1\" \/>\n\t<meta property=\"og:image:width\" content=\"1080\" \/>\n\t<meta property=\"og:image:height\" content=\"1080\" \/>\n<meta name=\"twitter:card\" content=\"summary_large_image\" \/>\n<script type=\"application\/ld+json\" class=\"yoast-schema-graph\">{\"@context\":\"https:\/\/schema.org\",\"@graph\":[{\"@type\":\"Organization\",\"@id\":\"https:\/\/www.comercialanma.es\/#organization\",\"name\":\"Comercial Anma\",\"url\":\"https:\/\/www.comercialanma.es\/\",\"sameAs\":[\"https:\/\/www.facebook.com\/AnmaHosteleria\",\"https:\/\/www.instagram.com\/anmahosteleria\/?hl=es\",\"https:\/\/www.youtube.com\/channel\/UCT2nmn08Ntks0hmpZPnDgCA\"],\"logo\":{\"@type\":\"ImageObject\",\"@id\":\"https:\/\/www.comercialanma.es\/#logo\",\"inLanguage\":\"es\",\"url\":\"https:\/\/i2.wp.com\/www.comercialanma.es\/wp-content\/uploads\/2019\/06\/logo-anma-color.png?fit=247%2C101&ssl=1\",\"width\":247,\"height\":101,\"caption\":\"Comercial Anma\"},\"image\":{\"@id\":\"https:\/\/www.comercialanma.es\/#logo\"}},{\"@type\":\"WebSite\",\"@id\":\"https:\/\/www.comercialanma.es\/#website\",\"url\":\"https:\/\/www.comercialanma.es\/\",\"name\":\"Comercial de Hosteleria Anma\",\"description\":\"\",\"publisher\":{\"@id\":\"https:\/\/www.comercialanma.es\/#organization\"},\"potentialAction\":[{\"@type\":\"SearchAction\",\"target\":\"https:\/\/www.comercialanma.es\/?s={search_term_string}\",\"query-input\":\"required name=search_term_string\"}],\"inLanguage\":\"es\"},{\"@type\":\"ImageObject\",\"@id\":\"https:\/\/www.comercialanma.es\/?product=vodka-beremot-cafe-70cl#primaryimage\",\"inLanguage\":\"es\",\"url\":\"https:\/\/i0.wp.com\/www.comercialanma.es\/wp-content\/uploads\/2019\/08\/beremot-cafe.jpg?fit=1080%2C1080&ssl=1\",\"width\":1080,\"height\":1080},{\"@type\":\"WebPage\",\"@id\":\"https:\/\/www.comercialanma.es\/?product=vodka-beremot-cafe-70cl#webpage\",\"url\":\"https:\/\/www.comercialanma.es\/?product=vodka-beremot-cafe-70cl\",\"name\":\"Vodka Beremot caf\\u00e9 70cl. - Comercial de Hosteleria Anma\",\"isPartOf\":{\"@id\":\"https:\/\/www.comercialanma.es\/#website\"},\"primaryImageOfPage\":{\"@id\":\"https:\/\/www.comercialanma.es\/?product=vodka-beremot-cafe-70cl#primaryimage\"},\"datePublished\":\"2019-08-02T09:18:10+00:00\",\"dateModified\":\"2022-07-19T09:25:17+00:00\",\"breadcrumb\":{\"@id\":\"https:\/\/www.comercialanma.es\/?product=vodka-beremot-cafe-70cl#breadcrumb\"},\"inLanguage\":\"es\",\"potentialAction\":[{\"@type\":\"ReadAction\",\"target\":[\"https:\/\/www.comercialanma.es\/?product=vodka-beremot-cafe-70cl\"]}]},{\"@type\":\"BreadcrumbList\",\"@id\":\"https:\/\/www.comercialanma.es\/?product=vodka-beremot-cafe-70cl#breadcrumb\",\"itemListElement\":[{\"@type\":\"ListItem\",\"position\":1,\"item\":{\"@type\":\"WebPage\",\"@id\":\"https:\/\/www.comercialanma.es\/\",\"url\":\"https:\/\/www.comercialanma.es\/\",\"name\":\"Portada\"}},{\"@type\":\"ListItem\",\"position\":2,\"item\":{\"@type\":\"WebPage\",\"@id\":\"https:\/\/www.comercialanma.es\/?page_id=3963\",\"url\":\"https:\/\/www.comercialanma.es\/?page_id=3963\",\"name\":\"Cat\\u00e1logo de Productos\"}},{\"@type\":\"ListItem\",\"position\":3,\"item\":{\"@type\":\"WebPage\",\"@id\":\"https:\/\/www.comercialanma.es\/?product=vodka-beremot-cafe-70cl\",\"url\":\"https:\/\/www.comercialanma.es\/?product=vodka-beremot-cafe-70cl\",\"name\":\"Vodka Beremot caf\\u00e9 70cl.\"}}]}]}<\/script>\n<!-- \/ Yoast SEO plugin. -->","_links":{"self":[{"href":"https:\/\/www.comercialanma.es\/index.php?rest_route=\/wp\/v2\/product\/9161"}],"collection":[{"href":"https:\/\/www.comercialanma.es\/index.php?rest_route=\/wp\/v2\/product"}],"about":[{"href":"https:\/\/www.comercialanma.es\/index.php?rest_route=\/wp\/v2\/types\/product"}],"version-history":[{"count":1,"href":"https:\/\/www.comercialanma.es\/index.php?rest_route=\/wp\/v2\/product\/9161\/revisions"}],"predecessor-version":[{"id":9163,"href":"https:\/\/www.comercialanma.es\/index.php?rest_route=\/wp\/v2\/product\/9161\/revisions\/9163"}],"wp:featuredmedia":[{"embeddable":true,"href":"https:\/\/www.comercialanma.es\/index.php?rest_route=\/wp\/v2\/media\/21697"}],"wp:attachment":[{"href":"https:\/\/www.comercialanma.es\/index.php?rest_route=%2Fwp%2Fv2%2Fmedia&parent=9161"}],"curies":[{"name":"wp","href":"https:\/\/api.w.org\/{rel}","templated":true}]}}