
{"id":9164,"date":"2019-08-02T11:22:44","date_gmt":"2019-08-02T09:22:44","guid":{"rendered":"http:\/\/www.comercialanma.es\/?post_type=product&#038;p=9164"},"modified":"2022-07-19T11:21:54","modified_gmt":"2022-07-19T09:21:54","slug":"vodka-beremot-naranja-70cl","status":"publish","type":"product","link":"https:\/\/www.comercialanma.es\/?product=vodka-beremot-naranja-70cl","title":{"rendered":"Vodka Beremot Naranja 70cl."},"content":{"rendered":"<ul>\n<li>Siente como el aroma a naranja de Sevilla reci\u00e9n cortada invade tu nariz.<\/li>\n<li>Fresco y con un ligero toque amargo, este vodka no decepcionar\u00e1 a los amantes de este c\u00edtrico. El vodka y la naranja siempre han combinado bien. Nunca como en esta ocasi\u00f3n.<\/li>\n<li>Graduaci\u00f3n alcoh\u00f3lica: 40% vol.<\/li>\n<\/ul>\n","protected":false},"excerpt":{"rendered":"<p>El vodka Beremot se obtiene de la destilaci\u00f3n de ma\u00edz, proceso que no se realiza una vez, sino cuatro veces consecutivas. Adem\u00e1s, no contiene ning\u00fan tipo de az\u00facar a\u00f1adido y est\u00e1 elaborado con ingredientes totalmente naturales -no pod\u00eda ser de otra forma teniendo en cuenta la historia que inspir\u00f3 al licor- y es que ese car\u00e1cter natural y naturalista se tiene que sentir en cada sorbo. Y bien que lo hace: cada trago respira la pureza y fuerza de un hipop\u00f3tamo salvaje.<\/p>\n","protected":false},"featured_media":21696,"template":"","meta":{"spay_email":""},"yoast_head":"<!-- This site is optimized with the Yoast SEO plugin v15.9 - https:\/\/yoast.com\/wordpress\/plugins\/seo\/ -->\n<title>Vodka Beremot Naranja 70cl. - Comercial de Hosteleria Anma<\/title>\n<meta name=\"robots\" content=\"index, follow, max-snippet:-1, max-image-preview:large, max-video-preview:-1\" \/>\n<link rel=\"canonical\" href=\"https:\/\/www.comercialanma.es\/?product=vodka-beremot-naranja-70cl\" \/>\n<meta property=\"og:locale\" content=\"es_ES\" \/>\n<meta property=\"og:type\" content=\"article\" \/>\n<meta property=\"og:title\" content=\"Vodka Beremot Naranja 70cl. - Comercial de Hosteleria Anma\" \/>\n<meta property=\"og:description\" content=\"El vodka Beremot se obtiene de la destilaci\u00f3n de ma\u00edz, proceso que no se realiza una vez, sino cuatro veces consecutivas. Adem\u00e1s, no contiene ning\u00fan tipo de az\u00facar a\u00f1adido y est\u00e1 elaborado con ingredientes totalmente naturales -no pod\u00eda ser de otra forma teniendo en cuenta la historia que inspir\u00f3 al licor- y es que ese car\u00e1cter natural y naturalista se tiene que sentir en cada sorbo. Y bien que lo hace: cada trago respira la pureza y fuerza de un hipop\u00f3tamo salvaje.\" \/>\n<meta property=\"og:url\" content=\"https:\/\/www.comercialanma.es\/?product=vodka-beremot-naranja-70cl\" \/>\n<meta property=\"og:site_name\" content=\"Comercial de Hosteleria Anma\" \/>\n<meta property=\"article:publisher\" content=\"https:\/\/www.facebook.com\/AnmaHosteleria\" \/>\n<meta property=\"article:modified_time\" content=\"2022-07-19T09:21:54+00:00\" \/>\n<meta property=\"og:image\" content=\"https:\/\/i0.wp.com\/www.comercialanma.es\/wp-content\/uploads\/2019\/08\/beremot-orange.jpg?fit=1080%2C1080&#038;ssl=1\" \/>\n\t<meta property=\"og:image:width\" content=\"1080\" \/>\n\t<meta property=\"og:image:height\" content=\"1080\" \/>\n<meta name=\"twitter:card\" content=\"summary_large_image\" \/>\n<script type=\"application\/ld+json\" class=\"yoast-schema-graph\">{\"@context\":\"https:\/\/schema.org\",\"@graph\":[{\"@type\":\"Organization\",\"@id\":\"https:\/\/www.comercialanma.es\/#organization\",\"name\":\"Comercial Anma\",\"url\":\"https:\/\/www.comercialanma.es\/\",\"sameAs\":[\"https:\/\/www.facebook.com\/AnmaHosteleria\",\"https:\/\/www.instagram.com\/anmahosteleria\/?hl=es\",\"https:\/\/www.youtube.com\/channel\/UCT2nmn08Ntks0hmpZPnDgCA\"],\"logo\":{\"@type\":\"ImageObject\",\"@id\":\"https:\/\/www.comercialanma.es\/#logo\",\"inLanguage\":\"es\",\"url\":\"https:\/\/i2.wp.com\/www.comercialanma.es\/wp-content\/uploads\/2019\/06\/logo-anma-color.png?fit=247%2C101&ssl=1\",\"width\":247,\"height\":101,\"caption\":\"Comercial Anma\"},\"image\":{\"@id\":\"https:\/\/www.comercialanma.es\/#logo\"}},{\"@type\":\"WebSite\",\"@id\":\"https:\/\/www.comercialanma.es\/#website\",\"url\":\"https:\/\/www.comercialanma.es\/\",\"name\":\"Comercial de Hosteleria Anma\",\"description\":\"\",\"publisher\":{\"@id\":\"https:\/\/www.comercialanma.es\/#organization\"},\"potentialAction\":[{\"@type\":\"SearchAction\",\"target\":\"https:\/\/www.comercialanma.es\/?s={search_term_string}\",\"query-input\":\"required name=search_term_string\"}],\"inLanguage\":\"es\"},{\"@type\":\"ImageObject\",\"@id\":\"https:\/\/www.comercialanma.es\/?product=vodka-beremot-naranja-70cl#primaryimage\",\"inLanguage\":\"es\",\"url\":\"https:\/\/i0.wp.com\/www.comercialanma.es\/wp-content\/uploads\/2019\/08\/beremot-orange.jpg?fit=1080%2C1080&ssl=1\",\"width\":1080,\"height\":1080},{\"@type\":\"WebPage\",\"@id\":\"https:\/\/www.comercialanma.es\/?product=vodka-beremot-naranja-70cl#webpage\",\"url\":\"https:\/\/www.comercialanma.es\/?product=vodka-beremot-naranja-70cl\",\"name\":\"Vodka Beremot Naranja 70cl. - Comercial de Hosteleria Anma\",\"isPartOf\":{\"@id\":\"https:\/\/www.comercialanma.es\/#website\"},\"primaryImageOfPage\":{\"@id\":\"https:\/\/www.comercialanma.es\/?product=vodka-beremot-naranja-70cl#primaryimage\"},\"datePublished\":\"2019-08-02T09:22:44+00:00\",\"dateModified\":\"2022-07-19T09:21:54+00:00\",\"breadcrumb\":{\"@id\":\"https:\/\/www.comercialanma.es\/?product=vodka-beremot-naranja-70cl#breadcrumb\"},\"inLanguage\":\"es\",\"potentialAction\":[{\"@type\":\"ReadAction\",\"target\":[\"https:\/\/www.comercialanma.es\/?product=vodka-beremot-naranja-70cl\"]}]},{\"@type\":\"BreadcrumbList\",\"@id\":\"https:\/\/www.comercialanma.es\/?product=vodka-beremot-naranja-70cl#breadcrumb\",\"itemListElement\":[{\"@type\":\"ListItem\",\"position\":1,\"item\":{\"@type\":\"WebPage\",\"@id\":\"https:\/\/www.comercialanma.es\/\",\"url\":\"https:\/\/www.comercialanma.es\/\",\"name\":\"Portada\"}},{\"@type\":\"ListItem\",\"position\":2,\"item\":{\"@type\":\"WebPage\",\"@id\":\"https:\/\/www.comercialanma.es\/?page_id=3963\",\"url\":\"https:\/\/www.comercialanma.es\/?page_id=3963\",\"name\":\"Cat\\u00e1logo de Productos\"}},{\"@type\":\"ListItem\",\"position\":3,\"item\":{\"@type\":\"WebPage\",\"@id\":\"https:\/\/www.comercialanma.es\/?product=vodka-beremot-naranja-70cl\",\"url\":\"https:\/\/www.comercialanma.es\/?product=vodka-beremot-naranja-70cl\",\"name\":\"Vodka Beremot Naranja 70cl.\"}}]}]}<\/script>\n<!-- \/ Yoast SEO plugin. -->","_links":{"self":[{"href":"https:\/\/www.comercialanma.es\/index.php?rest_route=\/wp\/v2\/product\/9164"}],"collection":[{"href":"https:\/\/www.comercialanma.es\/index.php?rest_route=\/wp\/v2\/product"}],"about":[{"href":"https:\/\/www.comercialanma.es\/index.php?rest_route=\/wp\/v2\/types\/product"}],"version-history":[{"count":1,"href":"https:\/\/www.comercialanma.es\/index.php?rest_route=\/wp\/v2\/product\/9164\/revisions"}],"predecessor-version":[{"id":9166,"href":"https:\/\/www.comercialanma.es\/index.php?rest_route=\/wp\/v2\/product\/9164\/revisions\/9166"}],"wp:featuredmedia":[{"embeddable":true,"href":"https:\/\/www.comercialanma.es\/index.php?rest_route=\/wp\/v2\/media\/21696"}],"wp:attachment":[{"href":"https:\/\/www.comercialanma.es\/index.php?rest_route=%2Fwp%2Fv2%2Fmedia&parent=9164"}],"curies":[{"name":"wp","href":"https:\/\/api.w.org\/{rel}","templated":true}]}}