
{"id":9179,"date":"2019-08-02T12:39:40","date_gmt":"2019-08-02T10:39:40","guid":{"rendered":"http:\/\/www.comercialanma.es\/?post_type=product&#038;p=9179"},"modified":"2019-08-02T12:45:21","modified_gmt":"2019-08-02T10:45:21","slug":"whisky-four-roses-small-batch-70cl","status":"publish","type":"product","link":"https:\/\/www.comercialanma.es\/?product=whisky-four-roses-small-batch-70cl","title":{"rendered":"Whisky Four Roses Small Batch 70cl."},"content":{"rendered":"<h3>Nota de cata:<\/h3>\n<div id=\"tabs_content_container\">\n<div id=\"tab_cata_0\">\n<ul>\n<li>La vista: Four Roses Small Batch viene en una\u00a0botella de 70cl de estilo artesanal, con las cuatro rosas que son s\u00edmbolo de la destiler\u00eda grabadas en relieve en el cristal, justo en el centro de la etiqueta delantera. El tap\u00f3n es de corcho y en copa el bourbon tiene un color avellana oscuro.<\/li>\n<li>La nariz: En nariz es sutil y suave. Picante y afrutado, contiene notas de roble dulce,\u00a0caramelo y tostadas con mantequilla. Con un toque de flores cortadas y heno seco.<\/li>\n<li>El paladar: Completo, cremoso y bien equilibrado, es un bourbon suave con notas de\u00a0bayas rojas. Encontraremos tambi\u00e9n miel, especias, roble tostado y fruta. Se nota la influencia del centeno y tiene un toque de pimienta negra. Moderadamente dulce.<\/li>\n<li>El final: Suave y bastante largo, con un toque de crema inglesa, vainilla y canela.<\/li>\n<li>Graduaci\u00f3n: 50% vol.<\/li>\n<\/ul>\n<\/div>\n<\/div>\n","protected":false},"excerpt":{"rendered":"<p>Cuenta la leyenda de Four Roses que Paul Jones Jr, un joven soldado qued\u00f3 prendado de una chica sure\u00f1a una ma\u00f1ana de oto\u00f1o. El mismo d\u00eda, armado de valor, se declar\u00f3 a la muchacha antes de partir al frente, pidi\u00e9ndole que cuando volviera del frente, si su respuesta era \u201cs\u00ed\u201d, se lo hiciera saber bordando cuatro rosas rojas en el corpi\u00f1o que vestir\u00eda la noche del gran baile.<\/p>\n<p>La chica le hizo caso, y cuando \u00e9l volvi\u00f3 del frente ella vest\u00eda un corpi\u00f1o con cuatro rosas rojas bordadas. Cuando a\u00f1os m\u00e1s tarde, en 1988, el veterano soldado decidi\u00f3 abrir su propia destiler\u00eda, tuvo muy claro cual ser\u00eda el nombre de su Bourbon: Four Roses.<\/p>\n<p><span class=\"tlid-translation translation\" lang=\"es\"><span class=\"\" title=\"\">\u00a0<\/span><\/span><\/p>\n","protected":false},"featured_media":9180,"template":"","meta":{"spay_email":""},"yoast_head":"<!-- This site is optimized with the Yoast SEO plugin v15.9 - https:\/\/yoast.com\/wordpress\/plugins\/seo\/ -->\n<title>Whisky Four Roses Small Batch 70cl. - Comercial de Hosteleria Anma<\/title>\n<meta name=\"robots\" content=\"index, follow, max-snippet:-1, max-image-preview:large, max-video-preview:-1\" \/>\n<link rel=\"canonical\" href=\"https:\/\/www.comercialanma.es\/?product=whisky-four-roses-small-batch-70cl\" \/>\n<meta property=\"og:locale\" content=\"es_ES\" \/>\n<meta property=\"og:type\" content=\"article\" \/>\n<meta property=\"og:title\" content=\"Whisky Four Roses Small Batch 70cl. - Comercial de Hosteleria Anma\" \/>\n<meta property=\"og:description\" content=\"Cuenta la leyenda de Four Roses que Paul Jones Jr, un joven soldado qued\u00f3 prendado de una chica sure\u00f1a una ma\u00f1ana de oto\u00f1o. El mismo d\u00eda, armado de valor, se declar\u00f3 a la muchacha antes de partir al frente, pidi\u00e9ndole que cuando volviera del frente, si su respuesta era \u201cs\u00ed\u201d, se lo hiciera saber bordando cuatro rosas rojas en el corpi\u00f1o que vestir\u00eda la noche del gran baile.  La chica le hizo caso, y cuando \u00e9l volvi\u00f3 del frente ella vest\u00eda un corpi\u00f1o con cuatro rosas rojas bordadas. Cuando a\u00f1os m\u00e1s tarde, en 1988, el veterano soldado decidi\u00f3 abrir su propia destiler\u00eda, tuvo muy claro cual ser\u00eda el nombre de su Bourbon: Four Roses.  \u00a0\" \/>\n<meta property=\"og:url\" content=\"https:\/\/www.comercialanma.es\/?product=whisky-four-roses-small-batch-70cl\" \/>\n<meta property=\"og:site_name\" content=\"Comercial de Hosteleria Anma\" \/>\n<meta property=\"article:publisher\" content=\"https:\/\/www.facebook.com\/AnmaHosteleria\" \/>\n<meta property=\"article:modified_time\" content=\"2019-08-02T10:45:21+00:00\" \/>\n<meta property=\"og:image\" content=\"https:\/\/i1.wp.com\/www.comercialanma.es\/wp-content\/uploads\/2019\/08\/Four-Roses-Small-Batch.jpg?fit=1200%2C1200&#038;ssl=1\" \/>\n\t<meta property=\"og:image:width\" content=\"1200\" \/>\n\t<meta property=\"og:image:height\" content=\"1200\" \/>\n<meta name=\"twitter:card\" content=\"summary_large_image\" \/>\n<meta name=\"twitter:label1\" content=\"Tiempo de lectura\">\n\t<meta name=\"twitter:data1\" content=\"1 minuto\">\n<script type=\"application\/ld+json\" class=\"yoast-schema-graph\">{\"@context\":\"https:\/\/schema.org\",\"@graph\":[{\"@type\":\"Organization\",\"@id\":\"https:\/\/www.comercialanma.es\/#organization\",\"name\":\"Comercial Anma\",\"url\":\"https:\/\/www.comercialanma.es\/\",\"sameAs\":[\"https:\/\/www.facebook.com\/AnmaHosteleria\",\"https:\/\/www.instagram.com\/anmahosteleria\/?hl=es\",\"https:\/\/www.youtube.com\/channel\/UCT2nmn08Ntks0hmpZPnDgCA\"],\"logo\":{\"@type\":\"ImageObject\",\"@id\":\"https:\/\/www.comercialanma.es\/#logo\",\"inLanguage\":\"es\",\"url\":\"https:\/\/i2.wp.com\/www.comercialanma.es\/wp-content\/uploads\/2019\/06\/logo-anma-color.png?fit=247%2C101&ssl=1\",\"width\":247,\"height\":101,\"caption\":\"Comercial Anma\"},\"image\":{\"@id\":\"https:\/\/www.comercialanma.es\/#logo\"}},{\"@type\":\"WebSite\",\"@id\":\"https:\/\/www.comercialanma.es\/#website\",\"url\":\"https:\/\/www.comercialanma.es\/\",\"name\":\"Comercial de Hosteleria Anma\",\"description\":\"\",\"publisher\":{\"@id\":\"https:\/\/www.comercialanma.es\/#organization\"},\"potentialAction\":[{\"@type\":\"SearchAction\",\"target\":\"https:\/\/www.comercialanma.es\/?s={search_term_string}\",\"query-input\":\"required name=search_term_string\"}],\"inLanguage\":\"es\"},{\"@type\":\"ImageObject\",\"@id\":\"https:\/\/www.comercialanma.es\/?product=whisky-four-roses-small-batch-70cl#primaryimage\",\"inLanguage\":\"es\",\"url\":\"https:\/\/i1.wp.com\/www.comercialanma.es\/wp-content\/uploads\/2019\/08\/Four-Roses-Small-Batch.jpg?fit=1200%2C1200&ssl=1\",\"width\":1200,\"height\":1200},{\"@type\":\"WebPage\",\"@id\":\"https:\/\/www.comercialanma.es\/?product=whisky-four-roses-small-batch-70cl#webpage\",\"url\":\"https:\/\/www.comercialanma.es\/?product=whisky-four-roses-small-batch-70cl\",\"name\":\"Whisky Four Roses Small Batch 70cl. - Comercial de Hosteleria Anma\",\"isPartOf\":{\"@id\":\"https:\/\/www.comercialanma.es\/#website\"},\"primaryImageOfPage\":{\"@id\":\"https:\/\/www.comercialanma.es\/?product=whisky-four-roses-small-batch-70cl#primaryimage\"},\"datePublished\":\"2019-08-02T10:39:40+00:00\",\"dateModified\":\"2019-08-02T10:45:21+00:00\",\"breadcrumb\":{\"@id\":\"https:\/\/www.comercialanma.es\/?product=whisky-four-roses-small-batch-70cl#breadcrumb\"},\"inLanguage\":\"es\",\"potentialAction\":[{\"@type\":\"ReadAction\",\"target\":[\"https:\/\/www.comercialanma.es\/?product=whisky-four-roses-small-batch-70cl\"]}]},{\"@type\":\"BreadcrumbList\",\"@id\":\"https:\/\/www.comercialanma.es\/?product=whisky-four-roses-small-batch-70cl#breadcrumb\",\"itemListElement\":[{\"@type\":\"ListItem\",\"position\":1,\"item\":{\"@type\":\"WebPage\",\"@id\":\"https:\/\/www.comercialanma.es\/\",\"url\":\"https:\/\/www.comercialanma.es\/\",\"name\":\"Portada\"}},{\"@type\":\"ListItem\",\"position\":2,\"item\":{\"@type\":\"WebPage\",\"@id\":\"https:\/\/www.comercialanma.es\/?page_id=3963\",\"url\":\"https:\/\/www.comercialanma.es\/?page_id=3963\",\"name\":\"Cat\\u00e1logo de Productos\"}},{\"@type\":\"ListItem\",\"position\":3,\"item\":{\"@type\":\"WebPage\",\"@id\":\"https:\/\/www.comercialanma.es\/?product=whisky-four-roses-small-batch-70cl\",\"url\":\"https:\/\/www.comercialanma.es\/?product=whisky-four-roses-small-batch-70cl\",\"name\":\"Whisky Four Roses Small Batch 70cl.\"}}]}]}<\/script>\n<!-- \/ Yoast SEO plugin. -->","_links":{"self":[{"href":"https:\/\/www.comercialanma.es\/index.php?rest_route=\/wp\/v2\/product\/9179"}],"collection":[{"href":"https:\/\/www.comercialanma.es\/index.php?rest_route=\/wp\/v2\/product"}],"about":[{"href":"https:\/\/www.comercialanma.es\/index.php?rest_route=\/wp\/v2\/types\/product"}],"version-history":[{"count":1,"href":"https:\/\/www.comercialanma.es\/index.php?rest_route=\/wp\/v2\/product\/9179\/revisions"}],"predecessor-version":[{"id":9181,"href":"https:\/\/www.comercialanma.es\/index.php?rest_route=\/wp\/v2\/product\/9179\/revisions\/9181"}],"wp:featuredmedia":[{"embeddable":true,"href":"https:\/\/www.comercialanma.es\/index.php?rest_route=\/wp\/v2\/media\/9180"}],"wp:attachment":[{"href":"https:\/\/www.comercialanma.es\/index.php?rest_route=%2Fwp%2Fv2%2Fmedia&parent=9179"}],"curies":[{"name":"wp","href":"https:\/\/api.w.org\/{rel}","templated":true}]}}