
{"id":9193,"date":"2019-08-02T15:26:53","date_gmt":"2019-08-02T13:26:53","guid":{"rendered":"http:\/\/www.comercialanma.es\/?post_type=product&#038;p=9193"},"modified":"2019-08-02T15:34:32","modified_gmt":"2019-08-02T13:34:32","slug":"whisky-jack-daniel-s-70cl","status":"publish","type":"product","link":"https:\/\/www.comercialanma.es\/?product=whisky-jack-daniel-s-70cl","title":{"rendered":"Whisky Jack Daniel \u00b4s  70cl."},"content":{"rendered":"<h3>Nota de cata:<\/h3>\n<ul>\n<li>Vista: El whisky Jack Daniel`s es de color \u00e1mbar.<\/li>\n<li>Nariz:Se caracteriza por tener unos aromas a caramelos dulces y licor de pl\u00e1tano.<\/li>\n<li>Boca: Tiene un sabor muy suave y aterciopelado. Tiene un final dulce y con toques a roble y cedro.<\/li>\n<li>Graduaci\u00f3n: 40% vol.<\/li>\n<\/ul>\n","protected":false},"excerpt":{"rendered":"<p>El <strong>Whisky Jack Daniel&#8217;s\u00a0<\/strong>tiene un proceso de destilaci\u00f3n casi id\u00e9ntico al Bourb\u00f3n, por lo que se le suele confundir con uno de ellos. Se realiza a partir de agua subterr\u00e1nea de una cueva en Tennessee. Este whisky experimenta un filtrado en carb\u00f3n de arce sacarino, lo que le aporta su aroma y sabor caracter\u00edstico.<\/p>\n<p>El whisky se realiza con agua subterr\u00e1nea sacada de una cueva en Tennessee, adem\u00e1s se le somete a un proceso llamado \u201ccharcoal mellowing\u201d, que consiste en filtrarlo a trav\u00e9s de carb\u00f3n de arce sacarino que lo convierte en lo que es: un Tennessee whisky y no un bourbon.<\/p>\n<p>Finalmente el whisky es a\u00f1ejado en barriles de roble blanco que son ensamblados a mano y quemados por dentro para fundir los azucares propios de la madera y darle al Jack Daniel&#8217;s su sabor y color \u00e1mbar.<\/p>\n<p>El whisky es a\u00f1ejado en barriles de roble blanco que son previamente quemados por dentro para fundir sus az\u00facares, adem\u00e1s estos barriles son ensamblados a mano.<\/p>\n","protected":false},"featured_media":9194,"template":"","meta":{"spay_email":""},"yoast_head":"<!-- This site is optimized with the Yoast SEO plugin v15.9 - https:\/\/yoast.com\/wordpress\/plugins\/seo\/ -->\n<title>Whisky Jack Daniel \u00b4s 70cl. - Comercial de Hosteleria Anma<\/title>\n<meta name=\"robots\" content=\"index, follow, max-snippet:-1, max-image-preview:large, max-video-preview:-1\" \/>\n<link rel=\"canonical\" href=\"https:\/\/www.comercialanma.es\/?product=whisky-jack-daniel-s-70cl\" \/>\n<meta property=\"og:locale\" content=\"es_ES\" \/>\n<meta property=\"og:type\" content=\"article\" \/>\n<meta property=\"og:title\" content=\"Whisky Jack Daniel \u00b4s 70cl. - Comercial de Hosteleria Anma\" \/>\n<meta property=\"og:description\" content=\"El Whisky Jack Daniel&#039;s\u00a0tiene un proceso de destilaci\u00f3n casi id\u00e9ntico al Bourb\u00f3n, por lo que se le suele confundir con uno de ellos. Se realiza a partir de agua subterr\u00e1nea de una cueva en Tennessee. Este whisky experimenta un filtrado en carb\u00f3n de arce sacarino, lo que le aporta su aroma y sabor caracter\u00edstico.  El whisky se realiza con agua subterr\u00e1nea sacada de una cueva en Tennessee, adem\u00e1s se le somete a un proceso llamado \u201ccharcoal mellowing\u201d, que consiste en filtrarlo a trav\u00e9s de carb\u00f3n de arce sacarino que lo convierte en lo que es: un Tennessee whisky y no un bourbon.  Finalmente el whisky es a\u00f1ejado en barriles de roble blanco que son ensamblados a mano y quemados por dentro para fundir los azucares propios de la madera y darle al Jack Daniel&#039;s su sabor y color \u00e1mbar.  El whisky es a\u00f1ejado en barriles de roble blanco que son previamente quemados por dentro para fundir sus az\u00facares, adem\u00e1s estos barriles son ensamblados a mano.\" \/>\n<meta property=\"og:url\" content=\"https:\/\/www.comercialanma.es\/?product=whisky-jack-daniel-s-70cl\" \/>\n<meta property=\"og:site_name\" content=\"Comercial de Hosteleria Anma\" \/>\n<meta property=\"article:publisher\" content=\"https:\/\/www.facebook.com\/AnmaHosteleria\" \/>\n<meta property=\"article:modified_time\" content=\"2019-08-02T13:34:32+00:00\" \/>\n<meta property=\"og:image\" content=\"https:\/\/i2.wp.com\/www.comercialanma.es\/wp-content\/uploads\/2019\/08\/jack-daniels.jpg?fit=1200%2C1200&#038;ssl=1\" \/>\n\t<meta property=\"og:image:width\" content=\"1200\" \/>\n\t<meta property=\"og:image:height\" content=\"1200\" \/>\n<meta name=\"twitter:card\" content=\"summary_large_image\" \/>\n<script type=\"application\/ld+json\" class=\"yoast-schema-graph\">{\"@context\":\"https:\/\/schema.org\",\"@graph\":[{\"@type\":\"Organization\",\"@id\":\"https:\/\/www.comercialanma.es\/#organization\",\"name\":\"Comercial Anma\",\"url\":\"https:\/\/www.comercialanma.es\/\",\"sameAs\":[\"https:\/\/www.facebook.com\/AnmaHosteleria\",\"https:\/\/www.instagram.com\/anmahosteleria\/?hl=es\",\"https:\/\/www.youtube.com\/channel\/UCT2nmn08Ntks0hmpZPnDgCA\"],\"logo\":{\"@type\":\"ImageObject\",\"@id\":\"https:\/\/www.comercialanma.es\/#logo\",\"inLanguage\":\"es\",\"url\":\"https:\/\/i2.wp.com\/www.comercialanma.es\/wp-content\/uploads\/2019\/06\/logo-anma-color.png?fit=247%2C101&ssl=1\",\"width\":247,\"height\":101,\"caption\":\"Comercial Anma\"},\"image\":{\"@id\":\"https:\/\/www.comercialanma.es\/#logo\"}},{\"@type\":\"WebSite\",\"@id\":\"https:\/\/www.comercialanma.es\/#website\",\"url\":\"https:\/\/www.comercialanma.es\/\",\"name\":\"Comercial de Hosteleria Anma\",\"description\":\"\",\"publisher\":{\"@id\":\"https:\/\/www.comercialanma.es\/#organization\"},\"potentialAction\":[{\"@type\":\"SearchAction\",\"target\":\"https:\/\/www.comercialanma.es\/?s={search_term_string}\",\"query-input\":\"required name=search_term_string\"}],\"inLanguage\":\"es\"},{\"@type\":\"ImageObject\",\"@id\":\"https:\/\/www.comercialanma.es\/?product=whisky-jack-daniel-s-70cl#primaryimage\",\"inLanguage\":\"es\",\"url\":\"https:\/\/i2.wp.com\/www.comercialanma.es\/wp-content\/uploads\/2019\/08\/jack-daniels.jpg?fit=1200%2C1200&ssl=1\",\"width\":1200,\"height\":1200},{\"@type\":\"WebPage\",\"@id\":\"https:\/\/www.comercialanma.es\/?product=whisky-jack-daniel-s-70cl#webpage\",\"url\":\"https:\/\/www.comercialanma.es\/?product=whisky-jack-daniel-s-70cl\",\"name\":\"Whisky Jack Daniel \\u00b4s 70cl. - Comercial de Hosteleria Anma\",\"isPartOf\":{\"@id\":\"https:\/\/www.comercialanma.es\/#website\"},\"primaryImageOfPage\":{\"@id\":\"https:\/\/www.comercialanma.es\/?product=whisky-jack-daniel-s-70cl#primaryimage\"},\"datePublished\":\"2019-08-02T13:26:53+00:00\",\"dateModified\":\"2019-08-02T13:34:32+00:00\",\"breadcrumb\":{\"@id\":\"https:\/\/www.comercialanma.es\/?product=whisky-jack-daniel-s-70cl#breadcrumb\"},\"inLanguage\":\"es\",\"potentialAction\":[{\"@type\":\"ReadAction\",\"target\":[\"https:\/\/www.comercialanma.es\/?product=whisky-jack-daniel-s-70cl\"]}]},{\"@type\":\"BreadcrumbList\",\"@id\":\"https:\/\/www.comercialanma.es\/?product=whisky-jack-daniel-s-70cl#breadcrumb\",\"itemListElement\":[{\"@type\":\"ListItem\",\"position\":1,\"item\":{\"@type\":\"WebPage\",\"@id\":\"https:\/\/www.comercialanma.es\/\",\"url\":\"https:\/\/www.comercialanma.es\/\",\"name\":\"Portada\"}},{\"@type\":\"ListItem\",\"position\":2,\"item\":{\"@type\":\"WebPage\",\"@id\":\"https:\/\/www.comercialanma.es\/?page_id=3963\",\"url\":\"https:\/\/www.comercialanma.es\/?page_id=3963\",\"name\":\"Cat\\u00e1logo de Productos\"}},{\"@type\":\"ListItem\",\"position\":3,\"item\":{\"@type\":\"WebPage\",\"@id\":\"https:\/\/www.comercialanma.es\/?product=whisky-jack-daniel-s-70cl\",\"url\":\"https:\/\/www.comercialanma.es\/?product=whisky-jack-daniel-s-70cl\",\"name\":\"Whisky Jack Daniel \\u00b4s 70cl.\"}}]}]}<\/script>\n<!-- \/ Yoast SEO plugin. -->","_links":{"self":[{"href":"https:\/\/www.comercialanma.es\/index.php?rest_route=\/wp\/v2\/product\/9193"}],"collection":[{"href":"https:\/\/www.comercialanma.es\/index.php?rest_route=\/wp\/v2\/product"}],"about":[{"href":"https:\/\/www.comercialanma.es\/index.php?rest_route=\/wp\/v2\/types\/product"}],"version-history":[{"count":7,"href":"https:\/\/www.comercialanma.es\/index.php?rest_route=\/wp\/v2\/product\/9193\/revisions"}],"predecessor-version":[{"id":9201,"href":"https:\/\/www.comercialanma.es\/index.php?rest_route=\/wp\/v2\/product\/9193\/revisions\/9201"}],"wp:featuredmedia":[{"embeddable":true,"href":"https:\/\/www.comercialanma.es\/index.php?rest_route=\/wp\/v2\/media\/9194"}],"wp:attachment":[{"href":"https:\/\/www.comercialanma.es\/index.php?rest_route=%2Fwp%2Fv2%2Fmedia&parent=9193"}],"curies":[{"name":"wp","href":"https:\/\/api.w.org\/{rel}","templated":true}]}}