
{"id":9210,"date":"2019-08-02T15:53:08","date_gmt":"2019-08-02T13:53:08","guid":{"rendered":"http:\/\/www.comercialanma.es\/?post_type=product&#038;p=9210"},"modified":"2019-08-20T09:28:14","modified_gmt":"2019-08-20T07:28:14","slug":"whisky-jim-bean-70cl","status":"publish","type":"product","link":"https:\/\/www.comercialanma.es\/?product=whisky-jim-bean-70cl","title":{"rendered":"Whisky Jim Bean 70cl."},"content":{"rendered":"<h3>Nota de cata:<\/h3>\n<div class=\"field field-type-text field-field-vista\">\n<ul>\n<li>Vista: Color miel.<\/li>\n<li>Nariz: Aromas elegantes, suaves y refinados, donde predominan las notas avainilladas de roble con un punto picante.<\/li>\n<li>Boca: De cuerpo medio, es meloso con apuntes de caramelo y vainilla aportados por el roble americano.<\/li>\n<li class=\"field-item odd\">Graduaci\u00f3n: 40% vol.<\/li>\n<\/ul>\n<\/div>\n","protected":false},"excerpt":{"rendered":"<div>\n<p>El aut\u00e9ntico bourbon de Kentucky que sigue fiel a sus inicios hace m\u00e1s de doscientos a\u00f1os. Car\u00e1cter, suavidad, notas de vainilla y miel y un protagonismo del cereal que te sumergen en el oeste americano. El secreto est\u00e1 en la mezcla secreta de cereales, el mejor agua de Kentucky y una levadura patentada que a\u00fan hoy en d\u00eda el propietario de la destiler\u00eda y bisnieto del fundador, Fred Noe, se lleva a su casa para guardarla bajo llave. Jim Beam dobla el tiempo de estancia en madera que establece la ley del boubon; en lugar de 2 a\u00f1os este estupendo destilado reposa durante 4 a\u00f1os en barricas de roble americano.<\/p>\n<p>Para que la experiencia sea completa, te regalamos un vaso original de Jim Beam con la compra de una botella de su m\u00edtico bourbon Original.<\/p>\n<\/div>\n","protected":false},"featured_media":9213,"template":"","meta":{"spay_email":""},"yoast_head":"<!-- This site is optimized with the Yoast SEO plugin v15.9 - https:\/\/yoast.com\/wordpress\/plugins\/seo\/ -->\n<title>Whisky Jim Bean 70cl. - Comercial de Hosteleria Anma<\/title>\n<meta name=\"robots\" content=\"index, follow, max-snippet:-1, max-image-preview:large, max-video-preview:-1\" \/>\n<link rel=\"canonical\" href=\"https:\/\/www.comercialanma.es\/?product=whisky-jim-bean-70cl\" \/>\n<meta property=\"og:locale\" content=\"es_ES\" \/>\n<meta property=\"og:type\" content=\"article\" \/>\n<meta property=\"og:title\" content=\"Whisky Jim Bean 70cl. - Comercial de Hosteleria Anma\" \/>\n<meta property=\"og:description\" content=\"El aut\u00e9ntico bourbon de Kentucky que sigue fiel a sus inicios hace m\u00e1s de doscientos a\u00f1os. Car\u00e1cter, suavidad, notas de vainilla y miel y un protagonismo del cereal que te sumergen en el oeste americano. El secreto est\u00e1 en la mezcla secreta de cereales, el mejor agua de Kentucky y una levadura patentada que a\u00fan hoy en d\u00eda el propietario de la destiler\u00eda y bisnieto del fundador, Fred Noe, se lleva a su casa para guardarla bajo llave. Jim Beam dobla el tiempo de estancia en madera que establece la ley del boubon; en lugar de 2 a\u00f1os este estupendo destilado reposa durante 4 a\u00f1os en barricas de roble americano.  Para que la experiencia sea completa, te regalamos un vaso original de Jim Beam con la compra de una botella de su m\u00edtico bourbon Original.\" \/>\n<meta property=\"og:url\" content=\"https:\/\/www.comercialanma.es\/?product=whisky-jim-bean-70cl\" \/>\n<meta property=\"og:site_name\" content=\"Comercial de Hosteleria Anma\" \/>\n<meta property=\"article:publisher\" content=\"https:\/\/www.facebook.com\/AnmaHosteleria\" \/>\n<meta property=\"article:modified_time\" content=\"2019-08-20T07:28:14+00:00\" \/>\n<meta property=\"og:image\" content=\"https:\/\/i1.wp.com\/www.comercialanma.es\/wp-content\/uploads\/2019\/08\/Jeam-Bean.jpg?fit=1200%2C1200&#038;ssl=1\" \/>\n\t<meta property=\"og:image:width\" content=\"1200\" \/>\n\t<meta property=\"og:image:height\" content=\"1200\" \/>\n<meta name=\"twitter:card\" content=\"summary_large_image\" \/>\n<script type=\"application\/ld+json\" class=\"yoast-schema-graph\">{\"@context\":\"https:\/\/schema.org\",\"@graph\":[{\"@type\":\"Organization\",\"@id\":\"https:\/\/www.comercialanma.es\/#organization\",\"name\":\"Comercial Anma\",\"url\":\"https:\/\/www.comercialanma.es\/\",\"sameAs\":[\"https:\/\/www.facebook.com\/AnmaHosteleria\",\"https:\/\/www.instagram.com\/anmahosteleria\/?hl=es\",\"https:\/\/www.youtube.com\/channel\/UCT2nmn08Ntks0hmpZPnDgCA\"],\"logo\":{\"@type\":\"ImageObject\",\"@id\":\"https:\/\/www.comercialanma.es\/#logo\",\"inLanguage\":\"es\",\"url\":\"https:\/\/i2.wp.com\/www.comercialanma.es\/wp-content\/uploads\/2019\/06\/logo-anma-color.png?fit=247%2C101&ssl=1\",\"width\":247,\"height\":101,\"caption\":\"Comercial Anma\"},\"image\":{\"@id\":\"https:\/\/www.comercialanma.es\/#logo\"}},{\"@type\":\"WebSite\",\"@id\":\"https:\/\/www.comercialanma.es\/#website\",\"url\":\"https:\/\/www.comercialanma.es\/\",\"name\":\"Comercial de Hosteleria Anma\",\"description\":\"\",\"publisher\":{\"@id\":\"https:\/\/www.comercialanma.es\/#organization\"},\"potentialAction\":[{\"@type\":\"SearchAction\",\"target\":\"https:\/\/www.comercialanma.es\/?s={search_term_string}\",\"query-input\":\"required name=search_term_string\"}],\"inLanguage\":\"es\"},{\"@type\":\"ImageObject\",\"@id\":\"https:\/\/www.comercialanma.es\/?product=whisky-jim-bean-70cl#primaryimage\",\"inLanguage\":\"es\",\"url\":\"https:\/\/i1.wp.com\/www.comercialanma.es\/wp-content\/uploads\/2019\/08\/Jeam-Bean.jpg?fit=1200%2C1200&ssl=1\",\"width\":1200,\"height\":1200},{\"@type\":\"WebPage\",\"@id\":\"https:\/\/www.comercialanma.es\/?product=whisky-jim-bean-70cl#webpage\",\"url\":\"https:\/\/www.comercialanma.es\/?product=whisky-jim-bean-70cl\",\"name\":\"Whisky Jim Bean 70cl. - Comercial de Hosteleria Anma\",\"isPartOf\":{\"@id\":\"https:\/\/www.comercialanma.es\/#website\"},\"primaryImageOfPage\":{\"@id\":\"https:\/\/www.comercialanma.es\/?product=whisky-jim-bean-70cl#primaryimage\"},\"datePublished\":\"2019-08-02T13:53:08+00:00\",\"dateModified\":\"2019-08-20T07:28:14+00:00\",\"breadcrumb\":{\"@id\":\"https:\/\/www.comercialanma.es\/?product=whisky-jim-bean-70cl#breadcrumb\"},\"inLanguage\":\"es\",\"potentialAction\":[{\"@type\":\"ReadAction\",\"target\":[\"https:\/\/www.comercialanma.es\/?product=whisky-jim-bean-70cl\"]}]},{\"@type\":\"BreadcrumbList\",\"@id\":\"https:\/\/www.comercialanma.es\/?product=whisky-jim-bean-70cl#breadcrumb\",\"itemListElement\":[{\"@type\":\"ListItem\",\"position\":1,\"item\":{\"@type\":\"WebPage\",\"@id\":\"https:\/\/www.comercialanma.es\/\",\"url\":\"https:\/\/www.comercialanma.es\/\",\"name\":\"Portada\"}},{\"@type\":\"ListItem\",\"position\":2,\"item\":{\"@type\":\"WebPage\",\"@id\":\"https:\/\/www.comercialanma.es\/?page_id=3963\",\"url\":\"https:\/\/www.comercialanma.es\/?page_id=3963\",\"name\":\"Cat\\u00e1logo de Productos\"}},{\"@type\":\"ListItem\",\"position\":3,\"item\":{\"@type\":\"WebPage\",\"@id\":\"https:\/\/www.comercialanma.es\/?product=whisky-jim-bean-70cl\",\"url\":\"https:\/\/www.comercialanma.es\/?product=whisky-jim-bean-70cl\",\"name\":\"Whisky Jim Bean 70cl.\"}}]}]}<\/script>\n<!-- \/ Yoast SEO plugin. -->","_links":{"self":[{"href":"https:\/\/www.comercialanma.es\/index.php?rest_route=\/wp\/v2\/product\/9210"}],"collection":[{"href":"https:\/\/www.comercialanma.es\/index.php?rest_route=\/wp\/v2\/product"}],"about":[{"href":"https:\/\/www.comercialanma.es\/index.php?rest_route=\/wp\/v2\/types\/product"}],"version-history":[{"count":4,"href":"https:\/\/www.comercialanma.es\/index.php?rest_route=\/wp\/v2\/product\/9210\/revisions"}],"predecessor-version":[{"id":9215,"href":"https:\/\/www.comercialanma.es\/index.php?rest_route=\/wp\/v2\/product\/9210\/revisions\/9215"}],"wp:featuredmedia":[{"embeddable":true,"href":"https:\/\/www.comercialanma.es\/index.php?rest_route=\/wp\/v2\/media\/9213"}],"wp:attachment":[{"href":"https:\/\/www.comercialanma.es\/index.php?rest_route=%2Fwp%2Fv2%2Fmedia&parent=9210"}],"curies":[{"name":"wp","href":"https:\/\/api.w.org\/{rel}","templated":true}]}}