
{"id":9240,"date":"2019-08-20T09:35:50","date_gmt":"2019-08-20T07:35:50","guid":{"rendered":"http:\/\/www.comercialanma.es\/?post_type=product&#038;p=9240"},"modified":"2019-08-20T09:42:40","modified_gmt":"2019-08-20T07:42:40","slug":"whisky-jack-daniels-legacy-special-70cl","status":"publish","type":"product","link":"https:\/\/www.comercialanma.es\/?product=whisky-jack-daniels-legacy-special-70cl","title":{"rendered":"Whisky Jack Daniel \u00b4s Legacy Special  70cl."},"content":{"rendered":"<div class=\"field field-type-text field-field-vista\">\n<div class=\"info two-coulumn-wrapper cata\">\n<div class=\"field\">\n<div><\/div>\n<div class=\"field-items\">\n<div><\/div>\n<\/div>\n<\/div>\n<\/div>\n<\/div>\n","protected":false},"excerpt":{"rendered":"<div>\n<p>a ic\u00f3nica etiqueta en blanco y negro a la que estamos acostumbrados no siempre fue as\u00ed.<\/p>\n<p>En alg\u00fan momento antes de 1904, las botellas ten\u00edan un tono verde bastante inesperado, y un llamativo adorno dorado.<\/p>\n<p>No se sabe exactamente cu\u00e1ndo se us\u00f3 esta etiqueta, y parece que en Jack Daniels estaban tan ocupados destilando Tennessee Whiskey, que se olvidaron de mantener registros de estas coloridas etiquetas.<\/p>\n<p>Esta etiqueta carece del s\u00edmbolo familiar de la medalla de oro. En 1904 Jack Daniel&#8217;s gan\u00f3 el oro en la Feria Mundial de St. Louis, y desde ese momento Jack Daniel y su sobrino Lem Motlow siempre colocaron la medalla en la etiqueta.<\/p>\n<p>Esto fu\u00e9 un movimiento de marketing muy inteligente, s\u00ed, pero tambi\u00e9n nos dice que esta etiqueta verde y dorada fue producida antes de 1904.<\/p>\n<p>Graduaci\u00f3n: 43% vol.<\/p>\n<\/div>\n","protected":false},"featured_media":9241,"template":"","meta":{"spay_email":""},"yoast_head":"<!-- This site is optimized with the Yoast SEO plugin v15.9 - https:\/\/yoast.com\/wordpress\/plugins\/seo\/ -->\n<title>Whisky Jack Daniel \u00b4s Legacy Special 70cl. - Comercial de Hosteleria Anma<\/title>\n<meta name=\"robots\" content=\"index, follow, max-snippet:-1, max-image-preview:large, max-video-preview:-1\" \/>\n<link rel=\"canonical\" href=\"https:\/\/www.comercialanma.es\/?product=whisky-jack-daniels-legacy-special-70cl\" \/>\n<meta property=\"og:locale\" content=\"es_ES\" \/>\n<meta property=\"og:type\" content=\"article\" \/>\n<meta property=\"og:title\" content=\"Whisky Jack Daniel \u00b4s Legacy Special 70cl. - Comercial de Hosteleria Anma\" \/>\n<meta property=\"og:description\" content=\"a ic\u00f3nica etiqueta en blanco y negro a la que estamos acostumbrados no siempre fue as\u00ed.  En alg\u00fan momento antes de 1904, las botellas ten\u00edan un tono verde bastante inesperado, y un llamativo adorno dorado.  No se sabe exactamente cu\u00e1ndo se us\u00f3 esta etiqueta, y parece que en Jack Daniels estaban tan ocupados destilando Tennessee Whiskey, que se olvidaron de mantener registros de estas coloridas etiquetas.  Esta etiqueta carece del s\u00edmbolo familiar de la medalla de oro. En 1904 Jack Daniel&#039;s gan\u00f3 el oro en la Feria Mundial de St. Louis, y desde ese momento Jack Daniel y su sobrino Lem Motlow siempre colocaron la medalla en la etiqueta.  Esto fu\u00e9 un movimiento de marketing muy inteligente, s\u00ed, pero tambi\u00e9n nos dice que esta etiqueta verde y dorada fue producida antes de 1904.  Graduaci\u00f3n: 43% vol.\" \/>\n<meta property=\"og:url\" content=\"https:\/\/www.comercialanma.es\/?product=whisky-jack-daniels-legacy-special-70cl\" \/>\n<meta property=\"og:site_name\" content=\"Comercial de Hosteleria Anma\" \/>\n<meta property=\"article:publisher\" content=\"https:\/\/www.facebook.com\/AnmaHosteleria\" \/>\n<meta property=\"article:modified_time\" content=\"2019-08-20T07:42:40+00:00\" \/>\n<meta property=\"og:image\" content=\"https:\/\/i1.wp.com\/www.comercialanma.es\/wp-content\/uploads\/2019\/08\/JAck-Daniels-Legacy.jpg?fit=1200%2C1200&#038;ssl=1\" \/>\n\t<meta property=\"og:image:width\" content=\"1200\" \/>\n\t<meta property=\"og:image:height\" content=\"1200\" \/>\n<meta name=\"twitter:card\" content=\"summary_large_image\" \/>\n<script type=\"application\/ld+json\" class=\"yoast-schema-graph\">{\"@context\":\"https:\/\/schema.org\",\"@graph\":[{\"@type\":\"Organization\",\"@id\":\"https:\/\/www.comercialanma.es\/#organization\",\"name\":\"Comercial Anma\",\"url\":\"https:\/\/www.comercialanma.es\/\",\"sameAs\":[\"https:\/\/www.facebook.com\/AnmaHosteleria\",\"https:\/\/www.instagram.com\/anmahosteleria\/?hl=es\",\"https:\/\/www.youtube.com\/channel\/UCT2nmn08Ntks0hmpZPnDgCA\"],\"logo\":{\"@type\":\"ImageObject\",\"@id\":\"https:\/\/www.comercialanma.es\/#logo\",\"inLanguage\":\"es\",\"url\":\"https:\/\/i2.wp.com\/www.comercialanma.es\/wp-content\/uploads\/2019\/06\/logo-anma-color.png?fit=247%2C101&ssl=1\",\"width\":247,\"height\":101,\"caption\":\"Comercial Anma\"},\"image\":{\"@id\":\"https:\/\/www.comercialanma.es\/#logo\"}},{\"@type\":\"WebSite\",\"@id\":\"https:\/\/www.comercialanma.es\/#website\",\"url\":\"https:\/\/www.comercialanma.es\/\",\"name\":\"Comercial de Hosteleria Anma\",\"description\":\"\",\"publisher\":{\"@id\":\"https:\/\/www.comercialanma.es\/#organization\"},\"potentialAction\":[{\"@type\":\"SearchAction\",\"target\":\"https:\/\/www.comercialanma.es\/?s={search_term_string}\",\"query-input\":\"required name=search_term_string\"}],\"inLanguage\":\"es\"},{\"@type\":\"ImageObject\",\"@id\":\"https:\/\/www.comercialanma.es\/?product=whisky-jack-daniels-legacy-special-70cl#primaryimage\",\"inLanguage\":\"es\",\"url\":\"https:\/\/i1.wp.com\/www.comercialanma.es\/wp-content\/uploads\/2019\/08\/JAck-Daniels-Legacy.jpg?fit=1200%2C1200&ssl=1\",\"width\":1200,\"height\":1200},{\"@type\":\"WebPage\",\"@id\":\"https:\/\/www.comercialanma.es\/?product=whisky-jack-daniels-legacy-special-70cl#webpage\",\"url\":\"https:\/\/www.comercialanma.es\/?product=whisky-jack-daniels-legacy-special-70cl\",\"name\":\"Whisky Jack Daniel \\u00b4s Legacy Special 70cl. - Comercial de Hosteleria Anma\",\"isPartOf\":{\"@id\":\"https:\/\/www.comercialanma.es\/#website\"},\"primaryImageOfPage\":{\"@id\":\"https:\/\/www.comercialanma.es\/?product=whisky-jack-daniels-legacy-special-70cl#primaryimage\"},\"datePublished\":\"2019-08-20T07:35:50+00:00\",\"dateModified\":\"2019-08-20T07:42:40+00:00\",\"breadcrumb\":{\"@id\":\"https:\/\/www.comercialanma.es\/?product=whisky-jack-daniels-legacy-special-70cl#breadcrumb\"},\"inLanguage\":\"es\",\"potentialAction\":[{\"@type\":\"ReadAction\",\"target\":[\"https:\/\/www.comercialanma.es\/?product=whisky-jack-daniels-legacy-special-70cl\"]}]},{\"@type\":\"BreadcrumbList\",\"@id\":\"https:\/\/www.comercialanma.es\/?product=whisky-jack-daniels-legacy-special-70cl#breadcrumb\",\"itemListElement\":[{\"@type\":\"ListItem\",\"position\":1,\"item\":{\"@type\":\"WebPage\",\"@id\":\"https:\/\/www.comercialanma.es\/\",\"url\":\"https:\/\/www.comercialanma.es\/\",\"name\":\"Portada\"}},{\"@type\":\"ListItem\",\"position\":2,\"item\":{\"@type\":\"WebPage\",\"@id\":\"https:\/\/www.comercialanma.es\/?page_id=3963\",\"url\":\"https:\/\/www.comercialanma.es\/?page_id=3963\",\"name\":\"Cat\\u00e1logo de Productos\"}},{\"@type\":\"ListItem\",\"position\":3,\"item\":{\"@type\":\"WebPage\",\"@id\":\"https:\/\/www.comercialanma.es\/?product=whisky-jack-daniels-legacy-special-70cl\",\"url\":\"https:\/\/www.comercialanma.es\/?product=whisky-jack-daniels-legacy-special-70cl\",\"name\":\"Whisky Jack Daniel \\u00b4s Legacy Special 70cl.\"}}]}]}<\/script>\n<!-- \/ Yoast SEO plugin. -->","_links":{"self":[{"href":"https:\/\/www.comercialanma.es\/index.php?rest_route=\/wp\/v2\/product\/9240"}],"collection":[{"href":"https:\/\/www.comercialanma.es\/index.php?rest_route=\/wp\/v2\/product"}],"about":[{"href":"https:\/\/www.comercialanma.es\/index.php?rest_route=\/wp\/v2\/types\/product"}],"version-history":[{"count":2,"href":"https:\/\/www.comercialanma.es\/index.php?rest_route=\/wp\/v2\/product\/9240\/revisions"}],"predecessor-version":[{"id":9243,"href":"https:\/\/www.comercialanma.es\/index.php?rest_route=\/wp\/v2\/product\/9240\/revisions\/9243"}],"wp:featuredmedia":[{"embeddable":true,"href":"https:\/\/www.comercialanma.es\/index.php?rest_route=\/wp\/v2\/media\/9241"}],"wp:attachment":[{"href":"https:\/\/www.comercialanma.es\/index.php?rest_route=%2Fwp%2Fv2%2Fmedia&parent=9240"}],"curies":[{"name":"wp","href":"https:\/\/api.w.org\/{rel}","templated":true}]}}