
{"id":9253,"date":"2019-08-20T10:03:37","date_gmt":"2019-08-20T08:03:37","guid":{"rendered":"http:\/\/www.comercialanma.es\/?post_type=product&#038;p=9253"},"modified":"2019-08-20T10:11:35","modified_gmt":"2019-08-20T08:11:35","slug":"whisky-maker-s-mark-70cl","status":"publish","type":"product","link":"https:\/\/www.comercialanma.es\/?product=whisky-maker-s-mark-70cl","title":{"rendered":"Whisky Maker \u00b4s Mark 70cl."},"content":{"rendered":"<div class=\"field field-type-text field-field-vista\">\n<div class=\"info two-coulumn-wrapper cata\">\n<div class=\"field\">\n<h3>Nota de cata:<\/h3>\n<div>\n<ul>\n<li>Vista: Color caramelo ambarino.<\/li>\n<li>Nariz: Predominan los aromas de roble le\u00f1oso, caramelo, vainilla y trigo.<\/li>\n<li>Boca: Dulce y equilibrado con sabores de caramelo, vainilla y esencias afrutadas. Final suave y sutil.<\/li>\n<li>Graduaci\u00f3n: 45% vol.<\/li>\n<\/ul>\n<\/div>\n<\/div>\n<\/div>\n<\/div>\n","protected":false},"excerpt":{"rendered":"<div id=\"product-description-short-1490\">Aunque cuenta con un contenido de alcohol elevado, este bourbon de Kentucky es tremendamente suave. Se aleja del perfil de whisky duro y \u00e1spero que muchos aficionados tienen en su mente y cuenta con grandes matices arom\u00e1ticos. Es perfecto para tomar solo o como ingrediente en cocteler\u00eda.<\/div>\n","protected":false},"featured_media":9254,"template":"","meta":{"spay_email":""},"yoast_head":"<!-- This site is optimized with the Yoast SEO plugin v15.9 - https:\/\/yoast.com\/wordpress\/plugins\/seo\/ -->\n<title>Whisky Maker \u00b4s Mark 70cl. - Comercial de Hosteleria Anma<\/title>\n<meta name=\"robots\" content=\"index, follow, max-snippet:-1, max-image-preview:large, max-video-preview:-1\" \/>\n<link rel=\"canonical\" href=\"https:\/\/www.comercialanma.es\/?product=whisky-maker-s-mark-70cl\" \/>\n<meta property=\"og:locale\" content=\"es_ES\" \/>\n<meta property=\"og:type\" content=\"article\" \/>\n<meta property=\"og:title\" content=\"Whisky Maker \u00b4s Mark 70cl. - Comercial de Hosteleria Anma\" \/>\n<meta property=\"og:description\" content=\"Aunque cuenta con un contenido de alcohol elevado, este bourbon de Kentucky es tremendamente suave. Se aleja del perfil de whisky duro y \u00e1spero que muchos aficionados tienen en su mente y cuenta con grandes matices arom\u00e1ticos. Es perfecto para tomar solo o como ingrediente en cocteler\u00eda.\" \/>\n<meta property=\"og:url\" content=\"https:\/\/www.comercialanma.es\/?product=whisky-maker-s-mark-70cl\" \/>\n<meta property=\"og:site_name\" content=\"Comercial de Hosteleria Anma\" \/>\n<meta property=\"article:publisher\" content=\"https:\/\/www.facebook.com\/AnmaHosteleria\" \/>\n<meta property=\"article:modified_time\" content=\"2019-08-20T08:11:35+00:00\" \/>\n<meta property=\"og:image\" content=\"https:\/\/i2.wp.com\/www.comercialanma.es\/wp-content\/uploads\/2019\/08\/Makers-Mark.jpg?fit=1200%2C1200&#038;ssl=1\" \/>\n\t<meta property=\"og:image:width\" content=\"1200\" \/>\n\t<meta property=\"og:image:height\" content=\"1200\" \/>\n<meta name=\"twitter:card\" content=\"summary_large_image\" \/>\n<script type=\"application\/ld+json\" class=\"yoast-schema-graph\">{\"@context\":\"https:\/\/schema.org\",\"@graph\":[{\"@type\":\"Organization\",\"@id\":\"https:\/\/www.comercialanma.es\/#organization\",\"name\":\"Comercial Anma\",\"url\":\"https:\/\/www.comercialanma.es\/\",\"sameAs\":[\"https:\/\/www.facebook.com\/AnmaHosteleria\",\"https:\/\/www.instagram.com\/anmahosteleria\/?hl=es\",\"https:\/\/www.youtube.com\/channel\/UCT2nmn08Ntks0hmpZPnDgCA\"],\"logo\":{\"@type\":\"ImageObject\",\"@id\":\"https:\/\/www.comercialanma.es\/#logo\",\"inLanguage\":\"es\",\"url\":\"https:\/\/i2.wp.com\/www.comercialanma.es\/wp-content\/uploads\/2019\/06\/logo-anma-color.png?fit=247%2C101&ssl=1\",\"width\":247,\"height\":101,\"caption\":\"Comercial Anma\"},\"image\":{\"@id\":\"https:\/\/www.comercialanma.es\/#logo\"}},{\"@type\":\"WebSite\",\"@id\":\"https:\/\/www.comercialanma.es\/#website\",\"url\":\"https:\/\/www.comercialanma.es\/\",\"name\":\"Comercial de Hosteleria Anma\",\"description\":\"\",\"publisher\":{\"@id\":\"https:\/\/www.comercialanma.es\/#organization\"},\"potentialAction\":[{\"@type\":\"SearchAction\",\"target\":\"https:\/\/www.comercialanma.es\/?s={search_term_string}\",\"query-input\":\"required name=search_term_string\"}],\"inLanguage\":\"es\"},{\"@type\":\"ImageObject\",\"@id\":\"https:\/\/www.comercialanma.es\/?product=whisky-maker-s-mark-70cl#primaryimage\",\"inLanguage\":\"es\",\"url\":\"https:\/\/i2.wp.com\/www.comercialanma.es\/wp-content\/uploads\/2019\/08\/Makers-Mark.jpg?fit=1200%2C1200&ssl=1\",\"width\":1200,\"height\":1200},{\"@type\":\"WebPage\",\"@id\":\"https:\/\/www.comercialanma.es\/?product=whisky-maker-s-mark-70cl#webpage\",\"url\":\"https:\/\/www.comercialanma.es\/?product=whisky-maker-s-mark-70cl\",\"name\":\"Whisky Maker \\u00b4s Mark 70cl. - Comercial de Hosteleria Anma\",\"isPartOf\":{\"@id\":\"https:\/\/www.comercialanma.es\/#website\"},\"primaryImageOfPage\":{\"@id\":\"https:\/\/www.comercialanma.es\/?product=whisky-maker-s-mark-70cl#primaryimage\"},\"datePublished\":\"2019-08-20T08:03:37+00:00\",\"dateModified\":\"2019-08-20T08:11:35+00:00\",\"breadcrumb\":{\"@id\":\"https:\/\/www.comercialanma.es\/?product=whisky-maker-s-mark-70cl#breadcrumb\"},\"inLanguage\":\"es\",\"potentialAction\":[{\"@type\":\"ReadAction\",\"target\":[\"https:\/\/www.comercialanma.es\/?product=whisky-maker-s-mark-70cl\"]}]},{\"@type\":\"BreadcrumbList\",\"@id\":\"https:\/\/www.comercialanma.es\/?product=whisky-maker-s-mark-70cl#breadcrumb\",\"itemListElement\":[{\"@type\":\"ListItem\",\"position\":1,\"item\":{\"@type\":\"WebPage\",\"@id\":\"https:\/\/www.comercialanma.es\/\",\"url\":\"https:\/\/www.comercialanma.es\/\",\"name\":\"Portada\"}},{\"@type\":\"ListItem\",\"position\":2,\"item\":{\"@type\":\"WebPage\",\"@id\":\"https:\/\/www.comercialanma.es\/?page_id=3963\",\"url\":\"https:\/\/www.comercialanma.es\/?page_id=3963\",\"name\":\"Cat\\u00e1logo de Productos\"}},{\"@type\":\"ListItem\",\"position\":3,\"item\":{\"@type\":\"WebPage\",\"@id\":\"https:\/\/www.comercialanma.es\/?product=whisky-maker-s-mark-70cl\",\"url\":\"https:\/\/www.comercialanma.es\/?product=whisky-maker-s-mark-70cl\",\"name\":\"Whisky Maker \\u00b4s Mark 70cl.\"}}]}]}<\/script>\n<!-- \/ Yoast SEO plugin. -->","_links":{"self":[{"href":"https:\/\/www.comercialanma.es\/index.php?rest_route=\/wp\/v2\/product\/9253"}],"collection":[{"href":"https:\/\/www.comercialanma.es\/index.php?rest_route=\/wp\/v2\/product"}],"about":[{"href":"https:\/\/www.comercialanma.es\/index.php?rest_route=\/wp\/v2\/types\/product"}],"version-history":[{"count":3,"href":"https:\/\/www.comercialanma.es\/index.php?rest_route=\/wp\/v2\/product\/9253\/revisions"}],"predecessor-version":[{"id":9257,"href":"https:\/\/www.comercialanma.es\/index.php?rest_route=\/wp\/v2\/product\/9253\/revisions\/9257"}],"wp:featuredmedia":[{"embeddable":true,"href":"https:\/\/www.comercialanma.es\/index.php?rest_route=\/wp\/v2\/media\/9254"}],"wp:attachment":[{"href":"https:\/\/www.comercialanma.es\/index.php?rest_route=%2Fwp%2Fv2%2Fmedia&parent=9253"}],"curies":[{"name":"wp","href":"https:\/\/api.w.org\/{rel}","templated":true}]}}