
{"id":9261,"date":"2019-08-20T10:18:31","date_gmt":"2019-08-20T08:18:31","guid":{"rendered":"http:\/\/www.comercialanma.es\/?post_type=product&#038;p=9261"},"modified":"2019-08-20T10:23:12","modified_gmt":"2019-08-20T08:23:12","slug":"whisky-wild-turkey-101-70cl","status":"publish","type":"product","link":"https:\/\/www.comercialanma.es\/?product=whisky-wild-turkey-101-70cl","title":{"rendered":"Whisky Wild Turkey 101 70cl."},"content":{"rendered":"<div class=\"field field-type-text field-field-vista\">\n<div class=\"info two-coulumn-wrapper cata\">\n<div class=\"field\">\n<h3>Nota de cata:<\/h3>\n<ul>\n<li>Este destilado se vierte en barricas de roble blanco americano cuyo interior est\u00e1 cubierto por una ancha capa de carb\u00f3n vegetal que da a Wild Turkey su sabor \u00fanico y color rojizo.<\/li>\n<li>Las barricas se mantienen cerradas durante a\u00f1os y solo el maestro destilador decide el momento en que el bourbon est\u00e1 suficientemente envejecido para embotellar.<\/li>\n<li>Graduaci\u00f3n: 50,5% vol.<\/li>\n<\/ul>\n<\/div>\n<\/div>\n<\/div>\n","protected":false},"excerpt":{"rendered":"<div id=\"product-description-short-1490\">\n<p>El Wild Turkey 101 Proof es un Kentucky Straight Bourbon Whiskey. Wild Turkey es una marca de whisky bourbon producida desde 1940 por la destiler\u00eda del mismo nombre en Lawrenceburg (Kentucky), Estados Unidos. Los hermanos Ripy construyeron la destiler\u00eda en 1869 cerca de Lawrenceville, Kentucky. Durante la Ley seca la destiler\u00eda ces\u00f3 su producci\u00f3n, para reanudarla posteriormente. En 1952 la empresa fue comprada por los hermanos Gould y en 1980 fue comprada por Pernod Ricard, quien en 2009 vendi\u00f3 la destiler\u00eda al Grupo Campari.<\/p>\n<\/div>\n","protected":false},"featured_media":9262,"template":"","meta":{"spay_email":""},"yoast_head":"<!-- This site is optimized with the Yoast SEO plugin v15.9 - https:\/\/yoast.com\/wordpress\/plugins\/seo\/ -->\n<title>Whisky Wild Turkey 101 70cl. - Comercial de Hosteleria Anma<\/title>\n<meta name=\"robots\" content=\"index, follow, max-snippet:-1, max-image-preview:large, max-video-preview:-1\" \/>\n<link rel=\"canonical\" href=\"https:\/\/www.comercialanma.es\/?product=whisky-wild-turkey-101-70cl\" \/>\n<meta property=\"og:locale\" content=\"es_ES\" \/>\n<meta property=\"og:type\" content=\"article\" \/>\n<meta property=\"og:title\" content=\"Whisky Wild Turkey 101 70cl. - Comercial de Hosteleria Anma\" \/>\n<meta property=\"og:description\" content=\"El Wild Turkey 101 Proof es un Kentucky Straight Bourbon Whiskey. Wild Turkey es una marca de whisky bourbon producida desde 1940 por la destiler\u00eda del mismo nombre en Lawrenceburg (Kentucky), Estados Unidos. Los hermanos Ripy construyeron la destiler\u00eda en 1869 cerca de Lawrenceville, Kentucky. Durante la Ley seca la destiler\u00eda ces\u00f3 su producci\u00f3n, para reanudarla posteriormente. En 1952 la empresa fue comprada por los hermanos Gould y en 1980 fue comprada por Pernod Ricard, quien en 2009 vendi\u00f3 la destiler\u00eda al Grupo Campari.\" \/>\n<meta property=\"og:url\" content=\"https:\/\/www.comercialanma.es\/?product=whisky-wild-turkey-101-70cl\" \/>\n<meta property=\"og:site_name\" content=\"Comercial de Hosteleria Anma\" \/>\n<meta property=\"article:publisher\" content=\"https:\/\/www.facebook.com\/AnmaHosteleria\" \/>\n<meta property=\"article:modified_time\" content=\"2019-08-20T08:23:12+00:00\" \/>\n<meta property=\"og:image\" content=\"https:\/\/i0.wp.com\/www.comercialanma.es\/wp-content\/uploads\/2019\/08\/Wild-turkey-101.jpg?fit=1200%2C1200&#038;ssl=1\" \/>\n\t<meta property=\"og:image:width\" content=\"1200\" \/>\n\t<meta property=\"og:image:height\" content=\"1200\" \/>\n<meta name=\"twitter:card\" content=\"summary_large_image\" \/>\n<script type=\"application\/ld+json\" class=\"yoast-schema-graph\">{\"@context\":\"https:\/\/schema.org\",\"@graph\":[{\"@type\":\"Organization\",\"@id\":\"https:\/\/www.comercialanma.es\/#organization\",\"name\":\"Comercial Anma\",\"url\":\"https:\/\/www.comercialanma.es\/\",\"sameAs\":[\"https:\/\/www.facebook.com\/AnmaHosteleria\",\"https:\/\/www.instagram.com\/anmahosteleria\/?hl=es\",\"https:\/\/www.youtube.com\/channel\/UCT2nmn08Ntks0hmpZPnDgCA\"],\"logo\":{\"@type\":\"ImageObject\",\"@id\":\"https:\/\/www.comercialanma.es\/#logo\",\"inLanguage\":\"es\",\"url\":\"https:\/\/i2.wp.com\/www.comercialanma.es\/wp-content\/uploads\/2019\/06\/logo-anma-color.png?fit=247%2C101&ssl=1\",\"width\":247,\"height\":101,\"caption\":\"Comercial Anma\"},\"image\":{\"@id\":\"https:\/\/www.comercialanma.es\/#logo\"}},{\"@type\":\"WebSite\",\"@id\":\"https:\/\/www.comercialanma.es\/#website\",\"url\":\"https:\/\/www.comercialanma.es\/\",\"name\":\"Comercial de Hosteleria Anma\",\"description\":\"\",\"publisher\":{\"@id\":\"https:\/\/www.comercialanma.es\/#organization\"},\"potentialAction\":[{\"@type\":\"SearchAction\",\"target\":\"https:\/\/www.comercialanma.es\/?s={search_term_string}\",\"query-input\":\"required name=search_term_string\"}],\"inLanguage\":\"es\"},{\"@type\":\"ImageObject\",\"@id\":\"https:\/\/www.comercialanma.es\/?product=whisky-wild-turkey-101-70cl#primaryimage\",\"inLanguage\":\"es\",\"url\":\"https:\/\/i0.wp.com\/www.comercialanma.es\/wp-content\/uploads\/2019\/08\/Wild-turkey-101.jpg?fit=1200%2C1200&ssl=1\",\"width\":1200,\"height\":1200},{\"@type\":\"WebPage\",\"@id\":\"https:\/\/www.comercialanma.es\/?product=whisky-wild-turkey-101-70cl#webpage\",\"url\":\"https:\/\/www.comercialanma.es\/?product=whisky-wild-turkey-101-70cl\",\"name\":\"Whisky Wild Turkey 101 70cl. - Comercial de Hosteleria Anma\",\"isPartOf\":{\"@id\":\"https:\/\/www.comercialanma.es\/#website\"},\"primaryImageOfPage\":{\"@id\":\"https:\/\/www.comercialanma.es\/?product=whisky-wild-turkey-101-70cl#primaryimage\"},\"datePublished\":\"2019-08-20T08:18:31+00:00\",\"dateModified\":\"2019-08-20T08:23:12+00:00\",\"breadcrumb\":{\"@id\":\"https:\/\/www.comercialanma.es\/?product=whisky-wild-turkey-101-70cl#breadcrumb\"},\"inLanguage\":\"es\",\"potentialAction\":[{\"@type\":\"ReadAction\",\"target\":[\"https:\/\/www.comercialanma.es\/?product=whisky-wild-turkey-101-70cl\"]}]},{\"@type\":\"BreadcrumbList\",\"@id\":\"https:\/\/www.comercialanma.es\/?product=whisky-wild-turkey-101-70cl#breadcrumb\",\"itemListElement\":[{\"@type\":\"ListItem\",\"position\":1,\"item\":{\"@type\":\"WebPage\",\"@id\":\"https:\/\/www.comercialanma.es\/\",\"url\":\"https:\/\/www.comercialanma.es\/\",\"name\":\"Portada\"}},{\"@type\":\"ListItem\",\"position\":2,\"item\":{\"@type\":\"WebPage\",\"@id\":\"https:\/\/www.comercialanma.es\/?page_id=3963\",\"url\":\"https:\/\/www.comercialanma.es\/?page_id=3963\",\"name\":\"Cat\\u00e1logo de Productos\"}},{\"@type\":\"ListItem\",\"position\":3,\"item\":{\"@type\":\"WebPage\",\"@id\":\"https:\/\/www.comercialanma.es\/?product=whisky-wild-turkey-101-70cl\",\"url\":\"https:\/\/www.comercialanma.es\/?product=whisky-wild-turkey-101-70cl\",\"name\":\"Whisky Wild Turkey 101 70cl.\"}}]}]}<\/script>\n<!-- \/ Yoast SEO plugin. -->","_links":{"self":[{"href":"https:\/\/www.comercialanma.es\/index.php?rest_route=\/wp\/v2\/product\/9261"}],"collection":[{"href":"https:\/\/www.comercialanma.es\/index.php?rest_route=\/wp\/v2\/product"}],"about":[{"href":"https:\/\/www.comercialanma.es\/index.php?rest_route=\/wp\/v2\/types\/product"}],"version-history":[{"count":1,"href":"https:\/\/www.comercialanma.es\/index.php?rest_route=\/wp\/v2\/product\/9261\/revisions"}],"predecessor-version":[{"id":9263,"href":"https:\/\/www.comercialanma.es\/index.php?rest_route=\/wp\/v2\/product\/9261\/revisions\/9263"}],"wp:featuredmedia":[{"embeddable":true,"href":"https:\/\/www.comercialanma.es\/index.php?rest_route=\/wp\/v2\/media\/9262"}],"wp:attachment":[{"href":"https:\/\/www.comercialanma.es\/index.php?rest_route=%2Fwp%2Fv2%2Fmedia&parent=9261"}],"curies":[{"name":"wp","href":"https:\/\/api.w.org\/{rel}","templated":true}]}}