
{"id":9283,"date":"2019-08-21T12:20:10","date_gmt":"2019-08-21T10:20:10","guid":{"rendered":"http:\/\/www.comercialanma.es\/?post_type=product&#038;p=9283"},"modified":"2021-05-04T15:54:51","modified_gmt":"2021-05-04T13:54:51","slug":"ballantines-light","status":"publish","type":"product","link":"https:\/\/www.comercialanma.es\/?product=ballantines-light","title":{"rendered":"Whisky Ballantine\u00b4s Light 70cl."},"content":{"rendered":"<h3>Nota de cata:<\/h3>\n<div class=\"values\">\n<ul>\n<li>Vista: Color dorado ligero.<\/li>\n<li>Nariz: Aroma suave y elegante con notas de miel y un toque de especias.<\/li>\n<li>Boca: Buen balance dulce y sutil con tonos a leche, chocolate, manzana roja y vainilla. Fresco y floral creando una sensaci\u00f3n de redondez.<\/li>\n<li>Graduaci\u00f3n: 20% vol.<\/li>\n<\/ul>\n<\/div>\n<p>&nbsp;<\/p>\n","protected":false},"excerpt":{"rendered":"<p>Ballantine\u00b4s Light | 70cl. |<\/p>\n<p>Equilibradas notas frutales y florales t\u00edpicas del estilo emblem\u00e1tico de Ballantine\u2019s, pero con unas notas m\u00e1s frescas de jugosa manzana verde y untoque c\u00edtrico con aromas de pomelo rosa y ralladura de naranja conforman Ballantine\u2019s Light con la mitad de alcohol (20\u00ba). Esta nueva referencia ha sido cuidadosamente elaborada por el equipo de mezcladores dirigido por Sandy Hyslop, Master Distiller de Ballantine\u2019s. El resultado es una expresi\u00f3n de bajo porcentaje alcoh\u00f3lico que est\u00e1 llena de sabor y es inequ\u00edvocamente Ballantine\u2019s, que consolida la creencia de que no hay una forma equivocada de disfrutar de Ballantine\u2019s.<\/p>\n","protected":false},"featured_media":16357,"template":"","meta":{"spay_email":""},"yoast_head":"<!-- This site is optimized with the Yoast SEO plugin v15.9 - https:\/\/yoast.com\/wordpress\/plugins\/seo\/ -->\n<title>Whisky Ballantine\u00b4s Light 70cl. - Comercial de Hosteleria Anma<\/title>\n<meta name=\"description\" content=\"Ballantine\u00b4s Light | 70cl. | Notas frutales y florales del estilo emblem\u00e1tico de Ballantine\u2019s, pero Light solo con la mitad de alcohol (20\u00ba).\" \/>\n<meta name=\"robots\" content=\"index, follow, max-snippet:-1, max-image-preview:large, max-video-preview:-1\" \/>\n<link rel=\"canonical\" href=\"https:\/\/www.comercialanma.es\/?product=ballantines-light\" \/>\n<meta property=\"og:locale\" content=\"es_ES\" \/>\n<meta property=\"og:type\" content=\"article\" \/>\n<meta property=\"og:title\" content=\"Whisky Ballantine\u00b4s Light 70cl. - Comercial de Hosteleria Anma\" \/>\n<meta property=\"og:description\" content=\"Ballantine\u00b4s Light | 70cl. | Notas frutales y florales del estilo emblem\u00e1tico de Ballantine\u2019s, pero Light solo con la mitad de alcohol (20\u00ba).\" \/>\n<meta property=\"og:url\" content=\"https:\/\/www.comercialanma.es\/?product=ballantines-light\" \/>\n<meta property=\"og:site_name\" content=\"Comercial de Hosteleria Anma\" \/>\n<meta property=\"article:publisher\" content=\"https:\/\/www.facebook.com\/AnmaHosteleria\" \/>\n<meta property=\"article:modified_time\" content=\"2021-05-04T13:54:51+00:00\" \/>\n<meta property=\"og:image\" content=\"https:\/\/i0.wp.com\/www.comercialanma.es\/wp-content\/uploads\/2019\/08\/ballatines-light-70cl.jpg?fit=1080%2C1080&#038;ssl=1\" \/>\n\t<meta property=\"og:image:width\" content=\"1080\" \/>\n\t<meta property=\"og:image:height\" content=\"1080\" \/>\n<meta name=\"twitter:card\" content=\"summary_large_image\" \/>\n<meta name=\"twitter:label1\" content=\"Tiempo de lectura\">\n\t<meta name=\"twitter:data1\" content=\"1 minuto\">\n<script type=\"application\/ld+json\" class=\"yoast-schema-graph\">{\"@context\":\"https:\/\/schema.org\",\"@graph\":[{\"@type\":\"Organization\",\"@id\":\"https:\/\/www.comercialanma.es\/#organization\",\"name\":\"Comercial Anma\",\"url\":\"https:\/\/www.comercialanma.es\/\",\"sameAs\":[\"https:\/\/www.facebook.com\/AnmaHosteleria\",\"https:\/\/www.instagram.com\/anmahosteleria\/?hl=es\",\"https:\/\/www.youtube.com\/channel\/UCT2nmn08Ntks0hmpZPnDgCA\"],\"logo\":{\"@type\":\"ImageObject\",\"@id\":\"https:\/\/www.comercialanma.es\/#logo\",\"inLanguage\":\"es\",\"url\":\"https:\/\/i2.wp.com\/www.comercialanma.es\/wp-content\/uploads\/2019\/06\/logo-anma-color.png?fit=247%2C101&ssl=1\",\"width\":247,\"height\":101,\"caption\":\"Comercial Anma\"},\"image\":{\"@id\":\"https:\/\/www.comercialanma.es\/#logo\"}},{\"@type\":\"WebSite\",\"@id\":\"https:\/\/www.comercialanma.es\/#website\",\"url\":\"https:\/\/www.comercialanma.es\/\",\"name\":\"Comercial de Hosteleria Anma\",\"description\":\"\",\"publisher\":{\"@id\":\"https:\/\/www.comercialanma.es\/#organization\"},\"potentialAction\":[{\"@type\":\"SearchAction\",\"target\":\"https:\/\/www.comercialanma.es\/?s={search_term_string}\",\"query-input\":\"required name=search_term_string\"}],\"inLanguage\":\"es\"},{\"@type\":\"ImageObject\",\"@id\":\"https:\/\/www.comercialanma.es\/?product=ballantines-light#primaryimage\",\"inLanguage\":\"es\",\"url\":\"https:\/\/i0.wp.com\/www.comercialanma.es\/wp-content\/uploads\/2019\/08\/ballatines-light-70cl.jpg?fit=1080%2C1080&ssl=1\",\"width\":1080,\"height\":1080},{\"@type\":\"WebPage\",\"@id\":\"https:\/\/www.comercialanma.es\/?product=ballantines-light#webpage\",\"url\":\"https:\/\/www.comercialanma.es\/?product=ballantines-light\",\"name\":\"Whisky Ballantine\\u00b4s Light 70cl. - Comercial de Hosteleria Anma\",\"isPartOf\":{\"@id\":\"https:\/\/www.comercialanma.es\/#website\"},\"primaryImageOfPage\":{\"@id\":\"https:\/\/www.comercialanma.es\/?product=ballantines-light#primaryimage\"},\"datePublished\":\"2019-08-21T10:20:10+00:00\",\"dateModified\":\"2021-05-04T13:54:51+00:00\",\"description\":\"Ballantine\\u00b4s Light | 70cl. | Notas frutales y florales del estilo emblem\\u00e1tico de Ballantine\\u2019s, pero Light solo con la mitad de alcohol (20\\u00ba).\",\"breadcrumb\":{\"@id\":\"https:\/\/www.comercialanma.es\/?product=ballantines-light#breadcrumb\"},\"inLanguage\":\"es\",\"potentialAction\":[{\"@type\":\"ReadAction\",\"target\":[\"https:\/\/www.comercialanma.es\/?product=ballantines-light\"]}]},{\"@type\":\"BreadcrumbList\",\"@id\":\"https:\/\/www.comercialanma.es\/?product=ballantines-light#breadcrumb\",\"itemListElement\":[{\"@type\":\"ListItem\",\"position\":1,\"item\":{\"@type\":\"WebPage\",\"@id\":\"https:\/\/www.comercialanma.es\/\",\"url\":\"https:\/\/www.comercialanma.es\/\",\"name\":\"Portada\"}},{\"@type\":\"ListItem\",\"position\":2,\"item\":{\"@type\":\"WebPage\",\"@id\":\"https:\/\/www.comercialanma.es\/?page_id=3963\",\"url\":\"https:\/\/www.comercialanma.es\/?page_id=3963\",\"name\":\"Cat\\u00e1logo de Productos\"}},{\"@type\":\"ListItem\",\"position\":3,\"item\":{\"@type\":\"WebPage\",\"@id\":\"https:\/\/www.comercialanma.es\/?product=ballantines-light\",\"url\":\"https:\/\/www.comercialanma.es\/?product=ballantines-light\",\"name\":\"Whisky Ballantine\\u00b4s Light 70cl.\"}}]}]}<\/script>\n<!-- \/ Yoast SEO plugin. -->","_links":{"self":[{"href":"https:\/\/www.comercialanma.es\/index.php?rest_route=\/wp\/v2\/product\/9283"}],"collection":[{"href":"https:\/\/www.comercialanma.es\/index.php?rest_route=\/wp\/v2\/product"}],"about":[{"href":"https:\/\/www.comercialanma.es\/index.php?rest_route=\/wp\/v2\/types\/product"}],"version-history":[{"count":5,"href":"https:\/\/www.comercialanma.es\/index.php?rest_route=\/wp\/v2\/product\/9283\/revisions"}],"predecessor-version":[{"id":16358,"href":"https:\/\/www.comercialanma.es\/index.php?rest_route=\/wp\/v2\/product\/9283\/revisions\/16358"}],"wp:featuredmedia":[{"embeddable":true,"href":"https:\/\/www.comercialanma.es\/index.php?rest_route=\/wp\/v2\/media\/16357"}],"wp:attachment":[{"href":"https:\/\/www.comercialanma.es\/index.php?rest_route=%2Fwp%2Fv2%2Fmedia&parent=9283"}],"curies":[{"name":"wp","href":"https:\/\/api.w.org\/{rel}","templated":true}]}}