
{"id":9301,"date":"2019-08-21T12:56:25","date_gmt":"2019-08-21T10:56:25","guid":{"rendered":"http:\/\/www.comercialanma.es\/?post_type=product&#038;p=9301"},"modified":"2020-02-24T12:24:52","modified_gmt":"2020-02-24T11:24:52","slug":"whisky-valdespino-rare-spirits-15-anos-70cl","status":"publish","type":"product","link":"https:\/\/www.comercialanma.es\/?product=whisky-valdespino-rare-spirits-15-anos-70cl","title":{"rendered":"Whisky Valdespino Rare Spirits 15 a\u00f1os 70cl."},"content":{"rendered":"<h3>Nota de cata:<\/h3>\n<div>\n<div>\n<ul>\n<li>Vista: Dorado pajizo.<\/li>\n<li>Nariz: Notas de tabaco y miel, con un fondo elegante.<\/li>\n<li>Boca: Muy suave y delicado, recuerdos de ciruela y de oloroso, toques vegetales y especias. Final mineral y ahumado.<\/li>\n<li>Graduaci\u00f3n: 43,5% vol.<\/li>\n<\/ul>\n<\/div>\n<\/div>\n<p>&nbsp;<\/p>\n","protected":false},"excerpt":{"rendered":"<p>Tras d\u00e9cadas exportando\u00a0botas a destilerias de whisky en Escocia, en 1955 se seleccion\u00f3 una partida de whisky de malta de botas procedentes de varias destiler\u00edas destinatarias de las vasijas de Valdespino. Este whisky de malta de la colecci\u00f3n Rare Spirits tiene una vejez media de 15 a\u00f1os. Adem\u00e1s, estuvo en botas centenarias que contuvieron palos cortados y olorosos de las soleras m\u00e1s prestigiosas de Valdespino.<\/p>\n","protected":false},"featured_media":9302,"template":"","meta":{"spay_email":""},"yoast_head":"<!-- This site is optimized with the Yoast SEO plugin v15.9 - https:\/\/yoast.com\/wordpress\/plugins\/seo\/ -->\n<title>Whisky Valdespino Rare Spirits 15 a\u00f1os 70cl. - Comercial de Hosteleria Anma<\/title>\n<meta name=\"robots\" content=\"index, follow, max-snippet:-1, max-image-preview:large, max-video-preview:-1\" \/>\n<link rel=\"canonical\" href=\"https:\/\/www.comercialanma.es\/?product=whisky-valdespino-rare-spirits-15-anos-70cl\" \/>\n<meta property=\"og:locale\" content=\"es_ES\" \/>\n<meta property=\"og:type\" content=\"article\" \/>\n<meta property=\"og:title\" content=\"Whisky Valdespino Rare Spirits 15 a\u00f1os 70cl. - Comercial de Hosteleria Anma\" \/>\n<meta property=\"og:description\" content=\"Tras d\u00e9cadas exportando\u00a0botas a destilerias de whisky en Escocia, en 1955 se seleccion\u00f3 una partida de whisky de malta de botas procedentes de varias destiler\u00edas destinatarias de las vasijas de Valdespino. Este whisky de malta de la colecci\u00f3n Rare Spirits tiene una vejez media de 15 a\u00f1os. Adem\u00e1s, estuvo en botas centenarias que contuvieron palos cortados y olorosos de las soleras m\u00e1s prestigiosas de Valdespino.\" \/>\n<meta property=\"og:url\" content=\"https:\/\/www.comercialanma.es\/?product=whisky-valdespino-rare-spirits-15-anos-70cl\" \/>\n<meta property=\"og:site_name\" content=\"Comercial de Hosteleria Anma\" \/>\n<meta property=\"article:publisher\" content=\"https:\/\/www.facebook.com\/AnmaHosteleria\" \/>\n<meta property=\"article:modified_time\" content=\"2020-02-24T11:24:52+00:00\" \/>\n<meta property=\"og:image\" content=\"https:\/\/i0.wp.com\/www.comercialanma.es\/wp-content\/uploads\/2019\/08\/Valdespino-Rare-Spirits.jpg?fit=1200%2C1200&#038;ssl=1\" \/>\n\t<meta property=\"og:image:width\" content=\"1200\" \/>\n\t<meta property=\"og:image:height\" content=\"1200\" \/>\n<meta name=\"twitter:card\" content=\"summary_large_image\" \/>\n<script type=\"application\/ld+json\" class=\"yoast-schema-graph\">{\"@context\":\"https:\/\/schema.org\",\"@graph\":[{\"@type\":\"Organization\",\"@id\":\"https:\/\/www.comercialanma.es\/#organization\",\"name\":\"Comercial Anma\",\"url\":\"https:\/\/www.comercialanma.es\/\",\"sameAs\":[\"https:\/\/www.facebook.com\/AnmaHosteleria\",\"https:\/\/www.instagram.com\/anmahosteleria\/?hl=es\",\"https:\/\/www.youtube.com\/channel\/UCT2nmn08Ntks0hmpZPnDgCA\"],\"logo\":{\"@type\":\"ImageObject\",\"@id\":\"https:\/\/www.comercialanma.es\/#logo\",\"inLanguage\":\"es\",\"url\":\"https:\/\/i2.wp.com\/www.comercialanma.es\/wp-content\/uploads\/2019\/06\/logo-anma-color.png?fit=247%2C101&ssl=1\",\"width\":247,\"height\":101,\"caption\":\"Comercial Anma\"},\"image\":{\"@id\":\"https:\/\/www.comercialanma.es\/#logo\"}},{\"@type\":\"WebSite\",\"@id\":\"https:\/\/www.comercialanma.es\/#website\",\"url\":\"https:\/\/www.comercialanma.es\/\",\"name\":\"Comercial de Hosteleria Anma\",\"description\":\"\",\"publisher\":{\"@id\":\"https:\/\/www.comercialanma.es\/#organization\"},\"potentialAction\":[{\"@type\":\"SearchAction\",\"target\":\"https:\/\/www.comercialanma.es\/?s={search_term_string}\",\"query-input\":\"required name=search_term_string\"}],\"inLanguage\":\"es\"},{\"@type\":\"ImageObject\",\"@id\":\"https:\/\/www.comercialanma.es\/?product=whisky-valdespino-rare-spirits-15-anos-70cl#primaryimage\",\"inLanguage\":\"es\",\"url\":\"https:\/\/i0.wp.com\/www.comercialanma.es\/wp-content\/uploads\/2019\/08\/Valdespino-Rare-Spirits.jpg?fit=1200%2C1200&ssl=1\",\"width\":1200,\"height\":1200},{\"@type\":\"WebPage\",\"@id\":\"https:\/\/www.comercialanma.es\/?product=whisky-valdespino-rare-spirits-15-anos-70cl#webpage\",\"url\":\"https:\/\/www.comercialanma.es\/?product=whisky-valdespino-rare-spirits-15-anos-70cl\",\"name\":\"Whisky Valdespino Rare Spirits 15 a\\u00f1os 70cl. - Comercial de Hosteleria Anma\",\"isPartOf\":{\"@id\":\"https:\/\/www.comercialanma.es\/#website\"},\"primaryImageOfPage\":{\"@id\":\"https:\/\/www.comercialanma.es\/?product=whisky-valdespino-rare-spirits-15-anos-70cl#primaryimage\"},\"datePublished\":\"2019-08-21T10:56:25+00:00\",\"dateModified\":\"2020-02-24T11:24:52+00:00\",\"breadcrumb\":{\"@id\":\"https:\/\/www.comercialanma.es\/?product=whisky-valdespino-rare-spirits-15-anos-70cl#breadcrumb\"},\"inLanguage\":\"es\",\"potentialAction\":[{\"@type\":\"ReadAction\",\"target\":[\"https:\/\/www.comercialanma.es\/?product=whisky-valdespino-rare-spirits-15-anos-70cl\"]}]},{\"@type\":\"BreadcrumbList\",\"@id\":\"https:\/\/www.comercialanma.es\/?product=whisky-valdespino-rare-spirits-15-anos-70cl#breadcrumb\",\"itemListElement\":[{\"@type\":\"ListItem\",\"position\":1,\"item\":{\"@type\":\"WebPage\",\"@id\":\"https:\/\/www.comercialanma.es\/\",\"url\":\"https:\/\/www.comercialanma.es\/\",\"name\":\"Portada\"}},{\"@type\":\"ListItem\",\"position\":2,\"item\":{\"@type\":\"WebPage\",\"@id\":\"https:\/\/www.comercialanma.es\/?page_id=3963\",\"url\":\"https:\/\/www.comercialanma.es\/?page_id=3963\",\"name\":\"Cat\\u00e1logo de Productos\"}},{\"@type\":\"ListItem\",\"position\":3,\"item\":{\"@type\":\"WebPage\",\"@id\":\"https:\/\/www.comercialanma.es\/?product=whisky-valdespino-rare-spirits-15-anos-70cl\",\"url\":\"https:\/\/www.comercialanma.es\/?product=whisky-valdespino-rare-spirits-15-anos-70cl\",\"name\":\"Whisky Valdespino Rare Spirits 15 a\\u00f1os 70cl.\"}}]}]}<\/script>\n<!-- \/ Yoast SEO plugin. -->","_links":{"self":[{"href":"https:\/\/www.comercialanma.es\/index.php?rest_route=\/wp\/v2\/product\/9301"}],"collection":[{"href":"https:\/\/www.comercialanma.es\/index.php?rest_route=\/wp\/v2\/product"}],"about":[{"href":"https:\/\/www.comercialanma.es\/index.php?rest_route=\/wp\/v2\/types\/product"}],"version-history":[{"count":2,"href":"https:\/\/www.comercialanma.es\/index.php?rest_route=\/wp\/v2\/product\/9301\/revisions"}],"predecessor-version":[{"id":9304,"href":"https:\/\/www.comercialanma.es\/index.php?rest_route=\/wp\/v2\/product\/9301\/revisions\/9304"}],"wp:featuredmedia":[{"embeddable":true,"href":"https:\/\/www.comercialanma.es\/index.php?rest_route=\/wp\/v2\/media\/9302"}],"wp:attachment":[{"href":"https:\/\/www.comercialanma.es\/index.php?rest_route=%2Fwp%2Fv2%2Fmedia&parent=9301"}],"curies":[{"name":"wp","href":"https:\/\/api.w.org\/{rel}","templated":true}]}}