
{"id":9339,"date":"2019-08-21T16:47:06","date_gmt":"2019-08-21T14:47:06","guid":{"rendered":"http:\/\/www.comercialanma.es\/?post_type=product&#038;p=9339"},"modified":"2021-06-08T08:42:07","modified_gmt":"2021-06-08T06:42:07","slug":"whisky-cutty-sark-18-anos-70cl","status":"publish","type":"product","link":"https:\/\/www.comercialanma.es\/?product=whisky-cutty-sark-18-anos-70cl","title":{"rendered":"Whisky Cutty Sark 18 a\u00f1os 70cl."},"content":{"rendered":"<h3>Nota de cata:<\/h3>\n<ul>\n<li>En nariz est\u00e1 muy bien equilibrado y refinado.<\/li>\n<li>Destacan las notas a cebada con ligeros toques de humo y a especias.<\/li>\n<li>En boca destaca la vainilla, el az\u00facar moreno y tambi\u00e9n las especias de ron. Tiene un retrogusto largo con ligeros matices a pastel de frutas, mantequilla, dulce de az\u00facar y roble.<\/li>\n<li>Graduaci\u00f3n: 43% vol.<\/li>\n<\/ul>\n","protected":false},"excerpt":{"rendered":"<p>Cutty Sark 18 Years Discovery es un whisky blended, elaborado en Escocia. Este destilado es una mezcla de diferentes whiskies de malta que provienen en su mayor parte de las Tierras Altas de Escocia y las Highlands. Est\u00e1 envejecido, en una segunda maduraci\u00f3n, durante un m\u00ednimo de 18 a\u00f1os en barricas de roble de jerez.<br \/>\nCutty Sark 18 Years Discovery es un whisky elegante, suave y muy armonioso, se nota la calidad de los maltas que lo componen.<\/p>\n<p>&nbsp;<\/p>\n<p><span class=\"PBLongTxt PBItemDesc\">\u00a0<\/span><\/p>\n","protected":false},"featured_media":9340,"template":"","meta":{"spay_email":""},"yoast_head":"<!-- This site is optimized with the Yoast SEO plugin v15.9 - https:\/\/yoast.com\/wordpress\/plugins\/seo\/ -->\n<title>Whisky Cutty Sark 18 a\u00f1os 70cl. - Comercial de Hosteleria Anma<\/title>\n<meta name=\"robots\" content=\"index, follow, max-snippet:-1, max-image-preview:large, max-video-preview:-1\" \/>\n<link rel=\"canonical\" href=\"https:\/\/www.comercialanma.es\/?product=whisky-cutty-sark-18-anos-70cl\" \/>\n<meta property=\"og:locale\" content=\"es_ES\" \/>\n<meta property=\"og:type\" content=\"article\" \/>\n<meta property=\"og:title\" content=\"Whisky Cutty Sark 18 a\u00f1os 70cl. - Comercial de Hosteleria Anma\" \/>\n<meta property=\"og:description\" content=\"Cutty Sark 18 Years Discovery es un whisky blended, elaborado en Escocia. Este destilado es una mezcla de diferentes whiskies de malta que provienen en su mayor parte de las Tierras Altas de Escocia y las Highlands. Est\u00e1 envejecido, en una segunda maduraci\u00f3n, durante un m\u00ednimo de 18 a\u00f1os en barricas de roble de jerez. Cutty Sark 18 Years Discovery es un whisky elegante, suave y muy armonioso, se nota la calidad de los maltas que lo componen.  &nbsp;  \u00a0\" \/>\n<meta property=\"og:url\" content=\"https:\/\/www.comercialanma.es\/?product=whisky-cutty-sark-18-anos-70cl\" \/>\n<meta property=\"og:site_name\" content=\"Comercial de Hosteleria Anma\" \/>\n<meta property=\"article:publisher\" content=\"https:\/\/www.facebook.com\/AnmaHosteleria\" \/>\n<meta property=\"article:modified_time\" content=\"2021-06-08T06:42:07+00:00\" \/>\n<meta property=\"og:image\" content=\"https:\/\/i0.wp.com\/www.comercialanma.es\/wp-content\/uploads\/2019\/08\/Cutty-Sark-18-an\u0303os.jpg?fit=1200%2C1200&#038;ssl=1\" \/>\n\t<meta property=\"og:image:width\" content=\"1200\" \/>\n\t<meta property=\"og:image:height\" content=\"1200\" \/>\n<meta name=\"twitter:card\" content=\"summary_large_image\" \/>\n<script type=\"application\/ld+json\" class=\"yoast-schema-graph\">{\"@context\":\"https:\/\/schema.org\",\"@graph\":[{\"@type\":\"Organization\",\"@id\":\"https:\/\/www.comercialanma.es\/#organization\",\"name\":\"Comercial Anma\",\"url\":\"https:\/\/www.comercialanma.es\/\",\"sameAs\":[\"https:\/\/www.facebook.com\/AnmaHosteleria\",\"https:\/\/www.instagram.com\/anmahosteleria\/?hl=es\",\"https:\/\/www.youtube.com\/channel\/UCT2nmn08Ntks0hmpZPnDgCA\"],\"logo\":{\"@type\":\"ImageObject\",\"@id\":\"https:\/\/www.comercialanma.es\/#logo\",\"inLanguage\":\"es\",\"url\":\"https:\/\/i2.wp.com\/www.comercialanma.es\/wp-content\/uploads\/2019\/06\/logo-anma-color.png?fit=247%2C101&ssl=1\",\"width\":247,\"height\":101,\"caption\":\"Comercial Anma\"},\"image\":{\"@id\":\"https:\/\/www.comercialanma.es\/#logo\"}},{\"@type\":\"WebSite\",\"@id\":\"https:\/\/www.comercialanma.es\/#website\",\"url\":\"https:\/\/www.comercialanma.es\/\",\"name\":\"Comercial de Hosteleria Anma\",\"description\":\"\",\"publisher\":{\"@id\":\"https:\/\/www.comercialanma.es\/#organization\"},\"potentialAction\":[{\"@type\":\"SearchAction\",\"target\":\"https:\/\/www.comercialanma.es\/?s={search_term_string}\",\"query-input\":\"required name=search_term_string\"}],\"inLanguage\":\"es\"},{\"@type\":\"ImageObject\",\"@id\":\"https:\/\/www.comercialanma.es\/?product=whisky-cutty-sark-18-anos-70cl#primaryimage\",\"inLanguage\":\"es\",\"url\":\"https:\/\/i0.wp.com\/www.comercialanma.es\/wp-content\/uploads\/2019\/08\/Cutty-Sark-18-an\\u0303os.jpg?fit=1200%2C1200&ssl=1\",\"width\":1200,\"height\":1200},{\"@type\":\"WebPage\",\"@id\":\"https:\/\/www.comercialanma.es\/?product=whisky-cutty-sark-18-anos-70cl#webpage\",\"url\":\"https:\/\/www.comercialanma.es\/?product=whisky-cutty-sark-18-anos-70cl\",\"name\":\"Whisky Cutty Sark 18 a\\u00f1os 70cl. - Comercial de Hosteleria Anma\",\"isPartOf\":{\"@id\":\"https:\/\/www.comercialanma.es\/#website\"},\"primaryImageOfPage\":{\"@id\":\"https:\/\/www.comercialanma.es\/?product=whisky-cutty-sark-18-anos-70cl#primaryimage\"},\"datePublished\":\"2019-08-21T14:47:06+00:00\",\"dateModified\":\"2021-06-08T06:42:07+00:00\",\"breadcrumb\":{\"@id\":\"https:\/\/www.comercialanma.es\/?product=whisky-cutty-sark-18-anos-70cl#breadcrumb\"},\"inLanguage\":\"es\",\"potentialAction\":[{\"@type\":\"ReadAction\",\"target\":[\"https:\/\/www.comercialanma.es\/?product=whisky-cutty-sark-18-anos-70cl\"]}]},{\"@type\":\"BreadcrumbList\",\"@id\":\"https:\/\/www.comercialanma.es\/?product=whisky-cutty-sark-18-anos-70cl#breadcrumb\",\"itemListElement\":[{\"@type\":\"ListItem\",\"position\":1,\"item\":{\"@type\":\"WebPage\",\"@id\":\"https:\/\/www.comercialanma.es\/\",\"url\":\"https:\/\/www.comercialanma.es\/\",\"name\":\"Portada\"}},{\"@type\":\"ListItem\",\"position\":2,\"item\":{\"@type\":\"WebPage\",\"@id\":\"https:\/\/www.comercialanma.es\/?page_id=3963\",\"url\":\"https:\/\/www.comercialanma.es\/?page_id=3963\",\"name\":\"Cat\\u00e1logo de Productos\"}},{\"@type\":\"ListItem\",\"position\":3,\"item\":{\"@type\":\"WebPage\",\"@id\":\"https:\/\/www.comercialanma.es\/?product=whisky-cutty-sark-18-anos-70cl\",\"url\":\"https:\/\/www.comercialanma.es\/?product=whisky-cutty-sark-18-anos-70cl\",\"name\":\"Whisky Cutty Sark 18 a\\u00f1os 70cl.\"}}]}]}<\/script>\n<!-- \/ Yoast SEO plugin. -->","_links":{"self":[{"href":"https:\/\/www.comercialanma.es\/index.php?rest_route=\/wp\/v2\/product\/9339"}],"collection":[{"href":"https:\/\/www.comercialanma.es\/index.php?rest_route=\/wp\/v2\/product"}],"about":[{"href":"https:\/\/www.comercialanma.es\/index.php?rest_route=\/wp\/v2\/types\/product"}],"version-history":[{"count":1,"href":"https:\/\/www.comercialanma.es\/index.php?rest_route=\/wp\/v2\/product\/9339\/revisions"}],"predecessor-version":[{"id":9341,"href":"https:\/\/www.comercialanma.es\/index.php?rest_route=\/wp\/v2\/product\/9339\/revisions\/9341"}],"wp:featuredmedia":[{"embeddable":true,"href":"https:\/\/www.comercialanma.es\/index.php?rest_route=\/wp\/v2\/media\/9340"}],"wp:attachment":[{"href":"https:\/\/www.comercialanma.es\/index.php?rest_route=%2Fwp%2Fv2%2Fmedia&parent=9339"}],"curies":[{"name":"wp","href":"https:\/\/api.w.org\/{rel}","templated":true}]}}