
{"id":9379,"date":"2019-08-22T09:20:57","date_gmt":"2019-08-22T07:20:57","guid":{"rendered":"http:\/\/www.comercialanma.es\/?post_type=product&#038;p=9379"},"modified":"2020-02-24T12:28:07","modified_gmt":"2020-02-24T11:28:07","slug":"whisky-chivas-regal-mizunara-70cl","status":"publish","type":"product","link":"https:\/\/www.comercialanma.es\/?product=whisky-chivas-regal-mizunara-70cl","title":{"rendered":"Whisky Chivas Regal Mizunara 70cl."},"content":{"rendered":"<h3>Nota de cata:<\/h3>\n<ul>\n<li>Chivas Regal Mizunara es un whisky intensamente afrutado con aromas de pera y naranja.<\/li>\n<li>Dulce en boca con toques de avellana y un final picante, caracter\u00edstico de la madera Mizunara.<\/li>\n<li>Para beberlo al estilo tradicional japon\u00e9s hay que servirlo con agua gasificada y hielo.<\/li>\n<li>Graduaci\u00f3n 40% vol.<\/li>\n<\/ul>\n<p>&nbsp;<\/p>\n","protected":false},"excerpt":{"rendered":"<div>El Master Blender Colin Scott decidi\u00f3 elaborar un blend hecho a la medida del paladar japon\u00e9s inspirado en un tour por Jap\u00f3n. As\u00ed naci\u00f3 Chivas Regal Mizunara que se obtiene de los mejores whiskies de malta y grano y se acaba en barricas de roble Mizunara, tambi\u00e9n conocido como roble japon\u00e9s, una madera muy exclusiva y de naturaleza porosa que requiere de extremo cuidado durante todo el proceso de maduraci\u00f3n.<\/div>\n<p><span class=\"PBLongTxt PBItemDesc\">\u00a0<\/span><\/p>\n","protected":false},"featured_media":9380,"template":"","meta":{"spay_email":""},"yoast_head":"<!-- This site is optimized with the Yoast SEO plugin v15.9 - https:\/\/yoast.com\/wordpress\/plugins\/seo\/ -->\n<title>Whisky Chivas Regal Mizunara 70cl. - Comercial de Hosteleria Anma<\/title>\n<meta name=\"robots\" content=\"index, follow, max-snippet:-1, max-image-preview:large, max-video-preview:-1\" \/>\n<link rel=\"canonical\" href=\"https:\/\/www.comercialanma.es\/?product=whisky-chivas-regal-mizunara-70cl\" \/>\n<meta property=\"og:locale\" content=\"es_ES\" \/>\n<meta property=\"og:type\" content=\"article\" \/>\n<meta property=\"og:title\" content=\"Whisky Chivas Regal Mizunara 70cl. - Comercial de Hosteleria Anma\" \/>\n<meta property=\"og:description\" content=\"El Master Blender Colin Scott decidi\u00f3 elaborar un blend hecho a la medida del paladar japon\u00e9s inspirado en un tour por Jap\u00f3n. As\u00ed naci\u00f3 Chivas Regal Mizunara que se obtiene de los mejores whiskies de malta y grano y se acaba en barricas de roble Mizunara, tambi\u00e9n conocido como roble japon\u00e9s, una madera muy exclusiva y de naturaleza porosa que requiere de extremo cuidado durante todo el proceso de maduraci\u00f3n. \u00a0\" \/>\n<meta property=\"og:url\" content=\"https:\/\/www.comercialanma.es\/?product=whisky-chivas-regal-mizunara-70cl\" \/>\n<meta property=\"og:site_name\" content=\"Comercial de Hosteleria Anma\" \/>\n<meta property=\"article:publisher\" content=\"https:\/\/www.facebook.com\/AnmaHosteleria\" \/>\n<meta property=\"article:modified_time\" content=\"2020-02-24T11:28:07+00:00\" \/>\n<meta property=\"og:image\" content=\"https:\/\/i0.wp.com\/www.comercialanma.es\/wp-content\/uploads\/2019\/08\/Chivas-Muzunara.jpg?fit=1200%2C1200&#038;ssl=1\" \/>\n\t<meta property=\"og:image:width\" content=\"1200\" \/>\n\t<meta property=\"og:image:height\" content=\"1200\" \/>\n<meta name=\"twitter:card\" content=\"summary_large_image\" \/>\n<script type=\"application\/ld+json\" class=\"yoast-schema-graph\">{\"@context\":\"https:\/\/schema.org\",\"@graph\":[{\"@type\":\"Organization\",\"@id\":\"https:\/\/www.comercialanma.es\/#organization\",\"name\":\"Comercial Anma\",\"url\":\"https:\/\/www.comercialanma.es\/\",\"sameAs\":[\"https:\/\/www.facebook.com\/AnmaHosteleria\",\"https:\/\/www.instagram.com\/anmahosteleria\/?hl=es\",\"https:\/\/www.youtube.com\/channel\/UCT2nmn08Ntks0hmpZPnDgCA\"],\"logo\":{\"@type\":\"ImageObject\",\"@id\":\"https:\/\/www.comercialanma.es\/#logo\",\"inLanguage\":\"es\",\"url\":\"https:\/\/i2.wp.com\/www.comercialanma.es\/wp-content\/uploads\/2019\/06\/logo-anma-color.png?fit=247%2C101&ssl=1\",\"width\":247,\"height\":101,\"caption\":\"Comercial Anma\"},\"image\":{\"@id\":\"https:\/\/www.comercialanma.es\/#logo\"}},{\"@type\":\"WebSite\",\"@id\":\"https:\/\/www.comercialanma.es\/#website\",\"url\":\"https:\/\/www.comercialanma.es\/\",\"name\":\"Comercial de Hosteleria Anma\",\"description\":\"\",\"publisher\":{\"@id\":\"https:\/\/www.comercialanma.es\/#organization\"},\"potentialAction\":[{\"@type\":\"SearchAction\",\"target\":\"https:\/\/www.comercialanma.es\/?s={search_term_string}\",\"query-input\":\"required name=search_term_string\"}],\"inLanguage\":\"es\"},{\"@type\":\"ImageObject\",\"@id\":\"https:\/\/www.comercialanma.es\/?product=whisky-chivas-regal-mizunara-70cl#primaryimage\",\"inLanguage\":\"es\",\"url\":\"https:\/\/i0.wp.com\/www.comercialanma.es\/wp-content\/uploads\/2019\/08\/Chivas-Muzunara.jpg?fit=1200%2C1200&ssl=1\",\"width\":1200,\"height\":1200},{\"@type\":\"WebPage\",\"@id\":\"https:\/\/www.comercialanma.es\/?product=whisky-chivas-regal-mizunara-70cl#webpage\",\"url\":\"https:\/\/www.comercialanma.es\/?product=whisky-chivas-regal-mizunara-70cl\",\"name\":\"Whisky Chivas Regal Mizunara 70cl. - Comercial de Hosteleria Anma\",\"isPartOf\":{\"@id\":\"https:\/\/www.comercialanma.es\/#website\"},\"primaryImageOfPage\":{\"@id\":\"https:\/\/www.comercialanma.es\/?product=whisky-chivas-regal-mizunara-70cl#primaryimage\"},\"datePublished\":\"2019-08-22T07:20:57+00:00\",\"dateModified\":\"2020-02-24T11:28:07+00:00\",\"breadcrumb\":{\"@id\":\"https:\/\/www.comercialanma.es\/?product=whisky-chivas-regal-mizunara-70cl#breadcrumb\"},\"inLanguage\":\"es\",\"potentialAction\":[{\"@type\":\"ReadAction\",\"target\":[\"https:\/\/www.comercialanma.es\/?product=whisky-chivas-regal-mizunara-70cl\"]}]},{\"@type\":\"BreadcrumbList\",\"@id\":\"https:\/\/www.comercialanma.es\/?product=whisky-chivas-regal-mizunara-70cl#breadcrumb\",\"itemListElement\":[{\"@type\":\"ListItem\",\"position\":1,\"item\":{\"@type\":\"WebPage\",\"@id\":\"https:\/\/www.comercialanma.es\/\",\"url\":\"https:\/\/www.comercialanma.es\/\",\"name\":\"Portada\"}},{\"@type\":\"ListItem\",\"position\":2,\"item\":{\"@type\":\"WebPage\",\"@id\":\"https:\/\/www.comercialanma.es\/?page_id=3963\",\"url\":\"https:\/\/www.comercialanma.es\/?page_id=3963\",\"name\":\"Cat\\u00e1logo de Productos\"}},{\"@type\":\"ListItem\",\"position\":3,\"item\":{\"@type\":\"WebPage\",\"@id\":\"https:\/\/www.comercialanma.es\/?product=whisky-chivas-regal-mizunara-70cl\",\"url\":\"https:\/\/www.comercialanma.es\/?product=whisky-chivas-regal-mizunara-70cl\",\"name\":\"Whisky Chivas Regal Mizunara 70cl.\"}}]}]}<\/script>\n<!-- \/ Yoast SEO plugin. -->","_links":{"self":[{"href":"https:\/\/www.comercialanma.es\/index.php?rest_route=\/wp\/v2\/product\/9379"}],"collection":[{"href":"https:\/\/www.comercialanma.es\/index.php?rest_route=\/wp\/v2\/product"}],"about":[{"href":"https:\/\/www.comercialanma.es\/index.php?rest_route=\/wp\/v2\/types\/product"}],"version-history":[{"count":1,"href":"https:\/\/www.comercialanma.es\/index.php?rest_route=\/wp\/v2\/product\/9379\/revisions"}],"predecessor-version":[{"id":9382,"href":"https:\/\/www.comercialanma.es\/index.php?rest_route=\/wp\/v2\/product\/9379\/revisions\/9382"}],"wp:featuredmedia":[{"embeddable":true,"href":"https:\/\/www.comercialanma.es\/index.php?rest_route=\/wp\/v2\/media\/9380"}],"wp:attachment":[{"href":"https:\/\/www.comercialanma.es\/index.php?rest_route=%2Fwp%2Fv2%2Fmedia&parent=9379"}],"curies":[{"name":"wp","href":"https:\/\/api.w.org\/{rel}","templated":true}]}}