
{"id":9401,"date":"2019-08-22T10:18:30","date_gmt":"2019-08-22T08:18:30","guid":{"rendered":"http:\/\/www.comercialanma.es\/?post_type=product&#038;p=9401"},"modified":"2020-02-24T12:26:52","modified_gmt":"2020-02-24T11:26:52","slug":"whisky-chivas-regal-18-anos-70cl","status":"publish","type":"product","link":"https:\/\/www.comercialanma.es\/?product=whisky-chivas-regal-18-anos-70cl","title":{"rendered":"Whisky Chivas Regal 18 a\u00f1os 70cl."},"content":{"rendered":"<h3>Nota de cata:<\/h3>\n<ul>\n<li>Vista: posee una tonalidad \u00e1mbar brillante y potente.<\/li>\n<li>Nariz: en nariz se distinguen toques amargos propios de chocolate negro que se entremezclan con aromas afrutados y pinceladas de mantequilla.<\/li>\n<li>Boca: de nuevo en boca se identifican notas aterciopeladas y matices de fruta seca combinados con toques ahumados que dejan un final persistente y lleno de calidez.<\/li>\n<li>Graduaci\u00f3n 40% vol.<\/li>\n<\/ul>\n<p>&nbsp;<\/p>\n","protected":false},"excerpt":{"rendered":"<div>Chivas Regal 18 A\u00f1os\u00a0es un whisky de alta gama procedente de Escocia que procede de una producci\u00f3n \u00fanica creada por el gran y experimentado maestro mezclador Colin Scott. En conjunto, representa la fusi\u00f3n de 85 toques diferentes de sabor que se a\u00fanan para dar lugar a un sorbo excepcional que invita a ser degustado repetidamente.<\/p>\n<p>Cabe destacar que la mezcla de\u00a0Chivas Regal 18 A\u00f1os\u00a0ha resultado premiada en numerosas ocasiones dada su gran calidad. En su producci\u00f3n se emplean whiskies de malta y grano, todo originario de destiler\u00edas escocesas, y este proceso se alarga un total de 18 a\u00f1os dada su complejidad y su refinamiento.<\/p><\/div>\n<p><span class=\"PBLongTxt PBItemDesc\">\u00a0<\/span><\/p>\n","protected":false},"featured_media":9405,"template":"","meta":{"spay_email":""},"yoast_head":"<!-- This site is optimized with the Yoast SEO plugin v15.9 - https:\/\/yoast.com\/wordpress\/plugins\/seo\/ -->\n<title>Whisky Chivas Regal 18 a\u00f1os 70cl. - Comercial de Hosteleria Anma<\/title>\n<meta name=\"robots\" content=\"index, follow, max-snippet:-1, max-image-preview:large, max-video-preview:-1\" \/>\n<link rel=\"canonical\" href=\"https:\/\/www.comercialanma.es\/?product=whisky-chivas-regal-18-anos-70cl\" \/>\n<meta property=\"og:locale\" content=\"es_ES\" \/>\n<meta property=\"og:type\" content=\"article\" \/>\n<meta property=\"og:title\" content=\"Whisky Chivas Regal 18 a\u00f1os 70cl. - Comercial de Hosteleria Anma\" \/>\n<meta property=\"og:description\" content=\"Chivas Regal 18 A\u00f1os\u00a0es un whisky de alta gama procedente de Escocia que procede de una producci\u00f3n \u00fanica creada por el gran y experimentado maestro mezclador Colin Scott. En conjunto, representa la fusi\u00f3n de 85 toques diferentes de sabor que se a\u00fanan para dar lugar a un sorbo excepcional que invita a ser degustado repetidamente.  Cabe destacar que la mezcla de\u00a0Chivas Regal 18 A\u00f1os\u00a0ha resultado premiada en numerosas ocasiones dada su gran calidad. En su producci\u00f3n se emplean whiskies de malta y grano, todo originario de destiler\u00edas escocesas, y este proceso se alarga un total de 18 a\u00f1os dada su complejidad y su refinamiento. \u00a0\" \/>\n<meta property=\"og:url\" content=\"https:\/\/www.comercialanma.es\/?product=whisky-chivas-regal-18-anos-70cl\" \/>\n<meta property=\"og:site_name\" content=\"Comercial de Hosteleria Anma\" \/>\n<meta property=\"article:publisher\" content=\"https:\/\/www.facebook.com\/AnmaHosteleria\" \/>\n<meta property=\"article:modified_time\" content=\"2020-02-24T11:26:52+00:00\" \/>\n<meta property=\"og:image\" content=\"https:\/\/i2.wp.com\/www.comercialanma.es\/wp-content\/uploads\/2019\/08\/Chivas-Regal-18.jpg?fit=1200%2C1200&#038;ssl=1\" \/>\n\t<meta property=\"og:image:width\" content=\"1200\" \/>\n\t<meta property=\"og:image:height\" content=\"1200\" \/>\n<meta name=\"twitter:card\" content=\"summary_large_image\" \/>\n<script type=\"application\/ld+json\" class=\"yoast-schema-graph\">{\"@context\":\"https:\/\/schema.org\",\"@graph\":[{\"@type\":\"Organization\",\"@id\":\"https:\/\/www.comercialanma.es\/#organization\",\"name\":\"Comercial Anma\",\"url\":\"https:\/\/www.comercialanma.es\/\",\"sameAs\":[\"https:\/\/www.facebook.com\/AnmaHosteleria\",\"https:\/\/www.instagram.com\/anmahosteleria\/?hl=es\",\"https:\/\/www.youtube.com\/channel\/UCT2nmn08Ntks0hmpZPnDgCA\"],\"logo\":{\"@type\":\"ImageObject\",\"@id\":\"https:\/\/www.comercialanma.es\/#logo\",\"inLanguage\":\"es\",\"url\":\"https:\/\/i2.wp.com\/www.comercialanma.es\/wp-content\/uploads\/2019\/06\/logo-anma-color.png?fit=247%2C101&ssl=1\",\"width\":247,\"height\":101,\"caption\":\"Comercial Anma\"},\"image\":{\"@id\":\"https:\/\/www.comercialanma.es\/#logo\"}},{\"@type\":\"WebSite\",\"@id\":\"https:\/\/www.comercialanma.es\/#website\",\"url\":\"https:\/\/www.comercialanma.es\/\",\"name\":\"Comercial de Hosteleria Anma\",\"description\":\"\",\"publisher\":{\"@id\":\"https:\/\/www.comercialanma.es\/#organization\"},\"potentialAction\":[{\"@type\":\"SearchAction\",\"target\":\"https:\/\/www.comercialanma.es\/?s={search_term_string}\",\"query-input\":\"required name=search_term_string\"}],\"inLanguage\":\"es\"},{\"@type\":\"ImageObject\",\"@id\":\"https:\/\/www.comercialanma.es\/?product=whisky-chivas-regal-18-anos-70cl#primaryimage\",\"inLanguage\":\"es\",\"url\":\"https:\/\/i2.wp.com\/www.comercialanma.es\/wp-content\/uploads\/2019\/08\/Chivas-Regal-18.jpg?fit=1200%2C1200&ssl=1\",\"width\":1200,\"height\":1200},{\"@type\":\"WebPage\",\"@id\":\"https:\/\/www.comercialanma.es\/?product=whisky-chivas-regal-18-anos-70cl#webpage\",\"url\":\"https:\/\/www.comercialanma.es\/?product=whisky-chivas-regal-18-anos-70cl\",\"name\":\"Whisky Chivas Regal 18 a\\u00f1os 70cl. - Comercial de Hosteleria Anma\",\"isPartOf\":{\"@id\":\"https:\/\/www.comercialanma.es\/#website\"},\"primaryImageOfPage\":{\"@id\":\"https:\/\/www.comercialanma.es\/?product=whisky-chivas-regal-18-anos-70cl#primaryimage\"},\"datePublished\":\"2019-08-22T08:18:30+00:00\",\"dateModified\":\"2020-02-24T11:26:52+00:00\",\"breadcrumb\":{\"@id\":\"https:\/\/www.comercialanma.es\/?product=whisky-chivas-regal-18-anos-70cl#breadcrumb\"},\"inLanguage\":\"es\",\"potentialAction\":[{\"@type\":\"ReadAction\",\"target\":[\"https:\/\/www.comercialanma.es\/?product=whisky-chivas-regal-18-anos-70cl\"]}]},{\"@type\":\"BreadcrumbList\",\"@id\":\"https:\/\/www.comercialanma.es\/?product=whisky-chivas-regal-18-anos-70cl#breadcrumb\",\"itemListElement\":[{\"@type\":\"ListItem\",\"position\":1,\"item\":{\"@type\":\"WebPage\",\"@id\":\"https:\/\/www.comercialanma.es\/\",\"url\":\"https:\/\/www.comercialanma.es\/\",\"name\":\"Portada\"}},{\"@type\":\"ListItem\",\"position\":2,\"item\":{\"@type\":\"WebPage\",\"@id\":\"https:\/\/www.comercialanma.es\/?page_id=3963\",\"url\":\"https:\/\/www.comercialanma.es\/?page_id=3963\",\"name\":\"Cat\\u00e1logo de Productos\"}},{\"@type\":\"ListItem\",\"position\":3,\"item\":{\"@type\":\"WebPage\",\"@id\":\"https:\/\/www.comercialanma.es\/?product=whisky-chivas-regal-18-anos-70cl\",\"url\":\"https:\/\/www.comercialanma.es\/?product=whisky-chivas-regal-18-anos-70cl\",\"name\":\"Whisky Chivas Regal 18 a\\u00f1os 70cl.\"}}]}]}<\/script>\n<!-- \/ Yoast SEO plugin. -->","_links":{"self":[{"href":"https:\/\/www.comercialanma.es\/index.php?rest_route=\/wp\/v2\/product\/9401"}],"collection":[{"href":"https:\/\/www.comercialanma.es\/index.php?rest_route=\/wp\/v2\/product"}],"about":[{"href":"https:\/\/www.comercialanma.es\/index.php?rest_route=\/wp\/v2\/types\/product"}],"version-history":[{"count":3,"href":"https:\/\/www.comercialanma.es\/index.php?rest_route=\/wp\/v2\/product\/9401\/revisions"}],"predecessor-version":[{"id":9407,"href":"https:\/\/www.comercialanma.es\/index.php?rest_route=\/wp\/v2\/product\/9401\/revisions\/9407"}],"wp:featuredmedia":[{"embeddable":true,"href":"https:\/\/www.comercialanma.es\/index.php?rest_route=\/wp\/v2\/media\/9405"}],"wp:attachment":[{"href":"https:\/\/www.comercialanma.es\/index.php?rest_route=%2Fwp%2Fv2%2Fmedia&parent=9401"}],"curies":[{"name":"wp","href":"https:\/\/api.w.org\/{rel}","templated":true}]}}