
{"id":9438,"date":"2019-08-22T15:34:40","date_gmt":"2019-08-22T13:34:40","guid":{"rendered":"http:\/\/www.comercialanma.es\/?post_type=product&#038;p=9438"},"modified":"2020-02-24T12:58:51","modified_gmt":"2020-02-24T11:58:51","slug":"whisky-johnnie-walker-red-label-70cl-2","status":"publish","type":"product","link":"https:\/\/www.comercialanma.es\/?product=whisky-johnnie-walker-red-label-70cl-2","title":{"rendered":"Whisky Johnnie Walker Red Label 70cl."},"content":{"rendered":"<p>Nota de cata:<\/p>\n<ul>\n<li>Vista: El\u00a0whisky\u00a0Johnnie Walker Red Label se presenta de un color dorado ambarino.<\/li>\n<li>Nariz: Tiene\u00a0notas de ra\u00edces de brezo, hierbas cortadas, un toque de frutas frescas y miel.<\/li>\n<li>Boca: Tiene un sabor intenso, especiado, terso, chispeante. Explota en el paladar con mucha frescura, seguida por un estallido de especias arom\u00e1ticas y un final persistente y ahumado. Una buena descripci\u00f3n de este sabor ser\u00eda la de un \u00abchilli dulce\u00bb con una sensaci\u00f3n hormigueante en la boca.<\/li>\n<li>Graduaci\u00f3n 40% vol.<\/li>\n<\/ul>\n<p>&nbsp;<\/p>\n","protected":false},"excerpt":{"rendered":"<p>El whisky\u00a0Johnnie Walker Red Label, con su combinaci\u00f3n de whiskies ligeros de la costa Este de Escocia y whiskies ahumados y oscuros de la costa Oeste, resulta una mezcla con una extraordinaria profundidad de sabor.<\/p>\n<p>Alexander Walker cre\u00f3 en 1860 la botella cuadrada caracter\u00edstica de la marca, lo cual hizo que la botella y por lo tanto la marca, se diferenciase del resto y fuese conocida a nivel internacional.<\/p>\n<p><span class=\"tlid-translation translation\" lang=\"es\"><span class=\"\" title=\"\"><span title=\"\">\u00a0<\/span><\/span><\/span><\/p>\n","protected":false},"featured_media":9433,"template":"","meta":{"spay_email":""},"yoast_head":"<!-- This site is optimized with the Yoast SEO plugin v15.9 - https:\/\/yoast.com\/wordpress\/plugins\/seo\/ -->\n<title>Whisky Johnnie Walker Red Label 70cl. - Comercial de Hosteleria Anma<\/title>\n<meta name=\"robots\" content=\"index, follow, max-snippet:-1, max-image-preview:large, max-video-preview:-1\" \/>\n<link rel=\"canonical\" href=\"https:\/\/www.comercialanma.es\/?product=whisky-johnnie-walker-red-label-70cl-2\" \/>\n<meta property=\"og:locale\" content=\"es_ES\" \/>\n<meta property=\"og:type\" content=\"article\" \/>\n<meta property=\"og:title\" content=\"Whisky Johnnie Walker Red Label 70cl. - Comercial de Hosteleria Anma\" \/>\n<meta property=\"og:description\" content=\"El whisky\u00a0Johnnie Walker Red Label, con su combinaci\u00f3n de whiskies ligeros de la costa Este de Escocia y whiskies ahumados y oscuros de la costa Oeste, resulta una mezcla con una extraordinaria profundidad de sabor.  Alexander Walker cre\u00f3 en 1860 la botella cuadrada caracter\u00edstica de la marca, lo cual hizo que la botella y por lo tanto la marca, se diferenciase del resto y fuese conocida a nivel internacional.  \u00a0\" \/>\n<meta property=\"og:url\" content=\"https:\/\/www.comercialanma.es\/?product=whisky-johnnie-walker-red-label-70cl-2\" \/>\n<meta property=\"og:site_name\" content=\"Comercial de Hosteleria Anma\" \/>\n<meta property=\"article:publisher\" content=\"https:\/\/www.facebook.com\/AnmaHosteleria\" \/>\n<meta property=\"article:modified_time\" content=\"2020-02-24T11:58:51+00:00\" \/>\n<meta property=\"og:image\" content=\"https:\/\/i2.wp.com\/www.comercialanma.es\/wp-content\/uploads\/2019\/08\/Johnnie-Walker-Red-Label.jpg?fit=1200%2C1200&#038;ssl=1\" \/>\n\t<meta property=\"og:image:width\" content=\"1200\" \/>\n\t<meta property=\"og:image:height\" content=\"1200\" \/>\n<meta name=\"twitter:card\" content=\"summary_large_image\" \/>\n<script type=\"application\/ld+json\" class=\"yoast-schema-graph\">{\"@context\":\"https:\/\/schema.org\",\"@graph\":[{\"@type\":\"Organization\",\"@id\":\"https:\/\/www.comercialanma.es\/#organization\",\"name\":\"Comercial Anma\",\"url\":\"https:\/\/www.comercialanma.es\/\",\"sameAs\":[\"https:\/\/www.facebook.com\/AnmaHosteleria\",\"https:\/\/www.instagram.com\/anmahosteleria\/?hl=es\",\"https:\/\/www.youtube.com\/channel\/UCT2nmn08Ntks0hmpZPnDgCA\"],\"logo\":{\"@type\":\"ImageObject\",\"@id\":\"https:\/\/www.comercialanma.es\/#logo\",\"inLanguage\":\"es\",\"url\":\"https:\/\/i2.wp.com\/www.comercialanma.es\/wp-content\/uploads\/2019\/06\/logo-anma-color.png?fit=247%2C101&ssl=1\",\"width\":247,\"height\":101,\"caption\":\"Comercial Anma\"},\"image\":{\"@id\":\"https:\/\/www.comercialanma.es\/#logo\"}},{\"@type\":\"WebSite\",\"@id\":\"https:\/\/www.comercialanma.es\/#website\",\"url\":\"https:\/\/www.comercialanma.es\/\",\"name\":\"Comercial de Hosteleria Anma\",\"description\":\"\",\"publisher\":{\"@id\":\"https:\/\/www.comercialanma.es\/#organization\"},\"potentialAction\":[{\"@type\":\"SearchAction\",\"target\":\"https:\/\/www.comercialanma.es\/?s={search_term_string}\",\"query-input\":\"required name=search_term_string\"}],\"inLanguage\":\"es\"},{\"@type\":\"ImageObject\",\"@id\":\"https:\/\/www.comercialanma.es\/?product=whisky-johnnie-walker-red-label-70cl-2#primaryimage\",\"inLanguage\":\"es\",\"url\":\"https:\/\/i2.wp.com\/www.comercialanma.es\/wp-content\/uploads\/2019\/08\/Johnnie-Walker-Red-Label.jpg?fit=1200%2C1200&ssl=1\",\"width\":1200,\"height\":1200},{\"@type\":\"WebPage\",\"@id\":\"https:\/\/www.comercialanma.es\/?product=whisky-johnnie-walker-red-label-70cl-2#webpage\",\"url\":\"https:\/\/www.comercialanma.es\/?product=whisky-johnnie-walker-red-label-70cl-2\",\"name\":\"Whisky Johnnie Walker Red Label 70cl. - Comercial de Hosteleria Anma\",\"isPartOf\":{\"@id\":\"https:\/\/www.comercialanma.es\/#website\"},\"primaryImageOfPage\":{\"@id\":\"https:\/\/www.comercialanma.es\/?product=whisky-johnnie-walker-red-label-70cl-2#primaryimage\"},\"datePublished\":\"2019-08-22T13:34:40+00:00\",\"dateModified\":\"2020-02-24T11:58:51+00:00\",\"breadcrumb\":{\"@id\":\"https:\/\/www.comercialanma.es\/?product=whisky-johnnie-walker-red-label-70cl-2#breadcrumb\"},\"inLanguage\":\"es\",\"potentialAction\":[{\"@type\":\"ReadAction\",\"target\":[\"https:\/\/www.comercialanma.es\/?product=whisky-johnnie-walker-red-label-70cl-2\"]}]},{\"@type\":\"BreadcrumbList\",\"@id\":\"https:\/\/www.comercialanma.es\/?product=whisky-johnnie-walker-red-label-70cl-2#breadcrumb\",\"itemListElement\":[{\"@type\":\"ListItem\",\"position\":1,\"item\":{\"@type\":\"WebPage\",\"@id\":\"https:\/\/www.comercialanma.es\/\",\"url\":\"https:\/\/www.comercialanma.es\/\",\"name\":\"Portada\"}},{\"@type\":\"ListItem\",\"position\":2,\"item\":{\"@type\":\"WebPage\",\"@id\":\"https:\/\/www.comercialanma.es\/?page_id=3963\",\"url\":\"https:\/\/www.comercialanma.es\/?page_id=3963\",\"name\":\"Cat\\u00e1logo de Productos\"}},{\"@type\":\"ListItem\",\"position\":3,\"item\":{\"@type\":\"WebPage\",\"@id\":\"https:\/\/www.comercialanma.es\/?product=whisky-johnnie-walker-red-label-70cl-2\",\"url\":\"https:\/\/www.comercialanma.es\/?product=whisky-johnnie-walker-red-label-70cl-2\",\"name\":\"Whisky Johnnie Walker Red Label 70cl.\"}}]}]}<\/script>\n<!-- \/ Yoast SEO plugin. -->","_links":{"self":[{"href":"https:\/\/www.comercialanma.es\/index.php?rest_route=\/wp\/v2\/product\/9438"}],"collection":[{"href":"https:\/\/www.comercialanma.es\/index.php?rest_route=\/wp\/v2\/product"}],"about":[{"href":"https:\/\/www.comercialanma.es\/index.php?rest_route=\/wp\/v2\/types\/product"}],"version-history":[{"count":1,"href":"https:\/\/www.comercialanma.es\/index.php?rest_route=\/wp\/v2\/product\/9438\/revisions"}],"predecessor-version":[{"id":9439,"href":"https:\/\/www.comercialanma.es\/index.php?rest_route=\/wp\/v2\/product\/9438\/revisions\/9439"}],"wp:featuredmedia":[{"embeddable":true,"href":"https:\/\/www.comercialanma.es\/index.php?rest_route=\/wp\/v2\/media\/9433"}],"wp:attachment":[{"href":"https:\/\/www.comercialanma.es\/index.php?rest_route=%2Fwp%2Fv2%2Fmedia&parent=9438"}],"curies":[{"name":"wp","href":"https:\/\/api.w.org\/{rel}","templated":true}]}}