
{"id":9475,"date":"2019-08-22T17:08:55","date_gmt":"2019-08-22T15:08:55","guid":{"rendered":"http:\/\/www.comercialanma.es\/?post_type=product&#038;p=9475"},"modified":"2020-02-24T13:04:11","modified_gmt":"2020-02-24T12:04:11","slug":"whisky-johnnie-walker-black-label-1l","status":"publish","type":"product","link":"https:\/\/www.comercialanma.es\/?product=whisky-johnnie-walker-black-label-1l","title":{"rendered":"Whisky Johnnie Walker Black Label 1L."},"content":{"rendered":"<h3>Nota de cata:<\/h3>\n<ul>\n<li>Johnnie Walker Black Label resulta afrutado y dulce, con algunas notas a turba.<\/li>\n<li>En boca destacan las pinceladas a mantequilla y vainilla que acompa\u00f1an al recuerdo de grano y roble, sin dejar a un lado el equilibrado final a sutil humo.<\/li>\n<li>Graduaci\u00f3n 40% vol.<\/li>\n<\/ul>\n<p>&nbsp;<\/p>\n","protected":false},"excerpt":{"rendered":"<p>Johnnie Walker Black Label es un whisky escoc\u00e9s resultante de la cuidada mezcla de m\u00e1s de 40 diferentes whiskies, cada uno a\u00f1ejado al menos durante 12 a\u00f1os.<\/p>\n<p>El etiqueta negra de Johnnie Walker es un whisky de granos de cereal y cebada, siendo la mayor\u00eda whiskies individualmente a excepci\u00f3n de unos pocos que se elaboran exclusivamente para esta mezcla.<\/p>\n<p>La historia del whisky Johnnie Walker Black Label, con una graduaci\u00f3n alcoh\u00f3lica del 40,0%, parte en el a\u00f1o 1857, momento en el que el hijo de John Walker toma el control del negocio y decide lanzar, con el cl\u00e1sico estilo ahumado de su padre, algunos whiskies. Ser\u00eda en el a\u00f1o 1867 cuando registrara el m\u00e1s inmediato precursor y antecesor del actual Johnnie Walker Black Label.<\/p>\n<p>&nbsp;<\/p>\n<p><span lang=\"es\"><span title=\"\"><span title=\"\">\u00a0<\/span><\/span><\/span><\/p>\n","protected":false},"featured_media":9446,"template":"","meta":{"spay_email":""},"yoast_head":"<!-- This site is optimized with the Yoast SEO plugin v15.9 - https:\/\/yoast.com\/wordpress\/plugins\/seo\/ -->\n<title>Whisky Johnnie Walker Black Label 1L. - Comercial de Hosteleria Anma<\/title>\n<meta name=\"robots\" content=\"index, follow, max-snippet:-1, max-image-preview:large, max-video-preview:-1\" \/>\n<link rel=\"canonical\" href=\"https:\/\/www.comercialanma.es\/?product=whisky-johnnie-walker-black-label-1l\" \/>\n<meta property=\"og:locale\" content=\"es_ES\" \/>\n<meta property=\"og:type\" content=\"article\" \/>\n<meta property=\"og:title\" content=\"Whisky Johnnie Walker Black Label 1L. - Comercial de Hosteleria Anma\" \/>\n<meta property=\"og:description\" content=\"Johnnie Walker Black Label es un whisky escoc\u00e9s resultante de la cuidada mezcla de m\u00e1s de 40 diferentes whiskies, cada uno a\u00f1ejado al menos durante 12 a\u00f1os.  El etiqueta negra de Johnnie Walker es un whisky de granos de cereal y cebada, siendo la mayor\u00eda whiskies individualmente a excepci\u00f3n de unos pocos que se elaboran exclusivamente para esta mezcla.  La historia del whisky Johnnie Walker Black Label, con una graduaci\u00f3n alcoh\u00f3lica del 40,0%, parte en el a\u00f1o 1857, momento en el que el hijo de John Walker toma el control del negocio y decide lanzar, con el cl\u00e1sico estilo ahumado de su padre, algunos whiskies. Ser\u00eda en el a\u00f1o 1867 cuando registrara el m\u00e1s inmediato precursor y antecesor del actual Johnnie Walker Black Label.  &nbsp;  \u00a0\" \/>\n<meta property=\"og:url\" content=\"https:\/\/www.comercialanma.es\/?product=whisky-johnnie-walker-black-label-1l\" \/>\n<meta property=\"og:site_name\" content=\"Comercial de Hosteleria Anma\" \/>\n<meta property=\"article:publisher\" content=\"https:\/\/www.facebook.com\/AnmaHosteleria\" \/>\n<meta property=\"article:modified_time\" content=\"2020-02-24T12:04:11+00:00\" \/>\n<meta property=\"og:image\" content=\"https:\/\/i0.wp.com\/www.comercialanma.es\/wp-content\/uploads\/2019\/08\/Johnnie-Walker-Black-Label.jpg?fit=1200%2C1200&#038;ssl=1\" \/>\n\t<meta property=\"og:image:width\" content=\"1200\" \/>\n\t<meta property=\"og:image:height\" content=\"1200\" \/>\n<meta name=\"twitter:card\" content=\"summary_large_image\" \/>\n<script type=\"application\/ld+json\" class=\"yoast-schema-graph\">{\"@context\":\"https:\/\/schema.org\",\"@graph\":[{\"@type\":\"Organization\",\"@id\":\"https:\/\/www.comercialanma.es\/#organization\",\"name\":\"Comercial Anma\",\"url\":\"https:\/\/www.comercialanma.es\/\",\"sameAs\":[\"https:\/\/www.facebook.com\/AnmaHosteleria\",\"https:\/\/www.instagram.com\/anmahosteleria\/?hl=es\",\"https:\/\/www.youtube.com\/channel\/UCT2nmn08Ntks0hmpZPnDgCA\"],\"logo\":{\"@type\":\"ImageObject\",\"@id\":\"https:\/\/www.comercialanma.es\/#logo\",\"inLanguage\":\"es\",\"url\":\"https:\/\/i2.wp.com\/www.comercialanma.es\/wp-content\/uploads\/2019\/06\/logo-anma-color.png?fit=247%2C101&ssl=1\",\"width\":247,\"height\":101,\"caption\":\"Comercial Anma\"},\"image\":{\"@id\":\"https:\/\/www.comercialanma.es\/#logo\"}},{\"@type\":\"WebSite\",\"@id\":\"https:\/\/www.comercialanma.es\/#website\",\"url\":\"https:\/\/www.comercialanma.es\/\",\"name\":\"Comercial de Hosteleria Anma\",\"description\":\"\",\"publisher\":{\"@id\":\"https:\/\/www.comercialanma.es\/#organization\"},\"potentialAction\":[{\"@type\":\"SearchAction\",\"target\":\"https:\/\/www.comercialanma.es\/?s={search_term_string}\",\"query-input\":\"required name=search_term_string\"}],\"inLanguage\":\"es\"},{\"@type\":\"ImageObject\",\"@id\":\"https:\/\/www.comercialanma.es\/?product=whisky-johnnie-walker-black-label-1l#primaryimage\",\"inLanguage\":\"es\",\"url\":\"https:\/\/i0.wp.com\/www.comercialanma.es\/wp-content\/uploads\/2019\/08\/Johnnie-Walker-Black-Label.jpg?fit=1200%2C1200&ssl=1\",\"width\":1200,\"height\":1200},{\"@type\":\"WebPage\",\"@id\":\"https:\/\/www.comercialanma.es\/?product=whisky-johnnie-walker-black-label-1l#webpage\",\"url\":\"https:\/\/www.comercialanma.es\/?product=whisky-johnnie-walker-black-label-1l\",\"name\":\"Whisky Johnnie Walker Black Label 1L. - Comercial de Hosteleria Anma\",\"isPartOf\":{\"@id\":\"https:\/\/www.comercialanma.es\/#website\"},\"primaryImageOfPage\":{\"@id\":\"https:\/\/www.comercialanma.es\/?product=whisky-johnnie-walker-black-label-1l#primaryimage\"},\"datePublished\":\"2019-08-22T15:08:55+00:00\",\"dateModified\":\"2020-02-24T12:04:11+00:00\",\"breadcrumb\":{\"@id\":\"https:\/\/www.comercialanma.es\/?product=whisky-johnnie-walker-black-label-1l#breadcrumb\"},\"inLanguage\":\"es\",\"potentialAction\":[{\"@type\":\"ReadAction\",\"target\":[\"https:\/\/www.comercialanma.es\/?product=whisky-johnnie-walker-black-label-1l\"]}]},{\"@type\":\"BreadcrumbList\",\"@id\":\"https:\/\/www.comercialanma.es\/?product=whisky-johnnie-walker-black-label-1l#breadcrumb\",\"itemListElement\":[{\"@type\":\"ListItem\",\"position\":1,\"item\":{\"@type\":\"WebPage\",\"@id\":\"https:\/\/www.comercialanma.es\/\",\"url\":\"https:\/\/www.comercialanma.es\/\",\"name\":\"Portada\"}},{\"@type\":\"ListItem\",\"position\":2,\"item\":{\"@type\":\"WebPage\",\"@id\":\"https:\/\/www.comercialanma.es\/?page_id=3963\",\"url\":\"https:\/\/www.comercialanma.es\/?page_id=3963\",\"name\":\"Cat\\u00e1logo de Productos\"}},{\"@type\":\"ListItem\",\"position\":3,\"item\":{\"@type\":\"WebPage\",\"@id\":\"https:\/\/www.comercialanma.es\/?product=whisky-johnnie-walker-black-label-1l\",\"url\":\"https:\/\/www.comercialanma.es\/?product=whisky-johnnie-walker-black-label-1l\",\"name\":\"Whisky Johnnie Walker Black Label 1L.\"}}]}]}<\/script>\n<!-- \/ Yoast SEO plugin. -->","_links":{"self":[{"href":"https:\/\/www.comercialanma.es\/index.php?rest_route=\/wp\/v2\/product\/9475"}],"collection":[{"href":"https:\/\/www.comercialanma.es\/index.php?rest_route=\/wp\/v2\/product"}],"about":[{"href":"https:\/\/www.comercialanma.es\/index.php?rest_route=\/wp\/v2\/types\/product"}],"version-history":[{"count":1,"href":"https:\/\/www.comercialanma.es\/index.php?rest_route=\/wp\/v2\/product\/9475\/revisions"}],"predecessor-version":[{"id":9476,"href":"https:\/\/www.comercialanma.es\/index.php?rest_route=\/wp\/v2\/product\/9475\/revisions\/9476"}],"wp:featuredmedia":[{"embeddable":true,"href":"https:\/\/www.comercialanma.es\/index.php?rest_route=\/wp\/v2\/media\/9446"}],"wp:attachment":[{"href":"https:\/\/www.comercialanma.es\/index.php?rest_route=%2Fwp%2Fv2%2Fmedia&parent=9475"}],"curies":[{"name":"wp","href":"https:\/\/api.w.org\/{rel}","templated":true}]}}