
{"id":9477,"date":"2019-08-22T17:10:43","date_gmt":"2019-08-22T15:10:43","guid":{"rendered":"http:\/\/www.comercialanma.es\/?post_type=product&#038;p=9477"},"modified":"2020-02-24T15:16:48","modified_gmt":"2020-02-24T14:16:48","slug":"whisky-buchanan-s-deluxe-12-anos-1l","status":"publish","type":"product","link":"https:\/\/www.comercialanma.es\/?product=whisky-buchanan-s-deluxe-12-anos-1l","title":{"rendered":"Whisky Buchanan \u00b4s Deluxe 12 a\u00f1os 1L."},"content":{"rendered":"<h3>Nota de cata:<\/h3>\n<ul>\n<li>Buchanans Deluxe 12 Years 1L es de color \u00e1mbar dorado. En nariz, frutas citricas y miel. Sugerencia de chocolate y naranja, con una suave nota ahumada.<\/li>\n<li>Muy suave, con sabor a mandarinas, naranjas y limones que dan paso a un ligero toque de chocolate con leche.<\/li>\n<li>Final ligero y floral con un cosquilleo de humo.<\/li>\n<li>Graduaci\u00f3n 43% vol.<\/li>\n<\/ul>\n<p>&nbsp;<\/p>\n","protected":false},"excerpt":{"rendered":"<p>Buchanans Deluxe 12 Years 1L es Una mezcla de Whisky Escoc\u00e9s de 12 a\u00f1os con gran cuerpo y suavidad. Es uno de los whiskies blended de 12 a\u00f1os m\u00e1s vendidos del mundo.<br \/>\nEl whisky Buchanan&#8217;s DeLuxe 12 a\u00f1os se realiza mezclando un total de 40 whiskies de malta y a\u00f1ej\u00e1ndolos durante un m\u00ednimo de 12 a\u00f1os en barriles de roble.<\/p>\n<p>&nbsp;<\/p>\n<p>&nbsp;<\/p>\n<p><span lang=\"es\"><span title=\"\"><span title=\"\">\u00a0<\/span><\/span><\/span><\/p>\n","protected":false},"featured_media":9478,"template":"","meta":{"spay_email":""},"yoast_head":"<!-- This site is optimized with the Yoast SEO plugin v15.9 - https:\/\/yoast.com\/wordpress\/plugins\/seo\/ -->\n<title>Whisky Buchanan \u00b4s Deluxe 12 a\u00f1os 1L. - Comercial de Hosteleria Anma<\/title>\n<meta name=\"robots\" content=\"index, follow, max-snippet:-1, max-image-preview:large, max-video-preview:-1\" \/>\n<link rel=\"canonical\" href=\"https:\/\/www.comercialanma.es\/?product=whisky-buchanan-s-deluxe-12-anos-1l\" \/>\n<meta property=\"og:locale\" content=\"es_ES\" \/>\n<meta property=\"og:type\" content=\"article\" \/>\n<meta property=\"og:title\" content=\"Whisky Buchanan \u00b4s Deluxe 12 a\u00f1os 1L. - Comercial de Hosteleria Anma\" \/>\n<meta property=\"og:description\" content=\"Buchanans Deluxe 12 Years 1L es Una mezcla de Whisky Escoc\u00e9s de 12 a\u00f1os con gran cuerpo y suavidad. Es uno de los whiskies blended de 12 a\u00f1os m\u00e1s vendidos del mundo. El whisky Buchanan&#039;s DeLuxe 12 a\u00f1os se realiza mezclando un total de 40 whiskies de malta y a\u00f1ej\u00e1ndolos durante un m\u00ednimo de 12 a\u00f1os en barriles de roble.  &nbsp;  &nbsp;  \u00a0\" \/>\n<meta property=\"og:url\" content=\"https:\/\/www.comercialanma.es\/?product=whisky-buchanan-s-deluxe-12-anos-1l\" \/>\n<meta property=\"og:site_name\" content=\"Comercial de Hosteleria Anma\" \/>\n<meta property=\"article:publisher\" content=\"https:\/\/www.facebook.com\/AnmaHosteleria\" \/>\n<meta property=\"article:modified_time\" content=\"2020-02-24T14:16:48+00:00\" \/>\n<meta property=\"og:image\" content=\"https:\/\/i2.wp.com\/www.comercialanma.es\/wp-content\/uploads\/2019\/08\/Buchanans-Deluxe.jpg?fit=1200%2C1200&#038;ssl=1\" \/>\n\t<meta property=\"og:image:width\" content=\"1200\" \/>\n\t<meta property=\"og:image:height\" content=\"1200\" \/>\n<meta name=\"twitter:card\" content=\"summary_large_image\" \/>\n<script type=\"application\/ld+json\" class=\"yoast-schema-graph\">{\"@context\":\"https:\/\/schema.org\",\"@graph\":[{\"@type\":\"Organization\",\"@id\":\"https:\/\/www.comercialanma.es\/#organization\",\"name\":\"Comercial Anma\",\"url\":\"https:\/\/www.comercialanma.es\/\",\"sameAs\":[\"https:\/\/www.facebook.com\/AnmaHosteleria\",\"https:\/\/www.instagram.com\/anmahosteleria\/?hl=es\",\"https:\/\/www.youtube.com\/channel\/UCT2nmn08Ntks0hmpZPnDgCA\"],\"logo\":{\"@type\":\"ImageObject\",\"@id\":\"https:\/\/www.comercialanma.es\/#logo\",\"inLanguage\":\"es\",\"url\":\"https:\/\/i2.wp.com\/www.comercialanma.es\/wp-content\/uploads\/2019\/06\/logo-anma-color.png?fit=247%2C101&ssl=1\",\"width\":247,\"height\":101,\"caption\":\"Comercial Anma\"},\"image\":{\"@id\":\"https:\/\/www.comercialanma.es\/#logo\"}},{\"@type\":\"WebSite\",\"@id\":\"https:\/\/www.comercialanma.es\/#website\",\"url\":\"https:\/\/www.comercialanma.es\/\",\"name\":\"Comercial de Hosteleria Anma\",\"description\":\"\",\"publisher\":{\"@id\":\"https:\/\/www.comercialanma.es\/#organization\"},\"potentialAction\":[{\"@type\":\"SearchAction\",\"target\":\"https:\/\/www.comercialanma.es\/?s={search_term_string}\",\"query-input\":\"required name=search_term_string\"}],\"inLanguage\":\"es\"},{\"@type\":\"ImageObject\",\"@id\":\"https:\/\/www.comercialanma.es\/?product=whisky-buchanan-s-deluxe-12-anos-1l#primaryimage\",\"inLanguage\":\"es\",\"url\":\"https:\/\/i2.wp.com\/www.comercialanma.es\/wp-content\/uploads\/2019\/08\/Buchanans-Deluxe.jpg?fit=1200%2C1200&ssl=1\",\"width\":1200,\"height\":1200},{\"@type\":\"WebPage\",\"@id\":\"https:\/\/www.comercialanma.es\/?product=whisky-buchanan-s-deluxe-12-anos-1l#webpage\",\"url\":\"https:\/\/www.comercialanma.es\/?product=whisky-buchanan-s-deluxe-12-anos-1l\",\"name\":\"Whisky Buchanan \\u00b4s Deluxe 12 a\\u00f1os 1L. - Comercial de Hosteleria Anma\",\"isPartOf\":{\"@id\":\"https:\/\/www.comercialanma.es\/#website\"},\"primaryImageOfPage\":{\"@id\":\"https:\/\/www.comercialanma.es\/?product=whisky-buchanan-s-deluxe-12-anos-1l#primaryimage\"},\"datePublished\":\"2019-08-22T15:10:43+00:00\",\"dateModified\":\"2020-02-24T14:16:48+00:00\",\"breadcrumb\":{\"@id\":\"https:\/\/www.comercialanma.es\/?product=whisky-buchanan-s-deluxe-12-anos-1l#breadcrumb\"},\"inLanguage\":\"es\",\"potentialAction\":[{\"@type\":\"ReadAction\",\"target\":[\"https:\/\/www.comercialanma.es\/?product=whisky-buchanan-s-deluxe-12-anos-1l\"]}]},{\"@type\":\"BreadcrumbList\",\"@id\":\"https:\/\/www.comercialanma.es\/?product=whisky-buchanan-s-deluxe-12-anos-1l#breadcrumb\",\"itemListElement\":[{\"@type\":\"ListItem\",\"position\":1,\"item\":{\"@type\":\"WebPage\",\"@id\":\"https:\/\/www.comercialanma.es\/\",\"url\":\"https:\/\/www.comercialanma.es\/\",\"name\":\"Portada\"}},{\"@type\":\"ListItem\",\"position\":2,\"item\":{\"@type\":\"WebPage\",\"@id\":\"https:\/\/www.comercialanma.es\/?page_id=3963\",\"url\":\"https:\/\/www.comercialanma.es\/?page_id=3963\",\"name\":\"Cat\\u00e1logo de Productos\"}},{\"@type\":\"ListItem\",\"position\":3,\"item\":{\"@type\":\"WebPage\",\"@id\":\"https:\/\/www.comercialanma.es\/?product=whisky-buchanan-s-deluxe-12-anos-1l\",\"url\":\"https:\/\/www.comercialanma.es\/?product=whisky-buchanan-s-deluxe-12-anos-1l\",\"name\":\"Whisky Buchanan \\u00b4s Deluxe 12 a\\u00f1os 1L.\"}}]}]}<\/script>\n<!-- \/ Yoast SEO plugin. -->","_links":{"self":[{"href":"https:\/\/www.comercialanma.es\/index.php?rest_route=\/wp\/v2\/product\/9477"}],"collection":[{"href":"https:\/\/www.comercialanma.es\/index.php?rest_route=\/wp\/v2\/product"}],"about":[{"href":"https:\/\/www.comercialanma.es\/index.php?rest_route=\/wp\/v2\/types\/product"}],"version-history":[{"count":1,"href":"https:\/\/www.comercialanma.es\/index.php?rest_route=\/wp\/v2\/product\/9477\/revisions"}],"predecessor-version":[{"id":9479,"href":"https:\/\/www.comercialanma.es\/index.php?rest_route=\/wp\/v2\/product\/9477\/revisions\/9479"}],"wp:featuredmedia":[{"embeddable":true,"href":"https:\/\/www.comercialanma.es\/index.php?rest_route=\/wp\/v2\/media\/9478"}],"wp:attachment":[{"href":"https:\/\/www.comercialanma.es\/index.php?rest_route=%2Fwp%2Fv2%2Fmedia&parent=9477"}],"curies":[{"name":"wp","href":"https:\/\/api.w.org\/{rel}","templated":true}]}}