
{"id":9486,"date":"2019-08-22T17:32:59","date_gmt":"2019-08-22T15:32:59","guid":{"rendered":"http:\/\/www.comercialanma.es\/?post_type=product&#038;p=9486"},"modified":"2020-02-24T15:18:21","modified_gmt":"2020-02-24T14:18:21","slug":"whisky-jameson-black-barrel-70cl","status":"publish","type":"product","link":"https:\/\/www.comercialanma.es\/?product=whisky-jameson-black-barrel-70cl","title":{"rendered":"Whisky Jameson Black Barrel 70cl."},"content":{"rendered":"<h3>Nota de cata:<\/h3>\n<div class=\"row features mb-5\">\n<div class=\"col-12 col-lg-6 text-center text-lg-left\">\n<p>Una ligera fragancia floral, salpicada con notas dulces y amaderadas especiadas.<\/p>\n<p>Con ello conseguimos el equilibrio perfecto entre las notas de especias, nuez y vainilla con toques de jerez dulce y una suavidad excepcional.<\/p>\n<p>Graduaci\u00f3n 40% vol.<\/p>\n<\/div>\n<\/div>\n<p>&nbsp;<\/p>\n","protected":false},"excerpt":{"rendered":"<p>Jameson Black Barrel le ha costado 232 a\u00f1os para llegar al punto donde se encuentra pero para el que la espera ha valido la pena ya que se ha realizado mediante un trabajo artesanal de primera calidad entre tres maestros mezcladores.Se elabor\u00f3 mediante la cuidadosa selecci\u00f3n y mezcla de gran parte de whisky de alambique irland\u00e9s y una peque\u00f1a parte de whisky de grano, que se dej\u00f3 madurar en barriles de bourbon carbonizados que le dieron esas notas al olfato de madera carbonizado, especies profundas y frutas ex\u00f3ticas que logran su inconfundible sabor<\/p>\n<p>&nbsp;<\/p>\n<p>&nbsp;<\/p>\n<p><span lang=\"es\"><span title=\"\"><span title=\"\">\u00a0<\/span><\/span><\/span><\/p>\n","protected":false},"featured_media":9487,"template":"","meta":{"spay_email":""},"yoast_head":"<!-- This site is optimized with the Yoast SEO plugin v15.9 - https:\/\/yoast.com\/wordpress\/plugins\/seo\/ -->\n<title>Whisky Jameson Black Barrel 70cl. - Comercial de Hosteleria Anma<\/title>\n<meta name=\"robots\" content=\"index, follow, max-snippet:-1, max-image-preview:large, max-video-preview:-1\" \/>\n<link rel=\"canonical\" href=\"https:\/\/www.comercialanma.es\/?product=whisky-jameson-black-barrel-70cl\" \/>\n<meta property=\"og:locale\" content=\"es_ES\" \/>\n<meta property=\"og:type\" content=\"article\" \/>\n<meta property=\"og:title\" content=\"Whisky Jameson Black Barrel 70cl. - Comercial de Hosteleria Anma\" \/>\n<meta property=\"og:description\" content=\"Jameson Black Barrel le ha costado 232 a\u00f1os para llegar al punto donde se encuentra pero para el que la espera ha valido la pena ya que se ha realizado mediante un trabajo artesanal de primera calidad entre tres maestros mezcladores.Se elabor\u00f3 mediante la cuidadosa selecci\u00f3n y mezcla de gran parte de whisky de alambique irland\u00e9s y una peque\u00f1a parte de whisky de grano, que se dej\u00f3 madurar en barriles de bourbon carbonizados que le dieron esas notas al olfato de madera carbonizado, especies profundas y frutas ex\u00f3ticas que logran su inconfundible sabor  &nbsp;  &nbsp;  \u00a0\" \/>\n<meta property=\"og:url\" content=\"https:\/\/www.comercialanma.es\/?product=whisky-jameson-black-barrel-70cl\" \/>\n<meta property=\"og:site_name\" content=\"Comercial de Hosteleria Anma\" \/>\n<meta property=\"article:publisher\" content=\"https:\/\/www.facebook.com\/AnmaHosteleria\" \/>\n<meta property=\"article:modified_time\" content=\"2020-02-24T14:18:21+00:00\" \/>\n<meta property=\"og:image\" content=\"https:\/\/i1.wp.com\/www.comercialanma.es\/wp-content\/uploads\/2019\/08\/Jameson-Black-Barrel.jpg?fit=1200%2C1200&#038;ssl=1\" \/>\n\t<meta property=\"og:image:width\" content=\"1200\" \/>\n\t<meta property=\"og:image:height\" content=\"1200\" \/>\n<meta name=\"twitter:card\" content=\"summary_large_image\" \/>\n<script type=\"application\/ld+json\" class=\"yoast-schema-graph\">{\"@context\":\"https:\/\/schema.org\",\"@graph\":[{\"@type\":\"Organization\",\"@id\":\"https:\/\/www.comercialanma.es\/#organization\",\"name\":\"Comercial Anma\",\"url\":\"https:\/\/www.comercialanma.es\/\",\"sameAs\":[\"https:\/\/www.facebook.com\/AnmaHosteleria\",\"https:\/\/www.instagram.com\/anmahosteleria\/?hl=es\",\"https:\/\/www.youtube.com\/channel\/UCT2nmn08Ntks0hmpZPnDgCA\"],\"logo\":{\"@type\":\"ImageObject\",\"@id\":\"https:\/\/www.comercialanma.es\/#logo\",\"inLanguage\":\"es\",\"url\":\"https:\/\/i2.wp.com\/www.comercialanma.es\/wp-content\/uploads\/2019\/06\/logo-anma-color.png?fit=247%2C101&ssl=1\",\"width\":247,\"height\":101,\"caption\":\"Comercial Anma\"},\"image\":{\"@id\":\"https:\/\/www.comercialanma.es\/#logo\"}},{\"@type\":\"WebSite\",\"@id\":\"https:\/\/www.comercialanma.es\/#website\",\"url\":\"https:\/\/www.comercialanma.es\/\",\"name\":\"Comercial de Hosteleria Anma\",\"description\":\"\",\"publisher\":{\"@id\":\"https:\/\/www.comercialanma.es\/#organization\"},\"potentialAction\":[{\"@type\":\"SearchAction\",\"target\":\"https:\/\/www.comercialanma.es\/?s={search_term_string}\",\"query-input\":\"required name=search_term_string\"}],\"inLanguage\":\"es\"},{\"@type\":\"ImageObject\",\"@id\":\"https:\/\/www.comercialanma.es\/?product=whisky-jameson-black-barrel-70cl#primaryimage\",\"inLanguage\":\"es\",\"url\":\"https:\/\/i1.wp.com\/www.comercialanma.es\/wp-content\/uploads\/2019\/08\/Jameson-Black-Barrel.jpg?fit=1200%2C1200&ssl=1\",\"width\":1200,\"height\":1200},{\"@type\":\"WebPage\",\"@id\":\"https:\/\/www.comercialanma.es\/?product=whisky-jameson-black-barrel-70cl#webpage\",\"url\":\"https:\/\/www.comercialanma.es\/?product=whisky-jameson-black-barrel-70cl\",\"name\":\"Whisky Jameson Black Barrel 70cl. - Comercial de Hosteleria Anma\",\"isPartOf\":{\"@id\":\"https:\/\/www.comercialanma.es\/#website\"},\"primaryImageOfPage\":{\"@id\":\"https:\/\/www.comercialanma.es\/?product=whisky-jameson-black-barrel-70cl#primaryimage\"},\"datePublished\":\"2019-08-22T15:32:59+00:00\",\"dateModified\":\"2020-02-24T14:18:21+00:00\",\"breadcrumb\":{\"@id\":\"https:\/\/www.comercialanma.es\/?product=whisky-jameson-black-barrel-70cl#breadcrumb\"},\"inLanguage\":\"es\",\"potentialAction\":[{\"@type\":\"ReadAction\",\"target\":[\"https:\/\/www.comercialanma.es\/?product=whisky-jameson-black-barrel-70cl\"]}]},{\"@type\":\"BreadcrumbList\",\"@id\":\"https:\/\/www.comercialanma.es\/?product=whisky-jameson-black-barrel-70cl#breadcrumb\",\"itemListElement\":[{\"@type\":\"ListItem\",\"position\":1,\"item\":{\"@type\":\"WebPage\",\"@id\":\"https:\/\/www.comercialanma.es\/\",\"url\":\"https:\/\/www.comercialanma.es\/\",\"name\":\"Portada\"}},{\"@type\":\"ListItem\",\"position\":2,\"item\":{\"@type\":\"WebPage\",\"@id\":\"https:\/\/www.comercialanma.es\/?page_id=3963\",\"url\":\"https:\/\/www.comercialanma.es\/?page_id=3963\",\"name\":\"Cat\\u00e1logo de Productos\"}},{\"@type\":\"ListItem\",\"position\":3,\"item\":{\"@type\":\"WebPage\",\"@id\":\"https:\/\/www.comercialanma.es\/?product=whisky-jameson-black-barrel-70cl\",\"url\":\"https:\/\/www.comercialanma.es\/?product=whisky-jameson-black-barrel-70cl\",\"name\":\"Whisky Jameson Black Barrel 70cl.\"}}]}]}<\/script>\n<!-- \/ Yoast SEO plugin. -->","_links":{"self":[{"href":"https:\/\/www.comercialanma.es\/index.php?rest_route=\/wp\/v2\/product\/9486"}],"collection":[{"href":"https:\/\/www.comercialanma.es\/index.php?rest_route=\/wp\/v2\/product"}],"about":[{"href":"https:\/\/www.comercialanma.es\/index.php?rest_route=\/wp\/v2\/types\/product"}],"version-history":[{"count":1,"href":"https:\/\/www.comercialanma.es\/index.php?rest_route=\/wp\/v2\/product\/9486\/revisions"}],"predecessor-version":[{"id":9488,"href":"https:\/\/www.comercialanma.es\/index.php?rest_route=\/wp\/v2\/product\/9486\/revisions\/9488"}],"wp:featuredmedia":[{"embeddable":true,"href":"https:\/\/www.comercialanma.es\/index.php?rest_route=\/wp\/v2\/media\/9487"}],"wp:attachment":[{"href":"https:\/\/www.comercialanma.es\/index.php?rest_route=%2Fwp%2Fv2%2Fmedia&parent=9486"}],"curies":[{"name":"wp","href":"https:\/\/api.w.org\/{rel}","templated":true}]}}