
{"id":9583,"date":"2019-08-23T12:27:05","date_gmt":"2019-08-23T10:27:05","guid":{"rendered":"http:\/\/www.comercialanma.es\/?post_type=product&#038;p=9583"},"modified":"2020-02-24T15:31:48","modified_gmt":"2020-02-24T14:31:48","slug":"whisky-the-macallan-old-sherry-oak-25-anos-70cl","status":"publish","type":"product","link":"https:\/\/www.comercialanma.es\/?product=whisky-the-macallan-old-sherry-oak-25-anos-70cl","title":{"rendered":"Whisky The Macallan Old Sherry Oak 25 a\u00f1os  70cl."},"content":{"rendered":"<h3>Nota de cata:<\/h3>\n<ul>\n<li><span class=\"tlid-translation translation\" lang=\"es\"><span title=\"\">Nariz: Muy afrutado, con notas de naranja y pera en nariz.<\/span> <span title=\"\">Tambi\u00e9n tiene una buena cucharada de especias dulces que se convierten en un car\u00e1cter casi ahumado.<\/span> <span class=\"\" title=\"\">El jerez en nariz es refinado y bien equilibrado, con toques de miel y caramelo.<\/span><\/span><\/li>\n<li><span class=\"tlid-translation translation\" lang=\"es\"><span class=\"\" title=\"\">Paladar: entrega de malta de libros de texto que da paso a un bocado de albaricoques secos, ciruelas pasas e higos.<\/span> <span class=\"\" title=\"\">Toques de nuez moscada y canela se tejen dentro y fuera de un \u00e9pico golpe de miel que solo puede producir una destiler\u00eda Speyside de este tipo de nobleza.<\/span><\/span><\/li>\n<li><span class=\"tlid-translation translation\" lang=\"es\"><span class=\"\" title=\"\">Acabado: Un acabado largo y completo que contiene higos, especias, roble masticable y un toque de humo ligero.<\/span><\/span><\/li>\n<li>Graduaci\u00f3n: 43% vol.<\/li>\n<\/ul>\n","protected":false},"excerpt":{"rendered":"<div><span class=\"tlid-translation translation\" lang=\"es\"><span title=\"\">Superlativo Speysider de Macallan, este asombroso joven de 25 a\u00f1os es uno de los whiskies m\u00e1s venerados del mundo.<\/span> <span class=\"\" title=\"\">Recibi\u00f3 un puntaje perfecto de 100 de 100 del Beverage Testing Institute en Chicago, 1999. Tambi\u00e9n recibi\u00f3 un Oro en el International Spirits Challenge.<\/span> <span class=\"\" title=\"\">Este lanzamiento es anterior al cambio a lanzamientos anuales en 2018.<\/span><\/span><\/div>\n<p>&nbsp;<\/p>\n","protected":false},"featured_media":9585,"template":"","meta":{"spay_email":""},"yoast_head":"<!-- This site is optimized with the Yoast SEO plugin v15.9 - https:\/\/yoast.com\/wordpress\/plugins\/seo\/ -->\n<title>Whisky The Macallan Old Sherry Oak 25 a\u00f1os 70cl. - Comercial de Hosteleria Anma<\/title>\n<meta name=\"robots\" content=\"index, follow, max-snippet:-1, max-image-preview:large, max-video-preview:-1\" \/>\n<link rel=\"canonical\" href=\"https:\/\/www.comercialanma.es\/?product=whisky-the-macallan-old-sherry-oak-25-anos-70cl\" \/>\n<meta property=\"og:locale\" content=\"es_ES\" \/>\n<meta property=\"og:type\" content=\"article\" \/>\n<meta property=\"og:title\" content=\"Whisky The Macallan Old Sherry Oak 25 a\u00f1os 70cl. - Comercial de Hosteleria Anma\" \/>\n<meta property=\"og:description\" content=\"Superlativo Speysider de Macallan, este asombroso joven de 25 a\u00f1os es uno de los whiskies m\u00e1s venerados del mundo. Recibi\u00f3 un puntaje perfecto de 100 de 100 del Beverage Testing Institute en Chicago, 1999. Tambi\u00e9n recibi\u00f3 un Oro en el International Spirits Challenge. Este lanzamiento es anterior al cambio a lanzamientos anuales en 2018. &nbsp;\" \/>\n<meta property=\"og:url\" content=\"https:\/\/www.comercialanma.es\/?product=whisky-the-macallan-old-sherry-oak-25-anos-70cl\" \/>\n<meta property=\"og:site_name\" content=\"Comercial de Hosteleria Anma\" \/>\n<meta property=\"article:publisher\" content=\"https:\/\/www.facebook.com\/AnmaHosteleria\" \/>\n<meta property=\"article:modified_time\" content=\"2020-02-24T14:31:48+00:00\" \/>\n<meta property=\"og:image\" content=\"https:\/\/i0.wp.com\/www.comercialanma.es\/wp-content\/uploads\/2019\/08\/The-Macallan-25.jpg?fit=1200%2C1200&#038;ssl=1\" \/>\n\t<meta property=\"og:image:width\" content=\"1200\" \/>\n\t<meta property=\"og:image:height\" content=\"1200\" \/>\n<meta name=\"twitter:card\" content=\"summary_large_image\" \/>\n<meta name=\"twitter:label1\" content=\"Tiempo de lectura\">\n\t<meta name=\"twitter:data1\" content=\"1 minuto\">\n<script type=\"application\/ld+json\" class=\"yoast-schema-graph\">{\"@context\":\"https:\/\/schema.org\",\"@graph\":[{\"@type\":\"Organization\",\"@id\":\"https:\/\/www.comercialanma.es\/#organization\",\"name\":\"Comercial Anma\",\"url\":\"https:\/\/www.comercialanma.es\/\",\"sameAs\":[\"https:\/\/www.facebook.com\/AnmaHosteleria\",\"https:\/\/www.instagram.com\/anmahosteleria\/?hl=es\",\"https:\/\/www.youtube.com\/channel\/UCT2nmn08Ntks0hmpZPnDgCA\"],\"logo\":{\"@type\":\"ImageObject\",\"@id\":\"https:\/\/www.comercialanma.es\/#logo\",\"inLanguage\":\"es\",\"url\":\"https:\/\/i2.wp.com\/www.comercialanma.es\/wp-content\/uploads\/2019\/06\/logo-anma-color.png?fit=247%2C101&ssl=1\",\"width\":247,\"height\":101,\"caption\":\"Comercial Anma\"},\"image\":{\"@id\":\"https:\/\/www.comercialanma.es\/#logo\"}},{\"@type\":\"WebSite\",\"@id\":\"https:\/\/www.comercialanma.es\/#website\",\"url\":\"https:\/\/www.comercialanma.es\/\",\"name\":\"Comercial de Hosteleria Anma\",\"description\":\"\",\"publisher\":{\"@id\":\"https:\/\/www.comercialanma.es\/#organization\"},\"potentialAction\":[{\"@type\":\"SearchAction\",\"target\":\"https:\/\/www.comercialanma.es\/?s={search_term_string}\",\"query-input\":\"required name=search_term_string\"}],\"inLanguage\":\"es\"},{\"@type\":\"ImageObject\",\"@id\":\"https:\/\/www.comercialanma.es\/?product=whisky-the-macallan-old-sherry-oak-25-anos-70cl#primaryimage\",\"inLanguage\":\"es\",\"url\":\"https:\/\/i0.wp.com\/www.comercialanma.es\/wp-content\/uploads\/2019\/08\/The-Macallan-25.jpg?fit=1200%2C1200&ssl=1\",\"width\":1200,\"height\":1200},{\"@type\":\"WebPage\",\"@id\":\"https:\/\/www.comercialanma.es\/?product=whisky-the-macallan-old-sherry-oak-25-anos-70cl#webpage\",\"url\":\"https:\/\/www.comercialanma.es\/?product=whisky-the-macallan-old-sherry-oak-25-anos-70cl\",\"name\":\"Whisky The Macallan Old Sherry Oak 25 a\\u00f1os 70cl. - Comercial de Hosteleria Anma\",\"isPartOf\":{\"@id\":\"https:\/\/www.comercialanma.es\/#website\"},\"primaryImageOfPage\":{\"@id\":\"https:\/\/www.comercialanma.es\/?product=whisky-the-macallan-old-sherry-oak-25-anos-70cl#primaryimage\"},\"datePublished\":\"2019-08-23T10:27:05+00:00\",\"dateModified\":\"2020-02-24T14:31:48+00:00\",\"breadcrumb\":{\"@id\":\"https:\/\/www.comercialanma.es\/?product=whisky-the-macallan-old-sherry-oak-25-anos-70cl#breadcrumb\"},\"inLanguage\":\"es\",\"potentialAction\":[{\"@type\":\"ReadAction\",\"target\":[\"https:\/\/www.comercialanma.es\/?product=whisky-the-macallan-old-sherry-oak-25-anos-70cl\"]}]},{\"@type\":\"BreadcrumbList\",\"@id\":\"https:\/\/www.comercialanma.es\/?product=whisky-the-macallan-old-sherry-oak-25-anos-70cl#breadcrumb\",\"itemListElement\":[{\"@type\":\"ListItem\",\"position\":1,\"item\":{\"@type\":\"WebPage\",\"@id\":\"https:\/\/www.comercialanma.es\/\",\"url\":\"https:\/\/www.comercialanma.es\/\",\"name\":\"Portada\"}},{\"@type\":\"ListItem\",\"position\":2,\"item\":{\"@type\":\"WebPage\",\"@id\":\"https:\/\/www.comercialanma.es\/?page_id=3963\",\"url\":\"https:\/\/www.comercialanma.es\/?page_id=3963\",\"name\":\"Cat\\u00e1logo de Productos\"}},{\"@type\":\"ListItem\",\"position\":3,\"item\":{\"@type\":\"WebPage\",\"@id\":\"https:\/\/www.comercialanma.es\/?product=whisky-the-macallan-old-sherry-oak-25-anos-70cl\",\"url\":\"https:\/\/www.comercialanma.es\/?product=whisky-the-macallan-old-sherry-oak-25-anos-70cl\",\"name\":\"Whisky The Macallan Old Sherry Oak 25 a\\u00f1os 70cl.\"}}]}]}<\/script>\n<!-- \/ Yoast SEO plugin. -->","_links":{"self":[{"href":"https:\/\/www.comercialanma.es\/index.php?rest_route=\/wp\/v2\/product\/9583"}],"collection":[{"href":"https:\/\/www.comercialanma.es\/index.php?rest_route=\/wp\/v2\/product"}],"about":[{"href":"https:\/\/www.comercialanma.es\/index.php?rest_route=\/wp\/v2\/types\/product"}],"version-history":[{"count":1,"href":"https:\/\/www.comercialanma.es\/index.php?rest_route=\/wp\/v2\/product\/9583\/revisions"}],"predecessor-version":[{"id":9586,"href":"https:\/\/www.comercialanma.es\/index.php?rest_route=\/wp\/v2\/product\/9583\/revisions\/9586"}],"wp:featuredmedia":[{"embeddable":true,"href":"https:\/\/www.comercialanma.es\/index.php?rest_route=\/wp\/v2\/media\/9585"}],"wp:attachment":[{"href":"https:\/\/www.comercialanma.es\/index.php?rest_route=%2Fwp%2Fv2%2Fmedia&parent=9583"}],"curies":[{"name":"wp","href":"https:\/\/api.w.org\/{rel}","templated":true}]}}