
{"id":9593,"date":"2019-08-23T12:52:39","date_gmt":"2019-08-23T10:52:39","guid":{"rendered":"http:\/\/www.comercialanma.es\/?post_type=product&#038;p=9593"},"modified":"2020-02-24T15:32:42","modified_gmt":"2020-02-24T14:32:42","slug":"whisky-the-balvenie-12-anos-70cl-copia","status":"publish","type":"product","link":"https:\/\/www.comercialanma.es\/?product=whisky-the-balvenie-12-anos-70cl-copia","title":{"rendered":"Whisky The Balvenie 17 a\u00f1os 70cl."},"content":{"rendered":"<h3>Nota de cata:<\/h3>\n<div id=\"tabs_content_container\">\n<div id=\"tab_cata_0\" class=\"tab_content catas_review_container\">\n<ul>\n<li class=\"sp catas_review col-xs-12 nopadding\"><span class=\"value\">De color caoba claro con destellos oro viejo. <\/span><\/li>\n<li><span class=\"value\">En nariz es complejo, con aromas de fruta blanca (manzana), pasas, orejones, miel, especias (vainilla) y frutos secos (nueces).<\/span><\/li>\n<li><span class=\"value\">La entrada en boca es dulce, con notas picantes y punzantes en el paso, con recuerdos marcados de madera de roble, pasteler\u00eda y especias. <\/span><\/li>\n<li class=\"sp catas_review col-xs-12 nopadding\">Graduaci\u00f3n: 40% vol.<\/li>\n<\/ul>\n<\/div>\n<\/div>\n","protected":false},"excerpt":{"rendered":"<div>\n<p>William Grant naci\u00f3 en Escocia en 1839. El joven de Grant trabaj\u00f3 en la Destiler\u00eda Mortlach y so\u00f1aba con dirigir un d\u00eda su propia destiler\u00eda. En 1886, Grant y sus nueve hijos colocaron la primera piedra de la Destiler\u00eda Glenfiddich: el d\u00eda de Navidad de 1887, sali\u00f3 de sus alambiques el primer espirituoso. En 1892, William Grant &amp; Sons compr\u00f3 una segunda destiler\u00eda vecina, Balvenie. Hoy, Balvenie es una de las seis destiler\u00edas del centenar que existen en Escocia que posee su propia planta de malteado.<\/p>\n<p>El Balvenie Doublewood es un single malt de 17 a\u00f1os que madura, como todos los whiskies de la Casa, en dos tipos de madera: el barril de whisky de roble americano y m\u00e1s tarde en botas que previamente han contenido vino de jerez. Las primeras suavizan el destilado y le otorgan car\u00e1cter, mientras que las botas de jerez aportan profundidad y plenitud de sabor.<\/p>\n<p><span lang=\"es\"><span title=\"\">\u00a0<\/span><\/span><\/p>\n<\/div>\n<p>&nbsp;<\/p>\n","protected":false},"featured_media":9594,"template":"","meta":{"spay_email":""},"yoast_head":"<!-- This site is optimized with the Yoast SEO plugin v15.9 - https:\/\/yoast.com\/wordpress\/plugins\/seo\/ -->\n<title>Whisky The Balvenie 17 a\u00f1os 70cl. - Comercial de Hosteleria Anma<\/title>\n<meta name=\"robots\" content=\"index, follow, max-snippet:-1, max-image-preview:large, max-video-preview:-1\" \/>\n<link rel=\"canonical\" href=\"https:\/\/www.comercialanma.es\/?product=whisky-the-balvenie-12-anos-70cl-copia\" \/>\n<meta property=\"og:locale\" content=\"es_ES\" \/>\n<meta property=\"og:type\" content=\"article\" \/>\n<meta property=\"og:title\" content=\"Whisky The Balvenie 17 a\u00f1os 70cl. - Comercial de Hosteleria Anma\" \/>\n<meta property=\"og:description\" content=\"William Grant naci\u00f3 en Escocia en 1839. El joven de Grant trabaj\u00f3 en la Destiler\u00eda Mortlach y so\u00f1aba con dirigir un d\u00eda su propia destiler\u00eda. En 1886, Grant y sus nueve hijos colocaron la primera piedra de la Destiler\u00eda Glenfiddich: el d\u00eda de Navidad de 1887, sali\u00f3 de sus alambiques el primer espirituoso. En 1892, William Grant &amp; Sons compr\u00f3 una segunda destiler\u00eda vecina, Balvenie. Hoy, Balvenie es una de las seis destiler\u00edas del centenar que existen en Escocia que posee su propia planta de malteado.  El Balvenie Doublewood es un single malt de 17 a\u00f1os que madura, como todos los whiskies de la Casa, en dos tipos de madera: el barril de whisky de roble americano y m\u00e1s tarde en botas que previamente han contenido vino de jerez. Las primeras suavizan el destilado y le otorgan car\u00e1cter, mientras que las botas de jerez aportan profundidad y plenitud de sabor.  \u00a0   &nbsp;\" \/>\n<meta property=\"og:url\" content=\"https:\/\/www.comercialanma.es\/?product=whisky-the-balvenie-12-anos-70cl-copia\" \/>\n<meta property=\"og:site_name\" content=\"Comercial de Hosteleria Anma\" \/>\n<meta property=\"article:publisher\" content=\"https:\/\/www.facebook.com\/AnmaHosteleria\" \/>\n<meta property=\"article:modified_time\" content=\"2020-02-24T14:32:42+00:00\" \/>\n<meta property=\"og:image\" content=\"https:\/\/i1.wp.com\/www.comercialanma.es\/wp-content\/uploads\/2019\/08\/The-Balvenie-17.jpg?fit=1200%2C1200&#038;ssl=1\" \/>\n\t<meta property=\"og:image:width\" content=\"1200\" \/>\n\t<meta property=\"og:image:height\" content=\"1200\" \/>\n<meta name=\"twitter:card\" content=\"summary_large_image\" \/>\n<script type=\"application\/ld+json\" class=\"yoast-schema-graph\">{\"@context\":\"https:\/\/schema.org\",\"@graph\":[{\"@type\":\"Organization\",\"@id\":\"https:\/\/www.comercialanma.es\/#organization\",\"name\":\"Comercial Anma\",\"url\":\"https:\/\/www.comercialanma.es\/\",\"sameAs\":[\"https:\/\/www.facebook.com\/AnmaHosteleria\",\"https:\/\/www.instagram.com\/anmahosteleria\/?hl=es\",\"https:\/\/www.youtube.com\/channel\/UCT2nmn08Ntks0hmpZPnDgCA\"],\"logo\":{\"@type\":\"ImageObject\",\"@id\":\"https:\/\/www.comercialanma.es\/#logo\",\"inLanguage\":\"es\",\"url\":\"https:\/\/i2.wp.com\/www.comercialanma.es\/wp-content\/uploads\/2019\/06\/logo-anma-color.png?fit=247%2C101&ssl=1\",\"width\":247,\"height\":101,\"caption\":\"Comercial Anma\"},\"image\":{\"@id\":\"https:\/\/www.comercialanma.es\/#logo\"}},{\"@type\":\"WebSite\",\"@id\":\"https:\/\/www.comercialanma.es\/#website\",\"url\":\"https:\/\/www.comercialanma.es\/\",\"name\":\"Comercial de Hosteleria Anma\",\"description\":\"\",\"publisher\":{\"@id\":\"https:\/\/www.comercialanma.es\/#organization\"},\"potentialAction\":[{\"@type\":\"SearchAction\",\"target\":\"https:\/\/www.comercialanma.es\/?s={search_term_string}\",\"query-input\":\"required name=search_term_string\"}],\"inLanguage\":\"es\"},{\"@type\":\"ImageObject\",\"@id\":\"https:\/\/www.comercialanma.es\/?product=whisky-the-balvenie-12-anos-70cl-copia#primaryimage\",\"inLanguage\":\"es\",\"url\":\"https:\/\/i1.wp.com\/www.comercialanma.es\/wp-content\/uploads\/2019\/08\/The-Balvenie-17.jpg?fit=1200%2C1200&ssl=1\",\"width\":1200,\"height\":1200},{\"@type\":\"WebPage\",\"@id\":\"https:\/\/www.comercialanma.es\/?product=whisky-the-balvenie-12-anos-70cl-copia#webpage\",\"url\":\"https:\/\/www.comercialanma.es\/?product=whisky-the-balvenie-12-anos-70cl-copia\",\"name\":\"Whisky The Balvenie 17 a\\u00f1os 70cl. - Comercial de Hosteleria Anma\",\"isPartOf\":{\"@id\":\"https:\/\/www.comercialanma.es\/#website\"},\"primaryImageOfPage\":{\"@id\":\"https:\/\/www.comercialanma.es\/?product=whisky-the-balvenie-12-anos-70cl-copia#primaryimage\"},\"datePublished\":\"2019-08-23T10:52:39+00:00\",\"dateModified\":\"2020-02-24T14:32:42+00:00\",\"breadcrumb\":{\"@id\":\"https:\/\/www.comercialanma.es\/?product=whisky-the-balvenie-12-anos-70cl-copia#breadcrumb\"},\"inLanguage\":\"es\",\"potentialAction\":[{\"@type\":\"ReadAction\",\"target\":[\"https:\/\/www.comercialanma.es\/?product=whisky-the-balvenie-12-anos-70cl-copia\"]}]},{\"@type\":\"BreadcrumbList\",\"@id\":\"https:\/\/www.comercialanma.es\/?product=whisky-the-balvenie-12-anos-70cl-copia#breadcrumb\",\"itemListElement\":[{\"@type\":\"ListItem\",\"position\":1,\"item\":{\"@type\":\"WebPage\",\"@id\":\"https:\/\/www.comercialanma.es\/\",\"url\":\"https:\/\/www.comercialanma.es\/\",\"name\":\"Portada\"}},{\"@type\":\"ListItem\",\"position\":2,\"item\":{\"@type\":\"WebPage\",\"@id\":\"https:\/\/www.comercialanma.es\/?page_id=3963\",\"url\":\"https:\/\/www.comercialanma.es\/?page_id=3963\",\"name\":\"Cat\\u00e1logo de Productos\"}},{\"@type\":\"ListItem\",\"position\":3,\"item\":{\"@type\":\"WebPage\",\"@id\":\"https:\/\/www.comercialanma.es\/?product=whisky-the-balvenie-12-anos-70cl-copia\",\"url\":\"https:\/\/www.comercialanma.es\/?product=whisky-the-balvenie-12-anos-70cl-copia\",\"name\":\"Whisky The Balvenie 17 a\\u00f1os 70cl.\"}}]}]}<\/script>\n<!-- \/ Yoast SEO plugin. -->","_links":{"self":[{"href":"https:\/\/www.comercialanma.es\/index.php?rest_route=\/wp\/v2\/product\/9593"}],"collection":[{"href":"https:\/\/www.comercialanma.es\/index.php?rest_route=\/wp\/v2\/product"}],"about":[{"href":"https:\/\/www.comercialanma.es\/index.php?rest_route=\/wp\/v2\/types\/product"}],"version-history":[{"count":2,"href":"https:\/\/www.comercialanma.es\/index.php?rest_route=\/wp\/v2\/product\/9593\/revisions"}],"predecessor-version":[{"id":9596,"href":"https:\/\/www.comercialanma.es\/index.php?rest_route=\/wp\/v2\/product\/9593\/revisions\/9596"}],"wp:featuredmedia":[{"embeddable":true,"href":"https:\/\/www.comercialanma.es\/index.php?rest_route=\/wp\/v2\/media\/9594"}],"wp:attachment":[{"href":"https:\/\/www.comercialanma.es\/index.php?rest_route=%2Fwp%2Fv2%2Fmedia&parent=9593"}],"curies":[{"name":"wp","href":"https:\/\/api.w.org\/{rel}","templated":true}]}}