
{"id":9604,"date":"2019-08-23T15:37:44","date_gmt":"2019-08-23T13:37:44","guid":{"rendered":"http:\/\/www.comercialanma.es\/?post_type=product&#038;p=9604"},"modified":"2020-02-24T15:33:09","modified_gmt":"2020-02-24T14:33:09","slug":"whisky-the-macallan-15-anos-70cl","status":"publish","type":"product","link":"https:\/\/www.comercialanma.es\/?product=whisky-the-macallan-15-anos-70cl","title":{"rendered":"Whisky The Macallan Fine Oak 15 a\u00f1os 70cl."},"content":{"rendered":"<h3>Nota de cata:<\/h3>\n<div>\n<ul>\n<li>Vista: Color pajizo oscuro.<\/li>\n<li>Nariz: Sublime y completo con toques delicados de rosa y canela.<\/li>\n<li>\n<div>Boca: Sabor de chocolate sumamente intenso y notas destacadas de naranja y pasas. Persistente.<\/div>\n<\/li>\n<li>\n<div>Consumo: Enfriado lentamente para ofrecer una experiencia perfecta al beberlo.<\/div>\n<\/li>\n<li>\n<div>Graduaci\u00f3n: 43% vol.<\/div>\n<\/li>\n<\/ul>\n<\/div>\n","protected":false},"excerpt":{"rendered":"<div>The Macallan Triple Cask Matured 15 Years Old forma parte de nuestra gama Triple Cask Matured, una serie de whiskys de malta elaborados en una combinaci\u00f3n de tres tipos de barricas de roble europeos y americanos que contuvieron jereces, y barriles de roble americano que tuvieron bourbon. Una combinaci\u00f3n perfecta que nos deja un Single Malt \u00fanico con sabores vibrantes de naranja y chocolate. Un Macallan con un estilo m\u00e1s ligero y un car\u00e1cter m\u00e1s complejo. Este whisky se denominaba anteriormente Fine Oak 15 Years Old, y ofrece el mismo car\u00e1cter extraordinariamente suave y delicado,<br \/>\n<span lang=\"es\"><span title=\"\">\u00a0<\/span><\/span><\/div>\n<p>&nbsp;<\/p>\n","protected":false},"featured_media":9605,"template":"","meta":{"spay_email":""},"yoast_head":"<!-- This site is optimized with the Yoast SEO plugin v15.9 - https:\/\/yoast.com\/wordpress\/plugins\/seo\/ -->\n<title>Whisky The Macallan Fine Oak 15 a\u00f1os 70cl. - Comercial de Hosteleria Anma<\/title>\n<meta name=\"robots\" content=\"index, follow, max-snippet:-1, max-image-preview:large, max-video-preview:-1\" \/>\n<link rel=\"canonical\" href=\"https:\/\/www.comercialanma.es\/?product=whisky-the-macallan-15-anos-70cl\" \/>\n<meta property=\"og:locale\" content=\"es_ES\" \/>\n<meta property=\"og:type\" content=\"article\" \/>\n<meta property=\"og:title\" content=\"Whisky The Macallan Fine Oak 15 a\u00f1os 70cl. - Comercial de Hosteleria Anma\" \/>\n<meta property=\"og:description\" content=\"The Macallan Triple Cask Matured 15 Years Old forma parte de nuestra gama Triple Cask Matured, una serie de whiskys de malta elaborados en una combinaci\u00f3n de tres tipos de barricas de roble europeos y americanos que contuvieron jereces, y barriles de roble americano que tuvieron bourbon. Una combinaci\u00f3n perfecta que nos deja un Single Malt \u00fanico con sabores vibrantes de naranja y chocolate. Un Macallan con un estilo m\u00e1s ligero y un car\u00e1cter m\u00e1s complejo. Este whisky se denominaba anteriormente Fine Oak 15 Years Old, y ofrece el mismo car\u00e1cter extraordinariamente suave y delicado, \u00a0 &nbsp;\" \/>\n<meta property=\"og:url\" content=\"https:\/\/www.comercialanma.es\/?product=whisky-the-macallan-15-anos-70cl\" \/>\n<meta property=\"og:site_name\" content=\"Comercial de Hosteleria Anma\" \/>\n<meta property=\"article:publisher\" content=\"https:\/\/www.facebook.com\/AnmaHosteleria\" \/>\n<meta property=\"article:modified_time\" content=\"2020-02-24T14:33:09+00:00\" \/>\n<meta property=\"og:image\" content=\"https:\/\/i0.wp.com\/www.comercialanma.es\/wp-content\/uploads\/2019\/08\/The-Macallan-Fine-Oak-15.jpg?fit=1200%2C1200&#038;ssl=1\" \/>\n\t<meta property=\"og:image:width\" content=\"1200\" \/>\n\t<meta property=\"og:image:height\" content=\"1200\" \/>\n<meta name=\"twitter:card\" content=\"summary_large_image\" \/>\n<script type=\"application\/ld+json\" class=\"yoast-schema-graph\">{\"@context\":\"https:\/\/schema.org\",\"@graph\":[{\"@type\":\"Organization\",\"@id\":\"https:\/\/www.comercialanma.es\/#organization\",\"name\":\"Comercial Anma\",\"url\":\"https:\/\/www.comercialanma.es\/\",\"sameAs\":[\"https:\/\/www.facebook.com\/AnmaHosteleria\",\"https:\/\/www.instagram.com\/anmahosteleria\/?hl=es\",\"https:\/\/www.youtube.com\/channel\/UCT2nmn08Ntks0hmpZPnDgCA\"],\"logo\":{\"@type\":\"ImageObject\",\"@id\":\"https:\/\/www.comercialanma.es\/#logo\",\"inLanguage\":\"es\",\"url\":\"https:\/\/i2.wp.com\/www.comercialanma.es\/wp-content\/uploads\/2019\/06\/logo-anma-color.png?fit=247%2C101&ssl=1\",\"width\":247,\"height\":101,\"caption\":\"Comercial Anma\"},\"image\":{\"@id\":\"https:\/\/www.comercialanma.es\/#logo\"}},{\"@type\":\"WebSite\",\"@id\":\"https:\/\/www.comercialanma.es\/#website\",\"url\":\"https:\/\/www.comercialanma.es\/\",\"name\":\"Comercial de Hosteleria Anma\",\"description\":\"\",\"publisher\":{\"@id\":\"https:\/\/www.comercialanma.es\/#organization\"},\"potentialAction\":[{\"@type\":\"SearchAction\",\"target\":\"https:\/\/www.comercialanma.es\/?s={search_term_string}\",\"query-input\":\"required name=search_term_string\"}],\"inLanguage\":\"es\"},{\"@type\":\"ImageObject\",\"@id\":\"https:\/\/www.comercialanma.es\/?product=whisky-the-macallan-15-anos-70cl#primaryimage\",\"inLanguage\":\"es\",\"url\":\"https:\/\/i0.wp.com\/www.comercialanma.es\/wp-content\/uploads\/2019\/08\/The-Macallan-Fine-Oak-15.jpg?fit=1200%2C1200&ssl=1\",\"width\":1200,\"height\":1200},{\"@type\":\"WebPage\",\"@id\":\"https:\/\/www.comercialanma.es\/?product=whisky-the-macallan-15-anos-70cl#webpage\",\"url\":\"https:\/\/www.comercialanma.es\/?product=whisky-the-macallan-15-anos-70cl\",\"name\":\"Whisky The Macallan Fine Oak 15 a\\u00f1os 70cl. - Comercial de Hosteleria Anma\",\"isPartOf\":{\"@id\":\"https:\/\/www.comercialanma.es\/#website\"},\"primaryImageOfPage\":{\"@id\":\"https:\/\/www.comercialanma.es\/?product=whisky-the-macallan-15-anos-70cl#primaryimage\"},\"datePublished\":\"2019-08-23T13:37:44+00:00\",\"dateModified\":\"2020-02-24T14:33:09+00:00\",\"breadcrumb\":{\"@id\":\"https:\/\/www.comercialanma.es\/?product=whisky-the-macallan-15-anos-70cl#breadcrumb\"},\"inLanguage\":\"es\",\"potentialAction\":[{\"@type\":\"ReadAction\",\"target\":[\"https:\/\/www.comercialanma.es\/?product=whisky-the-macallan-15-anos-70cl\"]}]},{\"@type\":\"BreadcrumbList\",\"@id\":\"https:\/\/www.comercialanma.es\/?product=whisky-the-macallan-15-anos-70cl#breadcrumb\",\"itemListElement\":[{\"@type\":\"ListItem\",\"position\":1,\"item\":{\"@type\":\"WebPage\",\"@id\":\"https:\/\/www.comercialanma.es\/\",\"url\":\"https:\/\/www.comercialanma.es\/\",\"name\":\"Portada\"}},{\"@type\":\"ListItem\",\"position\":2,\"item\":{\"@type\":\"WebPage\",\"@id\":\"https:\/\/www.comercialanma.es\/?page_id=3963\",\"url\":\"https:\/\/www.comercialanma.es\/?page_id=3963\",\"name\":\"Cat\\u00e1logo de Productos\"}},{\"@type\":\"ListItem\",\"position\":3,\"item\":{\"@type\":\"WebPage\",\"@id\":\"https:\/\/www.comercialanma.es\/?product=whisky-the-macallan-15-anos-70cl\",\"url\":\"https:\/\/www.comercialanma.es\/?product=whisky-the-macallan-15-anos-70cl\",\"name\":\"Whisky The Macallan Fine Oak 15 a\\u00f1os 70cl.\"}}]}]}<\/script>\n<!-- \/ Yoast SEO plugin. -->","_links":{"self":[{"href":"https:\/\/www.comercialanma.es\/index.php?rest_route=\/wp\/v2\/product\/9604"}],"collection":[{"href":"https:\/\/www.comercialanma.es\/index.php?rest_route=\/wp\/v2\/product"}],"about":[{"href":"https:\/\/www.comercialanma.es\/index.php?rest_route=\/wp\/v2\/types\/product"}],"version-history":[{"count":5,"href":"https:\/\/www.comercialanma.es\/index.php?rest_route=\/wp\/v2\/product\/9604\/revisions"}],"predecessor-version":[{"id":9613,"href":"https:\/\/www.comercialanma.es\/index.php?rest_route=\/wp\/v2\/product\/9604\/revisions\/9613"}],"wp:featuredmedia":[{"embeddable":true,"href":"https:\/\/www.comercialanma.es\/index.php?rest_route=\/wp\/v2\/media\/9605"}],"wp:attachment":[{"href":"https:\/\/www.comercialanma.es\/index.php?rest_route=%2Fwp%2Fv2%2Fmedia&parent=9604"}],"curies":[{"name":"wp","href":"https:\/\/api.w.org\/{rel}","templated":true}]}}