
{"id":9656,"date":"2019-08-23T17:27:28","date_gmt":"2019-08-23T15:27:28","guid":{"rendered":"http:\/\/www.comercialanma.es\/?post_type=product&#038;p=9656"},"modified":"2020-02-24T15:37:28","modified_gmt":"2020-02-24T14:37:28","slug":"whisky-oban-14-anos-70cl","status":"publish","type":"product","link":"https:\/\/www.comercialanma.es\/?product=whisky-oban-14-anos-70cl","title":{"rendered":"Whisky Oban 14 a\u00f1os 70cl."},"content":{"rendered":"<h3>Nota de cata:<\/h3>\n<ul>\n<li><span class=\"cata_title\">Cata a la vista<\/span> <span class=\"cata_content\">Color dorado oliv\u00e1ceo.<\/span><\/li>\n<li><span class=\"cata_title\">Cata en nariz<\/span> <span class=\"cata_content\">Notable dulzura combinada con c\u00edtricos y pera. Ligeras notas de sal marina y ahumados.<\/span><\/li>\n<li><span class=\"cata_title\">Cata en boca<\/span> <span class=\"cata_content\">Cuerpo firme, suave, ligeramente viscoso. <\/span><\/li>\n<li><span class=\"cata_content\">Complejo, perfumado, algas marinas; se vuelve ceroso y ahumado. Final arom\u00e1tico, suave y goloso.<\/span><\/li>\n<li>Graduaci\u00f3n: 43% vol.<\/li>\n<\/ul>\n","protected":false},"excerpt":{"rendered":"<p>El whisky de malta Oban ha sido envejecido en barriles ex-Jerez y elaborado mediante el sistema de destilaci\u00f3n que incorpora \u2018Worm tubes\u2019, d\u00e1ndole un car\u00e1cter especial y diferente del whisky que ha sido enfriado mediante un condensador moderno, seg\u00fan los expertos.<\/p>\n","protected":false},"featured_media":9657,"template":"","meta":{"spay_email":""},"yoast_head":"<!-- This site is optimized with the Yoast SEO plugin v15.9 - https:\/\/yoast.com\/wordpress\/plugins\/seo\/ -->\n<title>Whisky Oban 14 a\u00f1os 70cl. - Comercial de Hosteleria Anma<\/title>\n<meta name=\"robots\" content=\"index, follow, max-snippet:-1, max-image-preview:large, max-video-preview:-1\" \/>\n<link rel=\"canonical\" href=\"https:\/\/www.comercialanma.es\/?product=whisky-oban-14-anos-70cl\" \/>\n<meta property=\"og:locale\" content=\"es_ES\" \/>\n<meta property=\"og:type\" content=\"article\" \/>\n<meta property=\"og:title\" content=\"Whisky Oban 14 a\u00f1os 70cl. - Comercial de Hosteleria Anma\" \/>\n<meta property=\"og:description\" content=\"El whisky de malta Oban ha sido envejecido en barriles ex-Jerez y elaborado mediante el sistema de destilaci\u00f3n que incorpora \u2018Worm tubes\u2019, d\u00e1ndole un car\u00e1cter especial y diferente del whisky que ha sido enfriado mediante un condensador moderno, seg\u00fan los expertos.\" \/>\n<meta property=\"og:url\" content=\"https:\/\/www.comercialanma.es\/?product=whisky-oban-14-anos-70cl\" \/>\n<meta property=\"og:site_name\" content=\"Comercial de Hosteleria Anma\" \/>\n<meta property=\"article:publisher\" content=\"https:\/\/www.facebook.com\/AnmaHosteleria\" \/>\n<meta property=\"article:modified_time\" content=\"2020-02-24T14:37:28+00:00\" \/>\n<meta property=\"og:image\" content=\"https:\/\/i0.wp.com\/www.comercialanma.es\/wp-content\/uploads\/2019\/08\/Oban-14.jpg?fit=1200%2C1200&#038;ssl=1\" \/>\n\t<meta property=\"og:image:width\" content=\"1200\" \/>\n\t<meta property=\"og:image:height\" content=\"1200\" \/>\n<meta name=\"twitter:card\" content=\"summary_large_image\" \/>\n<script type=\"application\/ld+json\" class=\"yoast-schema-graph\">{\"@context\":\"https:\/\/schema.org\",\"@graph\":[{\"@type\":\"Organization\",\"@id\":\"https:\/\/www.comercialanma.es\/#organization\",\"name\":\"Comercial Anma\",\"url\":\"https:\/\/www.comercialanma.es\/\",\"sameAs\":[\"https:\/\/www.facebook.com\/AnmaHosteleria\",\"https:\/\/www.instagram.com\/anmahosteleria\/?hl=es\",\"https:\/\/www.youtube.com\/channel\/UCT2nmn08Ntks0hmpZPnDgCA\"],\"logo\":{\"@type\":\"ImageObject\",\"@id\":\"https:\/\/www.comercialanma.es\/#logo\",\"inLanguage\":\"es\",\"url\":\"https:\/\/i2.wp.com\/www.comercialanma.es\/wp-content\/uploads\/2019\/06\/logo-anma-color.png?fit=247%2C101&ssl=1\",\"width\":247,\"height\":101,\"caption\":\"Comercial Anma\"},\"image\":{\"@id\":\"https:\/\/www.comercialanma.es\/#logo\"}},{\"@type\":\"WebSite\",\"@id\":\"https:\/\/www.comercialanma.es\/#website\",\"url\":\"https:\/\/www.comercialanma.es\/\",\"name\":\"Comercial de Hosteleria Anma\",\"description\":\"\",\"publisher\":{\"@id\":\"https:\/\/www.comercialanma.es\/#organization\"},\"potentialAction\":[{\"@type\":\"SearchAction\",\"target\":\"https:\/\/www.comercialanma.es\/?s={search_term_string}\",\"query-input\":\"required name=search_term_string\"}],\"inLanguage\":\"es\"},{\"@type\":\"ImageObject\",\"@id\":\"https:\/\/www.comercialanma.es\/?product=whisky-oban-14-anos-70cl#primaryimage\",\"inLanguage\":\"es\",\"url\":\"https:\/\/i0.wp.com\/www.comercialanma.es\/wp-content\/uploads\/2019\/08\/Oban-14.jpg?fit=1200%2C1200&ssl=1\",\"width\":1200,\"height\":1200},{\"@type\":\"WebPage\",\"@id\":\"https:\/\/www.comercialanma.es\/?product=whisky-oban-14-anos-70cl#webpage\",\"url\":\"https:\/\/www.comercialanma.es\/?product=whisky-oban-14-anos-70cl\",\"name\":\"Whisky Oban 14 a\\u00f1os 70cl. - Comercial de Hosteleria Anma\",\"isPartOf\":{\"@id\":\"https:\/\/www.comercialanma.es\/#website\"},\"primaryImageOfPage\":{\"@id\":\"https:\/\/www.comercialanma.es\/?product=whisky-oban-14-anos-70cl#primaryimage\"},\"datePublished\":\"2019-08-23T15:27:28+00:00\",\"dateModified\":\"2020-02-24T14:37:28+00:00\",\"breadcrumb\":{\"@id\":\"https:\/\/www.comercialanma.es\/?product=whisky-oban-14-anos-70cl#breadcrumb\"},\"inLanguage\":\"es\",\"potentialAction\":[{\"@type\":\"ReadAction\",\"target\":[\"https:\/\/www.comercialanma.es\/?product=whisky-oban-14-anos-70cl\"]}]},{\"@type\":\"BreadcrumbList\",\"@id\":\"https:\/\/www.comercialanma.es\/?product=whisky-oban-14-anos-70cl#breadcrumb\",\"itemListElement\":[{\"@type\":\"ListItem\",\"position\":1,\"item\":{\"@type\":\"WebPage\",\"@id\":\"https:\/\/www.comercialanma.es\/\",\"url\":\"https:\/\/www.comercialanma.es\/\",\"name\":\"Portada\"}},{\"@type\":\"ListItem\",\"position\":2,\"item\":{\"@type\":\"WebPage\",\"@id\":\"https:\/\/www.comercialanma.es\/?page_id=3963\",\"url\":\"https:\/\/www.comercialanma.es\/?page_id=3963\",\"name\":\"Cat\\u00e1logo de Productos\"}},{\"@type\":\"ListItem\",\"position\":3,\"item\":{\"@type\":\"WebPage\",\"@id\":\"https:\/\/www.comercialanma.es\/?product=whisky-oban-14-anos-70cl\",\"url\":\"https:\/\/www.comercialanma.es\/?product=whisky-oban-14-anos-70cl\",\"name\":\"Whisky Oban 14 a\\u00f1os 70cl.\"}}]}]}<\/script>\n<!-- \/ Yoast SEO plugin. -->","_links":{"self":[{"href":"https:\/\/www.comercialanma.es\/index.php?rest_route=\/wp\/v2\/product\/9656"}],"collection":[{"href":"https:\/\/www.comercialanma.es\/index.php?rest_route=\/wp\/v2\/product"}],"about":[{"href":"https:\/\/www.comercialanma.es\/index.php?rest_route=\/wp\/v2\/types\/product"}],"version-history":[{"count":1,"href":"https:\/\/www.comercialanma.es\/index.php?rest_route=\/wp\/v2\/product\/9656\/revisions"}],"predecessor-version":[{"id":9658,"href":"https:\/\/www.comercialanma.es\/index.php?rest_route=\/wp\/v2\/product\/9656\/revisions\/9658"}],"wp:featuredmedia":[{"embeddable":true,"href":"https:\/\/www.comercialanma.es\/index.php?rest_route=\/wp\/v2\/media\/9657"}],"wp:attachment":[{"href":"https:\/\/www.comercialanma.es\/index.php?rest_route=%2Fwp%2Fv2%2Fmedia&parent=9656"}],"curies":[{"name":"wp","href":"https:\/\/api.w.org\/{rel}","templated":true}]}}