
{"id":9688,"date":"2019-08-26T08:57:31","date_gmt":"2019-08-26T06:57:31","guid":{"rendered":"http:\/\/www.comercialanma.es\/?post_type=product&#038;p=9688"},"modified":"2022-02-11T18:01:35","modified_gmt":"2022-02-11T17:01:35","slug":"whisky-nikka-blended-70cl","status":"publish","type":"product","link":"https:\/\/www.comercialanma.es\/?product=whisky-nikka-blended-70cl","title":{"rendered":"Whisky Nikka Blended 70cl."},"content":{"rendered":"<h3>Nota de cata:<\/h3>\n<ul>\n<li>Suave e intensamente afrutado, se consolida como el m\u00e1s accesible de la gama.<\/li>\n<li>Es un whisky con un color dorado e intenso.<\/li>\n<li>En nariz tiene un aroma fresco, muy afrutado y con sutiles notas a vainilla, coco, chocolate y almendras. Un toque de cebada malteada emerge, s\u00f3lo para dar paso a aromas florales y un toque de almizcle.<\/li>\n<li>En boca, su sabor es incre\u00edblemente suave y recuerda a peras, c\u00edtricos y pastel de almendras. Presenta un acabado muy limpio que oscila entre la cebada y aromas frutales dejando una sensaci\u00f3n de frescura inigualable.<\/li>\n<li>Graduaci\u00f3n: 40% vol.<\/li>\n<\/ul>\n<div>\n<div><\/div>\n<\/div>\n<div><\/div>\n<div class=\"field\"><\/div>\n","protected":false},"excerpt":{"rendered":"<p>El Nikka Blended est\u00e1 elaborado con Malta como principal ingrediente. Este whisky japon\u00e9s usa whisky de malta en lugar de whisky de grano como base, y permite a Nikka crear un whisky blended con un distintivo caracter que s\u00f3lo puede encontrarse en los whisky de malta. Este destilado aporta a los bebedores los atributos caracter\u00edsticos del whisky de malta en nariz y paladar, y la suavidad y facilidad de beber de los whiskies de grano. Una vez m\u00e1s la destiler\u00eda Nikka demuestra su experiencia con esta nueva mezcla, encarnando el estilo t\u00edpico japon\u00e9s. Nikka Blended ofrece un contraste con una expresi\u00f3n puramente seductora.<\/p>\n","protected":false},"featured_media":20976,"template":"","meta":{"spay_email":""},"yoast_head":"<!-- This site is optimized with the Yoast SEO plugin v15.9 - https:\/\/yoast.com\/wordpress\/plugins\/seo\/ -->\n<title>Whisky Nikka Blended 70cl. - Comercial de Hosteleria Anma<\/title>\n<meta name=\"robots\" content=\"index, follow, max-snippet:-1, max-image-preview:large, max-video-preview:-1\" \/>\n<link rel=\"canonical\" href=\"https:\/\/www.comercialanma.es\/?product=whisky-nikka-blended-70cl\" \/>\n<meta property=\"og:locale\" content=\"es_ES\" \/>\n<meta property=\"og:type\" content=\"article\" \/>\n<meta property=\"og:title\" content=\"Whisky Nikka Blended 70cl. - Comercial de Hosteleria Anma\" \/>\n<meta property=\"og:description\" content=\"El Nikka Blended est\u00e1 elaborado con Malta como principal ingrediente. Este whisky japon\u00e9s usa whisky de malta en lugar de whisky de grano como base, y permite a Nikka crear un whisky blended con un distintivo caracter que s\u00f3lo puede encontrarse en los whisky de malta. Este destilado aporta a los bebedores los atributos caracter\u00edsticos del whisky de malta en nariz y paladar, y la suavidad y facilidad de beber de los whiskies de grano. Una vez m\u00e1s la destiler\u00eda Nikka demuestra su experiencia con esta nueva mezcla, encarnando el estilo t\u00edpico japon\u00e9s. Nikka Blended ofrece un contraste con una expresi\u00f3n puramente seductora.\" \/>\n<meta property=\"og:url\" content=\"https:\/\/www.comercialanma.es\/?product=whisky-nikka-blended-70cl\" \/>\n<meta property=\"og:site_name\" content=\"Comercial de Hosteleria Anma\" \/>\n<meta property=\"article:publisher\" content=\"https:\/\/www.facebook.com\/AnmaHosteleria\" \/>\n<meta property=\"article:modified_time\" content=\"2022-02-11T17:01:35+00:00\" \/>\n<meta property=\"og:image\" content=\"https:\/\/i0.wp.com\/www.comercialanma.es\/wp-content\/uploads\/2019\/08\/NIKKA-DAYS.jpg?fit=1080%2C1080&#038;ssl=1\" \/>\n\t<meta property=\"og:image:width\" content=\"1080\" \/>\n\t<meta property=\"og:image:height\" content=\"1080\" \/>\n<meta name=\"twitter:card\" content=\"summary_large_image\" \/>\n<meta name=\"twitter:label1\" content=\"Tiempo de lectura\">\n\t<meta name=\"twitter:data1\" content=\"1 minuto\">\n<script type=\"application\/ld+json\" class=\"yoast-schema-graph\">{\"@context\":\"https:\/\/schema.org\",\"@graph\":[{\"@type\":\"Organization\",\"@id\":\"https:\/\/www.comercialanma.es\/#organization\",\"name\":\"Comercial Anma\",\"url\":\"https:\/\/www.comercialanma.es\/\",\"sameAs\":[\"https:\/\/www.facebook.com\/AnmaHosteleria\",\"https:\/\/www.instagram.com\/anmahosteleria\/?hl=es\",\"https:\/\/www.youtube.com\/channel\/UCT2nmn08Ntks0hmpZPnDgCA\"],\"logo\":{\"@type\":\"ImageObject\",\"@id\":\"https:\/\/www.comercialanma.es\/#logo\",\"inLanguage\":\"es\",\"url\":\"https:\/\/i2.wp.com\/www.comercialanma.es\/wp-content\/uploads\/2019\/06\/logo-anma-color.png?fit=247%2C101&ssl=1\",\"width\":247,\"height\":101,\"caption\":\"Comercial Anma\"},\"image\":{\"@id\":\"https:\/\/www.comercialanma.es\/#logo\"}},{\"@type\":\"WebSite\",\"@id\":\"https:\/\/www.comercialanma.es\/#website\",\"url\":\"https:\/\/www.comercialanma.es\/\",\"name\":\"Comercial de Hosteleria Anma\",\"description\":\"\",\"publisher\":{\"@id\":\"https:\/\/www.comercialanma.es\/#organization\"},\"potentialAction\":[{\"@type\":\"SearchAction\",\"target\":\"https:\/\/www.comercialanma.es\/?s={search_term_string}\",\"query-input\":\"required name=search_term_string\"}],\"inLanguage\":\"es\"},{\"@type\":\"ImageObject\",\"@id\":\"https:\/\/www.comercialanma.es\/?product=whisky-nikka-blended-70cl#primaryimage\",\"inLanguage\":\"es\",\"url\":\"https:\/\/i0.wp.com\/www.comercialanma.es\/wp-content\/uploads\/2019\/08\/NIKKA-DAYS.jpg?fit=1080%2C1080&ssl=1\",\"width\":1080,\"height\":1080},{\"@type\":\"WebPage\",\"@id\":\"https:\/\/www.comercialanma.es\/?product=whisky-nikka-blended-70cl#webpage\",\"url\":\"https:\/\/www.comercialanma.es\/?product=whisky-nikka-blended-70cl\",\"name\":\"Whisky Nikka Blended 70cl. - Comercial de Hosteleria Anma\",\"isPartOf\":{\"@id\":\"https:\/\/www.comercialanma.es\/#website\"},\"primaryImageOfPage\":{\"@id\":\"https:\/\/www.comercialanma.es\/?product=whisky-nikka-blended-70cl#primaryimage\"},\"datePublished\":\"2019-08-26T06:57:31+00:00\",\"dateModified\":\"2022-02-11T17:01:35+00:00\",\"breadcrumb\":{\"@id\":\"https:\/\/www.comercialanma.es\/?product=whisky-nikka-blended-70cl#breadcrumb\"},\"inLanguage\":\"es\",\"potentialAction\":[{\"@type\":\"ReadAction\",\"target\":[\"https:\/\/www.comercialanma.es\/?product=whisky-nikka-blended-70cl\"]}]},{\"@type\":\"BreadcrumbList\",\"@id\":\"https:\/\/www.comercialanma.es\/?product=whisky-nikka-blended-70cl#breadcrumb\",\"itemListElement\":[{\"@type\":\"ListItem\",\"position\":1,\"item\":{\"@type\":\"WebPage\",\"@id\":\"https:\/\/www.comercialanma.es\/\",\"url\":\"https:\/\/www.comercialanma.es\/\",\"name\":\"Portada\"}},{\"@type\":\"ListItem\",\"position\":2,\"item\":{\"@type\":\"WebPage\",\"@id\":\"https:\/\/www.comercialanma.es\/?page_id=3963\",\"url\":\"https:\/\/www.comercialanma.es\/?page_id=3963\",\"name\":\"Cat\\u00e1logo de Productos\"}},{\"@type\":\"ListItem\",\"position\":3,\"item\":{\"@type\":\"WebPage\",\"@id\":\"https:\/\/www.comercialanma.es\/?product=whisky-nikka-blended-70cl\",\"url\":\"https:\/\/www.comercialanma.es\/?product=whisky-nikka-blended-70cl\",\"name\":\"Whisky Nikka Blended 70cl.\"}}]}]}<\/script>\n<!-- \/ Yoast SEO plugin. -->","_links":{"self":[{"href":"https:\/\/www.comercialanma.es\/index.php?rest_route=\/wp\/v2\/product\/9688"}],"collection":[{"href":"https:\/\/www.comercialanma.es\/index.php?rest_route=\/wp\/v2\/product"}],"about":[{"href":"https:\/\/www.comercialanma.es\/index.php?rest_route=\/wp\/v2\/types\/product"}],"version-history":[{"count":1,"href":"https:\/\/www.comercialanma.es\/index.php?rest_route=\/wp\/v2\/product\/9688\/revisions"}],"predecessor-version":[{"id":9690,"href":"https:\/\/www.comercialanma.es\/index.php?rest_route=\/wp\/v2\/product\/9688\/revisions\/9690"}],"wp:featuredmedia":[{"embeddable":true,"href":"https:\/\/www.comercialanma.es\/index.php?rest_route=\/wp\/v2\/media\/20976"}],"wp:attachment":[{"href":"https:\/\/www.comercialanma.es\/index.php?rest_route=%2Fwp%2Fv2%2Fmedia&parent=9688"}],"curies":[{"name":"wp","href":"https:\/\/api.w.org\/{rel}","templated":true}]}}