
{"id":9709,"date":"2019-08-26T10:03:49","date_gmt":"2019-08-26T08:03:49","guid":{"rendered":"http:\/\/www.comercialanma.es\/?post_type=product&#038;p=9709"},"modified":"2019-08-26T10:13:04","modified_gmt":"2019-08-26T08:13:04","slug":"champagne-moet-chandon-brut-imperial-375cl","status":"publish","type":"product","link":"https:\/\/www.comercialanma.es\/?product=champagne-moet-chandon-brut-imperial-375cl","title":{"rendered":"Champagne Mo\u00ebt &#038; Chandon Brut Imperial 37,5cl."},"content":{"rendered":"<h3>D.O.:<\/h3>\n<ul>\n<li>Champagne<\/li>\n<\/ul>\n<h3>Variedad:<\/h3>\n<ul>\n<li>Chardonnay, Pinot Noir, Pinot Meunier.<\/li>\n<\/ul>\n<h3>Nota de cata:<\/h3>\n<ul>\n<li>Vista: Mo\u00ebt &amp; Chandon Brut Imp\u00e9rial 37,5 Cl. tiene un color amarillo pajizo dorado con destellos verdes.<\/li>\n<li>Nariz: Vibrante intensidad de la manzana verde y los c\u00edtricos; frescura de los matices minerales y las flores blancas. Elegancia de las notas rubias (brioche, cereal, nueces frescas).<\/li>\n<li>Boca: Deliciosa suntuosidad de la fruta blanca (pera, melocot\u00f3n, manzana). Caricia seductora de sus finas burbujas. Suave vivacidad de los c\u00edtricos y matices de grosella espinosa.<\/li>\n<li>Graduci\u00f3n: 12% vol.<\/li>\n<\/ul>\n<div>\n<div><\/div>\n<\/div>\n<div><\/div>\n<div class=\"field\"><\/div>\n","protected":false},"excerpt":{"rendered":"<div id=\"short_description_content\">\n<p>Mo\u00ebt &amp; Chandon Brut Imp\u00e9rial 37,5 Cl. incluye m\u00e1s de 100 vinos distintos (de los cuales entre el 20 % y el 30 % son vinos reserva seleccionados para mejorar su madurez, complejidad y constancia). Es el champagne m\u00e1s emblem\u00e1tico de la marca.<\/p>\n<p>Fue creado en 1869 y personifica el estilo \u00fanico de Mo\u00ebt &amp; Chandon, que se distingue por una fruta viva, un paladar seductor y una madurez elegante.<\/p>\n<\/div>\n","protected":false},"featured_media":9707,"template":"","meta":{"spay_email":""},"yoast_head":"<!-- This site is optimized with the Yoast SEO plugin v15.9 - https:\/\/yoast.com\/wordpress\/plugins\/seo\/ -->\n<title>Champagne Mo\u00ebt &amp; Chandon Brut Imperial 37,5cl. - Comercial de Hosteleria Anma<\/title>\n<meta name=\"robots\" content=\"index, follow, max-snippet:-1, max-image-preview:large, max-video-preview:-1\" \/>\n<link rel=\"canonical\" href=\"https:\/\/www.comercialanma.es\/?product=champagne-moet-chandon-brut-imperial-375cl\" \/>\n<meta property=\"og:locale\" content=\"es_ES\" \/>\n<meta property=\"og:type\" content=\"article\" \/>\n<meta property=\"og:title\" content=\"Champagne Mo\u00ebt &amp; Chandon Brut Imperial 37,5cl. - Comercial de Hosteleria Anma\" \/>\n<meta property=\"og:description\" content=\"Mo\u00ebt &amp; Chandon Brut Imp\u00e9rial 37,5 Cl. incluye m\u00e1s de 100 vinos distintos (de los cuales entre el 20 % y el 30 % son vinos reserva seleccionados para mejorar su madurez, complejidad y constancia). Es el champagne m\u00e1s emblem\u00e1tico de la marca.  Fue creado en 1869 y personifica el estilo \u00fanico de Mo\u00ebt &amp; Chandon, que se distingue por una fruta viva, un paladar seductor y una madurez elegante.\" \/>\n<meta property=\"og:url\" content=\"https:\/\/www.comercialanma.es\/?product=champagne-moet-chandon-brut-imperial-375cl\" \/>\n<meta property=\"og:site_name\" content=\"Comercial de Hosteleria Anma\" \/>\n<meta property=\"article:publisher\" content=\"https:\/\/www.facebook.com\/AnmaHosteleria\" \/>\n<meta property=\"article:modified_time\" content=\"2019-08-26T08:13:04+00:00\" \/>\n<meta property=\"og:image\" content=\"https:\/\/i0.wp.com\/www.comercialanma.es\/wp-content\/uploads\/2019\/08\/Moet-Chandon-Brut-Imperial-20.jpg?fit=1200%2C1200&#038;ssl=1\" \/>\n\t<meta property=\"og:image:width\" content=\"1200\" \/>\n\t<meta property=\"og:image:height\" content=\"1200\" \/>\n<meta name=\"twitter:card\" content=\"summary_large_image\" \/>\n<script type=\"application\/ld+json\" class=\"yoast-schema-graph\">{\"@context\":\"https:\/\/schema.org\",\"@graph\":[{\"@type\":\"Organization\",\"@id\":\"https:\/\/www.comercialanma.es\/#organization\",\"name\":\"Comercial Anma\",\"url\":\"https:\/\/www.comercialanma.es\/\",\"sameAs\":[\"https:\/\/www.facebook.com\/AnmaHosteleria\",\"https:\/\/www.instagram.com\/anmahosteleria\/?hl=es\",\"https:\/\/www.youtube.com\/channel\/UCT2nmn08Ntks0hmpZPnDgCA\"],\"logo\":{\"@type\":\"ImageObject\",\"@id\":\"https:\/\/www.comercialanma.es\/#logo\",\"inLanguage\":\"es\",\"url\":\"https:\/\/i2.wp.com\/www.comercialanma.es\/wp-content\/uploads\/2019\/06\/logo-anma-color.png?fit=247%2C101&ssl=1\",\"width\":247,\"height\":101,\"caption\":\"Comercial Anma\"},\"image\":{\"@id\":\"https:\/\/www.comercialanma.es\/#logo\"}},{\"@type\":\"WebSite\",\"@id\":\"https:\/\/www.comercialanma.es\/#website\",\"url\":\"https:\/\/www.comercialanma.es\/\",\"name\":\"Comercial de Hosteleria Anma\",\"description\":\"\",\"publisher\":{\"@id\":\"https:\/\/www.comercialanma.es\/#organization\"},\"potentialAction\":[{\"@type\":\"SearchAction\",\"target\":\"https:\/\/www.comercialanma.es\/?s={search_term_string}\",\"query-input\":\"required name=search_term_string\"}],\"inLanguage\":\"es\"},{\"@type\":\"ImageObject\",\"@id\":\"https:\/\/www.comercialanma.es\/?product=champagne-moet-chandon-brut-imperial-375cl#primaryimage\",\"inLanguage\":\"es\",\"url\":\"https:\/\/i0.wp.com\/www.comercialanma.es\/wp-content\/uploads\/2019\/08\/Moet-Chandon-Brut-Imperial-20.jpg?fit=1200%2C1200&ssl=1\",\"width\":1200,\"height\":1200},{\"@type\":\"WebPage\",\"@id\":\"https:\/\/www.comercialanma.es\/?product=champagne-moet-chandon-brut-imperial-375cl#webpage\",\"url\":\"https:\/\/www.comercialanma.es\/?product=champagne-moet-chandon-brut-imperial-375cl\",\"name\":\"Champagne Mo\\u00ebt & Chandon Brut Imperial 37,5cl. - Comercial de Hosteleria Anma\",\"isPartOf\":{\"@id\":\"https:\/\/www.comercialanma.es\/#website\"},\"primaryImageOfPage\":{\"@id\":\"https:\/\/www.comercialanma.es\/?product=champagne-moet-chandon-brut-imperial-375cl#primaryimage\"},\"datePublished\":\"2019-08-26T08:03:49+00:00\",\"dateModified\":\"2019-08-26T08:13:04+00:00\",\"breadcrumb\":{\"@id\":\"https:\/\/www.comercialanma.es\/?product=champagne-moet-chandon-brut-imperial-375cl#breadcrumb\"},\"inLanguage\":\"es\",\"potentialAction\":[{\"@type\":\"ReadAction\",\"target\":[\"https:\/\/www.comercialanma.es\/?product=champagne-moet-chandon-brut-imperial-375cl\"]}]},{\"@type\":\"BreadcrumbList\",\"@id\":\"https:\/\/www.comercialanma.es\/?product=champagne-moet-chandon-brut-imperial-375cl#breadcrumb\",\"itemListElement\":[{\"@type\":\"ListItem\",\"position\":1,\"item\":{\"@type\":\"WebPage\",\"@id\":\"https:\/\/www.comercialanma.es\/\",\"url\":\"https:\/\/www.comercialanma.es\/\",\"name\":\"Portada\"}},{\"@type\":\"ListItem\",\"position\":2,\"item\":{\"@type\":\"WebPage\",\"@id\":\"https:\/\/www.comercialanma.es\/?page_id=3963\",\"url\":\"https:\/\/www.comercialanma.es\/?page_id=3963\",\"name\":\"Cat\\u00e1logo de Productos\"}},{\"@type\":\"ListItem\",\"position\":3,\"item\":{\"@type\":\"WebPage\",\"@id\":\"https:\/\/www.comercialanma.es\/?product=champagne-moet-chandon-brut-imperial-375cl\",\"url\":\"https:\/\/www.comercialanma.es\/?product=champagne-moet-chandon-brut-imperial-375cl\",\"name\":\"Champagne Mo\\u00ebt &#038; Chandon Brut Imperial 37,5cl.\"}}]}]}<\/script>\n<!-- \/ Yoast SEO plugin. -->","_links":{"self":[{"href":"https:\/\/www.comercialanma.es\/index.php?rest_route=\/wp\/v2\/product\/9709"}],"collection":[{"href":"https:\/\/www.comercialanma.es\/index.php?rest_route=\/wp\/v2\/product"}],"about":[{"href":"https:\/\/www.comercialanma.es\/index.php?rest_route=\/wp\/v2\/types\/product"}],"version-history":[{"count":2,"href":"https:\/\/www.comercialanma.es\/index.php?rest_route=\/wp\/v2\/product\/9709\/revisions"}],"predecessor-version":[{"id":9716,"href":"https:\/\/www.comercialanma.es\/index.php?rest_route=\/wp\/v2\/product\/9709\/revisions\/9716"}],"wp:featuredmedia":[{"embeddable":true,"href":"https:\/\/www.comercialanma.es\/index.php?rest_route=\/wp\/v2\/media\/9707"}],"wp:attachment":[{"href":"https:\/\/www.comercialanma.es\/index.php?rest_route=%2Fwp%2Fv2%2Fmedia&parent=9709"}],"curies":[{"name":"wp","href":"https:\/\/api.w.org\/{rel}","templated":true}]}}