
{"id":9773,"date":"2019-08-26T15:29:12","date_gmt":"2019-08-26T13:29:12","guid":{"rendered":"http:\/\/www.comercialanma.es\/?post_type=product&#038;p=9773"},"modified":"2020-12-30T11:39:32","modified_gmt":"2020-12-30T10:39:32","slug":"champagne-g-h-mumm-cordon-rouge-brut-75cl-2","status":"publish","type":"product","link":"https:\/\/www.comercialanma.es\/?product=champagne-g-h-mumm-cordon-rouge-brut-75cl-2","title":{"rendered":"Champagne G.H. Mumm Cordon Rouge Ros\u00e9 Brut 75cl."},"content":{"rendered":"<h3>D.O.:<\/h3>\n<ul>\n<li>Champagne<\/li>\n<\/ul>\n<h3>Variedad:<\/h3>\n<ul>\n<li>Chardonnay, Pinot Noir, Pinot Meunier.<\/li>\n<\/ul>\n<h3>Nota de cata:<\/h3>\n<div>\n<ul>\n<li>Vista: Color salm\u00f3n con tonalidades rosadas iridiscentes y fina burbuja.<\/li>\n<li>Nariz: Complejo e intenso con predominio de la fruta roja \u00e1cida, fresas silvestres y grosellas, seguidos de recuerdos c\u00edtricos.<\/li>\n<li>Boca: Fresco y suave con un final muy persistente.<\/li>\n<li>Graduaci\u00f3n: 12% vol.<\/li>\n<\/ul>\n<\/div>\n<div>\n<div><\/div>\n<\/div>\n<div>\n<div><\/div>\n<\/div>\n<div><\/div>\n<div class=\"field\"><\/div>\n","protected":false},"excerpt":{"rendered":"<div id=\"short_description_content\">El &#8220;chef de cave&#8221; selecciona del 12% al 14% de vinos tintos de los pueblos c\u00e9lebres por sus Pinot noir, como Bouzy, Verzenay o Riceys en la C\u00f4te des Bar. Una vez alcanzado el equilibrio mediante la adici\u00f3n de vinos de reserva, se obtiene el coupage final, un ros\u00e9 con excelente equilibrio entre acidez y dulzor, muy elegante y delicado. Se sirve ligeramente m\u00e1s fresco que un champagne y dice la tradici\u00f3n que se debe ofrecer acompa\u00f1ado de una rosa fresca.<\/div>\n","protected":false},"featured_media":14837,"template":"","meta":{"spay_email":""},"yoast_head":"<!-- This site is optimized with the Yoast SEO plugin v15.9 - https:\/\/yoast.com\/wordpress\/plugins\/seo\/ -->\n<title>Champagne G.H. Mumm Cordon Rouge Ros\u00e9 Brut 75cl. - Comercial de Hosteleria Anma<\/title>\n<meta name=\"robots\" content=\"index, follow, max-snippet:-1, max-image-preview:large, max-video-preview:-1\" \/>\n<link rel=\"canonical\" href=\"https:\/\/www.comercialanma.es\/?product=champagne-g-h-mumm-cordon-rouge-brut-75cl-2\" \/>\n<meta property=\"og:locale\" content=\"es_ES\" \/>\n<meta property=\"og:type\" content=\"article\" \/>\n<meta property=\"og:title\" content=\"Champagne G.H. Mumm Cordon Rouge Ros\u00e9 Brut 75cl. - Comercial de Hosteleria Anma\" \/>\n<meta property=\"og:description\" content=\"El &quot;chef de cave&quot; selecciona del 12% al 14% de vinos tintos de los pueblos c\u00e9lebres por sus Pinot noir, como Bouzy, Verzenay o Riceys en la C\u00f4te des Bar. Una vez alcanzado el equilibrio mediante la adici\u00f3n de vinos de reserva, se obtiene el coupage final, un ros\u00e9 con excelente equilibrio entre acidez y dulzor, muy elegante y delicado. Se sirve ligeramente m\u00e1s fresco que un champagne y dice la tradici\u00f3n que se debe ofrecer acompa\u00f1ado de una rosa fresca.\" \/>\n<meta property=\"og:url\" content=\"https:\/\/www.comercialanma.es\/?product=champagne-g-h-mumm-cordon-rouge-brut-75cl-2\" \/>\n<meta property=\"og:site_name\" content=\"Comercial de Hosteleria Anma\" \/>\n<meta property=\"article:publisher\" content=\"https:\/\/www.facebook.com\/AnmaHosteleria\" \/>\n<meta property=\"article:modified_time\" content=\"2020-12-30T10:39:32+00:00\" \/>\n<meta property=\"og:image\" content=\"https:\/\/i1.wp.com\/www.comercialanma.es\/wp-content\/uploads\/2019\/08\/Cordon-Rouge-rose-mumm.jpg?fit=1080%2C1080&#038;ssl=1\" \/>\n\t<meta property=\"og:image:width\" content=\"1080\" \/>\n\t<meta property=\"og:image:height\" content=\"1080\" \/>\n<meta name=\"twitter:card\" content=\"summary_large_image\" \/>\n<script type=\"application\/ld+json\" class=\"yoast-schema-graph\">{\"@context\":\"https:\/\/schema.org\",\"@graph\":[{\"@type\":\"Organization\",\"@id\":\"https:\/\/www.comercialanma.es\/#organization\",\"name\":\"Comercial Anma\",\"url\":\"https:\/\/www.comercialanma.es\/\",\"sameAs\":[\"https:\/\/www.facebook.com\/AnmaHosteleria\",\"https:\/\/www.instagram.com\/anmahosteleria\/?hl=es\",\"https:\/\/www.youtube.com\/channel\/UCT2nmn08Ntks0hmpZPnDgCA\"],\"logo\":{\"@type\":\"ImageObject\",\"@id\":\"https:\/\/www.comercialanma.es\/#logo\",\"inLanguage\":\"es\",\"url\":\"https:\/\/i2.wp.com\/www.comercialanma.es\/wp-content\/uploads\/2019\/06\/logo-anma-color.png?fit=247%2C101&ssl=1\",\"width\":247,\"height\":101,\"caption\":\"Comercial Anma\"},\"image\":{\"@id\":\"https:\/\/www.comercialanma.es\/#logo\"}},{\"@type\":\"WebSite\",\"@id\":\"https:\/\/www.comercialanma.es\/#website\",\"url\":\"https:\/\/www.comercialanma.es\/\",\"name\":\"Comercial de Hosteleria Anma\",\"description\":\"\",\"publisher\":{\"@id\":\"https:\/\/www.comercialanma.es\/#organization\"},\"potentialAction\":[{\"@type\":\"SearchAction\",\"target\":\"https:\/\/www.comercialanma.es\/?s={search_term_string}\",\"query-input\":\"required name=search_term_string\"}],\"inLanguage\":\"es\"},{\"@type\":\"ImageObject\",\"@id\":\"https:\/\/www.comercialanma.es\/?product=champagne-g-h-mumm-cordon-rouge-brut-75cl-2#primaryimage\",\"inLanguage\":\"es\",\"url\":\"https:\/\/i1.wp.com\/www.comercialanma.es\/wp-content\/uploads\/2019\/08\/Cordon-Rouge-rose-mumm.jpg?fit=1080%2C1080&ssl=1\",\"width\":1080,\"height\":1080},{\"@type\":\"WebPage\",\"@id\":\"https:\/\/www.comercialanma.es\/?product=champagne-g-h-mumm-cordon-rouge-brut-75cl-2#webpage\",\"url\":\"https:\/\/www.comercialanma.es\/?product=champagne-g-h-mumm-cordon-rouge-brut-75cl-2\",\"name\":\"Champagne G.H. Mumm Cordon Rouge Ros\\u00e9 Brut 75cl. - Comercial de Hosteleria Anma\",\"isPartOf\":{\"@id\":\"https:\/\/www.comercialanma.es\/#website\"},\"primaryImageOfPage\":{\"@id\":\"https:\/\/www.comercialanma.es\/?product=champagne-g-h-mumm-cordon-rouge-brut-75cl-2#primaryimage\"},\"datePublished\":\"2019-08-26T13:29:12+00:00\",\"dateModified\":\"2020-12-30T10:39:32+00:00\",\"breadcrumb\":{\"@id\":\"https:\/\/www.comercialanma.es\/?product=champagne-g-h-mumm-cordon-rouge-brut-75cl-2#breadcrumb\"},\"inLanguage\":\"es\",\"potentialAction\":[{\"@type\":\"ReadAction\",\"target\":[\"https:\/\/www.comercialanma.es\/?product=champagne-g-h-mumm-cordon-rouge-brut-75cl-2\"]}]},{\"@type\":\"BreadcrumbList\",\"@id\":\"https:\/\/www.comercialanma.es\/?product=champagne-g-h-mumm-cordon-rouge-brut-75cl-2#breadcrumb\",\"itemListElement\":[{\"@type\":\"ListItem\",\"position\":1,\"item\":{\"@type\":\"WebPage\",\"@id\":\"https:\/\/www.comercialanma.es\/\",\"url\":\"https:\/\/www.comercialanma.es\/\",\"name\":\"Portada\"}},{\"@type\":\"ListItem\",\"position\":2,\"item\":{\"@type\":\"WebPage\",\"@id\":\"https:\/\/www.comercialanma.es\/?page_id=3963\",\"url\":\"https:\/\/www.comercialanma.es\/?page_id=3963\",\"name\":\"Cat\\u00e1logo de Productos\"}},{\"@type\":\"ListItem\",\"position\":3,\"item\":{\"@type\":\"WebPage\",\"@id\":\"https:\/\/www.comercialanma.es\/?product=champagne-g-h-mumm-cordon-rouge-brut-75cl-2\",\"url\":\"https:\/\/www.comercialanma.es\/?product=champagne-g-h-mumm-cordon-rouge-brut-75cl-2\",\"name\":\"Champagne G.H. Mumm Cordon Rouge Ros\\u00e9 Brut 75cl.\"}}]}]}<\/script>\n<!-- \/ Yoast SEO plugin. -->","_links":{"self":[{"href":"https:\/\/www.comercialanma.es\/index.php?rest_route=\/wp\/v2\/product\/9773"}],"collection":[{"href":"https:\/\/www.comercialanma.es\/index.php?rest_route=\/wp\/v2\/product"}],"about":[{"href":"https:\/\/www.comercialanma.es\/index.php?rest_route=\/wp\/v2\/types\/product"}],"version-history":[{"count":4,"href":"https:\/\/www.comercialanma.es\/index.php?rest_route=\/wp\/v2\/product\/9773\/revisions"}],"predecessor-version":[{"id":14890,"href":"https:\/\/www.comercialanma.es\/index.php?rest_route=\/wp\/v2\/product\/9773\/revisions\/14890"}],"wp:featuredmedia":[{"embeddable":true,"href":"https:\/\/www.comercialanma.es\/index.php?rest_route=\/wp\/v2\/media\/14837"}],"wp:attachment":[{"href":"https:\/\/www.comercialanma.es\/index.php?rest_route=%2Fwp%2Fv2%2Fmedia&parent=9773"}],"curies":[{"name":"wp","href":"https:\/\/api.w.org\/{rel}","templated":true}]}}