
{"id":9790,"date":"2019-08-26T16:08:47","date_gmt":"2019-08-26T14:08:47","guid":{"rendered":"http:\/\/www.comercialanma.es\/?post_type=product&#038;p=9790"},"modified":"2019-08-26T16:16:10","modified_gmt":"2019-08-26T14:16:10","slug":"champagne-veuve-clicquot-brut-rose-75cl","status":"publish","type":"product","link":"https:\/\/www.comercialanma.es\/?product=champagne-veuve-clicquot-brut-rose-75cl","title":{"rendered":"Champagne Veuve Clicquot Brut Ros\u00e9 75cl."},"content":{"rendered":"<h3>D.O.:<\/h3>\n<ul>\n<li>Champagne<\/li>\n<\/ul>\n<h3>Variedad:<\/h3>\n<ul>\n<li>Chardonnay, Pinot Noir, Pinot Meunier.<\/li>\n<\/ul>\n<h3>Nota de cata:<\/h3>\n<div id=\"tabs_content_container\">\n<div id=\"tab_cata_0\" class=\"tab_content catas_review_container\">\n<ul>\n<li><span class=\"cata_title\">Cata a la vista<\/span> <span class=\"cata_content\">Color salm\u00f3n con destellos cobrizos.<\/span><\/li>\n<li><span class=\"cata_title\">Cata en nariz<\/span> <span class=\"cata_content\">Muy expresivo con frutas rojas, notas de frutos secos y reposter\u00eda.<\/span><\/li>\n<li><span class=\"cata_title\">Cata en boca<\/span> <span class=\"cata_content\">El ataque es fresco, y deja paso a una gran armon\u00eda de notas afrutadas. Un champagne fresco con recuerdos de mermelada de fruta roja.<\/span><\/li>\n<li>Graduaci\u00f3n: 12% vol.<\/li>\n<\/ul>\n<\/div>\n<\/div>\n<div>\n<div><\/div>\n<\/div>\n<div><\/div>\n<div class=\"field\"><\/div>\n","protected":false},"excerpt":{"rendered":"<div id=\"short_description_content\">\n<div>En el &#8220;assemblage&#8221; participan entre 50 y 60 vinos base, en su mayor\u00eda procedentes de pagos clasificados &#8220;Grands Cru&#8221;. Para conseguir una calidad constante a\u00f1o tras a\u00f1o se a\u00f1ade entre 25% i 35% de vinos de reserva al vino del a\u00f1o. Adem\u00e1s, se a\u00f1ade vino tinto hecho de una gran variedad de uvas tintas, especialmente elegidas para aportar frutosidad y elegancia a este ros\u00e9.<\/div>\n<\/div>\n","protected":false},"featured_media":9791,"template":"","meta":{"spay_email":""},"yoast_head":"<!-- This site is optimized with the Yoast SEO plugin v15.9 - https:\/\/yoast.com\/wordpress\/plugins\/seo\/ -->\n<title>Champagne Veuve Clicquot Brut Ros\u00e9 75cl. - Comercial de Hosteleria Anma<\/title>\n<meta name=\"robots\" content=\"index, follow, max-snippet:-1, max-image-preview:large, max-video-preview:-1\" \/>\n<link rel=\"canonical\" href=\"https:\/\/www.comercialanma.es\/?product=champagne-veuve-clicquot-brut-rose-75cl\" \/>\n<meta property=\"og:locale\" content=\"es_ES\" \/>\n<meta property=\"og:type\" content=\"article\" \/>\n<meta property=\"og:title\" content=\"Champagne Veuve Clicquot Brut Ros\u00e9 75cl. - Comercial de Hosteleria Anma\" \/>\n<meta property=\"og:description\" content=\"En el &quot;assemblage&quot; participan entre 50 y 60 vinos base, en su mayor\u00eda procedentes de pagos clasificados &quot;Grands Cru&quot;. Para conseguir una calidad constante a\u00f1o tras a\u00f1o se a\u00f1ade entre 25% i 35% de vinos de reserva al vino del a\u00f1o. Adem\u00e1s, se a\u00f1ade vino tinto hecho de una gran variedad de uvas tintas, especialmente elegidas para aportar frutosidad y elegancia a este ros\u00e9.\" \/>\n<meta property=\"og:url\" content=\"https:\/\/www.comercialanma.es\/?product=champagne-veuve-clicquot-brut-rose-75cl\" \/>\n<meta property=\"og:site_name\" content=\"Comercial de Hosteleria Anma\" \/>\n<meta property=\"article:publisher\" content=\"https:\/\/www.facebook.com\/AnmaHosteleria\" \/>\n<meta property=\"article:modified_time\" content=\"2019-08-26T14:16:10+00:00\" \/>\n<meta property=\"og:image\" content=\"https:\/\/i0.wp.com\/www.comercialanma.es\/wp-content\/uploads\/2019\/08\/Veuve-Clicquot-rose.jpg?fit=1200%2C1200&#038;ssl=1\" \/>\n\t<meta property=\"og:image:width\" content=\"1200\" \/>\n\t<meta property=\"og:image:height\" content=\"1200\" \/>\n<meta name=\"twitter:card\" content=\"summary_large_image\" \/>\n<script type=\"application\/ld+json\" class=\"yoast-schema-graph\">{\"@context\":\"https:\/\/schema.org\",\"@graph\":[{\"@type\":\"Organization\",\"@id\":\"https:\/\/www.comercialanma.es\/#organization\",\"name\":\"Comercial Anma\",\"url\":\"https:\/\/www.comercialanma.es\/\",\"sameAs\":[\"https:\/\/www.facebook.com\/AnmaHosteleria\",\"https:\/\/www.instagram.com\/anmahosteleria\/?hl=es\",\"https:\/\/www.youtube.com\/channel\/UCT2nmn08Ntks0hmpZPnDgCA\"],\"logo\":{\"@type\":\"ImageObject\",\"@id\":\"https:\/\/www.comercialanma.es\/#logo\",\"inLanguage\":\"es\",\"url\":\"https:\/\/i2.wp.com\/www.comercialanma.es\/wp-content\/uploads\/2019\/06\/logo-anma-color.png?fit=247%2C101&ssl=1\",\"width\":247,\"height\":101,\"caption\":\"Comercial Anma\"},\"image\":{\"@id\":\"https:\/\/www.comercialanma.es\/#logo\"}},{\"@type\":\"WebSite\",\"@id\":\"https:\/\/www.comercialanma.es\/#website\",\"url\":\"https:\/\/www.comercialanma.es\/\",\"name\":\"Comercial de Hosteleria Anma\",\"description\":\"\",\"publisher\":{\"@id\":\"https:\/\/www.comercialanma.es\/#organization\"},\"potentialAction\":[{\"@type\":\"SearchAction\",\"target\":\"https:\/\/www.comercialanma.es\/?s={search_term_string}\",\"query-input\":\"required name=search_term_string\"}],\"inLanguage\":\"es\"},{\"@type\":\"ImageObject\",\"@id\":\"https:\/\/www.comercialanma.es\/?product=champagne-veuve-clicquot-brut-rose-75cl#primaryimage\",\"inLanguage\":\"es\",\"url\":\"https:\/\/i0.wp.com\/www.comercialanma.es\/wp-content\/uploads\/2019\/08\/Veuve-Clicquot-rose.jpg?fit=1200%2C1200&ssl=1\",\"width\":1200,\"height\":1200},{\"@type\":\"WebPage\",\"@id\":\"https:\/\/www.comercialanma.es\/?product=champagne-veuve-clicquot-brut-rose-75cl#webpage\",\"url\":\"https:\/\/www.comercialanma.es\/?product=champagne-veuve-clicquot-brut-rose-75cl\",\"name\":\"Champagne Veuve Clicquot Brut Ros\\u00e9 75cl. - Comercial de Hosteleria Anma\",\"isPartOf\":{\"@id\":\"https:\/\/www.comercialanma.es\/#website\"},\"primaryImageOfPage\":{\"@id\":\"https:\/\/www.comercialanma.es\/?product=champagne-veuve-clicquot-brut-rose-75cl#primaryimage\"},\"datePublished\":\"2019-08-26T14:08:47+00:00\",\"dateModified\":\"2019-08-26T14:16:10+00:00\",\"breadcrumb\":{\"@id\":\"https:\/\/www.comercialanma.es\/?product=champagne-veuve-clicquot-brut-rose-75cl#breadcrumb\"},\"inLanguage\":\"es\",\"potentialAction\":[{\"@type\":\"ReadAction\",\"target\":[\"https:\/\/www.comercialanma.es\/?product=champagne-veuve-clicquot-brut-rose-75cl\"]}]},{\"@type\":\"BreadcrumbList\",\"@id\":\"https:\/\/www.comercialanma.es\/?product=champagne-veuve-clicquot-brut-rose-75cl#breadcrumb\",\"itemListElement\":[{\"@type\":\"ListItem\",\"position\":1,\"item\":{\"@type\":\"WebPage\",\"@id\":\"https:\/\/www.comercialanma.es\/\",\"url\":\"https:\/\/www.comercialanma.es\/\",\"name\":\"Portada\"}},{\"@type\":\"ListItem\",\"position\":2,\"item\":{\"@type\":\"WebPage\",\"@id\":\"https:\/\/www.comercialanma.es\/?page_id=3963\",\"url\":\"https:\/\/www.comercialanma.es\/?page_id=3963\",\"name\":\"Cat\\u00e1logo de Productos\"}},{\"@type\":\"ListItem\",\"position\":3,\"item\":{\"@type\":\"WebPage\",\"@id\":\"https:\/\/www.comercialanma.es\/?product=champagne-veuve-clicquot-brut-rose-75cl\",\"url\":\"https:\/\/www.comercialanma.es\/?product=champagne-veuve-clicquot-brut-rose-75cl\",\"name\":\"Champagne Veuve Clicquot Brut Ros\\u00e9 75cl.\"}}]}]}<\/script>\n<!-- \/ Yoast SEO plugin. -->","_links":{"self":[{"href":"https:\/\/www.comercialanma.es\/index.php?rest_route=\/wp\/v2\/product\/9790"}],"collection":[{"href":"https:\/\/www.comercialanma.es\/index.php?rest_route=\/wp\/v2\/product"}],"about":[{"href":"https:\/\/www.comercialanma.es\/index.php?rest_route=\/wp\/v2\/types\/product"}],"version-history":[{"count":2,"href":"https:\/\/www.comercialanma.es\/index.php?rest_route=\/wp\/v2\/product\/9790\/revisions"}],"predecessor-version":[{"id":9794,"href":"https:\/\/www.comercialanma.es\/index.php?rest_route=\/wp\/v2\/product\/9790\/revisions\/9794"}],"wp:featuredmedia":[{"embeddable":true,"href":"https:\/\/www.comercialanma.es\/index.php?rest_route=\/wp\/v2\/media\/9791"}],"wp:attachment":[{"href":"https:\/\/www.comercialanma.es\/index.php?rest_route=%2Fwp%2Fv2%2Fmedia&parent=9790"}],"curies":[{"name":"wp","href":"https:\/\/api.w.org\/{rel}","templated":true}]}}