
{"id":9798,"date":"2019-08-26T16:21:08","date_gmt":"2019-08-26T14:21:08","guid":{"rendered":"http:\/\/www.comercialanma.es\/?post_type=product&#038;p=9798"},"modified":"2021-11-10T15:55:11","modified_gmt":"2021-11-10T14:55:11","slug":"champagne-veuve-clicquot-brut-magnum-75cl","status":"publish","type":"product","link":"https:\/\/www.comercialanma.es\/?product=champagne-veuve-clicquot-brut-magnum-75cl","title":{"rendered":"Champagne Veuve Clicquot Brut Magnum 1,5L."},"content":{"rendered":"<h3>D.O.:<\/h3>\n<ul>\n<li>Champagne<\/li>\n<\/ul>\n<h3>Variedad:<\/h3>\n<ul>\n<li>Chardonnay, Pinot Noir, Pinot Meunier.<\/li>\n<\/ul>\n<h3>Nota de cata:<\/h3>\n<div>\n<ul>\n<li>Vista: Veuve Clicquot etiqueta naranja presenta un color amarillo p\u00e1lido brillante con reflejos acerados. Su burbuja es fina con formaci\u00f3n de rosario y corona.<\/li>\n<li>Nariz: Sus aromas primarios a fruta blanca como la manzana y la pera de agua son intensos con un fondo c\u00edtrico, a panader\u00eda, frutos secos y algo de mantequilla. Este vino espumoso franc\u00e9s tambi\u00e9n tiene un ligero aroma a jazm\u00edn e hinojo.<\/li>\n<li>Boca: Veuve Clicquot Brut sin a\u00f1ada es sabroso con una entrada agradable y un paso por boca suave, cremosos y elegante con el carb\u00f3nico bien integrado, acidez equilibrada y sensaciones frutales. Su post gusto es medio con recuerdos tostados, fruta blanca madura y frutos secos por v\u00eda retronasal.<\/li>\n<li>Graduaci\u00f3n: 12% vol.<\/li>\n<\/ul>\n<\/div>\n<div>\n<div><\/div>\n<\/div>\n<div><\/div>\n<div class=\"field\"><\/div>\n","protected":false},"excerpt":{"rendered":"<div id=\"short_description_content\">\n<div>\n<p>Veuve Clicquot Brut de Re\u00efms es el buque insignia de la bodega, un champagne sin a\u00f1ada, elaborado a partir del ensamblaje de m\u00e1s de 50 pagos diferentes, la mayor\u00eda de ellos calificados como Grands Cru. Se compone, en una proporci\u00f3n mayor, por Pinot Noir, aproximadamente un 50-55 %, sello t\u00edpico de la casa para aportarle al vino robustez. Un 28%-33% es Chardonnay otorg\u00e1ndole elegancia y, por \u00faltimo, tenemos entre un 15 a 20 % de la variedad Pinot Meunier que completa la trilog\u00eda d\u00e1ndole redondez a la mezcla.<\/p>\n<p>El champagne Veuve Clicquot Brut Carte Jaune ha de ser regular a\u00f1o tras a\u00f1o, para conseguirlo y garantizar la perennidad del estilo de la Maison Clicquot, a\u00f1aden vinos de reserva en una alta proporci\u00f3n, en torno al 25 y hasta el 40%.<\/p>\n<\/div>\n<\/div>\n","protected":false},"featured_media":9799,"template":"","meta":{"spay_email":""},"yoast_head":"<!-- This site is optimized with the Yoast SEO plugin v15.9 - https:\/\/yoast.com\/wordpress\/plugins\/seo\/ -->\n<title>Champagne Veuve Clicquot Brut Magnum 1,5L. - Comercial de Hosteleria Anma<\/title>\n<meta name=\"robots\" content=\"index, follow, max-snippet:-1, max-image-preview:large, max-video-preview:-1\" \/>\n<link rel=\"canonical\" href=\"https:\/\/www.comercialanma.es\/?product=champagne-veuve-clicquot-brut-magnum-75cl\" \/>\n<meta property=\"og:locale\" content=\"es_ES\" \/>\n<meta property=\"og:type\" content=\"article\" \/>\n<meta property=\"og:title\" content=\"Champagne Veuve Clicquot Brut Magnum 1,5L. - Comercial de Hosteleria Anma\" \/>\n<meta property=\"og:description\" content=\"Veuve Clicquot Brut de Re\u00efms es el buque insignia de la bodega, un champagne sin a\u00f1ada, elaborado a partir del ensamblaje de m\u00e1s de 50 pagos diferentes, la mayor\u00eda de ellos calificados como Grands Cru. Se compone, en una proporci\u00f3n mayor, por Pinot Noir, aproximadamente un 50-55 %, sello t\u00edpico de la casa para aportarle al vino robustez. Un 28%-33% es Chardonnay otorg\u00e1ndole elegancia y, por \u00faltimo, tenemos entre un 15 a 20 % de la variedad Pinot Meunier que completa la trilog\u00eda d\u00e1ndole redondez a la mezcla.  El champagne Veuve Clicquot Brut Carte Jaune ha de ser regular a\u00f1o tras a\u00f1o, para conseguirlo y garantizar la perennidad del estilo de la Maison Clicquot, a\u00f1aden vinos de reserva en una alta proporci\u00f3n, en torno al 25 y hasta el 40%.\" \/>\n<meta property=\"og:url\" content=\"https:\/\/www.comercialanma.es\/?product=champagne-veuve-clicquot-brut-magnum-75cl\" \/>\n<meta property=\"og:site_name\" content=\"Comercial de Hosteleria Anma\" \/>\n<meta property=\"article:publisher\" content=\"https:\/\/www.facebook.com\/AnmaHosteleria\" \/>\n<meta property=\"article:modified_time\" content=\"2021-11-10T14:55:11+00:00\" \/>\n<meta property=\"og:image\" content=\"https:\/\/i2.wp.com\/www.comercialanma.es\/wp-content\/uploads\/2019\/08\/Veuve-Clicquot-Brut-Magnum.jpg?fit=1200%2C1200&#038;ssl=1\" \/>\n\t<meta property=\"og:image:width\" content=\"1200\" \/>\n\t<meta property=\"og:image:height\" content=\"1200\" \/>\n<meta name=\"twitter:card\" content=\"summary_large_image\" \/>\n<meta name=\"twitter:label1\" content=\"Tiempo de lectura\">\n\t<meta name=\"twitter:data1\" content=\"1 minuto\">\n<script type=\"application\/ld+json\" class=\"yoast-schema-graph\">{\"@context\":\"https:\/\/schema.org\",\"@graph\":[{\"@type\":\"Organization\",\"@id\":\"https:\/\/www.comercialanma.es\/#organization\",\"name\":\"Comercial Anma\",\"url\":\"https:\/\/www.comercialanma.es\/\",\"sameAs\":[\"https:\/\/www.facebook.com\/AnmaHosteleria\",\"https:\/\/www.instagram.com\/anmahosteleria\/?hl=es\",\"https:\/\/www.youtube.com\/channel\/UCT2nmn08Ntks0hmpZPnDgCA\"],\"logo\":{\"@type\":\"ImageObject\",\"@id\":\"https:\/\/www.comercialanma.es\/#logo\",\"inLanguage\":\"es\",\"url\":\"https:\/\/i2.wp.com\/www.comercialanma.es\/wp-content\/uploads\/2019\/06\/logo-anma-color.png?fit=247%2C101&ssl=1\",\"width\":247,\"height\":101,\"caption\":\"Comercial Anma\"},\"image\":{\"@id\":\"https:\/\/www.comercialanma.es\/#logo\"}},{\"@type\":\"WebSite\",\"@id\":\"https:\/\/www.comercialanma.es\/#website\",\"url\":\"https:\/\/www.comercialanma.es\/\",\"name\":\"Comercial de Hosteleria Anma\",\"description\":\"\",\"publisher\":{\"@id\":\"https:\/\/www.comercialanma.es\/#organization\"},\"potentialAction\":[{\"@type\":\"SearchAction\",\"target\":\"https:\/\/www.comercialanma.es\/?s={search_term_string}\",\"query-input\":\"required name=search_term_string\"}],\"inLanguage\":\"es\"},{\"@type\":\"ImageObject\",\"@id\":\"https:\/\/www.comercialanma.es\/?product=champagne-veuve-clicquot-brut-magnum-75cl#primaryimage\",\"inLanguage\":\"es\",\"url\":\"https:\/\/i2.wp.com\/www.comercialanma.es\/wp-content\/uploads\/2019\/08\/Veuve-Clicquot-Brut-Magnum.jpg?fit=1200%2C1200&ssl=1\",\"width\":1200,\"height\":1200},{\"@type\":\"WebPage\",\"@id\":\"https:\/\/www.comercialanma.es\/?product=champagne-veuve-clicquot-brut-magnum-75cl#webpage\",\"url\":\"https:\/\/www.comercialanma.es\/?product=champagne-veuve-clicquot-brut-magnum-75cl\",\"name\":\"Champagne Veuve Clicquot Brut Magnum 1,5L. - Comercial de Hosteleria Anma\",\"isPartOf\":{\"@id\":\"https:\/\/www.comercialanma.es\/#website\"},\"primaryImageOfPage\":{\"@id\":\"https:\/\/www.comercialanma.es\/?product=champagne-veuve-clicquot-brut-magnum-75cl#primaryimage\"},\"datePublished\":\"2019-08-26T14:21:08+00:00\",\"dateModified\":\"2021-11-10T14:55:11+00:00\",\"breadcrumb\":{\"@id\":\"https:\/\/www.comercialanma.es\/?product=champagne-veuve-clicquot-brut-magnum-75cl#breadcrumb\"},\"inLanguage\":\"es\",\"potentialAction\":[{\"@type\":\"ReadAction\",\"target\":[\"https:\/\/www.comercialanma.es\/?product=champagne-veuve-clicquot-brut-magnum-75cl\"]}]},{\"@type\":\"BreadcrumbList\",\"@id\":\"https:\/\/www.comercialanma.es\/?product=champagne-veuve-clicquot-brut-magnum-75cl#breadcrumb\",\"itemListElement\":[{\"@type\":\"ListItem\",\"position\":1,\"item\":{\"@type\":\"WebPage\",\"@id\":\"https:\/\/www.comercialanma.es\/\",\"url\":\"https:\/\/www.comercialanma.es\/\",\"name\":\"Portada\"}},{\"@type\":\"ListItem\",\"position\":2,\"item\":{\"@type\":\"WebPage\",\"@id\":\"https:\/\/www.comercialanma.es\/?page_id=3963\",\"url\":\"https:\/\/www.comercialanma.es\/?page_id=3963\",\"name\":\"Cat\\u00e1logo de Productos\"}},{\"@type\":\"ListItem\",\"position\":3,\"item\":{\"@type\":\"WebPage\",\"@id\":\"https:\/\/www.comercialanma.es\/?product=champagne-veuve-clicquot-brut-magnum-75cl\",\"url\":\"https:\/\/www.comercialanma.es\/?product=champagne-veuve-clicquot-brut-magnum-75cl\",\"name\":\"Champagne Veuve Clicquot Brut Magnum 1,5L.\"}}]}]}<\/script>\n<!-- \/ Yoast SEO plugin. -->","_links":{"self":[{"href":"https:\/\/www.comercialanma.es\/index.php?rest_route=\/wp\/v2\/product\/9798"}],"collection":[{"href":"https:\/\/www.comercialanma.es\/index.php?rest_route=\/wp\/v2\/product"}],"about":[{"href":"https:\/\/www.comercialanma.es\/index.php?rest_route=\/wp\/v2\/types\/product"}],"version-history":[{"count":2,"href":"https:\/\/www.comercialanma.es\/index.php?rest_route=\/wp\/v2\/product\/9798\/revisions"}],"predecessor-version":[{"id":19739,"href":"https:\/\/www.comercialanma.es\/index.php?rest_route=\/wp\/v2\/product\/9798\/revisions\/19739"}],"wp:featuredmedia":[{"embeddable":true,"href":"https:\/\/www.comercialanma.es\/index.php?rest_route=\/wp\/v2\/media\/9799"}],"wp:attachment":[{"href":"https:\/\/www.comercialanma.es\/index.php?rest_route=%2Fwp%2Fv2%2Fmedia&parent=9798"}],"curies":[{"name":"wp","href":"https:\/\/api.w.org\/{rel}","templated":true}]}}