
{"id":9809,"date":"2019-08-26T16:37:47","date_gmt":"2019-08-26T14:37:47","guid":{"rendered":"http:\/\/www.comercialanma.es\/?post_type=product&#038;p=9809"},"modified":"2019-08-26T16:39:50","modified_gmt":"2019-08-26T14:39:50","slug":"champagne-moet-chandon-nectar-imperial-rose-magnum-15l","status":"publish","type":"product","link":"https:\/\/www.comercialanma.es\/?product=champagne-moet-chandon-nectar-imperial-rose-magnum-15l","title":{"rendered":"Champagne Mo\u00ebt &#038; Chandon Nectar Imperial Ros\u00e9 Magnum 1,5L."},"content":{"rendered":"<h3>D.O.:<\/h3>\n<ul>\n<li>Champagne<\/li>\n<\/ul>\n<h3>Variedad:<\/h3>\n<ul>\n<li>Chardonnay,\u00a0 Pinot Meunier,\u00a0 Pinot Noir .<\/li>\n<\/ul>\n<h3>Nota de cata:<\/h3>\n<ul>\n<li>Mo\u00ebt &amp; Chandon Nectar Imp\u00e9rial es de color amarillo vivo con toques dorados.<\/li>\n<li>De bouquet profundo, r\u00e1faga de frutas ex\u00f3ticas, redondez de frutas de hueso y ligero toque de vainilla.<\/li>\n<li>De densidad cautivadora de frutas ex\u00f3ticas. Firmeza sedosa de frutas de hueso. Frescura de las notas de uva.<\/li>\n<li>Graduaci\u00f3n: 12% vol.<\/li>\n<\/ul>\n<div>\n<div><\/div>\n<\/div>\n<div><\/div>\n<div class=\"field\"><\/div>\n","protected":false},"excerpt":{"rendered":"<p>Mo\u00ebt &amp; Chandon Nectar Imp\u00e9rial es una expresi\u00f3n deliciosa del estilo Mo\u00ebt &amp; Chandon, que se distingue por una fruta viva, un paladar seductor y una madurez elegante.<\/p>\n","protected":false},"featured_media":9729,"template":"","meta":{"spay_email":""},"yoast_head":"<!-- This site is optimized with the Yoast SEO plugin v15.9 - https:\/\/yoast.com\/wordpress\/plugins\/seo\/ -->\n<title>Champagne Mo\u00ebt &amp; Chandon Nectar Imperial Ros\u00e9 Magnum 1,5L. - Comercial de Hosteleria Anma<\/title>\n<meta name=\"robots\" content=\"index, follow, max-snippet:-1, max-image-preview:large, max-video-preview:-1\" \/>\n<link rel=\"canonical\" href=\"https:\/\/www.comercialanma.es\/?product=champagne-moet-chandon-nectar-imperial-rose-magnum-15l\" \/>\n<meta property=\"og:locale\" content=\"es_ES\" \/>\n<meta property=\"og:type\" content=\"article\" \/>\n<meta property=\"og:title\" content=\"Champagne Mo\u00ebt &amp; Chandon Nectar Imperial Ros\u00e9 Magnum 1,5L. - Comercial de Hosteleria Anma\" \/>\n<meta property=\"og:description\" content=\"Mo\u00ebt &amp; Chandon Nectar Imp\u00e9rial es una expresi\u00f3n deliciosa del estilo Mo\u00ebt &amp; Chandon, que se distingue por una fruta viva, un paladar seductor y una madurez elegante.\" \/>\n<meta property=\"og:url\" content=\"https:\/\/www.comercialanma.es\/?product=champagne-moet-chandon-nectar-imperial-rose-magnum-15l\" \/>\n<meta property=\"og:site_name\" content=\"Comercial de Hosteleria Anma\" \/>\n<meta property=\"article:publisher\" content=\"https:\/\/www.facebook.com\/AnmaHosteleria\" \/>\n<meta property=\"article:modified_time\" content=\"2019-08-26T14:39:50+00:00\" \/>\n<meta property=\"og:image\" content=\"https:\/\/i0.wp.com\/www.comercialanma.es\/wp-content\/uploads\/2019\/08\/Nectar-Imperial-Rose.jpg?fit=1200%2C1200&#038;ssl=1\" \/>\n\t<meta property=\"og:image:width\" content=\"1200\" \/>\n\t<meta property=\"og:image:height\" content=\"1200\" \/>\n<meta name=\"twitter:card\" content=\"summary_large_image\" \/>\n<script type=\"application\/ld+json\" class=\"yoast-schema-graph\">{\"@context\":\"https:\/\/schema.org\",\"@graph\":[{\"@type\":\"Organization\",\"@id\":\"https:\/\/www.comercialanma.es\/#organization\",\"name\":\"Comercial Anma\",\"url\":\"https:\/\/www.comercialanma.es\/\",\"sameAs\":[\"https:\/\/www.facebook.com\/AnmaHosteleria\",\"https:\/\/www.instagram.com\/anmahosteleria\/?hl=es\",\"https:\/\/www.youtube.com\/channel\/UCT2nmn08Ntks0hmpZPnDgCA\"],\"logo\":{\"@type\":\"ImageObject\",\"@id\":\"https:\/\/www.comercialanma.es\/#logo\",\"inLanguage\":\"es\",\"url\":\"https:\/\/i2.wp.com\/www.comercialanma.es\/wp-content\/uploads\/2019\/06\/logo-anma-color.png?fit=247%2C101&ssl=1\",\"width\":247,\"height\":101,\"caption\":\"Comercial Anma\"},\"image\":{\"@id\":\"https:\/\/www.comercialanma.es\/#logo\"}},{\"@type\":\"WebSite\",\"@id\":\"https:\/\/www.comercialanma.es\/#website\",\"url\":\"https:\/\/www.comercialanma.es\/\",\"name\":\"Comercial de Hosteleria Anma\",\"description\":\"\",\"publisher\":{\"@id\":\"https:\/\/www.comercialanma.es\/#organization\"},\"potentialAction\":[{\"@type\":\"SearchAction\",\"target\":\"https:\/\/www.comercialanma.es\/?s={search_term_string}\",\"query-input\":\"required name=search_term_string\"}],\"inLanguage\":\"es\"},{\"@type\":\"ImageObject\",\"@id\":\"https:\/\/www.comercialanma.es\/?product=champagne-moet-chandon-nectar-imperial-rose-magnum-15l#primaryimage\",\"inLanguage\":\"es\",\"url\":\"https:\/\/i0.wp.com\/www.comercialanma.es\/wp-content\/uploads\/2019\/08\/Nectar-Imperial-Rose.jpg?fit=1200%2C1200&ssl=1\",\"width\":1200,\"height\":1200},{\"@type\":\"WebPage\",\"@id\":\"https:\/\/www.comercialanma.es\/?product=champagne-moet-chandon-nectar-imperial-rose-magnum-15l#webpage\",\"url\":\"https:\/\/www.comercialanma.es\/?product=champagne-moet-chandon-nectar-imperial-rose-magnum-15l\",\"name\":\"Champagne Mo\\u00ebt & Chandon Nectar Imperial Ros\\u00e9 Magnum 1,5L. - Comercial de Hosteleria Anma\",\"isPartOf\":{\"@id\":\"https:\/\/www.comercialanma.es\/#website\"},\"primaryImageOfPage\":{\"@id\":\"https:\/\/www.comercialanma.es\/?product=champagne-moet-chandon-nectar-imperial-rose-magnum-15l#primaryimage\"},\"datePublished\":\"2019-08-26T14:37:47+00:00\",\"dateModified\":\"2019-08-26T14:39:50+00:00\",\"breadcrumb\":{\"@id\":\"https:\/\/www.comercialanma.es\/?product=champagne-moet-chandon-nectar-imperial-rose-magnum-15l#breadcrumb\"},\"inLanguage\":\"es\",\"potentialAction\":[{\"@type\":\"ReadAction\",\"target\":[\"https:\/\/www.comercialanma.es\/?product=champagne-moet-chandon-nectar-imperial-rose-magnum-15l\"]}]},{\"@type\":\"BreadcrumbList\",\"@id\":\"https:\/\/www.comercialanma.es\/?product=champagne-moet-chandon-nectar-imperial-rose-magnum-15l#breadcrumb\",\"itemListElement\":[{\"@type\":\"ListItem\",\"position\":1,\"item\":{\"@type\":\"WebPage\",\"@id\":\"https:\/\/www.comercialanma.es\/\",\"url\":\"https:\/\/www.comercialanma.es\/\",\"name\":\"Portada\"}},{\"@type\":\"ListItem\",\"position\":2,\"item\":{\"@type\":\"WebPage\",\"@id\":\"https:\/\/www.comercialanma.es\/?page_id=3963\",\"url\":\"https:\/\/www.comercialanma.es\/?page_id=3963\",\"name\":\"Cat\\u00e1logo de Productos\"}},{\"@type\":\"ListItem\",\"position\":3,\"item\":{\"@type\":\"WebPage\",\"@id\":\"https:\/\/www.comercialanma.es\/?product=champagne-moet-chandon-nectar-imperial-rose-magnum-15l\",\"url\":\"https:\/\/www.comercialanma.es\/?product=champagne-moet-chandon-nectar-imperial-rose-magnum-15l\",\"name\":\"Champagne Mo\\u00ebt &#038; Chandon Nectar Imperial Ros\\u00e9 Magnum 1,5L.\"}}]}]}<\/script>\n<!-- \/ Yoast SEO plugin. -->","_links":{"self":[{"href":"https:\/\/www.comercialanma.es\/index.php?rest_route=\/wp\/v2\/product\/9809"}],"collection":[{"href":"https:\/\/www.comercialanma.es\/index.php?rest_route=\/wp\/v2\/product"}],"about":[{"href":"https:\/\/www.comercialanma.es\/index.php?rest_route=\/wp\/v2\/types\/product"}],"version-history":[{"count":1,"href":"https:\/\/www.comercialanma.es\/index.php?rest_route=\/wp\/v2\/product\/9809\/revisions"}],"predecessor-version":[{"id":9810,"href":"https:\/\/www.comercialanma.es\/index.php?rest_route=\/wp\/v2\/product\/9809\/revisions\/9810"}],"wp:featuredmedia":[{"embeddable":true,"href":"https:\/\/www.comercialanma.es\/index.php?rest_route=\/wp\/v2\/media\/9729"}],"wp:attachment":[{"href":"https:\/\/www.comercialanma.es\/index.php?rest_route=%2Fwp%2Fv2%2Fmedia&parent=9809"}],"curies":[{"name":"wp","href":"https:\/\/api.w.org\/{rel}","templated":true}]}}